{"id":48151,"date":"2024-10-25T08:32:49","date_gmt":"2024-10-25T08:32:49","guid":{"rendered":"https:\/\/cartoleriadonati.ch\/prodotto\/invicta-zaino-jelek-fantasy\/"},"modified":"2024-10-25T08:32:49","modified_gmt":"2024-10-25T08:32:49","slug":"invicta-zaino-jelek-fantasy","status":"publish","type":"product","link":"https:\/\/cartoleriadonati.ch\/de\/prodotto\/invicta-zaino-jelek-fantasy\/","title":{"rendered":"INVICTA Rucksack Jelek Fantasy"},"content":{"rendered":"<p>Der <strong>Jelek Fantasy<\/strong> von <strong>Invicta<\/strong> ist der perfekte Rucksack f\u00fcr alle, die Fassungsverm\u00f6gen, Komfort und Stil suchen. Dank seiner ger\u00e4umigen Struktur und der Funktionalit\u00e4t seiner F\u00e4cher ist dieser 38-Liter-Rucksack sowohl f\u00fcr die Schule als auch f\u00fcr die Freizeit ideal und bietet ausreichend Platz, um B\u00fccher, Ger\u00e4te und pers\u00f6nliche Accessoires optimal zu organisieren. <\/p>\n<h3>Hauptmerkmale<\/h3>\n<p><strong>Grosses Fassungsverm\u00f6gen und Vielseitigkeit<\/strong><br \/>\nMit einem Fassungsverm\u00f6gen von <strong>38 Litern<\/strong> ist der Jelek Fantasy f\u00fcr alle konzipiert, die einen ger\u00e4umigen und vielseitigen Rucksack ben\u00f6tigen. Er verf\u00fcgt \u00fcber zwei Hauptf\u00e4cher: Das erste, ger\u00e4umig und funktional, bietet ein <strong>spezielles Fach f\u00fcr PC und Tablet<\/strong> bis zu 13 Zoll; das zweite Fach eignet sich perfekt zur Aufbewahrung von Gegenst\u00e4nden des t\u00e4glichen Gebrauchs und kleineren Accessoires und erm\u00f6glicht eine einfache und praktische Organisation. <\/p>\n<p><strong>Maximaler Komfort mit gepolstertem R\u00fcckenteil und Schultergurten<\/strong><br \/>\nUm auch bei voller Beladung einen komfortablen Transport zu gew\u00e4hrleisten, ist der Rucksack Jelek Fantasy mit einem <strong>gepolsterten und stoffbezogenen R\u00fcckenteil<\/strong> ausgestattet. Die <strong>gepolsterten Schultergurte<\/strong> mit Netzeins\u00e4tzen verbessern die Atmungsaktivit\u00e4t und bieten zus\u00e4tzlichen Komfort, indem sie das Gewicht gleichm\u00e4ssig verteilen und ihn perfekt f\u00fcr l\u00e4ngeren Gebrauch machen. <\/p>\n<p><strong>Multifunktionale Taschen f\u00fcr jeden Bedarf<\/strong><br \/>\nDieser Rucksack verf\u00fcgt \u00fcber eine Reihe praktischer und gut positionierter Taschen, darunter eine <strong>doppelte Fronttasche<\/strong>, seitliche Netztaschen, ideal f\u00fcr Trinkflaschen, und eine Innentasche mit Organizer f\u00fcr kleine Gegenst\u00e4nde wie Stifte, Telefon und Ladeger\u00e4t. Jede Tasche ist darauf ausgelegt, schnellen Zugriff und perfekte Organisation zu gew\u00e4hrleisten. <\/p>\n<p><strong>Nachhaltige Materialien und robustes Design<\/strong><br \/>\nHergestellt aus <strong>100 % recyceltem Polyester<\/strong>, ist der Rucksack Jelek Fantasy von Invicta eine umweltfreundliche Wahl ohne Kompromisse bei Qualit\u00e4t und Langlebigkeit. Der verst\u00e4rkte Boden sorgt f\u00fcr Widerstandsf\u00e4higkeit und Stabilit\u00e4t, w\u00e4hrend die <strong>personalisierten Reissverschluss-Zipper mit reflektierender Kordel<\/strong> ein Sicherheitsdetail hinzuf\u00fcgen, um die Sichtbarkeit auch bei schlechten Lichtverh\u00e4ltnissen zu verbessern. <\/p>\n<h3>Warum INVICTA Jelek Fantasy w\u00e4hlen<\/h3>\n<p>Der Rucksack Jelek Fantasy ist nicht nur praktisch, sondern auch ein Accessoire mit einzigartigem Stil. Mit markanten Designdetails und einer Struktur, die maximales Fassungsverm\u00f6gen und Komfort bietet, passt dieser Rucksack perfekt sowohl f\u00fcr Sch\u00fcler als auch f\u00fcr Berufst\u00e4tige. W\u00e4hlen Sie Jelek Fantasy f\u00fcr einen praktischen, ger\u00e4umigen und immer modischen Stil!  <\/p>\n","protected":false},"excerpt":{"rendered":"<p>Der Jelek Fantasy von Invicta ist der perfekte Rucksack f\u00fcr alle, die Fassungsverm\u00f6gen, Komfort und Stil suchen. Dank seiner ger\u00e4umigen Struktur und der Funktionalit\u00e4t seiner F\u00e4cher ist dieser 38-Liter-Rucksack sowohl f\u00fcr die Schule als auch f\u00fcr die Freizeit ideal und bietet ausreichend Platz, um&#8230;<\/p>\n","protected":false},"featured_media":16538,"template":"","meta":{"_acf_changed":false},"product_brand":[],"product_cat":[928,926,927],"product_tag":[],"class_list":{"0":"post-48151","1":"product","2":"type-product","3":"status-publish","4":"has-post-thumbnail","6":"product_cat-primarschulrucksaecke","7":"product_cat-rucksaecke","8":"product_cat-rucksaecke-fuer-mittel-und-oberstufe","10":"first","11":"instock","12":"taxable","13":"shipping-taxable","14":"purchasable","15":"product-type-simple","16":"add-to-wishlist-after_add_to_cart"},"acf":[],"yoast_head":"<!-- This site is optimized with the Yoast SEO Premium plugin v27.5 (Yoast SEO v27.6) - https:\/\/yoast.com\/product\/yoast-seo-premium-wordpress\/ -->\n<title>INVICTA Rucksack Jelek Fantasy - Cartoleria Donati SA<\/title>\n<meta name=\"description\" content=\"INVICTA Rucksack Jelek Fantasy: 38 Liter, Doppelfach, PC-Fach, gepolsterte Schultergurte und recyceltes Material. Ideal f\u00fcr Schule und Freizeit.\" \/>\n<meta name=\"robots\" content=\"index, follow, max-snippet:-1, max-image-preview:large, max-video-preview:-1\" \/>\n<link rel=\"canonical\" href=\"https:\/\/cartoleriadonati.ch\/de\/prodotto\/invicta-zaino-jelek-fantasy\/\" \/>\n<meta property=\"og:locale\" content=\"de_DE\" \/>\n<meta property=\"og:type\" content=\"article\" \/>\n<meta property=\"og:title\" content=\"INVICTA Rucksack Jelek Fantasy\" \/>\n<meta property=\"og:description\" content=\"INVICTA Rucksack Jelek Fantasy: 38 Liter, Doppelfach, PC-Fach, gepolsterte Schultergurte und recyceltes Material. Ideal f\u00fcr Schule und Freizeit.\" \/>\n<meta property=\"og:url\" content=\"https:\/\/cartoleriadonati.ch\/de\/prodotto\/invicta-zaino-jelek-fantasy\/\" \/>\n<meta property=\"og:site_name\" content=\"Cartoleria Donati SA\" \/>\n<meta property=\"article:publisher\" content=\"https:\/\/www.facebook.com\/CartoleriaDonati\" \/>\n<meta property=\"og:image\" content=\"https:\/\/cartoleriadonati.ch\/wp-content\/uploads\/2024\/10\/s-l1600.webp\" \/>\n\t<meta property=\"og:image:width\" content=\"1197\" \/>\n\t<meta property=\"og:image:height\" content=\"1600\" \/>\n\t<meta property=\"og:image:type\" content=\"image\/webp\" \/>\n<meta name=\"twitter:card\" content=\"summary_large_image\" \/>\n<meta name=\"twitter:label1\" content=\"Gesch\u00e4tzte Lesezeit\" \/>\n\t<meta name=\"twitter:data1\" content=\"2\u00a0Minuten\" \/>\n<script type=\"application\/ld+json\" class=\"yoast-schema-graph\">{\"@context\":\"https:\\\/\\\/schema.org\",\"@graph\":[{\"@type\":\"WebPage\",\"@id\":\"https:\\\/\\\/cartoleriadonati.ch\\\/de\\\/prodotto\\\/invicta-zaino-jelek-fantasy\\\/\",\"url\":\"https:\\\/\\\/cartoleriadonati.ch\\\/de\\\/prodotto\\\/invicta-zaino-jelek-fantasy\\\/\",\"name\":\"INVICTA Rucksack Jelek Fantasy - Cartoleria Donati SA\",\"isPartOf\":{\"@id\":\"https:\\\/\\\/cartoleriadonati.ch\\\/de\\\/#website\"},\"primaryImageOfPage\":{\"@id\":\"https:\\\/\\\/cartoleriadonati.ch\\\/de\\\/prodotto\\\/invicta-zaino-jelek-fantasy\\\/#primaryimage\"},\"image\":{\"@id\":\"https:\\\/\\\/cartoleriadonati.ch\\\/de\\\/prodotto\\\/invicta-zaino-jelek-fantasy\\\/#primaryimage\"},\"thumbnailUrl\":\"https:\\\/\\\/cartoleriadonati.ch\\\/wp-content\\\/uploads\\\/2024\\\/10\\\/s-l1600.webp\",\"datePublished\":\"2024-10-25T08:32:49+00:00\",\"description\":\"INVICTA Rucksack Jelek Fantasy: 38 Liter, Doppelfach, PC-Fach, gepolsterte Schultergurte und recyceltes Material. Ideal f\u00fcr Schule und Freizeit.\",\"breadcrumb\":{\"@id\":\"https:\\\/\\\/cartoleriadonati.ch\\\/de\\\/prodotto\\\/invicta-zaino-jelek-fantasy\\\/#breadcrumb\"},\"inLanguage\":\"de\",\"potentialAction\":[{\"@type\":\"ReadAction\",\"target\":[\"https:\\\/\\\/cartoleriadonati.ch\\\/de\\\/prodotto\\\/invicta-zaino-jelek-fantasy\\\/\"]}]},{\"@type\":\"ImageObject\",\"inLanguage\":\"de\",\"@id\":\"https:\\\/\\\/cartoleriadonati.ch\\\/de\\\/prodotto\\\/invicta-zaino-jelek-fantasy\\\/#primaryimage\",\"url\":\"https:\\\/\\\/cartoleriadonati.ch\\\/wp-content\\\/uploads\\\/2024\\\/10\\\/s-l1600.webp\",\"contentUrl\":\"https:\\\/\\\/cartoleriadonati.ch\\\/wp-content\\\/uploads\\\/2024\\\/10\\\/s-l1600.webp\",\"width\":1197,\"height\":1600,\"caption\":\"Invicta zaino Jelek Fantasy\"},{\"@type\":\"BreadcrumbList\",\"@id\":\"https:\\\/\\\/cartoleriadonati.ch\\\/de\\\/prodotto\\\/invicta-zaino-jelek-fantasy\\\/#breadcrumb\",\"itemListElement\":[{\"@type\":\"ListItem\",\"position\":1,\"name\":\"Home\",\"item\":\"https:\\\/\\\/cartoleriadonati.ch\\\/de\\\/home-page\\\/\"},{\"@type\":\"ListItem\",\"position\":2,\"name\":\"Shop\",\"item\":\"https:\\\/\\\/cartoleriadonati.ch\\\/de\\\/shop\\\/\"},{\"@type\":\"ListItem\",\"position\":3,\"name\":\"INVICTA Rucksack Jelek Fantasy\"}]},{\"@type\":\"WebSite\",\"@id\":\"https:\\\/\\\/cartoleriadonati.ch\\\/de\\\/#website\",\"url\":\"https:\\\/\\\/cartoleriadonati.ch\\\/de\\\/\",\"name\":\"Cartoleria Donati SA\",\"description\":\"Sito internet ufficiale della Cartoleria Donati SA\",\"publisher\":{\"@id\":\"https:\\\/\\\/cartoleriadonati.ch\\\/de\\\/#organization\"},\"potentialAction\":[{\"@type\":\"SearchAction\",\"target\":{\"@type\":\"EntryPoint\",\"urlTemplate\":\"https:\\\/\\\/cartoleriadonati.ch\\\/de\\\/?s={search_term_string}\"},\"query-input\":{\"@type\":\"PropertyValueSpecification\",\"valueRequired\":true,\"valueName\":\"search_term_string\"}}],\"inLanguage\":\"de\"},{\"@type\":\"Organization\",\"@id\":\"https:\\\/\\\/cartoleriadonati.ch\\\/de\\\/#organization\",\"name\":\"Cartoleria Donati SA\",\"url\":\"https:\\\/\\\/cartoleriadonati.ch\\\/de\\\/\",\"logo\":{\"@type\":\"ImageObject\",\"inLanguage\":\"de\",\"@id\":\"https:\\\/\\\/cartoleriadonati.ch\\\/de\\\/#\\\/schema\\\/logo\\\/image\\\/\",\"url\":\"https:\\\/\\\/cartoleriadonati.ch\\\/wp-content\\\/uploads\\\/2019\\\/06\\\/DONATI_logo-1.png\",\"contentUrl\":\"https:\\\/\\\/cartoleriadonati.ch\\\/wp-content\\\/uploads\\\/2019\\\/06\\\/DONATI_logo-1.png\",\"width\":2339,\"height\":1654,\"caption\":\"Cartoleria Donati SA\"},\"image\":{\"@id\":\"https:\\\/\\\/cartoleriadonati.ch\\\/de\\\/#\\\/schema\\\/logo\\\/image\\\/\"},\"sameAs\":[\"https:\\\/\\\/www.facebook.com\\\/CartoleriaDonati\"]}]}<\/script>\n<!-- \/ Yoast SEO Premium plugin. -->","yoast_head_json":{"title":"INVICTA Rucksack Jelek Fantasy - Cartoleria Donati SA","description":"INVICTA Rucksack Jelek Fantasy: 38 Liter, Doppelfach, PC-Fach, gepolsterte Schultergurte und recyceltes Material. Ideal f\u00fcr Schule und Freizeit.","robots":{"index":"index","follow":"follow","max-snippet":"max-snippet:-1","max-image-preview":"max-image-preview:large","max-video-preview":"max-video-preview:-1"},"canonical":"https:\/\/cartoleriadonati.ch\/de\/prodotto\/invicta-zaino-jelek-fantasy\/","og_locale":"de_DE","og_type":"article","og_title":"INVICTA Rucksack Jelek Fantasy","og_description":"INVICTA Rucksack Jelek Fantasy: 38 Liter, Doppelfach, PC-Fach, gepolsterte Schultergurte und recyceltes Material. Ideal f\u00fcr Schule und Freizeit.","og_url":"https:\/\/cartoleriadonati.ch\/de\/prodotto\/invicta-zaino-jelek-fantasy\/","og_site_name":"Cartoleria Donati SA","article_publisher":"https:\/\/www.facebook.com\/CartoleriaDonati","og_image":[{"width":1197,"height":1600,"url":"https:\/\/cartoleriadonati.ch\/wp-content\/uploads\/2024\/10\/s-l1600.webp","type":"image\/webp"}],"twitter_card":"summary_large_image","twitter_misc":{"Gesch\u00e4tzte Lesezeit":"2\u00a0Minuten"},"schema":{"@context":"https:\/\/schema.org","@graph":[{"@type":"WebPage","@id":"https:\/\/cartoleriadonati.ch\/de\/prodotto\/invicta-zaino-jelek-fantasy\/","url":"https:\/\/cartoleriadonati.ch\/de\/prodotto\/invicta-zaino-jelek-fantasy\/","name":"INVICTA Rucksack Jelek Fantasy - Cartoleria Donati SA","isPartOf":{"@id":"https:\/\/cartoleriadonati.ch\/de\/#website"},"primaryImageOfPage":{"@id":"https:\/\/cartoleriadonati.ch\/de\/prodotto\/invicta-zaino-jelek-fantasy\/#primaryimage"},"image":{"@id":"https:\/\/cartoleriadonati.ch\/de\/prodotto\/invicta-zaino-jelek-fantasy\/#primaryimage"},"thumbnailUrl":"https:\/\/cartoleriadonati.ch\/wp-content\/uploads\/2024\/10\/s-l1600.webp","datePublished":"2024-10-25T08:32:49+00:00","description":"INVICTA Rucksack Jelek Fantasy: 38 Liter, Doppelfach, PC-Fach, gepolsterte Schultergurte und recyceltes Material. Ideal f\u00fcr Schule und Freizeit.","breadcrumb":{"@id":"https:\/\/cartoleriadonati.ch\/de\/prodotto\/invicta-zaino-jelek-fantasy\/#breadcrumb"},"inLanguage":"de","potentialAction":[{"@type":"ReadAction","target":["https:\/\/cartoleriadonati.ch\/de\/prodotto\/invicta-zaino-jelek-fantasy\/"]}]},{"@type":"ImageObject","inLanguage":"de","@id":"https:\/\/cartoleriadonati.ch\/de\/prodotto\/invicta-zaino-jelek-fantasy\/#primaryimage","url":"https:\/\/cartoleriadonati.ch\/wp-content\/uploads\/2024\/10\/s-l1600.webp","contentUrl":"https:\/\/cartoleriadonati.ch\/wp-content\/uploads\/2024\/10\/s-l1600.webp","width":1197,"height":1600,"caption":"Invicta zaino Jelek Fantasy"},{"@type":"BreadcrumbList","@id":"https:\/\/cartoleriadonati.ch\/de\/prodotto\/invicta-zaino-jelek-fantasy\/#breadcrumb","itemListElement":[{"@type":"ListItem","position":1,"name":"Home","item":"https:\/\/cartoleriadonati.ch\/de\/home-page\/"},{"@type":"ListItem","position":2,"name":"Shop","item":"https:\/\/cartoleriadonati.ch\/de\/shop\/"},{"@type":"ListItem","position":3,"name":"INVICTA Rucksack Jelek Fantasy"}]},{"@type":"WebSite","@id":"https:\/\/cartoleriadonati.ch\/de\/#website","url":"https:\/\/cartoleriadonati.ch\/de\/","name":"Cartoleria Donati SA","description":"Sito internet ufficiale della Cartoleria Donati SA","publisher":{"@id":"https:\/\/cartoleriadonati.ch\/de\/#organization"},"potentialAction":[{"@type":"SearchAction","target":{"@type":"EntryPoint","urlTemplate":"https:\/\/cartoleriadonati.ch\/de\/?s={search_term_string}"},"query-input":{"@type":"PropertyValueSpecification","valueRequired":true,"valueName":"search_term_string"}}],"inLanguage":"de"},{"@type":"Organization","@id":"https:\/\/cartoleriadonati.ch\/de\/#organization","name":"Cartoleria Donati SA","url":"https:\/\/cartoleriadonati.ch\/de\/","logo":{"@type":"ImageObject","inLanguage":"de","@id":"https:\/\/cartoleriadonati.ch\/de\/#\/schema\/logo\/image\/","url":"https:\/\/cartoleriadonati.ch\/wp-content\/uploads\/2019\/06\/DONATI_logo-1.png","contentUrl":"https:\/\/cartoleriadonati.ch\/wp-content\/uploads\/2019\/06\/DONATI_logo-1.png","width":2339,"height":1654,"caption":"Cartoleria Donati SA"},"image":{"@id":"https:\/\/cartoleriadonati.ch\/de\/#\/schema\/logo\/image\/"},"sameAs":["https:\/\/www.facebook.com\/CartoleriaDonati"]}]}},"_links":{"self":[{"href":"https:\/\/cartoleriadonati.ch\/de\/wp-json\/wp\/v2\/product\/48151","targetHints":{"allow":["GET"]}}],"collection":[{"href":"https:\/\/cartoleriadonati.ch\/de\/wp-json\/wp\/v2\/product"}],"about":[{"href":"https:\/\/cartoleriadonati.ch\/de\/wp-json\/wp\/v2\/types\/product"}],"wp:featuredmedia":[{"embeddable":true,"href":"https:\/\/cartoleriadonati.ch\/de\/wp-json\/wp\/v2\/media\/16538"}],"wp:attachment":[{"href":"https:\/\/cartoleriadonati.ch\/de\/wp-json\/wp\/v2\/media?parent=48151"}],"wp:term":[{"taxonomy":"product_brand","embeddable":true,"href":"https:\/\/cartoleriadonati.ch\/de\/wp-json\/wp\/v2\/product_brand?post=48151"},{"taxonomy":"product_cat","embeddable":true,"href":"https:\/\/cartoleriadonati.ch\/de\/wp-json\/wp\/v2\/product_cat?post=48151"},{"taxonomy":"product_tag","embeddable":true,"href":"https:\/\/cartoleriadonati.ch\/de\/wp-json\/wp\/v2\/product_tag?post=48151"}],"curies":[{"name":"wp","href":"https:\/\/api.w.org\/{rel}","templated":true}]}}