{"id":48052,"date":"2024-10-24T08:29:03","date_gmt":"2024-10-24T08:29:03","guid":{"rendered":"https:\/\/cartoleriadonati.ch\/prodotto\/label-rose-borsa-margot-small-azzurro\/"},"modified":"2024-10-24T08:29:03","modified_gmt":"2024-10-24T08:29:03","slug":"label-rose-borsa-margot-small-azzurro","status":"publish","type":"product","link":"https:\/\/cartoleriadonati.ch\/de\/prodotto\/label-rose-borsa-margot-small-azzurro\/","title":{"rendered":"LABEL ROSE Tasche Margot Small Azurblau"},"content":{"rendered":"<p>Die <strong>LABEL ROSE Tasche Margot Small Azurblau<\/strong> ist das perfekte Accessoire f\u00fcr alle, die Eleganz und Funktionalit\u00e4t in einem einzigen Produkt vereinen m\u00f6chten. Mit ihrem kompakten und raffinierten Design ist diese Tasche ideal f\u00fcr alle, die ein vielseitiges Accessoire suchen, das sich jedem Anlass anpasst, ohne Kompromisse beim Stil einzugehen. Endlich wieder in einer Reihe neuer Farben erh\u00e4ltlich, zeichnet sich das Modell <strong>Margot Small<\/strong> durch seine Funktionalit\u00e4t aus, die es zur perfekten Wahl f\u00fcr den t\u00e4glichen Gebrauch oder elegante Abende macht.  <\/p>\n<h3>Kompaktes und Elegantes Design<\/h3>\n<p>Trotz ihrer kompakten Abmessungen von <strong>21 x 16 x 8 cm<\/strong> bietet die Tasche <strong>Margot Small<\/strong> ausreichend Stauraum. Das kompakte Design steht nicht nur f\u00fcr Funktionalit\u00e4t, sondern auch f\u00fcr gro\u00dfen Stil. Dank ihres klaren Profils und der eleganten Linien verleiht diese Tasche jedem Outfit eine raffinierte Note, egal ob Sie sie zu einem formellen Anlass tragen oder im Arbeitsalltag verwenden.  <\/p>\n<h3>Maximale Innenorganisation<\/h3>\n<p>Eine der St\u00e4rken dieser Tasche ist ihre hervorragende Innenorganisation. Trotz der kompakten Abmessungen bietet die <strong>Margot Small<\/strong> <strong>zwei Hauptf\u00e4cher<\/strong>, beide mit Innentaschen ausgestattet, um maximale Funktionalit\u00e4t zu gew\u00e4hrleisten. Eines der F\u00e4cher verf\u00fcgt \u00fcber eine <strong>Rei\u00dfverschlusstasche<\/strong>, um Ihre wichtigsten Gegenst\u00e4nde sicher aufzubewahren, w\u00e4hrend das andere Fach eine offene Tasche f\u00fcr den einfachen Zugriff auf kleine Gegenst\u00e4nde hat. Dazwischen trennt ein schmales Rei\u00dfverschlussfach die beiden Bereiche und bietet zus\u00e4tzliche Organisation.   <\/p>\n<h3>Hochwertige Materialien<\/h3>\n<p>Die zu 100 % aus <strong>hochwertigem Kunstleder<\/strong> gefertigte Tasche <strong>Margot Small<\/strong> ist nicht nur strapazierf\u00e4hig und pflegeleicht, sondern bietet auch einen raffinierten Look, der lange h\u00e4lt. Das Innere der Tasche ist mit einem <strong>gebrandeten Futter<\/strong> versehen, das einen Hauch von Luxus und Raffinesse verleiht. Dar\u00fcber hinaus runden die <strong>Beschl\u00e4ge aus Stahl<\/strong> und die <strong>silberfarbenen Details<\/strong> wie das Logo-Schriftzug und die Verzierungen den eleganten Look ab und verleihen ihr ein anspruchsvolles und modernes Erscheinungsbild.  <\/p>\n<h3>Sicherer Verschluss und Verstellbarer Trageriemen<\/h3>\n<p>Die <strong>Margot Small<\/strong> ist mit einem praktischen Verschluss mit <strong>zwei Magnetkn\u00f6pfen<\/strong> ausgestattet, der die Sicherheit Ihrer pers\u00f6nlichen Gegenst\u00e4nde gew\u00e4hrleistet und gleichzeitig einen einfachen Zugriff auf den Inhalt der Tasche erm\u00f6glicht. Der <strong>verstellbare Trageriemen<\/strong> mit einer maximalen L\u00e4nge von 110 cm und einer minimalen L\u00e4nge von 100 cm bietet Vielseitigkeit in der Art und Weise, wie Sie die Tasche tragen k\u00f6nnen: sowohl als Umh\u00e4ngetasche als auch als Schultertasche, je nach Ihren Bed\u00fcrfnissen und Vorlieben. <\/p>\n<h3>Ein Vielseitiges Accessoire f\u00fcr Jeden Anlass<\/h3>\n<p>Ob Sie eine Tasche f\u00fcrs B\u00fcro, f\u00fcr ein Abendessen oder f\u00fcr einen Stadtbummel suchen, die <strong>Margot Small Azurblau<\/strong> ist die ideale Wahl. Mit ihrem schicken Stil und ihrem funktionalen Design ist diese Tasche bereit, Ihr Lieblingsaccessoire zu werden. Vielseitig, kompakt und schick passt die <strong>Margot Small<\/strong> perfekt zu jedem Look und ist damit unverzichtbar in der Garderobe jeder Frau.  <\/p>\n","protected":false},"excerpt":{"rendered":"<p>Die LABEL ROSE Tasche Margot Small Azurblau ist das perfekte Accessoire f\u00fcr alle, die Eleganz und Funktionalit\u00e4t in einem einzigen Produkt vereinen m\u00f6chten. Mit ihrem kompakten und raffinierten Design ist diese Tasche ideal f\u00fcr alle, die ein vielseitiges Accessoire suchen, das sich jedem Anlass&#8230;<\/p>\n","protected":false},"featured_media":16373,"template":"","meta":{"_acf_changed":false},"product_brand":[],"product_cat":[924,925],"product_tag":[],"class_list":{"0":"post-48052","1":"product","2":"type-product","3":"status-publish","4":"has-post-thumbnail","6":"product_cat-label-rose","7":"product_cat-taschen","9":"first","10":"instock","11":"taxable","12":"shipping-taxable","13":"purchasable","14":"product-type-simple","15":"add-to-wishlist-after_add_to_cart"},"acf":[],"yoast_head":"<!-- This site is optimized with the Yoast SEO Premium plugin v27.5 (Yoast SEO v27.6) - https:\/\/yoast.com\/product\/yoast-seo-premium-wordpress\/ -->\n<title>LABEL ROSE Tasche Margot Small Azurblau - Cartoleria Donati SA<\/title>\n<meta name=\"description\" content=\"Entdecken Sie die LABEL ROSE Tasche Margot Small Azurblau, kompakt und vielseitig, mit funktionalen F\u00e4chern und eleganten Details. Perfekt f\u00fcr jeden Anlass.\" \/>\n<meta name=\"robots\" content=\"index, follow, max-snippet:-1, max-image-preview:large, max-video-preview:-1\" \/>\n<link rel=\"canonical\" href=\"https:\/\/cartoleriadonati.ch\/de\/prodotto\/label-rose-borsa-margot-small-azzurro\/\" \/>\n<meta property=\"og:locale\" content=\"de_DE\" \/>\n<meta property=\"og:type\" content=\"article\" \/>\n<meta property=\"og:title\" content=\"LABEL ROSE Tasche Margot Small Azurblau\" \/>\n<meta property=\"og:description\" content=\"Entdecken Sie die LABEL ROSE Tasche Margot Small Azurblau, kompakt und vielseitig, mit funktionalen F\u00e4chern und eleganten Details. Perfekt f\u00fcr jeden Anlass.\" \/>\n<meta property=\"og:url\" content=\"https:\/\/cartoleriadonati.ch\/de\/prodotto\/label-rose-borsa-margot-small-azzurro\/\" \/>\n<meta property=\"og:site_name\" content=\"Cartoleria Donati SA\" \/>\n<meta property=\"article:publisher\" content=\"https:\/\/www.facebook.com\/CartoleriaDonati\" \/>\n<meta property=\"og:image\" content=\"https:\/\/cartoleriadonati.ch\/wp-content\/uploads\/2024\/10\/BorsaaspallaMARGOTazzurropolverelabelrosefronte_1100x.webp\" \/>\n\t<meta property=\"og:image:width\" content=\"1100\" \/>\n\t<meta property=\"og:image:height\" content=\"1100\" \/>\n\t<meta property=\"og:image:type\" content=\"image\/webp\" \/>\n<meta name=\"twitter:card\" content=\"summary_large_image\" \/>\n<meta name=\"twitter:label1\" content=\"Gesch\u00e4tzte Lesezeit\" \/>\n\t<meta name=\"twitter:data1\" content=\"2\u00a0Minuten\" \/>\n<script type=\"application\/ld+json\" class=\"yoast-schema-graph\">{\"@context\":\"https:\\\/\\\/schema.org\",\"@graph\":[{\"@type\":\"WebPage\",\"@id\":\"https:\\\/\\\/cartoleriadonati.ch\\\/de\\\/prodotto\\\/label-rose-borsa-margot-small-azzurro\\\/\",\"url\":\"https:\\\/\\\/cartoleriadonati.ch\\\/de\\\/prodotto\\\/label-rose-borsa-margot-small-azzurro\\\/\",\"name\":\"LABEL ROSE Tasche Margot Small Azurblau - Cartoleria Donati SA\",\"isPartOf\":{\"@id\":\"https:\\\/\\\/cartoleriadonati.ch\\\/de\\\/#website\"},\"primaryImageOfPage\":{\"@id\":\"https:\\\/\\\/cartoleriadonati.ch\\\/de\\\/prodotto\\\/label-rose-borsa-margot-small-azzurro\\\/#primaryimage\"},\"image\":{\"@id\":\"https:\\\/\\\/cartoleriadonati.ch\\\/de\\\/prodotto\\\/label-rose-borsa-margot-small-azzurro\\\/#primaryimage\"},\"thumbnailUrl\":\"https:\\\/\\\/cartoleriadonati.ch\\\/wp-content\\\/uploads\\\/2024\\\/10\\\/BorsaaspallaMARGOTazzurropolverelabelrosefronte_1100x.webp\",\"datePublished\":\"2024-10-24T08:29:03+00:00\",\"description\":\"Entdecken Sie die LABEL ROSE Tasche Margot Small Azurblau, kompakt und vielseitig, mit funktionalen F\u00e4chern und eleganten Details. Perfekt f\u00fcr jeden Anlass.\",\"breadcrumb\":{\"@id\":\"https:\\\/\\\/cartoleriadonati.ch\\\/de\\\/prodotto\\\/label-rose-borsa-margot-small-azzurro\\\/#breadcrumb\"},\"inLanguage\":\"de\",\"potentialAction\":[{\"@type\":\"ReadAction\",\"target\":[\"https:\\\/\\\/cartoleriadonati.ch\\\/de\\\/prodotto\\\/label-rose-borsa-margot-small-azzurro\\\/\"]}]},{\"@type\":\"ImageObject\",\"inLanguage\":\"de\",\"@id\":\"https:\\\/\\\/cartoleriadonati.ch\\\/de\\\/prodotto\\\/label-rose-borsa-margot-small-azzurro\\\/#primaryimage\",\"url\":\"https:\\\/\\\/cartoleriadonati.ch\\\/wp-content\\\/uploads\\\/2024\\\/10\\\/BorsaaspallaMARGOTazzurropolverelabelrosefronte_1100x.webp\",\"contentUrl\":\"https:\\\/\\\/cartoleriadonati.ch\\\/wp-content\\\/uploads\\\/2024\\\/10\\\/BorsaaspallaMARGOTazzurropolverelabelrosefronte_1100x.webp\",\"width\":1100,\"height\":1100,\"caption\":\"Label Rose borsa Margot Small Azzurro\"},{\"@type\":\"BreadcrumbList\",\"@id\":\"https:\\\/\\\/cartoleriadonati.ch\\\/de\\\/prodotto\\\/label-rose-borsa-margot-small-azzurro\\\/#breadcrumb\",\"itemListElement\":[{\"@type\":\"ListItem\",\"position\":1,\"name\":\"Home\",\"item\":\"https:\\\/\\\/cartoleriadonati.ch\\\/de\\\/home-page\\\/\"},{\"@type\":\"ListItem\",\"position\":2,\"name\":\"Shop\",\"item\":\"https:\\\/\\\/cartoleriadonati.ch\\\/de\\\/shop\\\/\"},{\"@type\":\"ListItem\",\"position\":3,\"name\":\"LABEL ROSE Tasche Margot Small Azurblau\"}]},{\"@type\":\"WebSite\",\"@id\":\"https:\\\/\\\/cartoleriadonati.ch\\\/de\\\/#website\",\"url\":\"https:\\\/\\\/cartoleriadonati.ch\\\/de\\\/\",\"name\":\"Cartoleria Donati SA\",\"description\":\"Sito internet ufficiale della Cartoleria Donati SA\",\"publisher\":{\"@id\":\"https:\\\/\\\/cartoleriadonati.ch\\\/de\\\/#organization\"},\"potentialAction\":[{\"@type\":\"SearchAction\",\"target\":{\"@type\":\"EntryPoint\",\"urlTemplate\":\"https:\\\/\\\/cartoleriadonati.ch\\\/de\\\/?s={search_term_string}\"},\"query-input\":{\"@type\":\"PropertyValueSpecification\",\"valueRequired\":true,\"valueName\":\"search_term_string\"}}],\"inLanguage\":\"de\"},{\"@type\":\"Organization\",\"@id\":\"https:\\\/\\\/cartoleriadonati.ch\\\/de\\\/#organization\",\"name\":\"Cartoleria Donati SA\",\"url\":\"https:\\\/\\\/cartoleriadonati.ch\\\/de\\\/\",\"logo\":{\"@type\":\"ImageObject\",\"inLanguage\":\"de\",\"@id\":\"https:\\\/\\\/cartoleriadonati.ch\\\/de\\\/#\\\/schema\\\/logo\\\/image\\\/\",\"url\":\"https:\\\/\\\/cartoleriadonati.ch\\\/wp-content\\\/uploads\\\/2019\\\/06\\\/DONATI_logo-1.png\",\"contentUrl\":\"https:\\\/\\\/cartoleriadonati.ch\\\/wp-content\\\/uploads\\\/2019\\\/06\\\/DONATI_logo-1.png\",\"width\":2339,\"height\":1654,\"caption\":\"Cartoleria Donati SA\"},\"image\":{\"@id\":\"https:\\\/\\\/cartoleriadonati.ch\\\/de\\\/#\\\/schema\\\/logo\\\/image\\\/\"},\"sameAs\":[\"https:\\\/\\\/www.facebook.com\\\/CartoleriaDonati\"]}]}<\/script>\n<!-- \/ Yoast SEO Premium plugin. -->","yoast_head_json":{"title":"LABEL ROSE Tasche Margot Small Azurblau - Cartoleria Donati SA","description":"Entdecken Sie die LABEL ROSE Tasche Margot Small Azurblau, kompakt und vielseitig, mit funktionalen F\u00e4chern und eleganten Details. Perfekt f\u00fcr jeden Anlass.","robots":{"index":"index","follow":"follow","max-snippet":"max-snippet:-1","max-image-preview":"max-image-preview:large","max-video-preview":"max-video-preview:-1"},"canonical":"https:\/\/cartoleriadonati.ch\/de\/prodotto\/label-rose-borsa-margot-small-azzurro\/","og_locale":"de_DE","og_type":"article","og_title":"LABEL ROSE Tasche Margot Small Azurblau","og_description":"Entdecken Sie die LABEL ROSE Tasche Margot Small Azurblau, kompakt und vielseitig, mit funktionalen F\u00e4chern und eleganten Details. Perfekt f\u00fcr jeden Anlass.","og_url":"https:\/\/cartoleriadonati.ch\/de\/prodotto\/label-rose-borsa-margot-small-azzurro\/","og_site_name":"Cartoleria Donati SA","article_publisher":"https:\/\/www.facebook.com\/CartoleriaDonati","og_image":[{"width":1100,"height":1100,"url":"https:\/\/cartoleriadonati.ch\/wp-content\/uploads\/2024\/10\/BorsaaspallaMARGOTazzurropolverelabelrosefronte_1100x.webp","type":"image\/webp"}],"twitter_card":"summary_large_image","twitter_misc":{"Gesch\u00e4tzte Lesezeit":"2\u00a0Minuten"},"schema":{"@context":"https:\/\/schema.org","@graph":[{"@type":"WebPage","@id":"https:\/\/cartoleriadonati.ch\/de\/prodotto\/label-rose-borsa-margot-small-azzurro\/","url":"https:\/\/cartoleriadonati.ch\/de\/prodotto\/label-rose-borsa-margot-small-azzurro\/","name":"LABEL ROSE Tasche Margot Small Azurblau - Cartoleria Donati SA","isPartOf":{"@id":"https:\/\/cartoleriadonati.ch\/de\/#website"},"primaryImageOfPage":{"@id":"https:\/\/cartoleriadonati.ch\/de\/prodotto\/label-rose-borsa-margot-small-azzurro\/#primaryimage"},"image":{"@id":"https:\/\/cartoleriadonati.ch\/de\/prodotto\/label-rose-borsa-margot-small-azzurro\/#primaryimage"},"thumbnailUrl":"https:\/\/cartoleriadonati.ch\/wp-content\/uploads\/2024\/10\/BorsaaspallaMARGOTazzurropolverelabelrosefronte_1100x.webp","datePublished":"2024-10-24T08:29:03+00:00","description":"Entdecken Sie die LABEL ROSE Tasche Margot Small Azurblau, kompakt und vielseitig, mit funktionalen F\u00e4chern und eleganten Details. Perfekt f\u00fcr jeden Anlass.","breadcrumb":{"@id":"https:\/\/cartoleriadonati.ch\/de\/prodotto\/label-rose-borsa-margot-small-azzurro\/#breadcrumb"},"inLanguage":"de","potentialAction":[{"@type":"ReadAction","target":["https:\/\/cartoleriadonati.ch\/de\/prodotto\/label-rose-borsa-margot-small-azzurro\/"]}]},{"@type":"ImageObject","inLanguage":"de","@id":"https:\/\/cartoleriadonati.ch\/de\/prodotto\/label-rose-borsa-margot-small-azzurro\/#primaryimage","url":"https:\/\/cartoleriadonati.ch\/wp-content\/uploads\/2024\/10\/BorsaaspallaMARGOTazzurropolverelabelrosefronte_1100x.webp","contentUrl":"https:\/\/cartoleriadonati.ch\/wp-content\/uploads\/2024\/10\/BorsaaspallaMARGOTazzurropolverelabelrosefronte_1100x.webp","width":1100,"height":1100,"caption":"Label Rose borsa Margot Small Azzurro"},{"@type":"BreadcrumbList","@id":"https:\/\/cartoleriadonati.ch\/de\/prodotto\/label-rose-borsa-margot-small-azzurro\/#breadcrumb","itemListElement":[{"@type":"ListItem","position":1,"name":"Home","item":"https:\/\/cartoleriadonati.ch\/de\/home-page\/"},{"@type":"ListItem","position":2,"name":"Shop","item":"https:\/\/cartoleriadonati.ch\/de\/shop\/"},{"@type":"ListItem","position":3,"name":"LABEL ROSE Tasche Margot Small Azurblau"}]},{"@type":"WebSite","@id":"https:\/\/cartoleriadonati.ch\/de\/#website","url":"https:\/\/cartoleriadonati.ch\/de\/","name":"Cartoleria Donati SA","description":"Sito internet ufficiale della Cartoleria Donati SA","publisher":{"@id":"https:\/\/cartoleriadonati.ch\/de\/#organization"},"potentialAction":[{"@type":"SearchAction","target":{"@type":"EntryPoint","urlTemplate":"https:\/\/cartoleriadonati.ch\/de\/?s={search_term_string}"},"query-input":{"@type":"PropertyValueSpecification","valueRequired":true,"valueName":"search_term_string"}}],"inLanguage":"de"},{"@type":"Organization","@id":"https:\/\/cartoleriadonati.ch\/de\/#organization","name":"Cartoleria Donati SA","url":"https:\/\/cartoleriadonati.ch\/de\/","logo":{"@type":"ImageObject","inLanguage":"de","@id":"https:\/\/cartoleriadonati.ch\/de\/#\/schema\/logo\/image\/","url":"https:\/\/cartoleriadonati.ch\/wp-content\/uploads\/2019\/06\/DONATI_logo-1.png","contentUrl":"https:\/\/cartoleriadonati.ch\/wp-content\/uploads\/2019\/06\/DONATI_logo-1.png","width":2339,"height":1654,"caption":"Cartoleria Donati SA"},"image":{"@id":"https:\/\/cartoleriadonati.ch\/de\/#\/schema\/logo\/image\/"},"sameAs":["https:\/\/www.facebook.com\/CartoleriaDonati"]}]}},"_links":{"self":[{"href":"https:\/\/cartoleriadonati.ch\/de\/wp-json\/wp\/v2\/product\/48052","targetHints":{"allow":["GET"]}}],"collection":[{"href":"https:\/\/cartoleriadonati.ch\/de\/wp-json\/wp\/v2\/product"}],"about":[{"href":"https:\/\/cartoleriadonati.ch\/de\/wp-json\/wp\/v2\/types\/product"}],"wp:featuredmedia":[{"embeddable":true,"href":"https:\/\/cartoleriadonati.ch\/de\/wp-json\/wp\/v2\/media\/16373"}],"wp:attachment":[{"href":"https:\/\/cartoleriadonati.ch\/de\/wp-json\/wp\/v2\/media?parent=48052"}],"wp:term":[{"taxonomy":"product_brand","embeddable":true,"href":"https:\/\/cartoleriadonati.ch\/de\/wp-json\/wp\/v2\/product_brand?post=48052"},{"taxonomy":"product_cat","embeddable":true,"href":"https:\/\/cartoleriadonati.ch\/de\/wp-json\/wp\/v2\/product_cat?post=48052"},{"taxonomy":"product_tag","embeddable":true,"href":"https:\/\/cartoleriadonati.ch\/de\/wp-json\/wp\/v2\/product_tag?post=48052"}],"curies":[{"name":"wp","href":"https:\/\/api.w.org\/{rel}","templated":true}]}}