{"id":47918,"date":"2025-11-28T09:26:49","date_gmt":"2025-11-28T09:26:49","guid":{"rendered":"https:\/\/cartoleriadonati.ch\/prodotto\/label-rose-borsa-in-teddy-camilla-talpa\/"},"modified":"2025-11-28T09:26:49","modified_gmt":"2025-11-28T09:26:49","slug":"label-rose-borsa-in-teddy-camilla-talpa","status":"publish","type":"product","link":"https:\/\/cartoleriadonati.ch\/de\/prodotto\/label-rose-borsa-in-teddy-camilla-talpa\/","title":{"rendered":"LABEL ROSE Teddy-Tasche Camilla Taupe"},"content":{"rendered":"<h2 data-start=\"264\" data-end=\"319\">Weichheit, Stil und Komfort in einem einzigen Accessoire<\/h2>\n<p data-start=\"320\" data-end=\"806\">Die <strong data-start=\"323\" data-end=\"340\">CAMILLA Taupe<\/strong> ist die perfekte Tasche f\u00fcr alle, die ihrem Outfit einen Hauch von W\u00e4rme, Weichheit und Originalit\u00e4t verleihen m\u00f6chten. Gefertigt aus <strong data-start=\"467\" data-end=\"476\">Teddy<\/strong>, dem flauschigen Material, das an das Fell von Teddyb\u00e4ren erinnert, verbindet diese Tasche modernes Design mit einer gem\u00fctlichen und verspielten \u00c4sthetik.<br data-start=\"624\" data-end=\"627\">Ihre einh\u00fcllende Textur und die elegante, vielseitige Farbe <strong data-start=\"665\" data-end=\"674\">Taupe<\/strong> machen sie ideal f\u00fcr die Herbst- und Wintersaison, aber auch passend f\u00fcr Casual-Looks das ganze Jahr \u00fcber. <\/p>\n<h2 data-start=\"808\" data-end=\"839\">Praktisches und vielseitiges Design<\/h2>\n<p data-start=\"840\" data-end=\"920\">CAMILLA bietet maximale Flexibilit\u00e4t dank ihrer <strong data-start=\"893\" data-end=\"917\">zwei Tragevarianten<\/strong>:<\/p>\n<ul>\n<li data-start=\"923\" data-end=\"960\"><strong data-start=\"923\" data-end=\"933\">von Hand<\/strong>, mit dem oberen Griff<\/li>\n<li data-start=\"963\" data-end=\"1008\"><strong data-start=\"963\" data-end=\"977\">als Umh\u00e4ngetasche<\/strong>, mit dem mitgelieferten Schultergurt<\/li>\n<\/ul>\n<p data-start=\"1010\" data-end=\"1127\">Dies erm\u00f6glicht es Ihnen, sie m\u00fchelos an jede Situation anzupassen, von t\u00e4glichen Ausfl\u00fcgen bis hin zu eleganteren Momenten.<\/p>\n<p data-start=\"1129\" data-end=\"1278\">Der <strong data-start=\"1132\" data-end=\"1157\">Rei\u00dfverschluss<\/strong> garantiert Sicherheit und bewahrt Ihre pers\u00f6nlichen Gegenst\u00e4nde sicher auf, w\u00e4hrend das kompakte Design den t\u00e4glichen Gebrauch erleichtert.<\/p>\n<h2 data-start=\"1280\" data-end=\"1317\">Organisiertes und funktionales Inneres<\/h2>\n<p data-start=\"1318\" data-end=\"1703\">Im Inneren der Tasche befindet sich ein gut strukturiertes <strong data-start=\"1355\" data-end=\"1382\">Hauptfach<\/strong>, das f\u00fcr alle Essentials konzipiert ist: Portemonnaie, Telefon, Schl\u00fcssel, Kosmetika und andere kleine Gegenst\u00e4nde.<br data-start=\"1509\" data-end=\"1512\">Das <strong data-start=\"1515\" data-end=\"1545\">gebrandete Innenfutter<\/strong> unterstreicht die Qualit\u00e4t der Verarbeitung, w\u00e4hrend die <strong data-start=\"1590\" data-end=\"1614\">zwei Innentaschen<\/strong>, davon eine mit Rei\u00dfverschluss, f\u00fcr einfache und praktische Ordnung sorgen.<\/p>\n<p data-start=\"1705\" data-end=\"1827\">Das <strong data-start=\"1708\" data-end=\"1743\">silberfarbene LR-Logo-Lettering<\/strong> setzt einen gl\u00e4nzenden Akzent, der die Tasche aufwertet, ohne das Design zu beschweren.<\/p>\n<h2 data-start=\"1829\" data-end=\"1862\">Premium-Materialien und Details<\/h2>\n<ul>\n<li data-start=\"1865\" data-end=\"1914\"><strong data-start=\"1865\" data-end=\"1888\">Stahl-Hardware<\/strong>, robust und gl\u00e4nzend<\/li>\n<li data-start=\"1917\" data-end=\"1988\">Details und Oberfl\u00e4chen <strong data-start=\"1937\" data-end=\"1958\">durchgehend gebrandet<\/strong>, ein Synonym f\u00fcr Sorgfalt und Qualit\u00e4t<\/li>\n<li data-start=\"1991\" data-end=\"2039\">Weicher Teddy-Stoff f\u00fcr einen trendigen und gem\u00fctlichen Look<\/li>\n<\/ul>\n<h2 data-start=\"2041\" data-end=\"2091\">Kompakte Ma\u00dfe, perfekt f\u00fcr jeden Tag<\/h2>\n<ul data-start=\"2092\" data-end=\"2126\">\n<li data-start=\"2092\" data-end=\"2126\">\n<p data-start=\"2094\" data-end=\"2126\"><strong data-start=\"2094\" data-end=\"2112\">28 \u00d7 17 \u00d7 8 cm<\/strong> (B \u00d7 H \u00d7 T)<\/p>\n<\/li>\n<\/ul>\n<p data-start=\"2128\" data-end=\"2227\">Eine ideale Gr\u00f6\u00dfe f\u00fcr alle, die eine ger\u00e4umige, aber nicht sperrige Tasche suchen, die man \u00fcberallhin mitnehmen kann.<\/p>\n<h2 data-start=\"2229\" data-end=\"2266\">Ein Accessoire, das den Look erw\u00e4rmt<\/h2>\n<p data-start=\"2267\" data-end=\"2554\">Die <strong data-start=\"2270\" data-end=\"2287\">CAMILLA Taupe<\/strong> ist nicht nur eine Tasche: Sie ist ein Accessoire, das <strong data-start=\"2340\" data-end=\"2366\">Komfort, Freude und Stil<\/strong> vermittelt und jedes Outfit in einen einzigartigen und unwiderstehlichen Look verwandelt.<br data-start=\"2426\" data-end=\"2429\">F\u00fcr alle, die sich gerne mit Zartheit, Weichheit und einem modischen Touch abheben, ist diese Teddy-Tasche ein Must-have der Saison.<\/p>\n","protected":false},"excerpt":{"rendered":"<p>Weichheit, Stil und Komfort in einem einzigen Accessoire Die CAMILLA Taupe ist die perfekte Tasche f\u00fcr alle, die ihrem Outfit einen Hauch von W\u00e4rme, Weichheit und Originalit\u00e4t verleihen m\u00f6chten. Gefertigt aus Teddy, dem flauschigen Material, das an das Fell von Teddyb\u00e4ren erinnert, verbindet diese&#8230;<\/p>\n","protected":false},"featured_media":40008,"template":"","meta":{"_acf_changed":false},"product_brand":[],"product_cat":[924,925],"product_tag":[],"class_list":{"0":"post-47918","1":"product","2":"type-product","3":"status-publish","4":"has-post-thumbnail","6":"product_cat-label-rose","7":"product_cat-taschen","9":"first","10":"instock","11":"taxable","12":"shipping-taxable","13":"purchasable","14":"product-type-simple","15":"add-to-wishlist-after_add_to_cart"},"acf":[],"yoast_head":"<!-- This site is optimized with the Yoast SEO Premium plugin v27.5 (Yoast SEO v27.6) - https:\/\/yoast.com\/product\/yoast-seo-premium-wordpress\/ -->\n<title>LABEL ROSE Teddy-Tasche Camilla Taupe - Cartoleria Donati SA<\/title>\n<meta name=\"robots\" content=\"index, follow, max-snippet:-1, max-image-preview:large, max-video-preview:-1\" \/>\n<link rel=\"canonical\" href=\"https:\/\/cartoleriadonati.ch\/de\/prodotto\/label-rose-borsa-in-teddy-camilla-talpa\/\" \/>\n<meta property=\"og:locale\" content=\"de_DE\" \/>\n<meta property=\"og:type\" content=\"article\" \/>\n<meta property=\"og:title\" content=\"LABEL ROSE Teddy-Tasche Camilla Taupe\" \/>\n<meta property=\"og:description\" content=\"Weichheit, Stil und Komfort in einem einzigen Accessoire Die CAMILLA Taupe ist die perfekte Tasche f\u00fcr alle, die ihrem Outfit einen Hauch von W\u00e4rme, Weichheit und Originalit\u00e4t verleihen m\u00f6chten. Gefertigt aus Teddy, dem flauschigen Material, das an das Fell von Teddyb\u00e4ren erinnert, verbindet diese...\" \/>\n<meta property=\"og:url\" content=\"https:\/\/cartoleriadonati.ch\/de\/prodotto\/label-rose-borsa-in-teddy-camilla-talpa\/\" \/>\n<meta property=\"og:site_name\" content=\"Cartoleria Donati SA\" \/>\n<meta property=\"article:publisher\" content=\"https:\/\/www.facebook.com\/CartoleriaDonati\" \/>\n<meta property=\"og:image\" content=\"https:\/\/cartoleriadonati.ch\/wp-content\/uploads\/2025\/11\/Borsa-in-teddy-CAMILLA-TAUPE-1.jpg\" \/>\n\t<meta property=\"og:image:width\" content=\"1200\" \/>\n\t<meta property=\"og:image:height\" content=\"1500\" \/>\n\t<meta property=\"og:image:type\" content=\"image\/jpeg\" \/>\n<meta name=\"twitter:card\" content=\"summary_large_image\" \/>\n<meta name=\"twitter:label1\" content=\"Gesch\u00e4tzte Lesezeit\" \/>\n\t<meta name=\"twitter:data1\" content=\"2\u00a0Minuten\" \/>\n<script type=\"application\/ld+json\" class=\"yoast-schema-graph\">{\"@context\":\"https:\\\/\\\/schema.org\",\"@graph\":[{\"@type\":\"WebPage\",\"@id\":\"https:\\\/\\\/cartoleriadonati.ch\\\/de\\\/prodotto\\\/label-rose-borsa-in-teddy-camilla-talpa\\\/\",\"url\":\"https:\\\/\\\/cartoleriadonati.ch\\\/de\\\/prodotto\\\/label-rose-borsa-in-teddy-camilla-talpa\\\/\",\"name\":\"LABEL ROSE Teddy-Tasche Camilla Taupe - Cartoleria Donati SA\",\"isPartOf\":{\"@id\":\"https:\\\/\\\/cartoleriadonati.ch\\\/de\\\/#website\"},\"primaryImageOfPage\":{\"@id\":\"https:\\\/\\\/cartoleriadonati.ch\\\/de\\\/prodotto\\\/label-rose-borsa-in-teddy-camilla-talpa\\\/#primaryimage\"},\"image\":{\"@id\":\"https:\\\/\\\/cartoleriadonati.ch\\\/de\\\/prodotto\\\/label-rose-borsa-in-teddy-camilla-talpa\\\/#primaryimage\"},\"thumbnailUrl\":\"https:\\\/\\\/cartoleriadonati.ch\\\/wp-content\\\/uploads\\\/2025\\\/11\\\/Borsa-in-teddy-CAMILLA-TAUPE-1.jpg\",\"datePublished\":\"2025-11-28T09:26:49+00:00\",\"breadcrumb\":{\"@id\":\"https:\\\/\\\/cartoleriadonati.ch\\\/de\\\/prodotto\\\/label-rose-borsa-in-teddy-camilla-talpa\\\/#breadcrumb\"},\"inLanguage\":\"de\",\"potentialAction\":[{\"@type\":\"ReadAction\",\"target\":[\"https:\\\/\\\/cartoleriadonati.ch\\\/de\\\/prodotto\\\/label-rose-borsa-in-teddy-camilla-talpa\\\/\"]}]},{\"@type\":\"ImageObject\",\"inLanguage\":\"de\",\"@id\":\"https:\\\/\\\/cartoleriadonati.ch\\\/de\\\/prodotto\\\/label-rose-borsa-in-teddy-camilla-talpa\\\/#primaryimage\",\"url\":\"https:\\\/\\\/cartoleriadonati.ch\\\/wp-content\\\/uploads\\\/2025\\\/11\\\/Borsa-in-teddy-CAMILLA-TAUPE-1.jpg\",\"contentUrl\":\"https:\\\/\\\/cartoleriadonati.ch\\\/wp-content\\\/uploads\\\/2025\\\/11\\\/Borsa-in-teddy-CAMILLA-TAUPE-1.jpg\",\"width\":1200,\"height\":1500},{\"@type\":\"BreadcrumbList\",\"@id\":\"https:\\\/\\\/cartoleriadonati.ch\\\/de\\\/prodotto\\\/label-rose-borsa-in-teddy-camilla-talpa\\\/#breadcrumb\",\"itemListElement\":[{\"@type\":\"ListItem\",\"position\":1,\"name\":\"Home\",\"item\":\"https:\\\/\\\/cartoleriadonati.ch\\\/de\\\/home-page\\\/\"},{\"@type\":\"ListItem\",\"position\":2,\"name\":\"Shop\",\"item\":\"https:\\\/\\\/cartoleriadonati.ch\\\/de\\\/shop\\\/\"},{\"@type\":\"ListItem\",\"position\":3,\"name\":\"LABEL ROSE Teddy-Tasche Camilla Taupe\"}]},{\"@type\":\"WebSite\",\"@id\":\"https:\\\/\\\/cartoleriadonati.ch\\\/de\\\/#website\",\"url\":\"https:\\\/\\\/cartoleriadonati.ch\\\/de\\\/\",\"name\":\"Cartoleria Donati SA\",\"description\":\"Sito internet ufficiale della Cartoleria Donati SA\",\"publisher\":{\"@id\":\"https:\\\/\\\/cartoleriadonati.ch\\\/de\\\/#organization\"},\"potentialAction\":[{\"@type\":\"SearchAction\",\"target\":{\"@type\":\"EntryPoint\",\"urlTemplate\":\"https:\\\/\\\/cartoleriadonati.ch\\\/de\\\/?s={search_term_string}\"},\"query-input\":{\"@type\":\"PropertyValueSpecification\",\"valueRequired\":true,\"valueName\":\"search_term_string\"}}],\"inLanguage\":\"de\"},{\"@type\":\"Organization\",\"@id\":\"https:\\\/\\\/cartoleriadonati.ch\\\/de\\\/#organization\",\"name\":\"Cartoleria Donati SA\",\"url\":\"https:\\\/\\\/cartoleriadonati.ch\\\/de\\\/\",\"logo\":{\"@type\":\"ImageObject\",\"inLanguage\":\"de\",\"@id\":\"https:\\\/\\\/cartoleriadonati.ch\\\/de\\\/#\\\/schema\\\/logo\\\/image\\\/\",\"url\":\"https:\\\/\\\/cartoleriadonati.ch\\\/wp-content\\\/uploads\\\/2019\\\/06\\\/DONATI_logo-1.png\",\"contentUrl\":\"https:\\\/\\\/cartoleriadonati.ch\\\/wp-content\\\/uploads\\\/2019\\\/06\\\/DONATI_logo-1.png\",\"width\":2339,\"height\":1654,\"caption\":\"Cartoleria Donati SA\"},\"image\":{\"@id\":\"https:\\\/\\\/cartoleriadonati.ch\\\/de\\\/#\\\/schema\\\/logo\\\/image\\\/\"},\"sameAs\":[\"https:\\\/\\\/www.facebook.com\\\/CartoleriaDonati\"]}]}<\/script>\n<!-- \/ Yoast SEO Premium plugin. -->","yoast_head_json":{"title":"LABEL ROSE Teddy-Tasche Camilla Taupe - Cartoleria Donati SA","robots":{"index":"index","follow":"follow","max-snippet":"max-snippet:-1","max-image-preview":"max-image-preview:large","max-video-preview":"max-video-preview:-1"},"canonical":"https:\/\/cartoleriadonati.ch\/de\/prodotto\/label-rose-borsa-in-teddy-camilla-talpa\/","og_locale":"de_DE","og_type":"article","og_title":"LABEL ROSE Teddy-Tasche Camilla Taupe","og_description":"Weichheit, Stil und Komfort in einem einzigen Accessoire Die CAMILLA Taupe ist die perfekte Tasche f\u00fcr alle, die ihrem Outfit einen Hauch von W\u00e4rme, Weichheit und Originalit\u00e4t verleihen m\u00f6chten. Gefertigt aus Teddy, dem flauschigen Material, das an das Fell von Teddyb\u00e4ren erinnert, verbindet diese...","og_url":"https:\/\/cartoleriadonati.ch\/de\/prodotto\/label-rose-borsa-in-teddy-camilla-talpa\/","og_site_name":"Cartoleria Donati SA","article_publisher":"https:\/\/www.facebook.com\/CartoleriaDonati","og_image":[{"width":1200,"height":1500,"url":"https:\/\/cartoleriadonati.ch\/wp-content\/uploads\/2025\/11\/Borsa-in-teddy-CAMILLA-TAUPE-1.jpg","type":"image\/jpeg"}],"twitter_card":"summary_large_image","twitter_misc":{"Gesch\u00e4tzte Lesezeit":"2\u00a0Minuten"},"schema":{"@context":"https:\/\/schema.org","@graph":[{"@type":"WebPage","@id":"https:\/\/cartoleriadonati.ch\/de\/prodotto\/label-rose-borsa-in-teddy-camilla-talpa\/","url":"https:\/\/cartoleriadonati.ch\/de\/prodotto\/label-rose-borsa-in-teddy-camilla-talpa\/","name":"LABEL ROSE Teddy-Tasche Camilla Taupe - Cartoleria Donati SA","isPartOf":{"@id":"https:\/\/cartoleriadonati.ch\/de\/#website"},"primaryImageOfPage":{"@id":"https:\/\/cartoleriadonati.ch\/de\/prodotto\/label-rose-borsa-in-teddy-camilla-talpa\/#primaryimage"},"image":{"@id":"https:\/\/cartoleriadonati.ch\/de\/prodotto\/label-rose-borsa-in-teddy-camilla-talpa\/#primaryimage"},"thumbnailUrl":"https:\/\/cartoleriadonati.ch\/wp-content\/uploads\/2025\/11\/Borsa-in-teddy-CAMILLA-TAUPE-1.jpg","datePublished":"2025-11-28T09:26:49+00:00","breadcrumb":{"@id":"https:\/\/cartoleriadonati.ch\/de\/prodotto\/label-rose-borsa-in-teddy-camilla-talpa\/#breadcrumb"},"inLanguage":"de","potentialAction":[{"@type":"ReadAction","target":["https:\/\/cartoleriadonati.ch\/de\/prodotto\/label-rose-borsa-in-teddy-camilla-talpa\/"]}]},{"@type":"ImageObject","inLanguage":"de","@id":"https:\/\/cartoleriadonati.ch\/de\/prodotto\/label-rose-borsa-in-teddy-camilla-talpa\/#primaryimage","url":"https:\/\/cartoleriadonati.ch\/wp-content\/uploads\/2025\/11\/Borsa-in-teddy-CAMILLA-TAUPE-1.jpg","contentUrl":"https:\/\/cartoleriadonati.ch\/wp-content\/uploads\/2025\/11\/Borsa-in-teddy-CAMILLA-TAUPE-1.jpg","width":1200,"height":1500},{"@type":"BreadcrumbList","@id":"https:\/\/cartoleriadonati.ch\/de\/prodotto\/label-rose-borsa-in-teddy-camilla-talpa\/#breadcrumb","itemListElement":[{"@type":"ListItem","position":1,"name":"Home","item":"https:\/\/cartoleriadonati.ch\/de\/home-page\/"},{"@type":"ListItem","position":2,"name":"Shop","item":"https:\/\/cartoleriadonati.ch\/de\/shop\/"},{"@type":"ListItem","position":3,"name":"LABEL ROSE Teddy-Tasche Camilla Taupe"}]},{"@type":"WebSite","@id":"https:\/\/cartoleriadonati.ch\/de\/#website","url":"https:\/\/cartoleriadonati.ch\/de\/","name":"Cartoleria Donati SA","description":"Sito internet ufficiale della Cartoleria Donati SA","publisher":{"@id":"https:\/\/cartoleriadonati.ch\/de\/#organization"},"potentialAction":[{"@type":"SearchAction","target":{"@type":"EntryPoint","urlTemplate":"https:\/\/cartoleriadonati.ch\/de\/?s={search_term_string}"},"query-input":{"@type":"PropertyValueSpecification","valueRequired":true,"valueName":"search_term_string"}}],"inLanguage":"de"},{"@type":"Organization","@id":"https:\/\/cartoleriadonati.ch\/de\/#organization","name":"Cartoleria Donati SA","url":"https:\/\/cartoleriadonati.ch\/de\/","logo":{"@type":"ImageObject","inLanguage":"de","@id":"https:\/\/cartoleriadonati.ch\/de\/#\/schema\/logo\/image\/","url":"https:\/\/cartoleriadonati.ch\/wp-content\/uploads\/2019\/06\/DONATI_logo-1.png","contentUrl":"https:\/\/cartoleriadonati.ch\/wp-content\/uploads\/2019\/06\/DONATI_logo-1.png","width":2339,"height":1654,"caption":"Cartoleria Donati SA"},"image":{"@id":"https:\/\/cartoleriadonati.ch\/de\/#\/schema\/logo\/image\/"},"sameAs":["https:\/\/www.facebook.com\/CartoleriaDonati"]}]}},"_links":{"self":[{"href":"https:\/\/cartoleriadonati.ch\/de\/wp-json\/wp\/v2\/product\/47918","targetHints":{"allow":["GET"]}}],"collection":[{"href":"https:\/\/cartoleriadonati.ch\/de\/wp-json\/wp\/v2\/product"}],"about":[{"href":"https:\/\/cartoleriadonati.ch\/de\/wp-json\/wp\/v2\/types\/product"}],"wp:featuredmedia":[{"embeddable":true,"href":"https:\/\/cartoleriadonati.ch\/de\/wp-json\/wp\/v2\/media\/40008"}],"wp:attachment":[{"href":"https:\/\/cartoleriadonati.ch\/de\/wp-json\/wp\/v2\/media?parent=47918"}],"wp:term":[{"taxonomy":"product_brand","embeddable":true,"href":"https:\/\/cartoleriadonati.ch\/de\/wp-json\/wp\/v2\/product_brand?post=47918"},{"taxonomy":"product_cat","embeddable":true,"href":"https:\/\/cartoleriadonati.ch\/de\/wp-json\/wp\/v2\/product_cat?post=47918"},{"taxonomy":"product_tag","embeddable":true,"href":"https:\/\/cartoleriadonati.ch\/de\/wp-json\/wp\/v2\/product_tag?post=47918"}],"curies":[{"name":"wp","href":"https:\/\/api.w.org\/{rel}","templated":true}]}}