{"id":47847,"date":"2024-11-08T17:32:46","date_gmt":"2024-11-08T17:32:46","guid":{"rendered":"https:\/\/cartoleriadonati.ch\/prodotto\/label-rose-borsa-olivia-blu\/"},"modified":"2024-11-08T17:32:46","modified_gmt":"2024-11-08T17:32:46","slug":"label-rose-borsa-olivia-blu","status":"publish","type":"product","link":"https:\/\/cartoleriadonati.ch\/de\/prodotto\/label-rose-borsa-olivia-blu\/","title":{"rendered":"LABEL ROSE Tasche Olivia Blau"},"content":{"rendered":"<h3>Label Rose Handtasche OLIVIA \u2013 Ein Klassiker mit modernem Stil<\/h3>\n<p>Die Tasche <em>OLIVIA<\/em> von Label Rose pr\u00e4sentiert sich in neuem Glanz, bereichert durch neue Farben, die ihr elegantes und zeitloses Design unterstreichen. Aus hochwertigem Kunstleder gefertigt, ist die OLIVIA das ideale Accessoire f\u00fcr alle, die einen Hauch von Raffinesse und Funktionalit\u00e4t f\u00fcr den Alltag suchen. Dank ihrer klassischen Linien und modernen Farbt\u00f6ne passt diese Tasche zu jedem Outfit und ist somit perfekt f\u00fcr jeden Anlass, ob formell oder l\u00e4ssig.  <\/p>\n<h3>Besondere Merkmale der Tasche OLIVIA<\/h3>\n<ul>\n<li><strong>Elegantes und widerstandsf\u00e4higes Material<\/strong>: Die OLIVIA ist aus Premium-Kunstleder gefertigt, das eine optimale Haltbarkeit und einen raffinierten Look garantiert \u2013 ideal f\u00fcr den kompromisslosen t\u00e4glichen Gebrauch.<\/li>\n<li><strong>Qualit\u00e4tsdetails<\/strong>: Die goldfarbenen Details, einschlie\u00dflich des Frontlogos und der Markenelemente, verleihen der Tasche einen luxuri\u00f6sen und modernen Touch und machen sie einzigartig und unverwechselbar.<\/li>\n<li><strong>Ideales Fassungsverm\u00f6gen<\/strong>: Mit ihrer ger\u00e4umigen Struktur bietet die OLIVIA ein hervorragendes Innenvolumen, ohne sperrig zu wirken \u2013 perfekt, um das Wesentliche zu verstauen, ohne auf Komfort zu verzichten.<\/li>\n<\/ul>\n<h3>Vielseitigkeit und Komfort<\/h3>\n<p>Die auf Vielseitigkeit ausgelegte OLIVIA kann dank der eleganten Griffe in der Hand oder mit dem verstellbaren und abnehmbaren Schultergurt \u00fcber der Schulter getragen werden, sodass Sie den Look w\u00e4hlen k\u00f6nnen, der am besten zu Ihren Bed\u00fcrfnissen passt. Der Schultergurt ist zwischen 103 cm und 120 cm verstellbar und bietet maximalen Komfort. <\/p>\n<h3>Technische Daten der Tasche OLIVIA<\/h3>\n<ul>\n<li><strong>Abmessungen<\/strong>: Breite 32 cm x H\u00f6he 28 cm x Tiefe 13 cm<\/li>\n<li><strong>Henkelfall<\/strong>: 11 cm, perfekt zum Tragen in der Hand oder am Arm<\/li>\n<li><strong>Trageh\u00f6he Schultergurt<\/strong>: Verstellbar zwischen 51 cm und 62 cm, ideal f\u00fcr die Verwendung als Umh\u00e4ngetasche<\/li>\n<li><strong>Innentasche<\/strong>: Enth\u00e4lt eine praktische Pochette von 27 x 18,5 x 11,5 cm zur Organisation kleiner Gegenst\u00e4nde.<\/li>\n<li><strong>Hardware-Details<\/strong>: Vergoldeter Stahl f\u00fcr einen modernen und anspruchsvollen Look.<\/li>\n<\/ul>\n<h3>Das Must-have-Accessoire f\u00fcr jedes Outfit<\/h3>\n<p>Mit ihrem klassischen Design und den neuen Farben ist die OLIVIA eine unverzichtbare Tasche f\u00fcr jede Garderobe. Sie eignet sich f\u00fcr einen l\u00e4ssigen Look oder f\u00fcr elegantere Anl\u00e4sse und verleiht jeder Kleidung einen Hauch von Stil und Raffinesse. Funktional und schick ist die Tasche OLIVIA von Label Rose perfekt f\u00fcr die moderne Frau, die Praktikabilit\u00e4t und Klasse in einem einzigen Accessoire sucht.  <\/p>\n","protected":false},"excerpt":{"rendered":"<p>Label Rose Handtasche OLIVIA \u2013 Ein Klassiker mit modernem Stil Die Tasche OLIVIA von Label Rose pr\u00e4sentiert sich in neuem Glanz, bereichert durch neue Farben, die ihr elegantes und zeitloses Design unterstreichen. Aus hochwertigem Kunstleder gefertigt, ist die OLIVIA das ideale Accessoire f\u00fcr alle,&#8230;<\/p>\n","protected":false},"featured_media":17728,"template":"","meta":{"_acf_changed":false},"product_brand":[],"product_cat":[924,925],"product_tag":[],"class_list":{"0":"post-47847","1":"product","2":"type-product","3":"status-publish","4":"has-post-thumbnail","6":"product_cat-label-rose","7":"product_cat-taschen","9":"first","10":"instock","11":"taxable","12":"shipping-taxable","13":"purchasable","14":"product-type-simple","15":"add-to-wishlist-after_add_to_cart"},"acf":[],"yoast_head":"<!-- This site is optimized with the Yoast SEO Premium plugin v27.5 (Yoast SEO v27.6) - https:\/\/yoast.com\/product\/yoast-seo-premium-wordpress\/ -->\n<title>LABEL ROSE Tasche Olivia Blau - Cartoleria Donati SA<\/title>\n<meta name=\"robots\" content=\"index, follow, max-snippet:-1, max-image-preview:large, max-video-preview:-1\" \/>\n<link rel=\"canonical\" href=\"https:\/\/cartoleriadonati.ch\/de\/prodotto\/label-rose-borsa-olivia-blu\/\" \/>\n<meta property=\"og:locale\" content=\"de_DE\" \/>\n<meta property=\"og:type\" content=\"article\" \/>\n<meta property=\"og:title\" content=\"LABEL ROSE Tasche Olivia Blau\" \/>\n<meta property=\"og:description\" content=\"Label Rose Handtasche OLIVIA \u2013 Ein Klassiker mit modernem Stil Die Tasche OLIVIA von Label Rose pr\u00e4sentiert sich in neuem Glanz, bereichert durch neue Farben, die ihr elegantes und zeitloses Design unterstreichen. Aus hochwertigem Kunstleder gefertigt, ist die OLIVIA das ideale Accessoire f\u00fcr alle,...\" \/>\n<meta property=\"og:url\" content=\"https:\/\/cartoleriadonati.ch\/de\/prodotto\/label-rose-borsa-olivia-blu\/\" \/>\n<meta property=\"og:site_name\" content=\"Cartoleria Donati SA\" \/>\n<meta property=\"article:publisher\" content=\"https:\/\/www.facebook.com\/CartoleriaDonati\" \/>\n<meta property=\"og:image\" content=\"https:\/\/cartoleriadonati.ch\/wp-content\/uploads\/2024\/11\/Borsaamanooliviablulabelrosefronte_1100x.webp\" \/>\n\t<meta property=\"og:image:width\" content=\"1100\" \/>\n\t<meta property=\"og:image:height\" content=\"1100\" \/>\n\t<meta property=\"og:image:type\" content=\"image\/webp\" \/>\n<meta name=\"twitter:card\" content=\"summary_large_image\" \/>\n<meta name=\"twitter:label1\" content=\"Gesch\u00e4tzte Lesezeit\" \/>\n\t<meta name=\"twitter:data1\" content=\"2\u00a0Minuten\" \/>\n<script type=\"application\/ld+json\" class=\"yoast-schema-graph\">{\"@context\":\"https:\\\/\\\/schema.org\",\"@graph\":[{\"@type\":\"WebPage\",\"@id\":\"https:\\\/\\\/cartoleriadonati.ch\\\/de\\\/prodotto\\\/label-rose-borsa-olivia-blu\\\/\",\"url\":\"https:\\\/\\\/cartoleriadonati.ch\\\/de\\\/prodotto\\\/label-rose-borsa-olivia-blu\\\/\",\"name\":\"LABEL ROSE Tasche Olivia Blau - Cartoleria Donati SA\",\"isPartOf\":{\"@id\":\"https:\\\/\\\/cartoleriadonati.ch\\\/de\\\/#website\"},\"primaryImageOfPage\":{\"@id\":\"https:\\\/\\\/cartoleriadonati.ch\\\/de\\\/prodotto\\\/label-rose-borsa-olivia-blu\\\/#primaryimage\"},\"image\":{\"@id\":\"https:\\\/\\\/cartoleriadonati.ch\\\/de\\\/prodotto\\\/label-rose-borsa-olivia-blu\\\/#primaryimage\"},\"thumbnailUrl\":\"https:\\\/\\\/cartoleriadonati.ch\\\/wp-content\\\/uploads\\\/2024\\\/11\\\/Borsaamanooliviablulabelrosefronte_1100x.webp\",\"datePublished\":\"2024-11-08T17:32:46+00:00\",\"breadcrumb\":{\"@id\":\"https:\\\/\\\/cartoleriadonati.ch\\\/de\\\/prodotto\\\/label-rose-borsa-olivia-blu\\\/#breadcrumb\"},\"inLanguage\":\"de\",\"potentialAction\":[{\"@type\":\"ReadAction\",\"target\":[\"https:\\\/\\\/cartoleriadonati.ch\\\/de\\\/prodotto\\\/label-rose-borsa-olivia-blu\\\/\"]}]},{\"@type\":\"ImageObject\",\"inLanguage\":\"de\",\"@id\":\"https:\\\/\\\/cartoleriadonati.ch\\\/de\\\/prodotto\\\/label-rose-borsa-olivia-blu\\\/#primaryimage\",\"url\":\"https:\\\/\\\/cartoleriadonati.ch\\\/wp-content\\\/uploads\\\/2024\\\/11\\\/Borsaamanooliviablulabelrosefronte_1100x.webp\",\"contentUrl\":\"https:\\\/\\\/cartoleriadonati.ch\\\/wp-content\\\/uploads\\\/2024\\\/11\\\/Borsaamanooliviablulabelrosefronte_1100x.webp\",\"width\":1100,\"height\":1100},{\"@type\":\"BreadcrumbList\",\"@id\":\"https:\\\/\\\/cartoleriadonati.ch\\\/de\\\/prodotto\\\/label-rose-borsa-olivia-blu\\\/#breadcrumb\",\"itemListElement\":[{\"@type\":\"ListItem\",\"position\":1,\"name\":\"Home\",\"item\":\"https:\\\/\\\/cartoleriadonati.ch\\\/de\\\/home-page\\\/\"},{\"@type\":\"ListItem\",\"position\":2,\"name\":\"Shop\",\"item\":\"https:\\\/\\\/cartoleriadonati.ch\\\/de\\\/shop\\\/\"},{\"@type\":\"ListItem\",\"position\":3,\"name\":\"LABEL ROSE Tasche Olivia Blau\"}]},{\"@type\":\"WebSite\",\"@id\":\"https:\\\/\\\/cartoleriadonati.ch\\\/de\\\/#website\",\"url\":\"https:\\\/\\\/cartoleriadonati.ch\\\/de\\\/\",\"name\":\"Cartoleria Donati SA\",\"description\":\"Sito internet ufficiale della Cartoleria Donati SA\",\"publisher\":{\"@id\":\"https:\\\/\\\/cartoleriadonati.ch\\\/de\\\/#organization\"},\"potentialAction\":[{\"@type\":\"SearchAction\",\"target\":{\"@type\":\"EntryPoint\",\"urlTemplate\":\"https:\\\/\\\/cartoleriadonati.ch\\\/de\\\/?s={search_term_string}\"},\"query-input\":{\"@type\":\"PropertyValueSpecification\",\"valueRequired\":true,\"valueName\":\"search_term_string\"}}],\"inLanguage\":\"de\"},{\"@type\":\"Organization\",\"@id\":\"https:\\\/\\\/cartoleriadonati.ch\\\/de\\\/#organization\",\"name\":\"Cartoleria Donati SA\",\"url\":\"https:\\\/\\\/cartoleriadonati.ch\\\/de\\\/\",\"logo\":{\"@type\":\"ImageObject\",\"inLanguage\":\"de\",\"@id\":\"https:\\\/\\\/cartoleriadonati.ch\\\/de\\\/#\\\/schema\\\/logo\\\/image\\\/\",\"url\":\"https:\\\/\\\/cartoleriadonati.ch\\\/wp-content\\\/uploads\\\/2019\\\/06\\\/DONATI_logo-1.png\",\"contentUrl\":\"https:\\\/\\\/cartoleriadonati.ch\\\/wp-content\\\/uploads\\\/2019\\\/06\\\/DONATI_logo-1.png\",\"width\":2339,\"height\":1654,\"caption\":\"Cartoleria Donati SA\"},\"image\":{\"@id\":\"https:\\\/\\\/cartoleriadonati.ch\\\/de\\\/#\\\/schema\\\/logo\\\/image\\\/\"},\"sameAs\":[\"https:\\\/\\\/www.facebook.com\\\/CartoleriaDonati\"]}]}<\/script>\n<!-- \/ Yoast SEO Premium plugin. -->","yoast_head_json":{"title":"LABEL ROSE Tasche Olivia Blau - Cartoleria Donati SA","robots":{"index":"index","follow":"follow","max-snippet":"max-snippet:-1","max-image-preview":"max-image-preview:large","max-video-preview":"max-video-preview:-1"},"canonical":"https:\/\/cartoleriadonati.ch\/de\/prodotto\/label-rose-borsa-olivia-blu\/","og_locale":"de_DE","og_type":"article","og_title":"LABEL ROSE Tasche Olivia Blau","og_description":"Label Rose Handtasche OLIVIA \u2013 Ein Klassiker mit modernem Stil Die Tasche OLIVIA von Label Rose pr\u00e4sentiert sich in neuem Glanz, bereichert durch neue Farben, die ihr elegantes und zeitloses Design unterstreichen. Aus hochwertigem Kunstleder gefertigt, ist die OLIVIA das ideale Accessoire f\u00fcr alle,...","og_url":"https:\/\/cartoleriadonati.ch\/de\/prodotto\/label-rose-borsa-olivia-blu\/","og_site_name":"Cartoleria Donati SA","article_publisher":"https:\/\/www.facebook.com\/CartoleriaDonati","og_image":[{"width":1100,"height":1100,"url":"https:\/\/cartoleriadonati.ch\/wp-content\/uploads\/2024\/11\/Borsaamanooliviablulabelrosefronte_1100x.webp","type":"image\/webp"}],"twitter_card":"summary_large_image","twitter_misc":{"Gesch\u00e4tzte Lesezeit":"2\u00a0Minuten"},"schema":{"@context":"https:\/\/schema.org","@graph":[{"@type":"WebPage","@id":"https:\/\/cartoleriadonati.ch\/de\/prodotto\/label-rose-borsa-olivia-blu\/","url":"https:\/\/cartoleriadonati.ch\/de\/prodotto\/label-rose-borsa-olivia-blu\/","name":"LABEL ROSE Tasche Olivia Blau - Cartoleria Donati SA","isPartOf":{"@id":"https:\/\/cartoleriadonati.ch\/de\/#website"},"primaryImageOfPage":{"@id":"https:\/\/cartoleriadonati.ch\/de\/prodotto\/label-rose-borsa-olivia-blu\/#primaryimage"},"image":{"@id":"https:\/\/cartoleriadonati.ch\/de\/prodotto\/label-rose-borsa-olivia-blu\/#primaryimage"},"thumbnailUrl":"https:\/\/cartoleriadonati.ch\/wp-content\/uploads\/2024\/11\/Borsaamanooliviablulabelrosefronte_1100x.webp","datePublished":"2024-11-08T17:32:46+00:00","breadcrumb":{"@id":"https:\/\/cartoleriadonati.ch\/de\/prodotto\/label-rose-borsa-olivia-blu\/#breadcrumb"},"inLanguage":"de","potentialAction":[{"@type":"ReadAction","target":["https:\/\/cartoleriadonati.ch\/de\/prodotto\/label-rose-borsa-olivia-blu\/"]}]},{"@type":"ImageObject","inLanguage":"de","@id":"https:\/\/cartoleriadonati.ch\/de\/prodotto\/label-rose-borsa-olivia-blu\/#primaryimage","url":"https:\/\/cartoleriadonati.ch\/wp-content\/uploads\/2024\/11\/Borsaamanooliviablulabelrosefronte_1100x.webp","contentUrl":"https:\/\/cartoleriadonati.ch\/wp-content\/uploads\/2024\/11\/Borsaamanooliviablulabelrosefronte_1100x.webp","width":1100,"height":1100},{"@type":"BreadcrumbList","@id":"https:\/\/cartoleriadonati.ch\/de\/prodotto\/label-rose-borsa-olivia-blu\/#breadcrumb","itemListElement":[{"@type":"ListItem","position":1,"name":"Home","item":"https:\/\/cartoleriadonati.ch\/de\/home-page\/"},{"@type":"ListItem","position":2,"name":"Shop","item":"https:\/\/cartoleriadonati.ch\/de\/shop\/"},{"@type":"ListItem","position":3,"name":"LABEL ROSE Tasche Olivia Blau"}]},{"@type":"WebSite","@id":"https:\/\/cartoleriadonati.ch\/de\/#website","url":"https:\/\/cartoleriadonati.ch\/de\/","name":"Cartoleria Donati SA","description":"Sito internet ufficiale della Cartoleria Donati SA","publisher":{"@id":"https:\/\/cartoleriadonati.ch\/de\/#organization"},"potentialAction":[{"@type":"SearchAction","target":{"@type":"EntryPoint","urlTemplate":"https:\/\/cartoleriadonati.ch\/de\/?s={search_term_string}"},"query-input":{"@type":"PropertyValueSpecification","valueRequired":true,"valueName":"search_term_string"}}],"inLanguage":"de"},{"@type":"Organization","@id":"https:\/\/cartoleriadonati.ch\/de\/#organization","name":"Cartoleria Donati SA","url":"https:\/\/cartoleriadonati.ch\/de\/","logo":{"@type":"ImageObject","inLanguage":"de","@id":"https:\/\/cartoleriadonati.ch\/de\/#\/schema\/logo\/image\/","url":"https:\/\/cartoleriadonati.ch\/wp-content\/uploads\/2019\/06\/DONATI_logo-1.png","contentUrl":"https:\/\/cartoleriadonati.ch\/wp-content\/uploads\/2019\/06\/DONATI_logo-1.png","width":2339,"height":1654,"caption":"Cartoleria Donati SA"},"image":{"@id":"https:\/\/cartoleriadonati.ch\/de\/#\/schema\/logo\/image\/"},"sameAs":["https:\/\/www.facebook.com\/CartoleriaDonati"]}]}},"_links":{"self":[{"href":"https:\/\/cartoleriadonati.ch\/de\/wp-json\/wp\/v2\/product\/47847","targetHints":{"allow":["GET"]}}],"collection":[{"href":"https:\/\/cartoleriadonati.ch\/de\/wp-json\/wp\/v2\/product"}],"about":[{"href":"https:\/\/cartoleriadonati.ch\/de\/wp-json\/wp\/v2\/types\/product"}],"wp:featuredmedia":[{"embeddable":true,"href":"https:\/\/cartoleriadonati.ch\/de\/wp-json\/wp\/v2\/media\/17728"}],"wp:attachment":[{"href":"https:\/\/cartoleriadonati.ch\/de\/wp-json\/wp\/v2\/media?parent=47847"}],"wp:term":[{"taxonomy":"product_brand","embeddable":true,"href":"https:\/\/cartoleriadonati.ch\/de\/wp-json\/wp\/v2\/product_brand?post=47847"},{"taxonomy":"product_cat","embeddable":true,"href":"https:\/\/cartoleriadonati.ch\/de\/wp-json\/wp\/v2\/product_cat?post=47847"},{"taxonomy":"product_tag","embeddable":true,"href":"https:\/\/cartoleriadonati.ch\/de\/wp-json\/wp\/v2\/product_tag?post=47847"}],"curies":[{"name":"wp","href":"https:\/\/api.w.org\/{rel}","templated":true}]}}