{"id":47811,"date":"2025-07-03T06:14:16","date_gmt":"2025-07-03T06:14:16","guid":{"rendered":"https:\/\/cartoleriadonati.ch\/prodotto\/invicta-zaino-jelek-fantasy-3\/"},"modified":"2025-07-03T06:14:16","modified_gmt":"2025-07-03T06:14:16","slug":"invicta-zaino-jelek-fantasy-3","status":"publish","type":"product","link":"https:\/\/cartoleriadonati.ch\/de\/prodotto\/invicta-zaino-jelek-fantasy-3\/","title":{"rendered":"INVICTA Rucksack Jelek Fantasy"},"content":{"rendered":"<h2 data-start=\"307\" data-end=\"395\">INVICTA Rucksack Jelek Fantasy \u2013 Vielseitigkeit, Platz und Nachhaltigkeit in einem einzigen Rucksack<\/h2>\n<h3 data-start=\"397\" data-end=\"428\">Wie drei Rucks\u00e4cke in einem<\/h3>\n<p data-start=\"430\" data-end=\"722\">Der <strong data-start=\"433\" data-end=\"461\">Jelek Fantasy von INVICTA<\/strong> ist viel mehr als nur ein einfacher <strong data-start=\"489\" data-end=\"509\">Schulrucksack<\/strong>: Er ist ein Rucksack, der sich all Ihren t\u00e4glichen Bed\u00fcrfnissen anpasst. Mit einem <strong data-start=\"581\" data-end=\"605\">Fassungsverm\u00f6gen von 34 Litern<\/strong>, zwei ger\u00e4umigen F\u00e4chern und gut organisierten Innentaschen ist er ideal f\u00fcr die Schule, die Freizeit und auch f\u00fcr die Arbeit. <\/p>\n<h3 data-start=\"724\" data-end=\"751\">Immer alles ordentlich<\/h3>\n<p data-start=\"753\" data-end=\"1046\">Im Inneren finden Sie <strong data-start=\"771\" data-end=\"815\">ein gepolstertes Fach f\u00fcr Laptops bis 14\u201d<\/strong>, eine Tasche mit Organizer f\u00fcr Stifte und Zubeh\u00f6r, zwei <strong data-start=\"868\" data-end=\"887\">Fronttaschen<\/strong>, <strong data-start=\"889\" data-end=\"925\">Seitentaschen f\u00fcr die Trinkflasche<\/strong> und viel Platz f\u00fcr B\u00fccher und Hefte. Alles hat seinen Platz, damit Sie den Tag geordnet und praktisch meistern k\u00f6nnen. <\/p>\n<h3 data-start=\"1048\" data-end=\"1077\">Sp\u00fcrbarer Komfort<\/h3>\n<p data-start=\"1079\" data-end=\"1367\">Dank der <strong data-start=\"1091\" data-end=\"1114\">gepolsterten Schultergurte<\/strong>, der <strong data-start=\"1119\" data-end=\"1147\">Netz-Unterseite der Gurte<\/strong> und des <strong data-start=\"1155\" data-end=\"1190\">weichen, atmungsaktiven R\u00fcckenteils<\/strong> bleibt der Jelek auch bei voller Beladung bequem. Der <strong data-start=\"1239\" data-end=\"1277\">verst\u00e4rkte, klappbare Innenboden<\/strong> sorgt f\u00fcr mehr Stabilit\u00e4t und Verschlei\u00dffestigkeit, auch bei t\u00e4glichem Gebrauch. <\/p>\n<h3 data-start=\"1369\" data-end=\"1394\">Nachhaltig mit Stil<\/h3>\n<p data-start=\"1396\" data-end=\"1737\">Hergestellt aus <strong data-start=\"1410\" data-end=\"1439\">100 % recyceltem Polyester<\/strong> aus <strong data-start=\"1443\" data-end=\"1479\">\u00fcber 31 PET-Flaschen \u00e0 500 ml<\/strong>, <strong data-start=\"1493\" data-end=\"1500\">GRS-zertifiziert<\/strong>, beweist der Jelek-Rucksack, dass man umweltbewusst sein kann, ohne auf Stil zu verzichten. Das <strong data-start=\"1597\" data-end=\"1622\">gestickte Invicta-Logo<\/strong> und die sorgf\u00e4ltigen Details, wie der Rei\u00dfverschluss-Schieber mit Kordel und das hochaufl\u00f6sende Etikett, verleihen ihm eine edle Note. <\/p>\n<h2 data-start=\"768\" data-end=\"803\"><strong data-start=\"774\" data-end=\"803\">Technische Merkmale:<\/strong><\/h2>\n<ul>\n<li data-start=\"807\" data-end=\"831\"><strong data-start=\"807\" data-end=\"820\">Fassungsverm\u00f6gen:<\/strong> 34 Liter<\/li>\n<li data-start=\"834\" data-end=\"867\"><strong data-start=\"834\" data-end=\"849\">Abmessungen:<\/strong> 32 x 43 x 25 cm<\/li>\n<li data-start=\"870\" data-end=\"919\"><strong data-start=\"870\" data-end=\"884\">R\u00fcckenteil:<\/strong> Gepolstert und mit Stoff bezogen<\/li>\n<li data-start=\"922\" data-end=\"1001\"><strong data-start=\"922\" data-end=\"936\">Schultergurte:<\/strong> Gepolstert und mit Stoff bezogen, mit Netz-Unterseite<\/li>\n<li data-start=\"1004\" data-end=\"1065\"><strong data-start=\"1004\" data-end=\"1016\">Material:<\/strong> 100 % recyceltes Polyester, <strong data-start=\"1056\" data-end=\"1063\">GRS-zertifiziert<\/strong><\/li>\n<li data-start=\"1068\" data-end=\"1109\"><strong data-start=\"1068\" data-end=\"1086\">Innenboden:<\/strong> Verst\u00e4rkt und klappbar<\/li>\n<li data-start=\"1112\" data-end=\"1128\"><strong data-start=\"1112\" data-end=\"1126\">F\u00e4cher:<\/strong>\n<ul>\n<li>Ger\u00e4umiges Doppelfach<\/li>\n<li>Innentasche mit Organizer<\/li>\n<li>Laptop-Innenfach 14\u201d (bis zu 33 x 22,6 x 1,8 cm)<\/li>\n<li>Doppelte Fronttasche<\/li>\n<li>Seitliche Trinkflaschenf\u00e4cher<\/li>\n<\/ul>\n<\/li>\n<li data-start=\"1324\" data-end=\"1367\"><strong data-start=\"1324\" data-end=\"1365\">Weitere \u00e4sthetische und funktionale Details:<\/strong>\n<ul>\n<li data-start=\"1372\" data-end=\"1395\">Gesticktes Invicta-Logo<\/li>\n<li data-start=\"1400\" data-end=\"1440\">Hochaufl\u00f6sendes Etikett im Inneren<\/li>\n<li data-start=\"1445\" data-end=\"1464\">Rei\u00dfverschluss-Schieber mit Kordel<\/li>\n<\/ul>\n<\/li>\n<\/ul>\n<hr data-start=\"1739\" data-end=\"1742\">\n<h3 data-start=\"1744\" data-end=\"1823\">\ud83d\udecd\ufe0f Entdecken Sie Jelek Fantasy bei Cartoleria Donati \u2013 Kostenlose Lieferung im Tessin<\/h3>\n<p data-start=\"1825\" data-end=\"1975\">Auf <strong data-start=\"1828\" data-end=\"1851\">cartoleriadonati.ch<\/strong> finden Sie die besten <strong data-start=\"1869\" data-end=\"1897\">INVICTA Schulrucks\u00e4cke<\/strong>, perfekt f\u00fcr jeden Bedarf und mit <strong data-start=\"1932\" data-end=\"1974\">kostenlosem Versand im ganzen Tessin<\/strong>.<\/p>\n","protected":false},"excerpt":{"rendered":"<p>INVICTA Rucksack Jelek Fantasy \u2013 Vielseitigkeit, Platz und Nachhaltigkeit in einem einzigen Rucksack Wie drei Rucks\u00e4cke in einem Der Jelek Fantasy von INVICTA ist viel mehr als nur ein einfacher Schulrucksack: Er ist ein Rucksack, der sich all Ihren t\u00e4glichen Bed\u00fcrfnissen anpasst. Mit einem&#8230;<\/p>\n","protected":false},"featured_media":34585,"template":"","meta":{"_acf_changed":false},"product_brand":[],"product_cat":[926,927],"product_tag":[],"class_list":{"0":"post-47811","1":"product","2":"type-product","3":"status-publish","4":"has-post-thumbnail","6":"product_cat-rucksaecke","7":"product_cat-rucksaecke-fuer-mittel-und-oberstufe","9":"first","10":"instock","11":"taxable","12":"shipping-taxable","13":"purchasable","14":"product-type-simple","15":"add-to-wishlist-after_add_to_cart"},"acf":[],"yoast_head":"<!-- This site is optimized with the Yoast SEO Premium plugin v27.5 (Yoast SEO v27.6) - https:\/\/yoast.com\/product\/yoast-seo-premium-wordpress\/ -->\n<title>INVICTA Rucksack Jelek Fantasy - Cartoleria Donati SA<\/title>\n<meta name=\"description\" content=\"Invicta Schulrucksack Jelek Fantasy, ger\u00e4umig, bequem und \u00f6kologisch. Perfekt f\u00fcr Schule und Freizeit. Kostenlose Lieferung im Tessin!\" \/>\n<meta name=\"robots\" content=\"index, follow, max-snippet:-1, max-image-preview:large, max-video-preview:-1\" \/>\n<link rel=\"canonical\" href=\"https:\/\/cartoleriadonati.ch\/de\/prodotto\/invicta-zaino-jelek-fantasy-3\/\" \/>\n<meta property=\"og:locale\" content=\"de_DE\" \/>\n<meta property=\"og:type\" content=\"article\" \/>\n<meta property=\"og:title\" content=\"INVICTA Rucksack Jelek Fantasy\" \/>\n<meta property=\"og:description\" content=\"Invicta Schulrucksack Jelek Fantasy, ger\u00e4umig, bequem und \u00f6kologisch. Perfekt f\u00fcr Schule und Freizeit. Kostenlose Lieferung im Tessin!\" \/>\n<meta property=\"og:url\" content=\"https:\/\/cartoleriadonati.ch\/de\/prodotto\/invicta-zaino-jelek-fantasy-3\/\" \/>\n<meta property=\"og:site_name\" content=\"Cartoleria Donati SA\" \/>\n<meta property=\"article:publisher\" content=\"https:\/\/www.facebook.com\/CartoleriaDonati\" \/>\n<meta property=\"og:image\" content=\"https:\/\/cartoleriadonati.ch\/wp-content\/uploads\/2025\/07\/1-2.jpg\" \/>\n\t<meta property=\"og:image:width\" content=\"1200\" \/>\n\t<meta property=\"og:image:height\" content=\"1500\" \/>\n\t<meta property=\"og:image:type\" content=\"image\/jpeg\" \/>\n<meta name=\"twitter:card\" content=\"summary_large_image\" \/>\n<meta name=\"twitter:label1\" content=\"Gesch\u00e4tzte Lesezeit\" \/>\n\t<meta name=\"twitter:data1\" content=\"2\u00a0Minuten\" \/>\n<script type=\"application\/ld+json\" class=\"yoast-schema-graph\">{\"@context\":\"https:\\\/\\\/schema.org\",\"@graph\":[{\"@type\":\"WebPage\",\"@id\":\"https:\\\/\\\/cartoleriadonati.ch\\\/de\\\/prodotto\\\/invicta-zaino-jelek-fantasy-3\\\/\",\"url\":\"https:\\\/\\\/cartoleriadonati.ch\\\/de\\\/prodotto\\\/invicta-zaino-jelek-fantasy-3\\\/\",\"name\":\"INVICTA Rucksack Jelek Fantasy - Cartoleria Donati SA\",\"isPartOf\":{\"@id\":\"https:\\\/\\\/cartoleriadonati.ch\\\/de\\\/#website\"},\"primaryImageOfPage\":{\"@id\":\"https:\\\/\\\/cartoleriadonati.ch\\\/de\\\/prodotto\\\/invicta-zaino-jelek-fantasy-3\\\/#primaryimage\"},\"image\":{\"@id\":\"https:\\\/\\\/cartoleriadonati.ch\\\/de\\\/prodotto\\\/invicta-zaino-jelek-fantasy-3\\\/#primaryimage\"},\"thumbnailUrl\":\"https:\\\/\\\/cartoleriadonati.ch\\\/wp-content\\\/uploads\\\/2025\\\/07\\\/1-2.jpg\",\"datePublished\":\"2025-07-03T06:14:16+00:00\",\"description\":\"Invicta Schulrucksack Jelek Fantasy, ger\u00e4umig, bequem und \u00f6kologisch. Perfekt f\u00fcr Schule und Freizeit. Kostenlose Lieferung im Tessin!\",\"breadcrumb\":{\"@id\":\"https:\\\/\\\/cartoleriadonati.ch\\\/de\\\/prodotto\\\/invicta-zaino-jelek-fantasy-3\\\/#breadcrumb\"},\"inLanguage\":\"de\",\"potentialAction\":[{\"@type\":\"ReadAction\",\"target\":[\"https:\\\/\\\/cartoleriadonati.ch\\\/de\\\/prodotto\\\/invicta-zaino-jelek-fantasy-3\\\/\"]}]},{\"@type\":\"ImageObject\",\"inLanguage\":\"de\",\"@id\":\"https:\\\/\\\/cartoleriadonati.ch\\\/de\\\/prodotto\\\/invicta-zaino-jelek-fantasy-3\\\/#primaryimage\",\"url\":\"https:\\\/\\\/cartoleriadonati.ch\\\/wp-content\\\/uploads\\\/2025\\\/07\\\/1-2.jpg\",\"contentUrl\":\"https:\\\/\\\/cartoleriadonati.ch\\\/wp-content\\\/uploads\\\/2025\\\/07\\\/1-2.jpg\",\"width\":1200,\"height\":1500,\"caption\":\"Invicta zaino Jelek fantasy\"},{\"@type\":\"BreadcrumbList\",\"@id\":\"https:\\\/\\\/cartoleriadonati.ch\\\/de\\\/prodotto\\\/invicta-zaino-jelek-fantasy-3\\\/#breadcrumb\",\"itemListElement\":[{\"@type\":\"ListItem\",\"position\":1,\"name\":\"Home\",\"item\":\"https:\\\/\\\/cartoleriadonati.ch\\\/de\\\/home-page\\\/\"},{\"@type\":\"ListItem\",\"position\":2,\"name\":\"Shop\",\"item\":\"https:\\\/\\\/cartoleriadonati.ch\\\/de\\\/shop\\\/\"},{\"@type\":\"ListItem\",\"position\":3,\"name\":\"INVICTA Rucksack Jelek Fantasy\"}]},{\"@type\":\"WebSite\",\"@id\":\"https:\\\/\\\/cartoleriadonati.ch\\\/de\\\/#website\",\"url\":\"https:\\\/\\\/cartoleriadonati.ch\\\/de\\\/\",\"name\":\"Cartoleria Donati SA\",\"description\":\"Sito internet ufficiale della Cartoleria Donati SA\",\"publisher\":{\"@id\":\"https:\\\/\\\/cartoleriadonati.ch\\\/de\\\/#organization\"},\"potentialAction\":[{\"@type\":\"SearchAction\",\"target\":{\"@type\":\"EntryPoint\",\"urlTemplate\":\"https:\\\/\\\/cartoleriadonati.ch\\\/de\\\/?s={search_term_string}\"},\"query-input\":{\"@type\":\"PropertyValueSpecification\",\"valueRequired\":true,\"valueName\":\"search_term_string\"}}],\"inLanguage\":\"de\"},{\"@type\":\"Organization\",\"@id\":\"https:\\\/\\\/cartoleriadonati.ch\\\/de\\\/#organization\",\"name\":\"Cartoleria Donati SA\",\"url\":\"https:\\\/\\\/cartoleriadonati.ch\\\/de\\\/\",\"logo\":{\"@type\":\"ImageObject\",\"inLanguage\":\"de\",\"@id\":\"https:\\\/\\\/cartoleriadonati.ch\\\/de\\\/#\\\/schema\\\/logo\\\/image\\\/\",\"url\":\"https:\\\/\\\/cartoleriadonati.ch\\\/wp-content\\\/uploads\\\/2019\\\/06\\\/DONATI_logo-1.png\",\"contentUrl\":\"https:\\\/\\\/cartoleriadonati.ch\\\/wp-content\\\/uploads\\\/2019\\\/06\\\/DONATI_logo-1.png\",\"width\":2339,\"height\":1654,\"caption\":\"Cartoleria Donati SA\"},\"image\":{\"@id\":\"https:\\\/\\\/cartoleriadonati.ch\\\/de\\\/#\\\/schema\\\/logo\\\/image\\\/\"},\"sameAs\":[\"https:\\\/\\\/www.facebook.com\\\/CartoleriaDonati\"]}]}<\/script>\n<!-- \/ Yoast SEO Premium plugin. -->","yoast_head_json":{"title":"INVICTA Rucksack Jelek Fantasy - Cartoleria Donati SA","description":"Invicta Schulrucksack Jelek Fantasy, ger\u00e4umig, bequem und \u00f6kologisch. Perfekt f\u00fcr Schule und Freizeit. Kostenlose Lieferung im Tessin!","robots":{"index":"index","follow":"follow","max-snippet":"max-snippet:-1","max-image-preview":"max-image-preview:large","max-video-preview":"max-video-preview:-1"},"canonical":"https:\/\/cartoleriadonati.ch\/de\/prodotto\/invicta-zaino-jelek-fantasy-3\/","og_locale":"de_DE","og_type":"article","og_title":"INVICTA Rucksack Jelek Fantasy","og_description":"Invicta Schulrucksack Jelek Fantasy, ger\u00e4umig, bequem und \u00f6kologisch. Perfekt f\u00fcr Schule und Freizeit. Kostenlose Lieferung im Tessin!","og_url":"https:\/\/cartoleriadonati.ch\/de\/prodotto\/invicta-zaino-jelek-fantasy-3\/","og_site_name":"Cartoleria Donati SA","article_publisher":"https:\/\/www.facebook.com\/CartoleriaDonati","og_image":[{"width":1200,"height":1500,"url":"https:\/\/cartoleriadonati.ch\/wp-content\/uploads\/2025\/07\/1-2.jpg","type":"image\/jpeg"}],"twitter_card":"summary_large_image","twitter_misc":{"Gesch\u00e4tzte Lesezeit":"2\u00a0Minuten"},"schema":{"@context":"https:\/\/schema.org","@graph":[{"@type":"WebPage","@id":"https:\/\/cartoleriadonati.ch\/de\/prodotto\/invicta-zaino-jelek-fantasy-3\/","url":"https:\/\/cartoleriadonati.ch\/de\/prodotto\/invicta-zaino-jelek-fantasy-3\/","name":"INVICTA Rucksack Jelek Fantasy - Cartoleria Donati SA","isPartOf":{"@id":"https:\/\/cartoleriadonati.ch\/de\/#website"},"primaryImageOfPage":{"@id":"https:\/\/cartoleriadonati.ch\/de\/prodotto\/invicta-zaino-jelek-fantasy-3\/#primaryimage"},"image":{"@id":"https:\/\/cartoleriadonati.ch\/de\/prodotto\/invicta-zaino-jelek-fantasy-3\/#primaryimage"},"thumbnailUrl":"https:\/\/cartoleriadonati.ch\/wp-content\/uploads\/2025\/07\/1-2.jpg","datePublished":"2025-07-03T06:14:16+00:00","description":"Invicta Schulrucksack Jelek Fantasy, ger\u00e4umig, bequem und \u00f6kologisch. Perfekt f\u00fcr Schule und Freizeit. Kostenlose Lieferung im Tessin!","breadcrumb":{"@id":"https:\/\/cartoleriadonati.ch\/de\/prodotto\/invicta-zaino-jelek-fantasy-3\/#breadcrumb"},"inLanguage":"de","potentialAction":[{"@type":"ReadAction","target":["https:\/\/cartoleriadonati.ch\/de\/prodotto\/invicta-zaino-jelek-fantasy-3\/"]}]},{"@type":"ImageObject","inLanguage":"de","@id":"https:\/\/cartoleriadonati.ch\/de\/prodotto\/invicta-zaino-jelek-fantasy-3\/#primaryimage","url":"https:\/\/cartoleriadonati.ch\/wp-content\/uploads\/2025\/07\/1-2.jpg","contentUrl":"https:\/\/cartoleriadonati.ch\/wp-content\/uploads\/2025\/07\/1-2.jpg","width":1200,"height":1500,"caption":"Invicta zaino Jelek fantasy"},{"@type":"BreadcrumbList","@id":"https:\/\/cartoleriadonati.ch\/de\/prodotto\/invicta-zaino-jelek-fantasy-3\/#breadcrumb","itemListElement":[{"@type":"ListItem","position":1,"name":"Home","item":"https:\/\/cartoleriadonati.ch\/de\/home-page\/"},{"@type":"ListItem","position":2,"name":"Shop","item":"https:\/\/cartoleriadonati.ch\/de\/shop\/"},{"@type":"ListItem","position":3,"name":"INVICTA Rucksack Jelek Fantasy"}]},{"@type":"WebSite","@id":"https:\/\/cartoleriadonati.ch\/de\/#website","url":"https:\/\/cartoleriadonati.ch\/de\/","name":"Cartoleria Donati SA","description":"Sito internet ufficiale della Cartoleria Donati SA","publisher":{"@id":"https:\/\/cartoleriadonati.ch\/de\/#organization"},"potentialAction":[{"@type":"SearchAction","target":{"@type":"EntryPoint","urlTemplate":"https:\/\/cartoleriadonati.ch\/de\/?s={search_term_string}"},"query-input":{"@type":"PropertyValueSpecification","valueRequired":true,"valueName":"search_term_string"}}],"inLanguage":"de"},{"@type":"Organization","@id":"https:\/\/cartoleriadonati.ch\/de\/#organization","name":"Cartoleria Donati SA","url":"https:\/\/cartoleriadonati.ch\/de\/","logo":{"@type":"ImageObject","inLanguage":"de","@id":"https:\/\/cartoleriadonati.ch\/de\/#\/schema\/logo\/image\/","url":"https:\/\/cartoleriadonati.ch\/wp-content\/uploads\/2019\/06\/DONATI_logo-1.png","contentUrl":"https:\/\/cartoleriadonati.ch\/wp-content\/uploads\/2019\/06\/DONATI_logo-1.png","width":2339,"height":1654,"caption":"Cartoleria Donati SA"},"image":{"@id":"https:\/\/cartoleriadonati.ch\/de\/#\/schema\/logo\/image\/"},"sameAs":["https:\/\/www.facebook.com\/CartoleriaDonati"]}]}},"_links":{"self":[{"href":"https:\/\/cartoleriadonati.ch\/de\/wp-json\/wp\/v2\/product\/47811","targetHints":{"allow":["GET"]}}],"collection":[{"href":"https:\/\/cartoleriadonati.ch\/de\/wp-json\/wp\/v2\/product"}],"about":[{"href":"https:\/\/cartoleriadonati.ch\/de\/wp-json\/wp\/v2\/types\/product"}],"wp:featuredmedia":[{"embeddable":true,"href":"https:\/\/cartoleriadonati.ch\/de\/wp-json\/wp\/v2\/media\/34585"}],"wp:attachment":[{"href":"https:\/\/cartoleriadonati.ch\/de\/wp-json\/wp\/v2\/media?parent=47811"}],"wp:term":[{"taxonomy":"product_brand","embeddable":true,"href":"https:\/\/cartoleriadonati.ch\/de\/wp-json\/wp\/v2\/product_brand?post=47811"},{"taxonomy":"product_cat","embeddable":true,"href":"https:\/\/cartoleriadonati.ch\/de\/wp-json\/wp\/v2\/product_cat?post=47811"},{"taxonomy":"product_tag","embeddable":true,"href":"https:\/\/cartoleriadonati.ch\/de\/wp-json\/wp\/v2\/product_tag?post=47811"}],"curies":[{"name":"wp","href":"https:\/\/api.w.org\/{rel}","templated":true}]}}