{"id":47740,"date":"2026-02-18T14:02:35","date_gmt":"2026-02-18T14:02:35","guid":{"rendered":"https:\/\/cartoleriadonati.ch\/prodotto\/zitto-mellow-bikini-orange\/"},"modified":"2026-02-18T14:02:35","modified_gmt":"2026-02-18T14:02:35","slug":"zitto-mellow-bikini-orange","status":"publish","type":"product","link":"https:\/\/cartoleriadonati.ch\/de\/prodotto\/zitto-mellow-bikini-orange\/","title":{"rendered":"ZITTO Mellow Bikini Orange"},"content":{"rendered":"<p data-start=\"402\" data-end=\"517\">Das <strong data-start=\"405\" data-end=\"435\">Zitto Mellow Bikini Orange<\/strong> ist das Mini-T\u00e4schchen aus Silikon, das f\u00fcr alles gedacht ist, was wirklich z\u00e4hlt.<\/p>\n<p data-start=\"519\" data-end=\"658\">Kompakt, weich im Griff und in leuchtendem Orange \u2013 das perfekte Accessoire, um Ihrem Alltag einen Hauch von Energie zu verleihen.<\/p>\n<hr data-start=\"660\" data-end=\"663\">\n<h2 data-start=\"665\" data-end=\"691\">Alles griffbereit<\/h2>\n<p data-start=\"693\" data-end=\"750\">Mit einem Durchmesser von <strong data-start=\"712\" data-end=\"720\">8 cm<\/strong> ist Mellow ideal f\u00fcr:<\/p>\n<ul>\n<li data-start=\"754\" data-end=\"770\">Hausschl\u00fcssel<\/li>\n<li data-start=\"773\" data-end=\"792\">M\u00fcnzen und Bargeld<\/li>\n<li data-start=\"795\" data-end=\"807\">Ohrh\u00f6rer<\/li>\n<li data-start=\"810\" data-end=\"820\">Schmuck<\/li>\n<li data-start=\"823\" data-end=\"849\">Kleine wertvolle Gegenst\u00e4nde<\/li>\n<\/ul>\n<p data-start=\"851\" data-end=\"964\">Die kompakten Abmessungen machen es perfekt f\u00fcr die Handtasche, den Rucksack oder als Mini-Organizer.<\/p>\n<hr data-start=\"966\" data-end=\"969\">\n<h2 data-start=\"971\" data-end=\"993\">Praktisch und vielseitig<\/h2>\n<p data-start=\"995\" data-end=\"1124\">Dank des <strong data-start=\"1005\" data-end=\"1030\">integrierten Karabiners<\/strong> k\u00f6nnen Sie es ganz einfach befestigen, wo Sie m\u00f6chten: an Ihrer Tasche, am Rucksack oder sogar an G\u00fcrtelschlaufen.<\/p>\n<p data-start=\"1126\" data-end=\"1216\">Ein funktionales Detail, das es in ein dynamisches Accessoire verwandelt, das immer einsatzbereit ist.<\/p>\n<hr data-start=\"1218\" data-end=\"1221\">\n<h2 data-start=\"1223\" data-end=\"1253\">Minimalistisches Design, Pop-Spirit<\/h2>\n<p data-start=\"1255\" data-end=\"1434\">Aus Silikon gefertigt, ist es robust, flexibel und angenehm im Griff.<br data-start=\"1325\" data-end=\"1328\">Die Farbe Bikini Orange verleiht Charakter und Leuchtkraft \u2013 perfekt f\u00fcr alle, die sich auch im Detail abheben m\u00f6chten.<\/p>\n<hr data-start=\"1436\" data-end=\"1439\">\n<h3 data-start=\"1441\" data-end=\"1463\">Warum sollten Sie es w\u00e4hlen?<\/h3>\n<p data-start=\"1465\" data-end=\"1637\">Weil es klein, aber \u00e4usserst funktional ist.<br data-start=\"1509\" data-end=\"1512\">Weil es Ihnen hilft, wichtige Gegenst\u00e4nde besser zu organisieren.<br data-start=\"1572\" data-end=\"1575\">Weil es einen Hauch zeitgen\u00f6ssischen Stils von Zitto hinzuf\u00fcgt.<\/p>\n<p data-start=\"1639\" data-end=\"1748\">Das Mellow Bikini Orange ist die einfache und intelligente L\u00f6sung, um immer das bei sich zu haben, was wirklich z\u00e4hlt.<\/p>\n","protected":false},"excerpt":{"rendered":"<p>Das Zitto Mellow Bikini Orange ist das Mini-T\u00e4schchen aus Silikon, das f\u00fcr alles gedacht ist, was wirklich z\u00e4hlt. Kompakt, weich im Griff und in leuchtendem Orange \u2013 das perfekte Accessoire, um Ihrem Alltag einen Hauch von Energie zu verleihen. Alles griffbereit Mit einem Durchmesser&#8230;<\/p>\n","protected":false},"featured_media":42172,"template":"","meta":{"_acf_changed":false},"product_brand":[],"product_cat":[923],"product_tag":[],"class_list":{"0":"post-47740","1":"product","2":"type-product","3":"status-publish","4":"has-post-thumbnail","6":"product_cat-zitto","8":"first","9":"instock","10":"taxable","11":"shipping-taxable","12":"purchasable","13":"product-type-simple","14":"add-to-wishlist-after_add_to_cart"},"acf":[],"yoast_head":"<!-- This site is optimized with the Yoast SEO Premium plugin v27.5 (Yoast SEO v27.6) - https:\/\/yoast.com\/product\/yoast-seo-premium-wordpress\/ -->\n<title>ZITTO Mellow Bikini Orange - Cartoleria Donati SA<\/title>\n<meta name=\"description\" content=\"Zitto Mellow Bikini Orange: Mini-T\u00e4schchen aus Silikon mit Karabiner, kompakt und farbenfroh. Perfekt f\u00fcr Schl\u00fcssel, Ohrh\u00f6rer und kleine Gegenst\u00e4nde.\" \/>\n<meta name=\"robots\" content=\"index, follow, max-snippet:-1, max-image-preview:large, max-video-preview:-1\" \/>\n<link rel=\"canonical\" href=\"https:\/\/cartoleriadonati.ch\/de\/prodotto\/zitto-mellow-bikini-orange\/\" \/>\n<meta property=\"og:locale\" content=\"de_DE\" \/>\n<meta property=\"og:type\" content=\"article\" \/>\n<meta property=\"og:title\" content=\"ZITTO Mellow Bikini Orange\" \/>\n<meta property=\"og:description\" content=\"Zitto Mellow Bikini Orange: Mini-T\u00e4schchen aus Silikon mit Karabiner, kompakt und farbenfroh. Perfekt f\u00fcr Schl\u00fcssel, Ohrh\u00f6rer und kleine Gegenst\u00e4nde.\" \/>\n<meta property=\"og:url\" content=\"https:\/\/cartoleriadonati.ch\/de\/prodotto\/zitto-mellow-bikini-orange\/\" \/>\n<meta property=\"og:site_name\" content=\"Cartoleria Donati SA\" \/>\n<meta property=\"article:publisher\" content=\"https:\/\/www.facebook.com\/CartoleriaDonati\" \/>\n<meta property=\"og:image\" content=\"https:\/\/cartoleriadonati.ch\/wp-content\/uploads\/2026\/02\/zitto-mellow-arancione.jpg\" \/>\n\t<meta property=\"og:image:width\" content=\"1200\" \/>\n\t<meta property=\"og:image:height\" content=\"1500\" \/>\n\t<meta property=\"og:image:type\" content=\"image\/jpeg\" \/>\n<meta name=\"twitter:card\" content=\"summary_large_image\" \/>\n<meta name=\"twitter:label1\" content=\"Gesch\u00e4tzte Lesezeit\" \/>\n\t<meta name=\"twitter:data1\" content=\"1\u00a0Minute\" \/>\n<script type=\"application\/ld+json\" class=\"yoast-schema-graph\">{\"@context\":\"https:\\\/\\\/schema.org\",\"@graph\":[{\"@type\":\"WebPage\",\"@id\":\"https:\\\/\\\/cartoleriadonati.ch\\\/de\\\/prodotto\\\/zitto-mellow-bikini-orange\\\/\",\"url\":\"https:\\\/\\\/cartoleriadonati.ch\\\/de\\\/prodotto\\\/zitto-mellow-bikini-orange\\\/\",\"name\":\"ZITTO Mellow Bikini Orange - Cartoleria Donati SA\",\"isPartOf\":{\"@id\":\"https:\\\/\\\/cartoleriadonati.ch\\\/de\\\/#website\"},\"primaryImageOfPage\":{\"@id\":\"https:\\\/\\\/cartoleriadonati.ch\\\/de\\\/prodotto\\\/zitto-mellow-bikini-orange\\\/#primaryimage\"},\"image\":{\"@id\":\"https:\\\/\\\/cartoleriadonati.ch\\\/de\\\/prodotto\\\/zitto-mellow-bikini-orange\\\/#primaryimage\"},\"thumbnailUrl\":\"https:\\\/\\\/cartoleriadonati.ch\\\/wp-content\\\/uploads\\\/2026\\\/02\\\/zitto-mellow-arancione.jpg\",\"datePublished\":\"2026-02-18T14:02:35+00:00\",\"description\":\"Zitto Mellow Bikini Orange: Mini-T\u00e4schchen aus Silikon mit Karabiner, kompakt und farbenfroh. Perfekt f\u00fcr Schl\u00fcssel, Ohrh\u00f6rer und kleine Gegenst\u00e4nde.\",\"breadcrumb\":{\"@id\":\"https:\\\/\\\/cartoleriadonati.ch\\\/de\\\/prodotto\\\/zitto-mellow-bikini-orange\\\/#breadcrumb\"},\"inLanguage\":\"de\",\"potentialAction\":[{\"@type\":\"ReadAction\",\"target\":[\"https:\\\/\\\/cartoleriadonati.ch\\\/de\\\/prodotto\\\/zitto-mellow-bikini-orange\\\/\"]}]},{\"@type\":\"ImageObject\",\"inLanguage\":\"de\",\"@id\":\"https:\\\/\\\/cartoleriadonati.ch\\\/de\\\/prodotto\\\/zitto-mellow-bikini-orange\\\/#primaryimage\",\"url\":\"https:\\\/\\\/cartoleriadonati.ch\\\/wp-content\\\/uploads\\\/2026\\\/02\\\/zitto-mellow-arancione.jpg\",\"contentUrl\":\"https:\\\/\\\/cartoleriadonati.ch\\\/wp-content\\\/uploads\\\/2026\\\/02\\\/zitto-mellow-arancione.jpg\",\"width\":1200,\"height\":1500},{\"@type\":\"BreadcrumbList\",\"@id\":\"https:\\\/\\\/cartoleriadonati.ch\\\/de\\\/prodotto\\\/zitto-mellow-bikini-orange\\\/#breadcrumb\",\"itemListElement\":[{\"@type\":\"ListItem\",\"position\":1,\"name\":\"Home\",\"item\":\"https:\\\/\\\/cartoleriadonati.ch\\\/de\\\/home-page\\\/\"},{\"@type\":\"ListItem\",\"position\":2,\"name\":\"Shop\",\"item\":\"https:\\\/\\\/cartoleriadonati.ch\\\/de\\\/shop\\\/\"},{\"@type\":\"ListItem\",\"position\":3,\"name\":\"ZITTO Mellow Bikini Orange\"}]},{\"@type\":\"WebSite\",\"@id\":\"https:\\\/\\\/cartoleriadonati.ch\\\/de\\\/#website\",\"url\":\"https:\\\/\\\/cartoleriadonati.ch\\\/de\\\/\",\"name\":\"Cartoleria Donati SA\",\"description\":\"Sito internet ufficiale della Cartoleria Donati SA\",\"publisher\":{\"@id\":\"https:\\\/\\\/cartoleriadonati.ch\\\/de\\\/#organization\"},\"potentialAction\":[{\"@type\":\"SearchAction\",\"target\":{\"@type\":\"EntryPoint\",\"urlTemplate\":\"https:\\\/\\\/cartoleriadonati.ch\\\/de\\\/?s={search_term_string}\"},\"query-input\":{\"@type\":\"PropertyValueSpecification\",\"valueRequired\":true,\"valueName\":\"search_term_string\"}}],\"inLanguage\":\"de\"},{\"@type\":\"Organization\",\"@id\":\"https:\\\/\\\/cartoleriadonati.ch\\\/de\\\/#organization\",\"name\":\"Cartoleria Donati SA\",\"url\":\"https:\\\/\\\/cartoleriadonati.ch\\\/de\\\/\",\"logo\":{\"@type\":\"ImageObject\",\"inLanguage\":\"de\",\"@id\":\"https:\\\/\\\/cartoleriadonati.ch\\\/de\\\/#\\\/schema\\\/logo\\\/image\\\/\",\"url\":\"https:\\\/\\\/cartoleriadonati.ch\\\/wp-content\\\/uploads\\\/2019\\\/06\\\/DONATI_logo-1.png\",\"contentUrl\":\"https:\\\/\\\/cartoleriadonati.ch\\\/wp-content\\\/uploads\\\/2019\\\/06\\\/DONATI_logo-1.png\",\"width\":2339,\"height\":1654,\"caption\":\"Cartoleria Donati SA\"},\"image\":{\"@id\":\"https:\\\/\\\/cartoleriadonati.ch\\\/de\\\/#\\\/schema\\\/logo\\\/image\\\/\"},\"sameAs\":[\"https:\\\/\\\/www.facebook.com\\\/CartoleriaDonati\"]}]}<\/script>\n<!-- \/ Yoast SEO Premium plugin. -->","yoast_head_json":{"title":"ZITTO Mellow Bikini Orange - Cartoleria Donati SA","description":"Zitto Mellow Bikini Orange: Mini-T\u00e4schchen aus Silikon mit Karabiner, kompakt und farbenfroh. Perfekt f\u00fcr Schl\u00fcssel, Ohrh\u00f6rer und kleine Gegenst\u00e4nde.","robots":{"index":"index","follow":"follow","max-snippet":"max-snippet:-1","max-image-preview":"max-image-preview:large","max-video-preview":"max-video-preview:-1"},"canonical":"https:\/\/cartoleriadonati.ch\/de\/prodotto\/zitto-mellow-bikini-orange\/","og_locale":"de_DE","og_type":"article","og_title":"ZITTO Mellow Bikini Orange","og_description":"Zitto Mellow Bikini Orange: Mini-T\u00e4schchen aus Silikon mit Karabiner, kompakt und farbenfroh. Perfekt f\u00fcr Schl\u00fcssel, Ohrh\u00f6rer und kleine Gegenst\u00e4nde.","og_url":"https:\/\/cartoleriadonati.ch\/de\/prodotto\/zitto-mellow-bikini-orange\/","og_site_name":"Cartoleria Donati SA","article_publisher":"https:\/\/www.facebook.com\/CartoleriaDonati","og_image":[{"width":1200,"height":1500,"url":"https:\/\/cartoleriadonati.ch\/wp-content\/uploads\/2026\/02\/zitto-mellow-arancione.jpg","type":"image\/jpeg"}],"twitter_card":"summary_large_image","twitter_misc":{"Gesch\u00e4tzte Lesezeit":"1\u00a0Minute"},"schema":{"@context":"https:\/\/schema.org","@graph":[{"@type":"WebPage","@id":"https:\/\/cartoleriadonati.ch\/de\/prodotto\/zitto-mellow-bikini-orange\/","url":"https:\/\/cartoleriadonati.ch\/de\/prodotto\/zitto-mellow-bikini-orange\/","name":"ZITTO Mellow Bikini Orange - Cartoleria Donati SA","isPartOf":{"@id":"https:\/\/cartoleriadonati.ch\/de\/#website"},"primaryImageOfPage":{"@id":"https:\/\/cartoleriadonati.ch\/de\/prodotto\/zitto-mellow-bikini-orange\/#primaryimage"},"image":{"@id":"https:\/\/cartoleriadonati.ch\/de\/prodotto\/zitto-mellow-bikini-orange\/#primaryimage"},"thumbnailUrl":"https:\/\/cartoleriadonati.ch\/wp-content\/uploads\/2026\/02\/zitto-mellow-arancione.jpg","datePublished":"2026-02-18T14:02:35+00:00","description":"Zitto Mellow Bikini Orange: Mini-T\u00e4schchen aus Silikon mit Karabiner, kompakt und farbenfroh. Perfekt f\u00fcr Schl\u00fcssel, Ohrh\u00f6rer und kleine Gegenst\u00e4nde.","breadcrumb":{"@id":"https:\/\/cartoleriadonati.ch\/de\/prodotto\/zitto-mellow-bikini-orange\/#breadcrumb"},"inLanguage":"de","potentialAction":[{"@type":"ReadAction","target":["https:\/\/cartoleriadonati.ch\/de\/prodotto\/zitto-mellow-bikini-orange\/"]}]},{"@type":"ImageObject","inLanguage":"de","@id":"https:\/\/cartoleriadonati.ch\/de\/prodotto\/zitto-mellow-bikini-orange\/#primaryimage","url":"https:\/\/cartoleriadonati.ch\/wp-content\/uploads\/2026\/02\/zitto-mellow-arancione.jpg","contentUrl":"https:\/\/cartoleriadonati.ch\/wp-content\/uploads\/2026\/02\/zitto-mellow-arancione.jpg","width":1200,"height":1500},{"@type":"BreadcrumbList","@id":"https:\/\/cartoleriadonati.ch\/de\/prodotto\/zitto-mellow-bikini-orange\/#breadcrumb","itemListElement":[{"@type":"ListItem","position":1,"name":"Home","item":"https:\/\/cartoleriadonati.ch\/de\/home-page\/"},{"@type":"ListItem","position":2,"name":"Shop","item":"https:\/\/cartoleriadonati.ch\/de\/shop\/"},{"@type":"ListItem","position":3,"name":"ZITTO Mellow Bikini Orange"}]},{"@type":"WebSite","@id":"https:\/\/cartoleriadonati.ch\/de\/#website","url":"https:\/\/cartoleriadonati.ch\/de\/","name":"Cartoleria Donati SA","description":"Sito internet ufficiale della Cartoleria Donati SA","publisher":{"@id":"https:\/\/cartoleriadonati.ch\/de\/#organization"},"potentialAction":[{"@type":"SearchAction","target":{"@type":"EntryPoint","urlTemplate":"https:\/\/cartoleriadonati.ch\/de\/?s={search_term_string}"},"query-input":{"@type":"PropertyValueSpecification","valueRequired":true,"valueName":"search_term_string"}}],"inLanguage":"de"},{"@type":"Organization","@id":"https:\/\/cartoleriadonati.ch\/de\/#organization","name":"Cartoleria Donati SA","url":"https:\/\/cartoleriadonati.ch\/de\/","logo":{"@type":"ImageObject","inLanguage":"de","@id":"https:\/\/cartoleriadonati.ch\/de\/#\/schema\/logo\/image\/","url":"https:\/\/cartoleriadonati.ch\/wp-content\/uploads\/2019\/06\/DONATI_logo-1.png","contentUrl":"https:\/\/cartoleriadonati.ch\/wp-content\/uploads\/2019\/06\/DONATI_logo-1.png","width":2339,"height":1654,"caption":"Cartoleria Donati SA"},"image":{"@id":"https:\/\/cartoleriadonati.ch\/de\/#\/schema\/logo\/image\/"},"sameAs":["https:\/\/www.facebook.com\/CartoleriaDonati"]}]}},"_links":{"self":[{"href":"https:\/\/cartoleriadonati.ch\/de\/wp-json\/wp\/v2\/product\/47740","targetHints":{"allow":["GET"]}}],"collection":[{"href":"https:\/\/cartoleriadonati.ch\/de\/wp-json\/wp\/v2\/product"}],"about":[{"href":"https:\/\/cartoleriadonati.ch\/de\/wp-json\/wp\/v2\/types\/product"}],"wp:featuredmedia":[{"embeddable":true,"href":"https:\/\/cartoleriadonati.ch\/de\/wp-json\/wp\/v2\/media\/42172"}],"wp:attachment":[{"href":"https:\/\/cartoleriadonati.ch\/de\/wp-json\/wp\/v2\/media?parent=47740"}],"wp:term":[{"taxonomy":"product_brand","embeddable":true,"href":"https:\/\/cartoleriadonati.ch\/de\/wp-json\/wp\/v2\/product_brand?post=47740"},{"taxonomy":"product_cat","embeddable":true,"href":"https:\/\/cartoleriadonati.ch\/de\/wp-json\/wp\/v2\/product_cat?post=47740"},{"taxonomy":"product_tag","embeddable":true,"href":"https:\/\/cartoleriadonati.ch\/de\/wp-json\/wp\/v2\/product_tag?post=47740"}],"curies":[{"name":"wp","href":"https:\/\/api.w.org\/{rel}","templated":true}]}}