{"id":46977,"date":"2025-10-31T10:55:13","date_gmt":"2025-10-31T10:55:13","guid":{"rendered":"https:\/\/cartoleriadonati.ch\/prodotto\/personalisierte-thermoskanne-grau\/"},"modified":"2026-05-03T13:59:03","modified_gmt":"2026-05-03T13:59:03","slug":"personalisierte-thermoskanne-grau","status":"publish","type":"product","link":"https:\/\/cartoleriadonati.ch\/de\/prodotto\/personalisierte-thermoskanne-grau\/","title":{"rendered":"Personalisierte Thermoskanne Grau"},"content":{"rendered":"<h2 data-start=\"222\" data-end=\"265\">Eleganz und Praktikabilit\u00e4t f\u00fcr jeden Tag<\/h2>\n<p data-start=\"266\" data-end=\"579\">Die <strong data-start=\"269\" data-end=\"301\">personalisierte Thermoskanne Grau<\/strong> ist der ideale Begleiter f\u00fcr alle, die hei\u00dfe oder kalte Getr\u00e4nke mit Stil mitnehmen m\u00f6chten. Mit modernem Design, klarer Linienf\u00fchrung und einer brillanten Farbe vereint sie Funktionalit\u00e4t und Pers\u00f6nlichkeit und wird so zu einem unverzichtbaren Accessoire f\u00fcr den Alltag, die Arbeit oder Ausfl\u00fcge. <\/p>\n<h2 data-start=\"581\" data-end=\"622\">Perfekte Kapazit\u00e4t f\u00fcr jede Gelegenheit<\/h2>\n<p data-start=\"623\" data-end=\"920\">Mit einem Volumen von <strong data-start=\"640\" data-end=\"650\">500 ml<\/strong> ist diese Thermoskanne so konzipiert, dass sie die richtige Menge an Getr\u00e4nk bietet und gleichzeitig kompakt und leicht zu transportieren bleibt. Sie passt bequem in den Rucksack, die Tasche oder den Getr\u00e4nkehalter im Auto und eignet sich perfekt f\u00fcr Kaffee, Tee, Kr\u00e4utertees, Wasser oder frische S\u00e4fte. <\/p>\n<h2 data-start=\"922\" data-end=\"958\">H\u00e4lt die Temperatur lange aufrecht<\/h2>\n<p data-start=\"959\" data-end=\"1183\">Dank der <strong data-start=\"971\" data-end=\"997\">doppelwandigen Isolierung<\/strong> h\u00e4lt die Flasche Getr\u00e4nke <strong data-start=\"1032\" data-end=\"1055\">bis zu 12 Stunden hei\u00df<\/strong> und <strong data-start=\"1058\" data-end=\"1082\">bis zu 24 Stunden kalt<\/strong>. Der luftdichte Verschluss verhindert jegliches Auslaufen und garantiert maximale Sicherheit auch unterwegs. <\/p>\n<h2 data-start=\"1185\" data-end=\"1226\">Personalisierbar mit Lasergravur<\/h2>\n<p data-start=\"1227\" data-end=\"1343\">Jede Thermoskanne kann mit einer <strong data-start=\"1251\" data-end=\"1289\">Lasergravur personalisiert<\/strong> werden, um sie wirklich einzigartig zu machen. Folgendes kann hinzugef\u00fcgt werden: <\/p>\n<ul>\n<li data-start=\"1346\" data-end=\"1404\"><strong data-start=\"1346\" data-end=\"1365\">Namen oder Initialen<\/strong> f\u00fcr den pers\u00f6nlichen Gebrauch oder als Geschenk;<\/li>\n<li data-start=\"1407\" data-end=\"1472\"><strong data-start=\"1407\" data-end=\"1446\">Kurze Widmungen oder Motivationsspr\u00fcche<\/strong> f\u00fcr eine besondere Note;<\/li>\n<li data-start=\"1475\" data-end=\"1542\"><strong data-start=\"1475\" data-end=\"1494\">Symbole oder Logos<\/strong>, ideal auch f\u00fcr Unternehmen oder Sportteams.<\/li>\n<\/ul>\n<p data-start=\"1544\" data-end=\"1869\">W\u00e4hrend der Online-Personalisierung erscheinen <strong data-start=\"1592\" data-end=\"1631\">Text und Grafiken in Wei\u00df<\/strong>, um die Position deutlich anzuzeigen. Da die Gravur jedoch mittels Laser erfolgt, ist die endg\u00fcltige Farbe <strong data-start=\"1740\" data-end=\"1754\">nicht Wei\u00df<\/strong>, sondern entspricht dem <strong data-start=\"1776\" data-end=\"1813\">nat\u00fcrlichen Ton des darunter liegenden Stahls<\/strong>, was einen eleganten und langlebigen Effekt erzielt. <\/p>\n<h2 data-start=\"1871\" data-end=\"1903\">Ein n\u00fctzliches und originelles Geschenk<\/h2>\n<p data-start=\"1904\" data-end=\"2181\">Die personalisierte Thermoskanne ist perfekt f\u00fcr jeden Anlass: Geburtstage, Abschl\u00fcsse, Firmenfeiern oder einfach f\u00fcr alle, die sich mit einem praktischen und raffinierten Objekt abheben m\u00f6chten. Ihre Farbe vermittelt Energie und Positivit\u00e4t und macht sie zu einer Geschenkidee, die von allen gesch\u00e4tzt wird. <\/p>\n<h2 data-start=\"2183\" data-end=\"2204\">Qualit\u00e4t und Langlebigkeit<\/h2>\n<p data-start=\"2205\" data-end=\"2421\">Hergestellt aus hochwertigen Materialien, ist diese Thermoflasche <strong data-start=\"2274\" data-end=\"2318\">widerstandsf\u00e4hig, wiederverwendbar und nachhaltig<\/strong>. Eine kleine t\u00e4gliche Geste, um den Gebrauch von Plastikflaschen mit Stil und Verantwortung zu reduzieren. <\/p>\n","protected":false},"excerpt":{"rendered":"<p>[fpd_module type=\"text\"]<br \/>\n[fpd_module type=\"designs\"]<\/p>\n","protected":false},"featured_media":38840,"template":"","meta":{"_acf_changed":false},"product_brand":[],"product_cat":[852,920],"product_tag":[],"class_list":{"0":"post-46977","1":"product","2":"type-product","3":"status-publish","4":"has-post-thumbnail","6":"product_cat-anpassen","7":"product_cat-personalisierte-thermoskanne","9":"first","10":"instock","11":"taxable","12":"shipping-taxable","13":"purchasable","14":"product-type-simple","15":"add-to-wishlist-after_add_to_cart"},"acf":[],"yoast_head":"<!-- This site is optimized with the Yoast SEO Premium plugin v27.5 (Yoast SEO v27.6) - https:\/\/yoast.com\/product\/yoast-seo-premium-wordpress\/ -->\n<title>Personalisierte Thermoskanne Grau - Cartoleria Donati SA<\/title>\n<meta name=\"robots\" content=\"index, follow, max-snippet:-1, max-image-preview:large, max-video-preview:-1\" \/>\n<link rel=\"canonical\" href=\"https:\/\/cartoleriadonati.ch\/de\/prodotto\/personalisierte-thermoskanne-grau\/\" \/>\n<meta property=\"og:locale\" content=\"de_DE\" \/>\n<meta property=\"og:type\" content=\"article\" \/>\n<meta property=\"og:title\" content=\"Personalisierte Thermoskanne Grau\" \/>\n<meta property=\"og:url\" content=\"https:\/\/cartoleriadonati.ch\/de\/prodotto\/personalisierte-thermoskanne-grau\/\" \/>\n<meta property=\"og:site_name\" content=\"Cartoleria Donati SA\" \/>\n<meta property=\"article:publisher\" content=\"https:\/\/www.facebook.com\/CartoleriaDonati\" \/>\n<meta property=\"article:modified_time\" content=\"2026-05-03T13:59:03+00:00\" \/>\n<meta property=\"og:image\" content=\"https:\/\/cartoleriadonati.ch\/wp-content\/uploads\/2025\/10\/Thermos-grigio.jpg\" \/>\n\t<meta property=\"og:image:width\" content=\"1200\" \/>\n\t<meta property=\"og:image:height\" content=\"1500\" \/>\n\t<meta property=\"og:image:type\" content=\"image\/jpeg\" \/>\n<meta name=\"twitter:card\" content=\"summary_large_image\" \/>\n<meta name=\"twitter:label1\" content=\"Gesch\u00e4tzte Lesezeit\" \/>\n\t<meta name=\"twitter:data1\" content=\"2\u00a0Minuten\" \/>\n<script type=\"application\/ld+json\" class=\"yoast-schema-graph\">{\"@context\":\"https:\\\/\\\/schema.org\",\"@graph\":[{\"@type\":\"WebPage\",\"@id\":\"https:\\\/\\\/cartoleriadonati.ch\\\/de\\\/prodotto\\\/personalisierte-thermoskanne-grau\\\/\",\"url\":\"https:\\\/\\\/cartoleriadonati.ch\\\/de\\\/prodotto\\\/personalisierte-thermoskanne-grau\\\/\",\"name\":\"Personalisierte Thermoskanne Grau - Cartoleria Donati SA\",\"isPartOf\":{\"@id\":\"https:\\\/\\\/cartoleriadonati.ch\\\/de\\\/#website\"},\"primaryImageOfPage\":{\"@id\":\"https:\\\/\\\/cartoleriadonati.ch\\\/de\\\/prodotto\\\/personalisierte-thermoskanne-grau\\\/#primaryimage\"},\"image\":{\"@id\":\"https:\\\/\\\/cartoleriadonati.ch\\\/de\\\/prodotto\\\/personalisierte-thermoskanne-grau\\\/#primaryimage\"},\"thumbnailUrl\":\"https:\\\/\\\/cartoleriadonati.ch\\\/wp-content\\\/uploads\\\/2025\\\/10\\\/Thermos-grigio.jpg\",\"datePublished\":\"2025-10-31T10:55:13+00:00\",\"dateModified\":\"2026-05-03T13:59:03+00:00\",\"breadcrumb\":{\"@id\":\"https:\\\/\\\/cartoleriadonati.ch\\\/de\\\/prodotto\\\/personalisierte-thermoskanne-grau\\\/#breadcrumb\"},\"inLanguage\":\"de\",\"potentialAction\":[{\"@type\":\"ReadAction\",\"target\":[\"https:\\\/\\\/cartoleriadonati.ch\\\/de\\\/prodotto\\\/personalisierte-thermoskanne-grau\\\/\"]}]},{\"@type\":\"ImageObject\",\"inLanguage\":\"de\",\"@id\":\"https:\\\/\\\/cartoleriadonati.ch\\\/de\\\/prodotto\\\/personalisierte-thermoskanne-grau\\\/#primaryimage\",\"url\":\"https:\\\/\\\/cartoleriadonati.ch\\\/wp-content\\\/uploads\\\/2025\\\/10\\\/Thermos-grigio.jpg\",\"contentUrl\":\"https:\\\/\\\/cartoleriadonati.ch\\\/wp-content\\\/uploads\\\/2025\\\/10\\\/Thermos-grigio.jpg\",\"width\":1200,\"height\":1500},{\"@type\":\"BreadcrumbList\",\"@id\":\"https:\\\/\\\/cartoleriadonati.ch\\\/de\\\/prodotto\\\/personalisierte-thermoskanne-grau\\\/#breadcrumb\",\"itemListElement\":[{\"@type\":\"ListItem\",\"position\":1,\"name\":\"Home\",\"item\":\"https:\\\/\\\/cartoleriadonati.ch\\\/de\\\/home-page\\\/\"},{\"@type\":\"ListItem\",\"position\":2,\"name\":\"Shop\",\"item\":\"https:\\\/\\\/cartoleriadonati.ch\\\/de\\\/shop\\\/\"},{\"@type\":\"ListItem\",\"position\":3,\"name\":\"Personalisierte Thermoskanne Grau\"}]},{\"@type\":\"WebSite\",\"@id\":\"https:\\\/\\\/cartoleriadonati.ch\\\/de\\\/#website\",\"url\":\"https:\\\/\\\/cartoleriadonati.ch\\\/de\\\/\",\"name\":\"Cartoleria Donati SA\",\"description\":\"Sito internet ufficiale della Cartoleria Donati SA\",\"publisher\":{\"@id\":\"https:\\\/\\\/cartoleriadonati.ch\\\/de\\\/#organization\"},\"potentialAction\":[{\"@type\":\"SearchAction\",\"target\":{\"@type\":\"EntryPoint\",\"urlTemplate\":\"https:\\\/\\\/cartoleriadonati.ch\\\/de\\\/?s={search_term_string}\"},\"query-input\":{\"@type\":\"PropertyValueSpecification\",\"valueRequired\":true,\"valueName\":\"search_term_string\"}}],\"inLanguage\":\"de\"},{\"@type\":\"Organization\",\"@id\":\"https:\\\/\\\/cartoleriadonati.ch\\\/de\\\/#organization\",\"name\":\"Cartoleria Donati SA\",\"url\":\"https:\\\/\\\/cartoleriadonati.ch\\\/de\\\/\",\"logo\":{\"@type\":\"ImageObject\",\"inLanguage\":\"de\",\"@id\":\"https:\\\/\\\/cartoleriadonati.ch\\\/de\\\/#\\\/schema\\\/logo\\\/image\\\/\",\"url\":\"https:\\\/\\\/cartoleriadonati.ch\\\/wp-content\\\/uploads\\\/2019\\\/06\\\/DONATI_logo-1.png\",\"contentUrl\":\"https:\\\/\\\/cartoleriadonati.ch\\\/wp-content\\\/uploads\\\/2019\\\/06\\\/DONATI_logo-1.png\",\"width\":2339,\"height\":1654,\"caption\":\"Cartoleria Donati SA\"},\"image\":{\"@id\":\"https:\\\/\\\/cartoleriadonati.ch\\\/de\\\/#\\\/schema\\\/logo\\\/image\\\/\"},\"sameAs\":[\"https:\\\/\\\/www.facebook.com\\\/CartoleriaDonati\"]}]}<\/script>\n<!-- \/ Yoast SEO Premium plugin. -->","yoast_head_json":{"title":"Personalisierte Thermoskanne Grau - Cartoleria Donati SA","robots":{"index":"index","follow":"follow","max-snippet":"max-snippet:-1","max-image-preview":"max-image-preview:large","max-video-preview":"max-video-preview:-1"},"canonical":"https:\/\/cartoleriadonati.ch\/de\/prodotto\/personalisierte-thermoskanne-grau\/","og_locale":"de_DE","og_type":"article","og_title":"Personalisierte Thermoskanne Grau","og_url":"https:\/\/cartoleriadonati.ch\/de\/prodotto\/personalisierte-thermoskanne-grau\/","og_site_name":"Cartoleria Donati SA","article_publisher":"https:\/\/www.facebook.com\/CartoleriaDonati","article_modified_time":"2026-05-03T13:59:03+00:00","og_image":[{"width":1200,"height":1500,"url":"https:\/\/cartoleriadonati.ch\/wp-content\/uploads\/2025\/10\/Thermos-grigio.jpg","type":"image\/jpeg"}],"twitter_card":"summary_large_image","twitter_misc":{"Gesch\u00e4tzte Lesezeit":"2\u00a0Minuten"},"schema":{"@context":"https:\/\/schema.org","@graph":[{"@type":"WebPage","@id":"https:\/\/cartoleriadonati.ch\/de\/prodotto\/personalisierte-thermoskanne-grau\/","url":"https:\/\/cartoleriadonati.ch\/de\/prodotto\/personalisierte-thermoskanne-grau\/","name":"Personalisierte Thermoskanne Grau - Cartoleria Donati SA","isPartOf":{"@id":"https:\/\/cartoleriadonati.ch\/de\/#website"},"primaryImageOfPage":{"@id":"https:\/\/cartoleriadonati.ch\/de\/prodotto\/personalisierte-thermoskanne-grau\/#primaryimage"},"image":{"@id":"https:\/\/cartoleriadonati.ch\/de\/prodotto\/personalisierte-thermoskanne-grau\/#primaryimage"},"thumbnailUrl":"https:\/\/cartoleriadonati.ch\/wp-content\/uploads\/2025\/10\/Thermos-grigio.jpg","datePublished":"2025-10-31T10:55:13+00:00","dateModified":"2026-05-03T13:59:03+00:00","breadcrumb":{"@id":"https:\/\/cartoleriadonati.ch\/de\/prodotto\/personalisierte-thermoskanne-grau\/#breadcrumb"},"inLanguage":"de","potentialAction":[{"@type":"ReadAction","target":["https:\/\/cartoleriadonati.ch\/de\/prodotto\/personalisierte-thermoskanne-grau\/"]}]},{"@type":"ImageObject","inLanguage":"de","@id":"https:\/\/cartoleriadonati.ch\/de\/prodotto\/personalisierte-thermoskanne-grau\/#primaryimage","url":"https:\/\/cartoleriadonati.ch\/wp-content\/uploads\/2025\/10\/Thermos-grigio.jpg","contentUrl":"https:\/\/cartoleriadonati.ch\/wp-content\/uploads\/2025\/10\/Thermos-grigio.jpg","width":1200,"height":1500},{"@type":"BreadcrumbList","@id":"https:\/\/cartoleriadonati.ch\/de\/prodotto\/personalisierte-thermoskanne-grau\/#breadcrumb","itemListElement":[{"@type":"ListItem","position":1,"name":"Home","item":"https:\/\/cartoleriadonati.ch\/de\/home-page\/"},{"@type":"ListItem","position":2,"name":"Shop","item":"https:\/\/cartoleriadonati.ch\/de\/shop\/"},{"@type":"ListItem","position":3,"name":"Personalisierte Thermoskanne Grau"}]},{"@type":"WebSite","@id":"https:\/\/cartoleriadonati.ch\/de\/#website","url":"https:\/\/cartoleriadonati.ch\/de\/","name":"Cartoleria Donati SA","description":"Sito internet ufficiale della Cartoleria Donati SA","publisher":{"@id":"https:\/\/cartoleriadonati.ch\/de\/#organization"},"potentialAction":[{"@type":"SearchAction","target":{"@type":"EntryPoint","urlTemplate":"https:\/\/cartoleriadonati.ch\/de\/?s={search_term_string}"},"query-input":{"@type":"PropertyValueSpecification","valueRequired":true,"valueName":"search_term_string"}}],"inLanguage":"de"},{"@type":"Organization","@id":"https:\/\/cartoleriadonati.ch\/de\/#organization","name":"Cartoleria Donati SA","url":"https:\/\/cartoleriadonati.ch\/de\/","logo":{"@type":"ImageObject","inLanguage":"de","@id":"https:\/\/cartoleriadonati.ch\/de\/#\/schema\/logo\/image\/","url":"https:\/\/cartoleriadonati.ch\/wp-content\/uploads\/2019\/06\/DONATI_logo-1.png","contentUrl":"https:\/\/cartoleriadonati.ch\/wp-content\/uploads\/2019\/06\/DONATI_logo-1.png","width":2339,"height":1654,"caption":"Cartoleria Donati SA"},"image":{"@id":"https:\/\/cartoleriadonati.ch\/de\/#\/schema\/logo\/image\/"},"sameAs":["https:\/\/www.facebook.com\/CartoleriaDonati"]}]}},"_links":{"self":[{"href":"https:\/\/cartoleriadonati.ch\/de\/wp-json\/wp\/v2\/product\/46977","targetHints":{"allow":["GET"]}}],"collection":[{"href":"https:\/\/cartoleriadonati.ch\/de\/wp-json\/wp\/v2\/product"}],"about":[{"href":"https:\/\/cartoleriadonati.ch\/de\/wp-json\/wp\/v2\/types\/product"}],"wp:featuredmedia":[{"embeddable":true,"href":"https:\/\/cartoleriadonati.ch\/de\/wp-json\/wp\/v2\/media\/38840"}],"wp:attachment":[{"href":"https:\/\/cartoleriadonati.ch\/de\/wp-json\/wp\/v2\/media?parent=46977"}],"wp:term":[{"taxonomy":"product_brand","embeddable":true,"href":"https:\/\/cartoleriadonati.ch\/de\/wp-json\/wp\/v2\/product_brand?post=46977"},{"taxonomy":"product_cat","embeddable":true,"href":"https:\/\/cartoleriadonati.ch\/de\/wp-json\/wp\/v2\/product_cat?post=46977"},{"taxonomy":"product_tag","embeddable":true,"href":"https:\/\/cartoleriadonati.ch\/de\/wp-json\/wp\/v2\/product_tag?post=46977"}],"curies":[{"name":"wp","href":"https:\/\/api.w.org\/{rel}","templated":true}]}}