{"id":46965,"date":"2025-06-03T02:00:42","date_gmt":"2025-06-03T02:00:42","guid":{"rendered":"https:\/\/cartoleriadonati.ch\/prodotto\/personalisierter-militaer-anhaenger-gold\/"},"modified":"2026-05-03T13:58:44","modified_gmt":"2026-05-03T13:58:44","slug":"personalisierter-militaer-anhaenger-gold","status":"publish","type":"product","link":"https:\/\/cartoleriadonati.ch\/de\/prodotto\/personalisierter-militaer-anhaenger-gold\/","title":{"rendered":"Personalisierter Milit\u00e4r-Anh\u00e4nger Gold"},"content":{"rendered":"<h2 data-start=\"131\" data-end=\"202\">Milit\u00e4r-Anh\u00e4nger Gold \u2013 Personalisierbar mit Fotos, Texten und Grafiken<\/h2>\n<p data-start=\"204\" data-end=\"454\">Ein Anh\u00e4nger mit entschiedenem und elegantem Stil, perfekt zum st\u00e4ndigen Tragen oder zum Verschenken an eine besondere Person.<br data-start=\"319\" data-end=\"322\">Dieser <strong data-start=\"329\" data-end=\"355\">Milit\u00e4r-Anh\u00e4nger Gold<\/strong> aus <strong data-start=\"359\" data-end=\"375\">Edelstahl<\/strong> vereint Robustheit, moderne \u00c4sthetik und unendliche Personalisierungsm\u00f6glichkeiten.<\/p>\n<p data-start=\"456\" data-end=\"676\">Mit seiner <strong data-start=\"467\" data-end=\"497\">gew\u00f6lbten rechteckigen Form<\/strong> ist dieser Anh\u00e4nger ideal f\u00fcr die Gravur auf einer oder beiden Seiten. Die matte schwarze Farbe verleiht ihm eine markante und raffinierte Note, passend f\u00fcr alle, die minimalistischen oder milit\u00e4rischen Stil lieben. <\/p>\n<p data-start=\"353\" data-end=\"544\"><strong>So personalisieren Sie: <\/strong><\/p>\n<ol>\n<li><strong data-start=\"357\" data-end=\"383\">Design personalisieren<\/strong><br data-start=\"383\" data-end=\"386\">Im oberen Bereich der Seite sehen Sie das leere Produkt. Sie k\u00f6nnen Text und Fotos hinzuf\u00fcgen, Designs aus den rechten Ordnern einf\u00fcgen und das Layout nach Belieben anpassen. <\/li>\n<li data-start=\"546\" data-end=\"660\"><strong data-start=\"550\" data-end=\"571\">Bestellung abschlie\u00dfen<\/strong><br data-start=\"571\" data-end=\"574\">Wenn das Design fertig ist, legen Sie das Produkt in den Warenkorb und fahren Sie mit dem Checkout fort.<\/li>\n<li data-start=\"662\" data-end=\"797\"><strong data-start=\"666\" data-end=\"688\">Dateipr\u00fcfung<\/strong><br data-start=\"688\" data-end=\"691\">Vor der Gravur pr\u00fcfen wir die Datei immer. Falls das Foto oder Design nicht geeignet ist, kontaktieren wir Sie. <\/li>\n<li data-start=\"799\" data-end=\"919\"><strong data-start=\"803\" data-end=\"840\">Produktion in unserer Papeterie<\/strong><br data-start=\"840\" data-end=\"843\">Das Produkt wird bei Cartoleria Donati SA graviert und personalisiert.<\/li>\n<\/ol>\n<p><strong data-start=\"923\" data-end=\"947\">Produktionszeit:<\/strong> ca. <strong data-start=\"954\" data-end=\"979\">1\u20132 Werktage<\/strong>.<\/p>\n<hr data-start=\"678\" data-end=\"681\">\n<h3 data-start=\"683\" data-end=\"711\">Personalisieren Sie ihn nach Wunsch<\/h3>\n<p data-start=\"713\" data-end=\"966\">Dank unserem Online-Personalisierungssystem k\u00f6nnen Sie <strong data-start=\"772\" data-end=\"793\">ein Foto hochladen<\/strong>, <strong data-start=\"795\" data-end=\"815\">Texte hinzuf\u00fcgen<\/strong> (wie Namen, Daten, Koordinaten, Widmungen) oder <strong data-start=\"863\" data-end=\"895\">symbolische Grafiken einf\u00fcgen<\/strong>: Herzen, Sternzeichen, Fingerabdr\u00fccke, Fl\u00fcgel, Kreuze, Sterne und vieles mehr.<\/p>\n<p data-start=\"968\" data-end=\"1038\">Das Ergebnis? Ein einzigartiger Anh\u00e4nger, von Ihnen erdacht und gestaltet, perfekt um: <\/p>\n<ul>\n<li data-start=\"1042\" data-end=\"1073\">einen besonderen Moment zu bewahren<\/li>\n<li data-start=\"1076\" data-end=\"1123\">das Bild einer geliebten Person bei sich zu tragen<\/li>\n<li data-start=\"1126\" data-end=\"1183\">Freundschaft, Liebe oder einen wichtigen Meilenstein zu feiern<\/li>\n<li data-start=\"1186\" data-end=\"1237\">ein originelles, intensives und pers\u00f6nliches Geschenk zu kreieren<\/li>\n<\/ul>\n<hr data-start=\"1239\" data-end=\"1242\">\n<h3 data-start=\"1244\" data-end=\"1272\">Technische Eigenschaften<\/h3>\n<ul>\n<li data-start=\"1276\" data-end=\"1310\"><strong data-start=\"1276\" data-end=\"1289\">Material<\/strong>: Edelstahl Gold<\/li>\n<li data-start=\"1313\" data-end=\"1356\"><strong data-start=\"1313\" data-end=\"1325\">Oberfl\u00e4che<\/strong>: matt, kratzfest<\/li>\n<li data-start=\"1359\" data-end=\"1400\"><strong data-start=\"1359\" data-end=\"1368\">Form<\/strong>: milit\u00e4risch mit abgerundeten Ecken<\/li>\n<li data-start=\"1403\" data-end=\"1437\"><strong data-start=\"1403\" data-end=\"1417\">Abmessungen<\/strong>: ca. 5 x 3 cm<\/li>\n<li data-start=\"1440\" data-end=\"1483\"><strong data-start=\"1440\" data-end=\"1465\">Personalisierbare Fl\u00e4che<\/strong>: Vorder- und R\u00fcckseite<\/li>\n<li data-start=\"1486\" data-end=\"1533\"><strong data-start=\"1486\" data-end=\"1497\">Technik<\/strong>: hochpr\u00e4zise Lasergravur<\/li>\n<\/ul>\n<hr data-start=\"1535\" data-end=\"1538\">\n<h3 data-start=\"1540\" data-end=\"1577\">Warum diesen Anh\u00e4nger w\u00e4hlen?<\/h3>\n<p data-start=\"1579\" data-end=\"1736\">\u2714 Modernes und elegantes Aussehen<br data-start=\"1608\" data-end=\"1611\">\u2714 Perfekt f\u00fcr M\u00e4nner, Frauen oder Jugendliche<br data-start=\"1651\" data-end=\"1654\">\u2714 Dauerhafte Gravur ohne Ausbleichen<br data-start=\"1694\" data-end=\"1697\">\u2714 Originelle und bedeutungsvolle Geschenkidee<\/p>\n","protected":false},"excerpt":{"rendered":"<p>product=[fpd_module type=\"products\"]<\/p>\n<p class=\"ai-optimize-33\">[fpd_module type=\"designs\"]<\/p>\n<p class=\"ai-optimize-34\">[fpd_module type=\"text\"]<\/p>\n<p class=\"ai-optimize-35\">[fpd_module type=\"images\"]<\/p>\n","protected":false},"featured_media":33664,"template":"","meta":{"_acf_changed":false},"product_brand":[],"product_cat":[916,852],"product_tag":[],"class_list":{"0":"post-46965","1":"product","2":"type-product","3":"status-publish","4":"has-post-thumbnail","6":"product_cat-anhanger","7":"product_cat-anpassen","9":"first","10":"instock","11":"taxable","12":"shipping-taxable","13":"purchasable","14":"product-type-simple","15":"add-to-wishlist-after_add_to_cart"},"acf":[],"yoast_head":"<!-- This site is optimized with the Yoast SEO Premium plugin v27.5 (Yoast SEO v27.6) - https:\/\/yoast.com\/product\/yoast-seo-premium-wordpress\/ -->\n<title>Personalisierter Milit\u00e4r-Anh\u00e4nger Gold - Cartoleria Donati SA<\/title>\n<meta name=\"description\" content=\"Milit\u00e4r-Anh\u00e4nger Gold aus Edelstahl. Personalisierbar mit Fotos, Texten und Grafiken. Elegant, robust und einzigartig. Geschenkidee f\u00fcr jeden Anlass.\" \/>\n<meta name=\"robots\" content=\"index, follow, max-snippet:-1, max-image-preview:large, max-video-preview:-1\" \/>\n<link rel=\"canonical\" href=\"https:\/\/cartoleriadonati.ch\/de\/prodotto\/personalisierter-militaer-anhaenger-gold\/\" \/>\n<meta property=\"og:locale\" content=\"de_DE\" \/>\n<meta property=\"og:type\" content=\"article\" \/>\n<meta property=\"og:title\" content=\"Personalisierter Milit\u00e4r-Anh\u00e4nger Gold\" \/>\n<meta property=\"og:description\" content=\"Milit\u00e4r-Anh\u00e4nger Gold aus Edelstahl. Personalisierbar mit Fotos, Texten und Grafiken. Elegant, robust und einzigartig. Geschenkidee f\u00fcr jeden Anlass.\" \/>\n<meta property=\"og:url\" content=\"https:\/\/cartoleriadonati.ch\/de\/prodotto\/personalisierter-militaer-anhaenger-gold\/\" \/>\n<meta property=\"og:site_name\" content=\"Cartoleria Donati SA\" \/>\n<meta property=\"article:publisher\" content=\"https:\/\/www.facebook.com\/CartoleriaDonati\" \/>\n<meta property=\"article:modified_time\" content=\"2026-05-03T13:58:44+00:00\" \/>\n<meta property=\"og:image\" content=\"https:\/\/cartoleriadonati.ch\/wp-content\/uploads\/2025\/06\/Foto-prodotto-14.jpg\" \/>\n\t<meta property=\"og:image:width\" content=\"1200\" \/>\n\t<meta property=\"og:image:height\" content=\"1500\" \/>\n\t<meta property=\"og:image:type\" content=\"image\/jpeg\" \/>\n<meta name=\"twitter:card\" content=\"summary_large_image\" \/>\n<meta name=\"twitter:label1\" content=\"Gesch\u00e4tzte Lesezeit\" \/>\n\t<meta name=\"twitter:data1\" content=\"2\u00a0Minuten\" \/>\n<script type=\"application\/ld+json\" class=\"yoast-schema-graph\">{\"@context\":\"https:\\\/\\\/schema.org\",\"@graph\":[{\"@type\":\"WebPage\",\"@id\":\"https:\\\/\\\/cartoleriadonati.ch\\\/de\\\/prodotto\\\/personalisierter-militaer-anhaenger-gold\\\/\",\"url\":\"https:\\\/\\\/cartoleriadonati.ch\\\/de\\\/prodotto\\\/personalisierter-militaer-anhaenger-gold\\\/\",\"name\":\"Personalisierter Milit\u00e4r-Anh\u00e4nger Gold - Cartoleria Donati SA\",\"isPartOf\":{\"@id\":\"https:\\\/\\\/cartoleriadonati.ch\\\/de\\\/#website\"},\"primaryImageOfPage\":{\"@id\":\"https:\\\/\\\/cartoleriadonati.ch\\\/de\\\/prodotto\\\/personalisierter-militaer-anhaenger-gold\\\/#primaryimage\"},\"image\":{\"@id\":\"https:\\\/\\\/cartoleriadonati.ch\\\/de\\\/prodotto\\\/personalisierter-militaer-anhaenger-gold\\\/#primaryimage\"},\"thumbnailUrl\":\"https:\\\/\\\/cartoleriadonati.ch\\\/wp-content\\\/uploads\\\/2025\\\/06\\\/Foto-prodotto-14.jpg\",\"datePublished\":\"2025-06-03T02:00:42+00:00\",\"dateModified\":\"2026-05-03T13:58:44+00:00\",\"description\":\"Milit\u00e4r-Anh\u00e4nger Gold aus Edelstahl. Personalisierbar mit Fotos, Texten und Grafiken. Elegant, robust und einzigartig. Geschenkidee f\u00fcr jeden Anlass.\",\"breadcrumb\":{\"@id\":\"https:\\\/\\\/cartoleriadonati.ch\\\/de\\\/prodotto\\\/personalisierter-militaer-anhaenger-gold\\\/#breadcrumb\"},\"inLanguage\":\"de\",\"potentialAction\":[{\"@type\":\"ReadAction\",\"target\":[\"https:\\\/\\\/cartoleriadonati.ch\\\/de\\\/prodotto\\\/personalisierter-militaer-anhaenger-gold\\\/\"]}]},{\"@type\":\"ImageObject\",\"inLanguage\":\"de\",\"@id\":\"https:\\\/\\\/cartoleriadonati.ch\\\/de\\\/prodotto\\\/personalisierter-militaer-anhaenger-gold\\\/#primaryimage\",\"url\":\"https:\\\/\\\/cartoleriadonati.ch\\\/wp-content\\\/uploads\\\/2025\\\/06\\\/Foto-prodotto-14.jpg\",\"contentUrl\":\"https:\\\/\\\/cartoleriadonati.ch\\\/wp-content\\\/uploads\\\/2025\\\/06\\\/Foto-prodotto-14.jpg\",\"width\":1200,\"height\":1500,\"caption\":\"Ciondolo personalizzato oro\"},{\"@type\":\"BreadcrumbList\",\"@id\":\"https:\\\/\\\/cartoleriadonati.ch\\\/de\\\/prodotto\\\/personalisierter-militaer-anhaenger-gold\\\/#breadcrumb\",\"itemListElement\":[{\"@type\":\"ListItem\",\"position\":1,\"name\":\"Home\",\"item\":\"https:\\\/\\\/cartoleriadonati.ch\\\/de\\\/home-page\\\/\"},{\"@type\":\"ListItem\",\"position\":2,\"name\":\"Shop\",\"item\":\"https:\\\/\\\/cartoleriadonati.ch\\\/de\\\/shop\\\/\"},{\"@type\":\"ListItem\",\"position\":3,\"name\":\"Personalisierter Milit\u00e4r-Anh\u00e4nger Gold\"}]},{\"@type\":\"WebSite\",\"@id\":\"https:\\\/\\\/cartoleriadonati.ch\\\/de\\\/#website\",\"url\":\"https:\\\/\\\/cartoleriadonati.ch\\\/de\\\/\",\"name\":\"Cartoleria Donati SA\",\"description\":\"Sito internet ufficiale della Cartoleria Donati SA\",\"publisher\":{\"@id\":\"https:\\\/\\\/cartoleriadonati.ch\\\/de\\\/#organization\"},\"potentialAction\":[{\"@type\":\"SearchAction\",\"target\":{\"@type\":\"EntryPoint\",\"urlTemplate\":\"https:\\\/\\\/cartoleriadonati.ch\\\/de\\\/?s={search_term_string}\"},\"query-input\":{\"@type\":\"PropertyValueSpecification\",\"valueRequired\":true,\"valueName\":\"search_term_string\"}}],\"inLanguage\":\"de\"},{\"@type\":\"Organization\",\"@id\":\"https:\\\/\\\/cartoleriadonati.ch\\\/de\\\/#organization\",\"name\":\"Cartoleria Donati SA\",\"url\":\"https:\\\/\\\/cartoleriadonati.ch\\\/de\\\/\",\"logo\":{\"@type\":\"ImageObject\",\"inLanguage\":\"de\",\"@id\":\"https:\\\/\\\/cartoleriadonati.ch\\\/de\\\/#\\\/schema\\\/logo\\\/image\\\/\",\"url\":\"https:\\\/\\\/cartoleriadonati.ch\\\/wp-content\\\/uploads\\\/2019\\\/06\\\/DONATI_logo-1.png\",\"contentUrl\":\"https:\\\/\\\/cartoleriadonati.ch\\\/wp-content\\\/uploads\\\/2019\\\/06\\\/DONATI_logo-1.png\",\"width\":2339,\"height\":1654,\"caption\":\"Cartoleria Donati SA\"},\"image\":{\"@id\":\"https:\\\/\\\/cartoleriadonati.ch\\\/de\\\/#\\\/schema\\\/logo\\\/image\\\/\"},\"sameAs\":[\"https:\\\/\\\/www.facebook.com\\\/CartoleriaDonati\"]}]}<\/script>\n<!-- \/ Yoast SEO Premium plugin. -->","yoast_head_json":{"title":"Personalisierter Milit\u00e4r-Anh\u00e4nger Gold - Cartoleria Donati SA","description":"Milit\u00e4r-Anh\u00e4nger Gold aus Edelstahl. Personalisierbar mit Fotos, Texten und Grafiken. Elegant, robust und einzigartig. Geschenkidee f\u00fcr jeden Anlass.","robots":{"index":"index","follow":"follow","max-snippet":"max-snippet:-1","max-image-preview":"max-image-preview:large","max-video-preview":"max-video-preview:-1"},"canonical":"https:\/\/cartoleriadonati.ch\/de\/prodotto\/personalisierter-militaer-anhaenger-gold\/","og_locale":"de_DE","og_type":"article","og_title":"Personalisierter Milit\u00e4r-Anh\u00e4nger Gold","og_description":"Milit\u00e4r-Anh\u00e4nger Gold aus Edelstahl. Personalisierbar mit Fotos, Texten und Grafiken. Elegant, robust und einzigartig. Geschenkidee f\u00fcr jeden Anlass.","og_url":"https:\/\/cartoleriadonati.ch\/de\/prodotto\/personalisierter-militaer-anhaenger-gold\/","og_site_name":"Cartoleria Donati SA","article_publisher":"https:\/\/www.facebook.com\/CartoleriaDonati","article_modified_time":"2026-05-03T13:58:44+00:00","og_image":[{"width":1200,"height":1500,"url":"https:\/\/cartoleriadonati.ch\/wp-content\/uploads\/2025\/06\/Foto-prodotto-14.jpg","type":"image\/jpeg"}],"twitter_card":"summary_large_image","twitter_misc":{"Gesch\u00e4tzte Lesezeit":"2\u00a0Minuten"},"schema":{"@context":"https:\/\/schema.org","@graph":[{"@type":"WebPage","@id":"https:\/\/cartoleriadonati.ch\/de\/prodotto\/personalisierter-militaer-anhaenger-gold\/","url":"https:\/\/cartoleriadonati.ch\/de\/prodotto\/personalisierter-militaer-anhaenger-gold\/","name":"Personalisierter Milit\u00e4r-Anh\u00e4nger Gold - Cartoleria Donati SA","isPartOf":{"@id":"https:\/\/cartoleriadonati.ch\/de\/#website"},"primaryImageOfPage":{"@id":"https:\/\/cartoleriadonati.ch\/de\/prodotto\/personalisierter-militaer-anhaenger-gold\/#primaryimage"},"image":{"@id":"https:\/\/cartoleriadonati.ch\/de\/prodotto\/personalisierter-militaer-anhaenger-gold\/#primaryimage"},"thumbnailUrl":"https:\/\/cartoleriadonati.ch\/wp-content\/uploads\/2025\/06\/Foto-prodotto-14.jpg","datePublished":"2025-06-03T02:00:42+00:00","dateModified":"2026-05-03T13:58:44+00:00","description":"Milit\u00e4r-Anh\u00e4nger Gold aus Edelstahl. Personalisierbar mit Fotos, Texten und Grafiken. Elegant, robust und einzigartig. Geschenkidee f\u00fcr jeden Anlass.","breadcrumb":{"@id":"https:\/\/cartoleriadonati.ch\/de\/prodotto\/personalisierter-militaer-anhaenger-gold\/#breadcrumb"},"inLanguage":"de","potentialAction":[{"@type":"ReadAction","target":["https:\/\/cartoleriadonati.ch\/de\/prodotto\/personalisierter-militaer-anhaenger-gold\/"]}]},{"@type":"ImageObject","inLanguage":"de","@id":"https:\/\/cartoleriadonati.ch\/de\/prodotto\/personalisierter-militaer-anhaenger-gold\/#primaryimage","url":"https:\/\/cartoleriadonati.ch\/wp-content\/uploads\/2025\/06\/Foto-prodotto-14.jpg","contentUrl":"https:\/\/cartoleriadonati.ch\/wp-content\/uploads\/2025\/06\/Foto-prodotto-14.jpg","width":1200,"height":1500,"caption":"Ciondolo personalizzato oro"},{"@type":"BreadcrumbList","@id":"https:\/\/cartoleriadonati.ch\/de\/prodotto\/personalisierter-militaer-anhaenger-gold\/#breadcrumb","itemListElement":[{"@type":"ListItem","position":1,"name":"Home","item":"https:\/\/cartoleriadonati.ch\/de\/home-page\/"},{"@type":"ListItem","position":2,"name":"Shop","item":"https:\/\/cartoleriadonati.ch\/de\/shop\/"},{"@type":"ListItem","position":3,"name":"Personalisierter Milit\u00e4r-Anh\u00e4nger Gold"}]},{"@type":"WebSite","@id":"https:\/\/cartoleriadonati.ch\/de\/#website","url":"https:\/\/cartoleriadonati.ch\/de\/","name":"Cartoleria Donati SA","description":"Sito internet ufficiale della Cartoleria Donati SA","publisher":{"@id":"https:\/\/cartoleriadonati.ch\/de\/#organization"},"potentialAction":[{"@type":"SearchAction","target":{"@type":"EntryPoint","urlTemplate":"https:\/\/cartoleriadonati.ch\/de\/?s={search_term_string}"},"query-input":{"@type":"PropertyValueSpecification","valueRequired":true,"valueName":"search_term_string"}}],"inLanguage":"de"},{"@type":"Organization","@id":"https:\/\/cartoleriadonati.ch\/de\/#organization","name":"Cartoleria Donati SA","url":"https:\/\/cartoleriadonati.ch\/de\/","logo":{"@type":"ImageObject","inLanguage":"de","@id":"https:\/\/cartoleriadonati.ch\/de\/#\/schema\/logo\/image\/","url":"https:\/\/cartoleriadonati.ch\/wp-content\/uploads\/2019\/06\/DONATI_logo-1.png","contentUrl":"https:\/\/cartoleriadonati.ch\/wp-content\/uploads\/2019\/06\/DONATI_logo-1.png","width":2339,"height":1654,"caption":"Cartoleria Donati SA"},"image":{"@id":"https:\/\/cartoleriadonati.ch\/de\/#\/schema\/logo\/image\/"},"sameAs":["https:\/\/www.facebook.com\/CartoleriaDonati"]}]}},"_links":{"self":[{"href":"https:\/\/cartoleriadonati.ch\/de\/wp-json\/wp\/v2\/product\/46965","targetHints":{"allow":["GET"]}}],"collection":[{"href":"https:\/\/cartoleriadonati.ch\/de\/wp-json\/wp\/v2\/product"}],"about":[{"href":"https:\/\/cartoleriadonati.ch\/de\/wp-json\/wp\/v2\/types\/product"}],"wp:featuredmedia":[{"embeddable":true,"href":"https:\/\/cartoleriadonati.ch\/de\/wp-json\/wp\/v2\/media\/33664"}],"wp:attachment":[{"href":"https:\/\/cartoleriadonati.ch\/de\/wp-json\/wp\/v2\/media?parent=46965"}],"wp:term":[{"taxonomy":"product_brand","embeddable":true,"href":"https:\/\/cartoleriadonati.ch\/de\/wp-json\/wp\/v2\/product_brand?post=46965"},{"taxonomy":"product_cat","embeddable":true,"href":"https:\/\/cartoleriadonati.ch\/de\/wp-json\/wp\/v2\/product_cat?post=46965"},{"taxonomy":"product_tag","embeddable":true,"href":"https:\/\/cartoleriadonati.ch\/de\/wp-json\/wp\/v2\/product_tag?post=46965"}],"curies":[{"name":"wp","href":"https:\/\/api.w.org\/{rel}","templated":true}]}}