{"id":46913,"date":"2025-04-08T12:39:26","date_gmt":"2025-04-08T12:39:26","guid":{"rendered":"https:\/\/cartoleriadonati.ch\/prodotto\/caran-dache-kugelschreiber-colormat-x-gruen\/"},"modified":"2026-05-03T13:58:31","modified_gmt":"2026-05-03T13:58:31","slug":"caran-dache-kugelschreiber-colormat-x-gruen","status":"publish","type":"product","link":"https:\/\/cartoleriadonati.ch\/de\/prodotto\/caran-dache-kugelschreiber-colormat-x-gruen\/","title":{"rendered":"CARAN D&#8217;ACHE Kugelschreiber Colormat-X Gr\u00fcn"},"content":{"rendered":"<p>Der Caran d&#8217;Ache Kugelschreiber Colormat-X bringt einen frischen Wind und Farbe in die Familie der ikonischen 849 Kugelschreiber. Als unverzichtbares Accessoire f\u00fcr den t\u00e4glichen Gebrauch konzipiert, zeichnet sich der Colormat-X durch seine acht Modelle in lebendigen Farben aus, die eine Regenbogenkollektion bilden. Gefertigt mit einem sechseckigen Geh\u00e4use aus leichtem und robustem Aluminium, bietet dieser Kugelschreiber ein Premium-Finish und ein fl\u00fcssiges und komfortables Schreibgef\u00fchl.  <\/p>\n<p data-start=\"353\" data-end=\"544\"><strong>So personalisieren Sie: <\/strong><\/p>\n<ol>\n<li><strong data-start=\"357\" data-end=\"383\">Design personalisieren<\/strong><br data-start=\"383\" data-end=\"386\">Im oberen Bereich der Seite sehen Sie das leere Produkt. Sie k\u00f6nnen Text hinzuf\u00fcgen (oben links), Designs einf\u00fcgen und das Layout nach Belieben anpassen. Sie k\u00f6nnen auch das Innere und \u00c4u\u00dfere der Stiftetui personalisieren, indem Sie auf den Pfeil unten rechts im Personalisierungsfeld klicken.  <\/li>\n<li data-start=\"546\" data-end=\"660\"><strong data-start=\"550\" data-end=\"571\">Bestellung abschlie\u00dfen<\/strong><br data-start=\"571\" data-end=\"574\">Wenn das Design fertig ist, legen Sie das Produkt in den Warenkorb und fahren Sie mit dem Checkout fort.<\/li>\n<li data-start=\"662\" data-end=\"797\"><strong data-start=\"666\" data-end=\"688\">Dateipr\u00fcfung<\/strong><br data-start=\"688\" data-end=\"691\">Vor der Gravur pr\u00fcfen wir immer die Datei. Wenn wir Zweifel haben oder das Design nicht geeignet ist, werden wir Sie kontaktieren. <\/li>\n<li data-start=\"799\" data-end=\"919\"><strong data-start=\"803\" data-end=\"840\">Produktion in unserer Papeterie<\/strong><br data-start=\"840\" data-end=\"843\">Das Produkt wird bei der Cartoleria Donati SA graviert und personalisiert.<\/li>\n<\/ol>\n<p><strong data-start=\"923\" data-end=\"947\">Produktionszeit:<\/strong> ca. <strong data-start=\"954\" data-end=\"979\">1\u20132 Arbeitstage<\/strong>.<\/p>\n<h3>Hauptmerkmale:<\/h3>\n<ul>\n<li><strong>Sechseckiges Aluminiumgeh\u00e4use<\/strong>: Leicht und robust, garantiert Langlebigkeit und Komfort beim Schreiben.<\/li>\n<li><strong>Lebendige Farben<\/strong>: Erh\u00e4ltlich in acht Modellen mit brillanten Farben, verleiht der Colormat-X Ihrem t\u00e4glichen Schreiben einen Hauch von Lebendigkeit.<\/li>\n<li><strong>Premium-Finish<\/strong>: Der Kugelschreiber verf\u00fcgt \u00fcber ein hochwertiges Finish, das sein Aussehen und seine Widerstandsf\u00e4higkeit unterstreicht.<\/li>\n<li><strong>Clip und Dr\u00fccker aus Metall<\/strong>: Flexibel und widerstandsf\u00e4hig, verleihen sie Praktikabilit\u00e4t und Stil.<\/li>\n<li><strong>Nachf\u00fcllbar<\/strong>: Ausgestattet mit einer Goliath M Tintenpatrone in Blau, die das Schreiben von bis zu 600 A4-Seiten mit einer einzigen F\u00fcllung erm\u00f6glicht. Kompatibel mit allen Goliath-Tintenpatronen. <\/li>\n<li><strong>Extra flaches Etui<\/strong>: Der Kugelschreiber wird in einem eleganten und farblich abgestimmten Etui geliefert, perfekt zum Schutz und Transport Ihres Schreibger\u00e4ts.<\/li>\n<li><strong>Schweizer Produkt<\/strong>: Garantie f\u00fcr Schweizer Qualit\u00e4t und Pr\u00e4zision.<\/li>\n<\/ul>\n<h3>Anwendungen:<\/h3>\n<p>Der Caran d&#8217;Ache Kugelschreiber Colormat-X ist perfekt f\u00fcr vielf\u00e4ltige professionelle und pers\u00f6nliche Anwendungen:<\/p>\n<ul>\n<li><strong>T\u00e4gliches Schreiben<\/strong>: Ideal zum Notizenmachen, Schreiben von Briefen und wichtigen Dokumenten mit Stil und Komfort.<\/li>\n<li><strong>Professioneller Einsatz<\/strong>: Perfekt f\u00fcr Berufst\u00e4tige, die ein zuverl\u00e4ssiges Schreibger\u00e4t mit ansprechendem Design w\u00fcnschen.<\/li>\n<li><strong>Prestigegeschenk<\/strong>: Eine perfekte Geschenkidee f\u00fcr besondere Anl\u00e4sse wie Abschl\u00fcsse, Bef\u00f6rderungen, Geburtstage und Jubil\u00e4en, dank seines lebendigen Designs und der erstklassigen Qualit\u00e4t.<\/li>\n<\/ul>\n<h3>Vorteile:<\/h3>\n<ul>\n<li><strong>Moderner und farbenfroher Stil<\/strong>: Die lebendigen Farben und das sechseckige Design machen diesen Kugelschreiber zu einem markanten und trendigen Accessoire.<\/li>\n<li><strong>Qualit\u00e4t und Langlebigkeit<\/strong>: Gefertigt aus hochwertigen Materialien, ist der Caran d&#8217;Ache Kugelschreiber Colormat-X f\u00fcr eine lange Lebensdauer und den t\u00e4glichen Gebrauch gebaut.<\/li>\n<li><strong>\u00dcberlegene Leistung<\/strong>: Die Goliath-Patrone mit hoher Kapazit\u00e4t bietet ein fl\u00fcssiges und pr\u00e4zises Schreiben, ideal f\u00fcr intensive Nutzung.<\/li>\n<li><strong>Komfortabel<\/strong>: Entwickelt f\u00fcr perfekte Ergonomie, bietet der Kugelschreiber einen bequemen Griff und ein angenehmes Schreiben auch bei langen Schreibsessions.<\/li>\n<\/ul>\n<blockquote data-start=\"1328\" data-end=\"1524\">\n<p data-start=\"1330\" data-end=\"1524\">\u270d\ufe0f <strong data-start=\"1333\" data-end=\"1363\">Personalisieren Sie Ihren Kugelschreiber!<\/strong><br data-start=\"1363\" data-end=\"1366\">F\u00fcgen Sie eine einzigartige Note hinzu: Sie k\u00f6nnen <strong data-start=\"1396\" data-end=\"1443\">Ihren Namen, ein Datum oder eine Widmung<\/strong> direkt online gravieren lassen. Eine perfekte Geschenkidee f\u00fcr alle, die das Schreiben mit Stil lieben. <\/p>\n<\/blockquote>\n<p>Der Caran d&#8217;Ache Kugelschreiber Colormat-X ist ein Beispiel f\u00fcr Kreativit\u00e4t und Innovation, ideal f\u00fcr alle, die ein hochwertiges Schreibger\u00e4t mit einem Hauch von Farbe w\u00fcnschen. Mit seinem markanten Design, edlen Materialien und nachf\u00fcllbarer Patrone bietet dieser Kugelschreiber ein \u00fcberlegenes Schreiberlebnis, das Kreativit\u00e4t und Stil inspiriert. Kaufen Sie ihn jetzt und machen Sie jeden Schreibmoment zu einem besonderen Anlass!  <\/p>\n","protected":false},"excerpt":{"rendered":"[fpd_module type=\"designs\"]\n<p class=\"ai-optimize-29\"><strong>Kugelschreiber 849 Colormat-X<\/strong><\/p>\n<p class=\"ai-optimize-30\">Ein frischer Wind belebt die Familie der ikonischen 849 Kugelschreiber. Der unverzichtbare Kugelschreiber f\u00fcr den t\u00e4glichen Gebrauch ist farbenfroher denn je mit Colormat-X. Acht Modelle in lebendigen Farben bilden die Regenbogenkollektion.  <\/p>\n<ul>\n<li class=\"ai-optimize-31\">Sechseckiger Schaft aus leichtem und robustem Aluminium<\/li>\n<li class=\"ai-optimize-32\">Premium-Finish Flexibel<\/li>\n<li class=\"ai-optimize-33\">Clip und Dr\u00fccker aus Metall<\/li>\n<li class=\"ai-optimize-34\">Nachf\u00fcllbar mit einer Goliath M Tintenpatrone in Blau<\/li>\n<li class=\"ai-optimize-35\">Nachf\u00fcllbar mit Goliath-Patronen<\/li>\n<li class=\"ai-optimize-36\">Extra flaches Etui mit farblich abgestimmtem Farbpunkt<\/li>\n<li class=\"ai-optimize-37\">Schweizer Produkt<\/li>\n<\/ul>\n","protected":false},"featured_media":19170,"template":"","meta":{"_acf_changed":false},"product_brand":[],"product_cat":[852,889,863,893],"product_tag":[],"class_list":{"0":"post-46913","1":"product","2":"type-product","3":"status-publish","4":"has-post-thumbnail","6":"product_cat-anpassen","7":"product_cat-ideen-zur-pensionierung","8":"product_cat-kugelschreiber","9":"product_cat-personalisierte-stifte","11":"first","12":"instock","13":"taxable","14":"shipping-taxable","15":"purchasable","16":"product-type-simple","17":"add-to-wishlist-after_add_to_cart"},"acf":[],"yoast_head":"<!-- This site is optimized with the Yoast SEO Premium plugin v27.5 (Yoast SEO v27.6) - https:\/\/yoast.com\/product\/yoast-seo-premium-wordpress\/ -->\n<title>CARAN D&#039;ACHE Kugelschreiber Colormat-X Gr\u00fcn - Cartoleria Donati SA<\/title>\n<meta name=\"description\" content=\"Entdecken Sie den Caran d&#039;Ache Kugelschreiber Colormat-X, ein frischer Wind mit 8 lebendigen Farben und leichtem Aluminiumgeh\u00e4use. Nachf\u00fcllbar mit Goliath-Patrone.\" \/>\n<meta name=\"robots\" content=\"index, follow, max-snippet:-1, max-image-preview:large, max-video-preview:-1\" \/>\n<link rel=\"canonical\" href=\"https:\/\/cartoleriadonati.ch\/de\/prodotto\/caran-dache-kugelschreiber-colormat-x-gruen\/\" \/>\n<meta property=\"og:locale\" content=\"de_DE\" \/>\n<meta property=\"og:type\" content=\"article\" \/>\n<meta property=\"og:title\" content=\"CARAN D&#039;ACHE Kugelschreiber Colormat-X Gr\u00fcn\" \/>\n<meta property=\"og:description\" content=\"Entdecken Sie den Caran d&#039;Ache Kugelschreiber Colormat-X, ein frischer Wind mit 8 lebendigen Farben und leichtem Aluminiumgeh\u00e4use. Nachf\u00fcllbar mit Goliath-Patrone.\" \/>\n<meta property=\"og:url\" content=\"https:\/\/cartoleriadonati.ch\/de\/prodotto\/caran-dache-kugelschreiber-colormat-x-gruen\/\" \/>\n<meta property=\"og:site_name\" content=\"Cartoleria Donati SA\" \/>\n<meta property=\"article:publisher\" content=\"https:\/\/www.facebook.com\/CartoleriaDonati\" \/>\n<meta property=\"article:modified_time\" content=\"2026-05-03T13:58:31+00:00\" \/>\n<meta property=\"og:image\" content=\"https:\/\/cartoleriadonati.ch\/wp-content\/uploads\/2025\/04\/CARAN-DACHE-Penna-sfera-849-Colormat-X-verde.jpg\" \/>\n\t<meta property=\"og:image:width\" content=\"800\" \/>\n\t<meta property=\"og:image:height\" content=\"1200\" \/>\n\t<meta property=\"og:image:type\" content=\"image\/jpeg\" \/>\n<meta name=\"twitter:card\" content=\"summary_large_image\" \/>\n<meta name=\"twitter:label1\" content=\"Gesch\u00e4tzte Lesezeit\" \/>\n\t<meta name=\"twitter:data1\" content=\"3\u00a0Minuten\" \/>\n<script type=\"application\/ld+json\" class=\"yoast-schema-graph\">{\"@context\":\"https:\\\/\\\/schema.org\",\"@graph\":[{\"@type\":\"WebPage\",\"@id\":\"https:\\\/\\\/cartoleriadonati.ch\\\/de\\\/prodotto\\\/caran-dache-kugelschreiber-colormat-x-gruen\\\/\",\"url\":\"https:\\\/\\\/cartoleriadonati.ch\\\/de\\\/prodotto\\\/caran-dache-kugelschreiber-colormat-x-gruen\\\/\",\"name\":\"CARAN D'ACHE Kugelschreiber Colormat-X Gr\u00fcn - Cartoleria Donati SA\",\"isPartOf\":{\"@id\":\"https:\\\/\\\/cartoleriadonati.ch\\\/de\\\/#website\"},\"primaryImageOfPage\":{\"@id\":\"https:\\\/\\\/cartoleriadonati.ch\\\/de\\\/prodotto\\\/caran-dache-kugelschreiber-colormat-x-gruen\\\/#primaryimage\"},\"image\":{\"@id\":\"https:\\\/\\\/cartoleriadonati.ch\\\/de\\\/prodotto\\\/caran-dache-kugelschreiber-colormat-x-gruen\\\/#primaryimage\"},\"thumbnailUrl\":\"https:\\\/\\\/cartoleriadonati.ch\\\/wp-content\\\/uploads\\\/2025\\\/04\\\/CARAN-DACHE-Penna-sfera-849-Colormat-X-verde.jpg\",\"datePublished\":\"2025-04-08T12:39:26+00:00\",\"dateModified\":\"2026-05-03T13:58:31+00:00\",\"description\":\"Entdecken Sie den Caran d'Ache Kugelschreiber Colormat-X, ein frischer Wind mit 8 lebendigen Farben und leichtem Aluminiumgeh\u00e4use. Nachf\u00fcllbar mit Goliath-Patrone.\",\"breadcrumb\":{\"@id\":\"https:\\\/\\\/cartoleriadonati.ch\\\/de\\\/prodotto\\\/caran-dache-kugelschreiber-colormat-x-gruen\\\/#breadcrumb\"},\"inLanguage\":\"de\",\"potentialAction\":[{\"@type\":\"ReadAction\",\"target\":[\"https:\\\/\\\/cartoleriadonati.ch\\\/de\\\/prodotto\\\/caran-dache-kugelschreiber-colormat-x-gruen\\\/\"]}]},{\"@type\":\"ImageObject\",\"inLanguage\":\"de\",\"@id\":\"https:\\\/\\\/cartoleriadonati.ch\\\/de\\\/prodotto\\\/caran-dache-kugelschreiber-colormat-x-gruen\\\/#primaryimage\",\"url\":\"https:\\\/\\\/cartoleriadonati.ch\\\/wp-content\\\/uploads\\\/2025\\\/04\\\/CARAN-DACHE-Penna-sfera-849-Colormat-X-verde.jpg\",\"contentUrl\":\"https:\\\/\\\/cartoleriadonati.ch\\\/wp-content\\\/uploads\\\/2025\\\/04\\\/CARAN-DACHE-Penna-sfera-849-Colormat-X-verde.jpg\",\"width\":800,\"height\":1200,\"caption\":\"CARAN D'ACHE Penna sfera 849 Colormat-X verde\"},{\"@type\":\"BreadcrumbList\",\"@id\":\"https:\\\/\\\/cartoleriadonati.ch\\\/de\\\/prodotto\\\/caran-dache-kugelschreiber-colormat-x-gruen\\\/#breadcrumb\",\"itemListElement\":[{\"@type\":\"ListItem\",\"position\":1,\"name\":\"Home\",\"item\":\"https:\\\/\\\/cartoleriadonati.ch\\\/de\\\/home-page\\\/\"},{\"@type\":\"ListItem\",\"position\":2,\"name\":\"Shop\",\"item\":\"https:\\\/\\\/cartoleriadonati.ch\\\/de\\\/shop\\\/\"},{\"@type\":\"ListItem\",\"position\":3,\"name\":\"CARAN D&#8217;ACHE Kugelschreiber Colormat-X Gr\u00fcn\"}]},{\"@type\":\"WebSite\",\"@id\":\"https:\\\/\\\/cartoleriadonati.ch\\\/de\\\/#website\",\"url\":\"https:\\\/\\\/cartoleriadonati.ch\\\/de\\\/\",\"name\":\"Cartoleria Donati SA\",\"description\":\"Sito internet ufficiale della Cartoleria Donati SA\",\"publisher\":{\"@id\":\"https:\\\/\\\/cartoleriadonati.ch\\\/de\\\/#organization\"},\"potentialAction\":[{\"@type\":\"SearchAction\",\"target\":{\"@type\":\"EntryPoint\",\"urlTemplate\":\"https:\\\/\\\/cartoleriadonati.ch\\\/de\\\/?s={search_term_string}\"},\"query-input\":{\"@type\":\"PropertyValueSpecification\",\"valueRequired\":true,\"valueName\":\"search_term_string\"}}],\"inLanguage\":\"de\"},{\"@type\":\"Organization\",\"@id\":\"https:\\\/\\\/cartoleriadonati.ch\\\/de\\\/#organization\",\"name\":\"Cartoleria Donati SA\",\"url\":\"https:\\\/\\\/cartoleriadonati.ch\\\/de\\\/\",\"logo\":{\"@type\":\"ImageObject\",\"inLanguage\":\"de\",\"@id\":\"https:\\\/\\\/cartoleriadonati.ch\\\/de\\\/#\\\/schema\\\/logo\\\/image\\\/\",\"url\":\"https:\\\/\\\/cartoleriadonati.ch\\\/wp-content\\\/uploads\\\/2019\\\/06\\\/DONATI_logo-1.png\",\"contentUrl\":\"https:\\\/\\\/cartoleriadonati.ch\\\/wp-content\\\/uploads\\\/2019\\\/06\\\/DONATI_logo-1.png\",\"width\":2339,\"height\":1654,\"caption\":\"Cartoleria Donati SA\"},\"image\":{\"@id\":\"https:\\\/\\\/cartoleriadonati.ch\\\/de\\\/#\\\/schema\\\/logo\\\/image\\\/\"},\"sameAs\":[\"https:\\\/\\\/www.facebook.com\\\/CartoleriaDonati\"]}]}<\/script>\n<!-- \/ Yoast SEO Premium plugin. -->","yoast_head_json":{"title":"CARAN D'ACHE Kugelschreiber Colormat-X Gr\u00fcn - Cartoleria Donati SA","description":"Entdecken Sie den Caran d'Ache Kugelschreiber Colormat-X, ein frischer Wind mit 8 lebendigen Farben und leichtem Aluminiumgeh\u00e4use. Nachf\u00fcllbar mit Goliath-Patrone.","robots":{"index":"index","follow":"follow","max-snippet":"max-snippet:-1","max-image-preview":"max-image-preview:large","max-video-preview":"max-video-preview:-1"},"canonical":"https:\/\/cartoleriadonati.ch\/de\/prodotto\/caran-dache-kugelschreiber-colormat-x-gruen\/","og_locale":"de_DE","og_type":"article","og_title":"CARAN D'ACHE Kugelschreiber Colormat-X Gr\u00fcn","og_description":"Entdecken Sie den Caran d'Ache Kugelschreiber Colormat-X, ein frischer Wind mit 8 lebendigen Farben und leichtem Aluminiumgeh\u00e4use. Nachf\u00fcllbar mit Goliath-Patrone.","og_url":"https:\/\/cartoleriadonati.ch\/de\/prodotto\/caran-dache-kugelschreiber-colormat-x-gruen\/","og_site_name":"Cartoleria Donati SA","article_publisher":"https:\/\/www.facebook.com\/CartoleriaDonati","article_modified_time":"2026-05-03T13:58:31+00:00","og_image":[{"width":800,"height":1200,"url":"https:\/\/cartoleriadonati.ch\/wp-content\/uploads\/2025\/04\/CARAN-DACHE-Penna-sfera-849-Colormat-X-verde.jpg","type":"image\/jpeg"}],"twitter_card":"summary_large_image","twitter_misc":{"Gesch\u00e4tzte Lesezeit":"3\u00a0Minuten"},"schema":{"@context":"https:\/\/schema.org","@graph":[{"@type":"WebPage","@id":"https:\/\/cartoleriadonati.ch\/de\/prodotto\/caran-dache-kugelschreiber-colormat-x-gruen\/","url":"https:\/\/cartoleriadonati.ch\/de\/prodotto\/caran-dache-kugelschreiber-colormat-x-gruen\/","name":"CARAN D'ACHE Kugelschreiber Colormat-X Gr\u00fcn - Cartoleria Donati SA","isPartOf":{"@id":"https:\/\/cartoleriadonati.ch\/de\/#website"},"primaryImageOfPage":{"@id":"https:\/\/cartoleriadonati.ch\/de\/prodotto\/caran-dache-kugelschreiber-colormat-x-gruen\/#primaryimage"},"image":{"@id":"https:\/\/cartoleriadonati.ch\/de\/prodotto\/caran-dache-kugelschreiber-colormat-x-gruen\/#primaryimage"},"thumbnailUrl":"https:\/\/cartoleriadonati.ch\/wp-content\/uploads\/2025\/04\/CARAN-DACHE-Penna-sfera-849-Colormat-X-verde.jpg","datePublished":"2025-04-08T12:39:26+00:00","dateModified":"2026-05-03T13:58:31+00:00","description":"Entdecken Sie den Caran d'Ache Kugelschreiber Colormat-X, ein frischer Wind mit 8 lebendigen Farben und leichtem Aluminiumgeh\u00e4use. Nachf\u00fcllbar mit Goliath-Patrone.","breadcrumb":{"@id":"https:\/\/cartoleriadonati.ch\/de\/prodotto\/caran-dache-kugelschreiber-colormat-x-gruen\/#breadcrumb"},"inLanguage":"de","potentialAction":[{"@type":"ReadAction","target":["https:\/\/cartoleriadonati.ch\/de\/prodotto\/caran-dache-kugelschreiber-colormat-x-gruen\/"]}]},{"@type":"ImageObject","inLanguage":"de","@id":"https:\/\/cartoleriadonati.ch\/de\/prodotto\/caran-dache-kugelschreiber-colormat-x-gruen\/#primaryimage","url":"https:\/\/cartoleriadonati.ch\/wp-content\/uploads\/2025\/04\/CARAN-DACHE-Penna-sfera-849-Colormat-X-verde.jpg","contentUrl":"https:\/\/cartoleriadonati.ch\/wp-content\/uploads\/2025\/04\/CARAN-DACHE-Penna-sfera-849-Colormat-X-verde.jpg","width":800,"height":1200,"caption":"CARAN D'ACHE Penna sfera 849 Colormat-X verde"},{"@type":"BreadcrumbList","@id":"https:\/\/cartoleriadonati.ch\/de\/prodotto\/caran-dache-kugelschreiber-colormat-x-gruen\/#breadcrumb","itemListElement":[{"@type":"ListItem","position":1,"name":"Home","item":"https:\/\/cartoleriadonati.ch\/de\/home-page\/"},{"@type":"ListItem","position":2,"name":"Shop","item":"https:\/\/cartoleriadonati.ch\/de\/shop\/"},{"@type":"ListItem","position":3,"name":"CARAN D&#8217;ACHE Kugelschreiber Colormat-X Gr\u00fcn"}]},{"@type":"WebSite","@id":"https:\/\/cartoleriadonati.ch\/de\/#website","url":"https:\/\/cartoleriadonati.ch\/de\/","name":"Cartoleria Donati SA","description":"Sito internet ufficiale della Cartoleria Donati SA","publisher":{"@id":"https:\/\/cartoleriadonati.ch\/de\/#organization"},"potentialAction":[{"@type":"SearchAction","target":{"@type":"EntryPoint","urlTemplate":"https:\/\/cartoleriadonati.ch\/de\/?s={search_term_string}"},"query-input":{"@type":"PropertyValueSpecification","valueRequired":true,"valueName":"search_term_string"}}],"inLanguage":"de"},{"@type":"Organization","@id":"https:\/\/cartoleriadonati.ch\/de\/#organization","name":"Cartoleria Donati SA","url":"https:\/\/cartoleriadonati.ch\/de\/","logo":{"@type":"ImageObject","inLanguage":"de","@id":"https:\/\/cartoleriadonati.ch\/de\/#\/schema\/logo\/image\/","url":"https:\/\/cartoleriadonati.ch\/wp-content\/uploads\/2019\/06\/DONATI_logo-1.png","contentUrl":"https:\/\/cartoleriadonati.ch\/wp-content\/uploads\/2019\/06\/DONATI_logo-1.png","width":2339,"height":1654,"caption":"Cartoleria Donati SA"},"image":{"@id":"https:\/\/cartoleriadonati.ch\/de\/#\/schema\/logo\/image\/"},"sameAs":["https:\/\/www.facebook.com\/CartoleriaDonati"]}]}},"_links":{"self":[{"href":"https:\/\/cartoleriadonati.ch\/de\/wp-json\/wp\/v2\/product\/46913","targetHints":{"allow":["GET"]}}],"collection":[{"href":"https:\/\/cartoleriadonati.ch\/de\/wp-json\/wp\/v2\/product"}],"about":[{"href":"https:\/\/cartoleriadonati.ch\/de\/wp-json\/wp\/v2\/types\/product"}],"wp:featuredmedia":[{"embeddable":true,"href":"https:\/\/cartoleriadonati.ch\/de\/wp-json\/wp\/v2\/media\/19170"}],"wp:attachment":[{"href":"https:\/\/cartoleriadonati.ch\/de\/wp-json\/wp\/v2\/media?parent=46913"}],"wp:term":[{"taxonomy":"product_brand","embeddable":true,"href":"https:\/\/cartoleriadonati.ch\/de\/wp-json\/wp\/v2\/product_brand?post=46913"},{"taxonomy":"product_cat","embeddable":true,"href":"https:\/\/cartoleriadonati.ch\/de\/wp-json\/wp\/v2\/product_cat?post=46913"},{"taxonomy":"product_tag","embeddable":true,"href":"https:\/\/cartoleriadonati.ch\/de\/wp-json\/wp\/v2\/product_tag?post=46913"}],"curies":[{"name":"wp","href":"https:\/\/api.w.org\/{rel}","templated":true}]}}