{"id":46846,"date":"2024-09-15T12:55:39","date_gmt":"2024-09-15T12:55:39","guid":{"rendered":"https:\/\/cartoleriadonati.ch\/prodotto\/personalisiertes-poster-song\/"},"modified":"2026-05-03T13:58:23","modified_gmt":"2026-05-03T13:58:23","slug":"personalisiertes-poster-song","status":"publish","type":"product","link":"https:\/\/cartoleriadonati.ch\/de\/prodotto\/personalisiertes-poster-song\/","title":{"rendered":"Personalisiertes Poster &#8220;Song&#8221;"},"content":{"rendered":"<p>Das personalisierte Poster &#8220;Song&#8221; ist die perfekte Idee, um einen besonderen Moment Ihres Lebens mit einer Grafik festzuhalten, die an die Benutzeroberfl\u00e4che einer Musikplattform erinnert. Dieses Produkt erm\u00f6glicht es Ihnen, ein einzigartiges und bedeutungsvolles Geschenk zu kreieren, indem Sie einen personalisierten &#8220;Song&#8221; mit einem bedeutungsvollen Foto sowie Texten wie Songtitel, Interpret und Musikwiedergabe-Icons gestalten. <\/p>\n<h3>Hauptmerkmale:<\/h3>\n<ul>\n<li><strong>Musik-Design<\/strong>: Das charakteristische Element dieses Posters ist sein Layout, das von der Benutzeroberfl\u00e4che einer Musikplattform inspiriert ist. Sie k\u00f6nnen ein pers\u00f6nliches Foto einf\u00fcgen, das von Musikwiedergabe-Icons umrahmt wird, mit der M\u00f6glichkeit, Songtitel und Interpretenname zu personalisieren, die die Person oder das Ereignis repr\u00e4sentieren k\u00f6nnten, das Sie feiern m\u00f6chten. <\/li>\n<li><strong>Vollst\u00e4ndige Personalisierung<\/strong>: Neben dem zentralen Foto k\u00f6nnen Sie die Texte personalisieren, wie den Titel des &#8220;Songs&#8221; und den Interpreten. Diese Details machen das Poster perfekt, um Anl\u00e4sse wie Geburtstage, Jahrestage zu feiern oder einfach einen besonderen Gedanken an eine geliebte Person auszudr\u00fccken. Sie k\u00f6nnen den Song beispielsweise mit S\u00e4tzen wie &#8220;Die St\u00e4rkste&#8221; betiteln und der Interpretenname k\u00f6nnte &#8220;Mama Paola&#8221; sein, wie im Beispielbild.  <\/li>\n<li><strong>Format- und Rahmenoptionen<\/strong>: Das Poster ist in verschiedenen Gr\u00f6\u00dfen erh\u00e4ltlich, um sich an die unterschiedlichen R\u00e4ume in Ihrem Zuhause oder B\u00fcro anzupassen. Dar\u00fcber hinaus k\u00f6nnen Sie w\u00e4hlen, ob Sie einen passenden Rahmen hinzuf\u00fcgen m\u00f6chten, um das endg\u00fcltige Erscheinungsbild des Posters zu vervollst\u00e4ndigen, bereit zum Aufh\u00e4ngen oder Verschenken. <\/li>\n<li><strong>Perfekt f\u00fcr jeden Anlass<\/strong>: Dieses Poster eignet sich perfekt f\u00fcr verschiedene Anl\u00e4sse wie Jahrestage, Geburtstage, Muttertag, Valentinstag oder auch als personalisiertes Geschenk f\u00fcr einen Freund oder Partner. Dank seiner modernen und originellen \u00c4sthetik ist es ein Produkt, das beeindruckt und ber\u00fchrt. <\/li>\n<\/ul>\n<h3>Warum das personalisierte Poster &#8220;Song&#8221; w\u00e4hlen?<\/h3>\n<p>Dieses Poster ist ein emotionales und personalisiertes Geschenk, das ein besonderes Foto mit einem kreativen Layout verbindet. Die M\u00f6glichkeit, die Details des &#8220;Songs&#8221; anzupassen, macht es einzigartig f\u00fcr jeden Anlass und verwandelt es in eine Erinnerung, die jeden Tag gesch\u00e4tzt und gezeigt werden kann. Die Struktur, die an einen Musikplayer erinnert, ist perfekt f\u00fcr Musikliebhaber oder f\u00fcr diejenigen, die ihren Geschenken eine k\u00fcnstlerische und zeitgem\u00e4\u00dfe Note verleihen m\u00f6chten.  <\/p>\n<p>W\u00e4hlen Sie das personalisierte Poster &#8220;Song&#8221;, um jeden besonderen Moment unvergesslich zu machen und ihn auf originelle und kreative Weise mit Ihren Liebsten zu teilen.<\/p>\n","protected":false},"excerpt":{"rendered":"<p>[fpd_module type=\"products\"]<br \/>\n[fpd_module type=\"text-layers\"]<\/p>\n<p>&nbsp;<\/p>\n","protected":false},"featured_media":34971,"template":"","meta":{"_acf_changed":false},"product_brand":[],"product_cat":[852,876],"product_tag":[],"class_list":{"0":"post-46846","1":"product","2":"type-product","3":"status-publish","4":"has-post-thumbnail","6":"product_cat-anpassen","7":"product_cat-personalisierte-poster","9":"first","10":"instock","11":"taxable","12":"shipping-taxable","13":"purchasable","14":"product-type-variable","15":"add-to-wishlist-after_add_to_cart"},"acf":[],"yoast_head":"<!-- This site is optimized with the Yoast SEO Premium plugin v27.5 (Yoast SEO v27.6) - https:\/\/yoast.com\/product\/yoast-seo-premium-wordpress\/ -->\n<title>Personalisiertes Poster &quot;Song&quot; - Cartoleria Donati SA<\/title>\n<meta name=\"description\" content=\"Erstellen Sie ein personalisiertes Poster &quot;Song&quot; mit Foto und Texten inspiriert von einer Musikplattform. Perfekt f\u00fcr einzigartige Geschenke und besondere Momente.\" \/>\n<meta name=\"robots\" content=\"index, follow, max-snippet:-1, max-image-preview:large, max-video-preview:-1\" \/>\n<link rel=\"canonical\" href=\"https:\/\/cartoleriadonati.ch\/de\/prodotto\/personalisiertes-poster-song\/\" \/>\n<meta property=\"og:locale\" content=\"de_DE\" \/>\n<meta property=\"og:type\" content=\"article\" \/>\n<meta property=\"og:title\" content=\"Personalisiertes Poster &quot;Song&quot;\" \/>\n<meta property=\"og:description\" content=\"Erstellen Sie ein personalisiertes Poster &quot;Song&quot; mit Foto und Texten inspiriert von einer Musikplattform. Perfekt f\u00fcr einzigartige Geschenke und besondere Momente.\" \/>\n<meta property=\"og:url\" content=\"https:\/\/cartoleriadonati.ch\/de\/prodotto\/personalisiertes-poster-song\/\" \/>\n<meta property=\"og:site_name\" content=\"Cartoleria Donati SA\" \/>\n<meta property=\"article:publisher\" content=\"https:\/\/www.facebook.com\/CartoleriaDonati\" \/>\n<meta property=\"article:modified_time\" content=\"2026-05-03T13:58:23+00:00\" \/>\n<meta property=\"og:image\" content=\"https:\/\/cartoleriadonati.ch\/wp-content\/uploads\/2024\/09\/Foto-prodotto-sito-1.jpg\" \/>\n\t<meta property=\"og:image:width\" content=\"1200\" \/>\n\t<meta property=\"og:image:height\" content=\"1500\" \/>\n\t<meta property=\"og:image:type\" content=\"image\/jpeg\" \/>\n<meta name=\"twitter:card\" content=\"summary_large_image\" \/>\n<meta name=\"twitter:label1\" content=\"Gesch\u00e4tzte Lesezeit\" \/>\n\t<meta name=\"twitter:data1\" content=\"2\u00a0Minuten\" \/>\n<script type=\"application\/ld+json\" class=\"yoast-schema-graph\">{\"@context\":\"https:\\\/\\\/schema.org\",\"@graph\":[{\"@type\":\"WebPage\",\"@id\":\"https:\\\/\\\/cartoleriadonati.ch\\\/de\\\/prodotto\\\/personalisiertes-poster-song\\\/\",\"url\":\"https:\\\/\\\/cartoleriadonati.ch\\\/de\\\/prodotto\\\/personalisiertes-poster-song\\\/\",\"name\":\"Personalisiertes Poster \\\"Song\\\" - Cartoleria Donati SA\",\"isPartOf\":{\"@id\":\"https:\\\/\\\/cartoleriadonati.ch\\\/de\\\/#website\"},\"primaryImageOfPage\":{\"@id\":\"https:\\\/\\\/cartoleriadonati.ch\\\/de\\\/prodotto\\\/personalisiertes-poster-song\\\/#primaryimage\"},\"image\":{\"@id\":\"https:\\\/\\\/cartoleriadonati.ch\\\/de\\\/prodotto\\\/personalisiertes-poster-song\\\/#primaryimage\"},\"thumbnailUrl\":\"https:\\\/\\\/cartoleriadonati.ch\\\/wp-content\\\/uploads\\\/2024\\\/09\\\/Foto-prodotto-sito-1.jpg\",\"datePublished\":\"2024-09-15T12:55:39+00:00\",\"dateModified\":\"2026-05-03T13:58:23+00:00\",\"description\":\"Erstellen Sie ein personalisiertes Poster \\\"Song\\\" mit Foto und Texten inspiriert von einer Musikplattform. Perfekt f\u00fcr einzigartige Geschenke und besondere Momente.\",\"breadcrumb\":{\"@id\":\"https:\\\/\\\/cartoleriadonati.ch\\\/de\\\/prodotto\\\/personalisiertes-poster-song\\\/#breadcrumb\"},\"inLanguage\":\"de\",\"potentialAction\":[{\"@type\":\"ReadAction\",\"target\":[\"https:\\\/\\\/cartoleriadonati.ch\\\/de\\\/prodotto\\\/personalisiertes-poster-song\\\/\"]}]},{\"@type\":\"ImageObject\",\"inLanguage\":\"de\",\"@id\":\"https:\\\/\\\/cartoleriadonati.ch\\\/de\\\/prodotto\\\/personalisiertes-poster-song\\\/#primaryimage\",\"url\":\"https:\\\/\\\/cartoleriadonati.ch\\\/wp-content\\\/uploads\\\/2024\\\/09\\\/Foto-prodotto-sito-1.jpg\",\"contentUrl\":\"https:\\\/\\\/cartoleriadonati.ch\\\/wp-content\\\/uploads\\\/2024\\\/09\\\/Foto-prodotto-sito-1.jpg\",\"width\":1200,\"height\":1500,\"caption\":\"Poster personalizzato Canzone\"},{\"@type\":\"BreadcrumbList\",\"@id\":\"https:\\\/\\\/cartoleriadonati.ch\\\/de\\\/prodotto\\\/personalisiertes-poster-song\\\/#breadcrumb\",\"itemListElement\":[{\"@type\":\"ListItem\",\"position\":1,\"name\":\"Home\",\"item\":\"https:\\\/\\\/cartoleriadonati.ch\\\/de\\\/home-page\\\/\"},{\"@type\":\"ListItem\",\"position\":2,\"name\":\"Shop\",\"item\":\"https:\\\/\\\/cartoleriadonati.ch\\\/de\\\/shop\\\/\"},{\"@type\":\"ListItem\",\"position\":3,\"name\":\"Personalisiertes Poster &#8220;Song&#8221;\"}]},{\"@type\":\"WebSite\",\"@id\":\"https:\\\/\\\/cartoleriadonati.ch\\\/de\\\/#website\",\"url\":\"https:\\\/\\\/cartoleriadonati.ch\\\/de\\\/\",\"name\":\"Cartoleria Donati SA\",\"description\":\"Sito internet ufficiale della Cartoleria Donati SA\",\"publisher\":{\"@id\":\"https:\\\/\\\/cartoleriadonati.ch\\\/de\\\/#organization\"},\"potentialAction\":[{\"@type\":\"SearchAction\",\"target\":{\"@type\":\"EntryPoint\",\"urlTemplate\":\"https:\\\/\\\/cartoleriadonati.ch\\\/de\\\/?s={search_term_string}\"},\"query-input\":{\"@type\":\"PropertyValueSpecification\",\"valueRequired\":true,\"valueName\":\"search_term_string\"}}],\"inLanguage\":\"de\"},{\"@type\":\"Organization\",\"@id\":\"https:\\\/\\\/cartoleriadonati.ch\\\/de\\\/#organization\",\"name\":\"Cartoleria Donati SA\",\"url\":\"https:\\\/\\\/cartoleriadonati.ch\\\/de\\\/\",\"logo\":{\"@type\":\"ImageObject\",\"inLanguage\":\"de\",\"@id\":\"https:\\\/\\\/cartoleriadonati.ch\\\/de\\\/#\\\/schema\\\/logo\\\/image\\\/\",\"url\":\"https:\\\/\\\/cartoleriadonati.ch\\\/wp-content\\\/uploads\\\/2019\\\/06\\\/DONATI_logo-1.png\",\"contentUrl\":\"https:\\\/\\\/cartoleriadonati.ch\\\/wp-content\\\/uploads\\\/2019\\\/06\\\/DONATI_logo-1.png\",\"width\":2339,\"height\":1654,\"caption\":\"Cartoleria Donati SA\"},\"image\":{\"@id\":\"https:\\\/\\\/cartoleriadonati.ch\\\/de\\\/#\\\/schema\\\/logo\\\/image\\\/\"},\"sameAs\":[\"https:\\\/\\\/www.facebook.com\\\/CartoleriaDonati\"]}]}<\/script>\n<!-- \/ Yoast SEO Premium plugin. -->","yoast_head_json":{"title":"Personalisiertes Poster \"Song\" - Cartoleria Donati SA","description":"Erstellen Sie ein personalisiertes Poster \"Song\" mit Foto und Texten inspiriert von einer Musikplattform. Perfekt f\u00fcr einzigartige Geschenke und besondere Momente.","robots":{"index":"index","follow":"follow","max-snippet":"max-snippet:-1","max-image-preview":"max-image-preview:large","max-video-preview":"max-video-preview:-1"},"canonical":"https:\/\/cartoleriadonati.ch\/de\/prodotto\/personalisiertes-poster-song\/","og_locale":"de_DE","og_type":"article","og_title":"Personalisiertes Poster \"Song\"","og_description":"Erstellen Sie ein personalisiertes Poster \"Song\" mit Foto und Texten inspiriert von einer Musikplattform. Perfekt f\u00fcr einzigartige Geschenke und besondere Momente.","og_url":"https:\/\/cartoleriadonati.ch\/de\/prodotto\/personalisiertes-poster-song\/","og_site_name":"Cartoleria Donati SA","article_publisher":"https:\/\/www.facebook.com\/CartoleriaDonati","article_modified_time":"2026-05-03T13:58:23+00:00","og_image":[{"width":1200,"height":1500,"url":"https:\/\/cartoleriadonati.ch\/wp-content\/uploads\/2024\/09\/Foto-prodotto-sito-1.jpg","type":"image\/jpeg"}],"twitter_card":"summary_large_image","twitter_misc":{"Gesch\u00e4tzte Lesezeit":"2\u00a0Minuten"},"schema":{"@context":"https:\/\/schema.org","@graph":[{"@type":"WebPage","@id":"https:\/\/cartoleriadonati.ch\/de\/prodotto\/personalisiertes-poster-song\/","url":"https:\/\/cartoleriadonati.ch\/de\/prodotto\/personalisiertes-poster-song\/","name":"Personalisiertes Poster \"Song\" - Cartoleria Donati SA","isPartOf":{"@id":"https:\/\/cartoleriadonati.ch\/de\/#website"},"primaryImageOfPage":{"@id":"https:\/\/cartoleriadonati.ch\/de\/prodotto\/personalisiertes-poster-song\/#primaryimage"},"image":{"@id":"https:\/\/cartoleriadonati.ch\/de\/prodotto\/personalisiertes-poster-song\/#primaryimage"},"thumbnailUrl":"https:\/\/cartoleriadonati.ch\/wp-content\/uploads\/2024\/09\/Foto-prodotto-sito-1.jpg","datePublished":"2024-09-15T12:55:39+00:00","dateModified":"2026-05-03T13:58:23+00:00","description":"Erstellen Sie ein personalisiertes Poster \"Song\" mit Foto und Texten inspiriert von einer Musikplattform. Perfekt f\u00fcr einzigartige Geschenke und besondere Momente.","breadcrumb":{"@id":"https:\/\/cartoleriadonati.ch\/de\/prodotto\/personalisiertes-poster-song\/#breadcrumb"},"inLanguage":"de","potentialAction":[{"@type":"ReadAction","target":["https:\/\/cartoleriadonati.ch\/de\/prodotto\/personalisiertes-poster-song\/"]}]},{"@type":"ImageObject","inLanguage":"de","@id":"https:\/\/cartoleriadonati.ch\/de\/prodotto\/personalisiertes-poster-song\/#primaryimage","url":"https:\/\/cartoleriadonati.ch\/wp-content\/uploads\/2024\/09\/Foto-prodotto-sito-1.jpg","contentUrl":"https:\/\/cartoleriadonati.ch\/wp-content\/uploads\/2024\/09\/Foto-prodotto-sito-1.jpg","width":1200,"height":1500,"caption":"Poster personalizzato Canzone"},{"@type":"BreadcrumbList","@id":"https:\/\/cartoleriadonati.ch\/de\/prodotto\/personalisiertes-poster-song\/#breadcrumb","itemListElement":[{"@type":"ListItem","position":1,"name":"Home","item":"https:\/\/cartoleriadonati.ch\/de\/home-page\/"},{"@type":"ListItem","position":2,"name":"Shop","item":"https:\/\/cartoleriadonati.ch\/de\/shop\/"},{"@type":"ListItem","position":3,"name":"Personalisiertes Poster &#8220;Song&#8221;"}]},{"@type":"WebSite","@id":"https:\/\/cartoleriadonati.ch\/de\/#website","url":"https:\/\/cartoleriadonati.ch\/de\/","name":"Cartoleria Donati SA","description":"Sito internet ufficiale della Cartoleria Donati SA","publisher":{"@id":"https:\/\/cartoleriadonati.ch\/de\/#organization"},"potentialAction":[{"@type":"SearchAction","target":{"@type":"EntryPoint","urlTemplate":"https:\/\/cartoleriadonati.ch\/de\/?s={search_term_string}"},"query-input":{"@type":"PropertyValueSpecification","valueRequired":true,"valueName":"search_term_string"}}],"inLanguage":"de"},{"@type":"Organization","@id":"https:\/\/cartoleriadonati.ch\/de\/#organization","name":"Cartoleria Donati SA","url":"https:\/\/cartoleriadonati.ch\/de\/","logo":{"@type":"ImageObject","inLanguage":"de","@id":"https:\/\/cartoleriadonati.ch\/de\/#\/schema\/logo\/image\/","url":"https:\/\/cartoleriadonati.ch\/wp-content\/uploads\/2019\/06\/DONATI_logo-1.png","contentUrl":"https:\/\/cartoleriadonati.ch\/wp-content\/uploads\/2019\/06\/DONATI_logo-1.png","width":2339,"height":1654,"caption":"Cartoleria Donati SA"},"image":{"@id":"https:\/\/cartoleriadonati.ch\/de\/#\/schema\/logo\/image\/"},"sameAs":["https:\/\/www.facebook.com\/CartoleriaDonati"]}]}},"_links":{"self":[{"href":"https:\/\/cartoleriadonati.ch\/de\/wp-json\/wp\/v2\/product\/46846","targetHints":{"allow":["GET"]}}],"collection":[{"href":"https:\/\/cartoleriadonati.ch\/de\/wp-json\/wp\/v2\/product"}],"about":[{"href":"https:\/\/cartoleriadonati.ch\/de\/wp-json\/wp\/v2\/types\/product"}],"wp:featuredmedia":[{"embeddable":true,"href":"https:\/\/cartoleriadonati.ch\/de\/wp-json\/wp\/v2\/media\/34971"}],"wp:attachment":[{"href":"https:\/\/cartoleriadonati.ch\/de\/wp-json\/wp\/v2\/media?parent=46846"}],"wp:term":[{"taxonomy":"product_brand","embeddable":true,"href":"https:\/\/cartoleriadonati.ch\/de\/wp-json\/wp\/v2\/product_brand?post=46846"},{"taxonomy":"product_cat","embeddable":true,"href":"https:\/\/cartoleriadonati.ch\/de\/wp-json\/wp\/v2\/product_cat?post=46846"},{"taxonomy":"product_tag","embeddable":true,"href":"https:\/\/cartoleriadonati.ch\/de\/wp-json\/wp\/v2\/product_tag?post=46846"}],"curies":[{"name":"wp","href":"https:\/\/api.w.org\/{rel}","templated":true}]}}