{"id":46766,"date":"2025-10-18T10:03:34","date_gmt":"2025-10-18T10:03:34","guid":{"rendered":"https:\/\/cartoleriadonati.ch\/prodotto\/talens-sketchbook-12x12-cm-rosa-personalisiert\/"},"modified":"2026-05-03T13:57:43","modified_gmt":"2026-05-03T13:57:43","slug":"talens-sketchbook-12x12-cm-rosa-personalisiert","status":"publish","type":"product","link":"https:\/\/cartoleriadonati.ch\/de\/prodotto\/talens-sketchbook-12x12-cm-rosa-personalisiert\/","title":{"rendered":"TALENS Sketchbook 12&#215;12 cm rosa personalisiert"},"content":{"rendered":"<h3 data-start=\"227\" data-end=\"288\"><strong data-start=\"231\" data-end=\"288\">Talens Sketchbook 12&#215;12 cm rosa personalisiert<\/strong><\/h3>\n<p data-start=\"290\" data-end=\"623\">Ein kleines quadratisches Notizbuch, das die ganze kreative Freiheit f\u00fcr alle bietet, die gerne zeichnen, schreiben und experimentieren. Das <strong data-start=\"409\" data-end=\"452\">Talens Art Creation Sketchbook 12&#215;12 cm<\/strong> ist perfekt f\u00fcr alle, die ein Notizbuch zum Mitnehmen suchen: kompakt, elegant und mit einem <strong data-start=\"545\" data-end=\"583\">rosafarbenen Hardcover<\/strong>, das Frische und Inspiration vermittelt. <\/p>\n<h3 data-start=\"625\" data-end=\"664\"><strong data-start=\"629\" data-end=\"664\">Talens-Qualit\u00e4t f\u00fcr jeden K\u00fcnstler<\/strong><\/h3>\n<p data-start=\"665\" data-end=\"1177\">Jedes Talens Sketchbook besteht aus <strong data-start=\"705\" data-end=\"750\">80 Blatt cremefarbenem Papier mit 140 g\/m\u00b2<\/strong> \u2013 dick, widerstandsf\u00e4hig und <strong data-start=\"773\" data-end=\"791\">s\u00e4urefrei<\/strong>, um eine lange Haltbarkeit zu garantieren. Es ist ideal f\u00fcr zahlreiche Techniken: <strong data-start=\"869\" data-end=\"953\">Bleistift, Kohle, Pastell, Stifte, Marker, Acryl- oder Tuschemalerei<\/strong> bis hin zu leichten Aquarell- oder Temperaanwendungen.<br data-start=\"1007\" data-end=\"1010\">Die solide Bindung und der Verschluss mit <strong data-start=\"1049\" data-end=\"1070\">seitlichem Gummiband<\/strong> machen das Notizbuch praktisch in der Handhabung und perfekt f\u00fcr den Transport, wobei Ihre Werke \u00fcberall gesch\u00fctzt bleiben. <\/p>\n<h3 data-start=\"1179\" data-end=\"1234\"><strong data-start=\"1183\" data-end=\"1234\">Exklusive Personalisierung mit Lasergravur<\/strong><\/h3>\n<p data-start=\"1235\" data-end=\"1547\">Die wahre Besonderheit dieses Sketchbooks ist die M\u00f6glichkeit, <strong data-start=\"1298\" data-end=\"1352\">das Cover mit einer Lasergravur zu personalisieren<\/strong>. Sie k\u00f6nnen einen Namen, einen Spruch, ein Symbol oder eine Widmung hinzuf\u00fcgen, um Ihr Notizbuch wahrhaft einzigartig zu machen \u2013 auch perfekt als <strong data-start=\"1478\" data-end=\"1544\">Geschenkidee f\u00fcr K\u00fcnstler, Studenten oder Journaling-Begeisterte<\/strong>. <\/p>\n<blockquote data-start=\"1548\" data-end=\"1762\">\n<p data-start=\"1550\" data-end=\"1762\">\ud83d\udca1 <em data-start=\"1553\" data-end=\"1762\">Bei der Online-Personalisierung erscheinen Text und Grafiken in Wei\u00df, um die Ansicht zu erleichtern; die tats\u00e4chliche Farbe der Gravur entspricht jedoch der nat\u00fcrlichen Farbe des darunter liegenden Materials, die durch den Laser freigelegt wird.<\/em><\/p>\n<\/blockquote>\n<h3 data-start=\"1764\" data-end=\"1803\"><strong data-start=\"1768\" data-end=\"1803\">Kreativit\u00e4t im Taschenformat<\/strong><\/h3>\n<p data-start=\"1804\" data-end=\"2028\">Das kompakte Format von <strong data-start=\"1827\" data-end=\"1839\">12&#215;12 cm<\/strong> ist perfekt f\u00fcr schnelle Skizzen, kleine Projekte oder als Begleiter auf Reisen. Ein idealer Partner f\u00fcr alle, die Inspiration in jedem Moment einfangen m\u00f6chten \u2013 mit einem raffinierten und pers\u00f6nlichen Stil. <\/p>\n","protected":false},"excerpt":{"rendered":"<p>[fpd_module type=\"text\"]<br \/>\n[fpd_module type=\"designs\"]<\/p>\n","protected":false},"featured_media":38354,"template":"","meta":{"_acf_changed":false},"product_brand":[],"product_cat":[852,869,868],"product_tag":[],"class_list":{"0":"post-46766","1":"product","2":"type-product","3":"status-publish","4":"has-post-thumbnail","6":"product_cat-anpassen","7":"product_cat-blanko-seiten","8":"product_cat-personalisierte-notizbucher","10":"first","11":"instock","12":"taxable","13":"shipping-taxable","14":"purchasable","15":"product-type-simple","16":"add-to-wishlist-after_add_to_cart"},"acf":[],"yoast_head":"<!-- This site is optimized with the Yoast SEO Premium plugin v27.5 (Yoast SEO v27.6) - https:\/\/yoast.com\/product\/yoast-seo-premium-wordpress\/ -->\n<title>TALENS Sketchbook 12x12 cm rosa personalisiert - Cartoleria Donati SA<\/title>\n<meta name=\"description\" content=\"Talens Sketchbook 12x12 cm in Rosa, personalisierbar mit Lasergravur. Ideal f\u00fcr Zeichnungen, Journaling und kreative Skizzen auf dickem 140 g\/m\u00b2 Papier.\" \/>\n<meta name=\"robots\" content=\"index, follow, max-snippet:-1, max-image-preview:large, max-video-preview:-1\" \/>\n<link rel=\"canonical\" href=\"https:\/\/cartoleriadonati.ch\/de\/prodotto\/talens-sketchbook-12x12-cm-rosa-personalisiert\/\" \/>\n<meta property=\"og:locale\" content=\"de_DE\" \/>\n<meta property=\"og:type\" content=\"article\" \/>\n<meta property=\"og:title\" content=\"TALENS Sketchbook 12x12 cm rosa personalisiert\" \/>\n<meta property=\"og:description\" content=\"Talens Sketchbook 12x12 cm in Rosa, personalisierbar mit Lasergravur. Ideal f\u00fcr Zeichnungen, Journaling und kreative Skizzen auf dickem 140 g\/m\u00b2 Papier.\" \/>\n<meta property=\"og:url\" content=\"https:\/\/cartoleriadonati.ch\/de\/prodotto\/talens-sketchbook-12x12-cm-rosa-personalisiert\/\" \/>\n<meta property=\"og:site_name\" content=\"Cartoleria Donati SA\" \/>\n<meta property=\"article:publisher\" content=\"https:\/\/www.facebook.com\/CartoleriaDonati\" \/>\n<meta property=\"article:modified_time\" content=\"2026-05-03T13:57:43+00:00\" \/>\n<meta property=\"og:image\" content=\"https:\/\/cartoleriadonati.ch\/wp-content\/uploads\/2025\/10\/Talens-taccuino-12x12-rosa.jpg\" \/>\n\t<meta property=\"og:image:width\" content=\"1200\" \/>\n\t<meta property=\"og:image:height\" content=\"1500\" \/>\n\t<meta property=\"og:image:type\" content=\"image\/jpeg\" \/>\n<meta name=\"twitter:card\" content=\"summary_large_image\" \/>\n<meta name=\"twitter:label1\" content=\"Gesch\u00e4tzte Lesezeit\" \/>\n\t<meta name=\"twitter:data1\" content=\"1\u00a0Minute\" \/>\n<script type=\"application\/ld+json\" class=\"yoast-schema-graph\">{\"@context\":\"https:\\\/\\\/schema.org\",\"@graph\":[{\"@type\":\"WebPage\",\"@id\":\"https:\\\/\\\/cartoleriadonati.ch\\\/de\\\/prodotto\\\/talens-sketchbook-12x12-cm-rosa-personalisiert\\\/\",\"url\":\"https:\\\/\\\/cartoleriadonati.ch\\\/de\\\/prodotto\\\/talens-sketchbook-12x12-cm-rosa-personalisiert\\\/\",\"name\":\"TALENS Sketchbook 12x12 cm rosa personalisiert - Cartoleria Donati SA\",\"isPartOf\":{\"@id\":\"https:\\\/\\\/cartoleriadonati.ch\\\/de\\\/#website\"},\"primaryImageOfPage\":{\"@id\":\"https:\\\/\\\/cartoleriadonati.ch\\\/de\\\/prodotto\\\/talens-sketchbook-12x12-cm-rosa-personalisiert\\\/#primaryimage\"},\"image\":{\"@id\":\"https:\\\/\\\/cartoleriadonati.ch\\\/de\\\/prodotto\\\/talens-sketchbook-12x12-cm-rosa-personalisiert\\\/#primaryimage\"},\"thumbnailUrl\":\"https:\\\/\\\/cartoleriadonati.ch\\\/wp-content\\\/uploads\\\/2025\\\/10\\\/Talens-taccuino-12x12-rosa.jpg\",\"datePublished\":\"2025-10-18T10:03:34+00:00\",\"dateModified\":\"2026-05-03T13:57:43+00:00\",\"description\":\"Talens Sketchbook 12x12 cm in Rosa, personalisierbar mit Lasergravur. Ideal f\u00fcr Zeichnungen, Journaling und kreative Skizzen auf dickem 140 g\\\/m\u00b2 Papier.\",\"breadcrumb\":{\"@id\":\"https:\\\/\\\/cartoleriadonati.ch\\\/de\\\/prodotto\\\/talens-sketchbook-12x12-cm-rosa-personalisiert\\\/#breadcrumb\"},\"inLanguage\":\"de\",\"potentialAction\":[{\"@type\":\"ReadAction\",\"target\":[\"https:\\\/\\\/cartoleriadonati.ch\\\/de\\\/prodotto\\\/talens-sketchbook-12x12-cm-rosa-personalisiert\\\/\"]}]},{\"@type\":\"ImageObject\",\"inLanguage\":\"de\",\"@id\":\"https:\\\/\\\/cartoleriadonati.ch\\\/de\\\/prodotto\\\/talens-sketchbook-12x12-cm-rosa-personalisiert\\\/#primaryimage\",\"url\":\"https:\\\/\\\/cartoleriadonati.ch\\\/wp-content\\\/uploads\\\/2025\\\/10\\\/Talens-taccuino-12x12-rosa.jpg\",\"contentUrl\":\"https:\\\/\\\/cartoleriadonati.ch\\\/wp-content\\\/uploads\\\/2025\\\/10\\\/Talens-taccuino-12x12-rosa.jpg\",\"width\":1200,\"height\":1500},{\"@type\":\"BreadcrumbList\",\"@id\":\"https:\\\/\\\/cartoleriadonati.ch\\\/de\\\/prodotto\\\/talens-sketchbook-12x12-cm-rosa-personalisiert\\\/#breadcrumb\",\"itemListElement\":[{\"@type\":\"ListItem\",\"position\":1,\"name\":\"Home\",\"item\":\"https:\\\/\\\/cartoleriadonati.ch\\\/de\\\/home-page\\\/\"},{\"@type\":\"ListItem\",\"position\":2,\"name\":\"Shop\",\"item\":\"https:\\\/\\\/cartoleriadonati.ch\\\/de\\\/shop\\\/\"},{\"@type\":\"ListItem\",\"position\":3,\"name\":\"TALENS Sketchbook 12&#215;12 cm rosa personalisiert\"}]},{\"@type\":\"WebSite\",\"@id\":\"https:\\\/\\\/cartoleriadonati.ch\\\/de\\\/#website\",\"url\":\"https:\\\/\\\/cartoleriadonati.ch\\\/de\\\/\",\"name\":\"Cartoleria Donati SA\",\"description\":\"Sito internet ufficiale della Cartoleria Donati SA\",\"publisher\":{\"@id\":\"https:\\\/\\\/cartoleriadonati.ch\\\/de\\\/#organization\"},\"potentialAction\":[{\"@type\":\"SearchAction\",\"target\":{\"@type\":\"EntryPoint\",\"urlTemplate\":\"https:\\\/\\\/cartoleriadonati.ch\\\/de\\\/?s={search_term_string}\"},\"query-input\":{\"@type\":\"PropertyValueSpecification\",\"valueRequired\":true,\"valueName\":\"search_term_string\"}}],\"inLanguage\":\"de\"},{\"@type\":\"Organization\",\"@id\":\"https:\\\/\\\/cartoleriadonati.ch\\\/de\\\/#organization\",\"name\":\"Cartoleria Donati SA\",\"url\":\"https:\\\/\\\/cartoleriadonati.ch\\\/de\\\/\",\"logo\":{\"@type\":\"ImageObject\",\"inLanguage\":\"de\",\"@id\":\"https:\\\/\\\/cartoleriadonati.ch\\\/de\\\/#\\\/schema\\\/logo\\\/image\\\/\",\"url\":\"https:\\\/\\\/cartoleriadonati.ch\\\/wp-content\\\/uploads\\\/2019\\\/06\\\/DONATI_logo-1.png\",\"contentUrl\":\"https:\\\/\\\/cartoleriadonati.ch\\\/wp-content\\\/uploads\\\/2019\\\/06\\\/DONATI_logo-1.png\",\"width\":2339,\"height\":1654,\"caption\":\"Cartoleria Donati SA\"},\"image\":{\"@id\":\"https:\\\/\\\/cartoleriadonati.ch\\\/de\\\/#\\\/schema\\\/logo\\\/image\\\/\"},\"sameAs\":[\"https:\\\/\\\/www.facebook.com\\\/CartoleriaDonati\"]}]}<\/script>\n<!-- \/ Yoast SEO Premium plugin. -->","yoast_head_json":{"title":"TALENS Sketchbook 12x12 cm rosa personalisiert - Cartoleria Donati SA","description":"Talens Sketchbook 12x12 cm in Rosa, personalisierbar mit Lasergravur. Ideal f\u00fcr Zeichnungen, Journaling und kreative Skizzen auf dickem 140 g\/m\u00b2 Papier.","robots":{"index":"index","follow":"follow","max-snippet":"max-snippet:-1","max-image-preview":"max-image-preview:large","max-video-preview":"max-video-preview:-1"},"canonical":"https:\/\/cartoleriadonati.ch\/de\/prodotto\/talens-sketchbook-12x12-cm-rosa-personalisiert\/","og_locale":"de_DE","og_type":"article","og_title":"TALENS Sketchbook 12x12 cm rosa personalisiert","og_description":"Talens Sketchbook 12x12 cm in Rosa, personalisierbar mit Lasergravur. Ideal f\u00fcr Zeichnungen, Journaling und kreative Skizzen auf dickem 140 g\/m\u00b2 Papier.","og_url":"https:\/\/cartoleriadonati.ch\/de\/prodotto\/talens-sketchbook-12x12-cm-rosa-personalisiert\/","og_site_name":"Cartoleria Donati SA","article_publisher":"https:\/\/www.facebook.com\/CartoleriaDonati","article_modified_time":"2026-05-03T13:57:43+00:00","og_image":[{"width":1200,"height":1500,"url":"https:\/\/cartoleriadonati.ch\/wp-content\/uploads\/2025\/10\/Talens-taccuino-12x12-rosa.jpg","type":"image\/jpeg"}],"twitter_card":"summary_large_image","twitter_misc":{"Gesch\u00e4tzte Lesezeit":"1\u00a0Minute"},"schema":{"@context":"https:\/\/schema.org","@graph":[{"@type":"WebPage","@id":"https:\/\/cartoleriadonati.ch\/de\/prodotto\/talens-sketchbook-12x12-cm-rosa-personalisiert\/","url":"https:\/\/cartoleriadonati.ch\/de\/prodotto\/talens-sketchbook-12x12-cm-rosa-personalisiert\/","name":"TALENS Sketchbook 12x12 cm rosa personalisiert - Cartoleria Donati SA","isPartOf":{"@id":"https:\/\/cartoleriadonati.ch\/de\/#website"},"primaryImageOfPage":{"@id":"https:\/\/cartoleriadonati.ch\/de\/prodotto\/talens-sketchbook-12x12-cm-rosa-personalisiert\/#primaryimage"},"image":{"@id":"https:\/\/cartoleriadonati.ch\/de\/prodotto\/talens-sketchbook-12x12-cm-rosa-personalisiert\/#primaryimage"},"thumbnailUrl":"https:\/\/cartoleriadonati.ch\/wp-content\/uploads\/2025\/10\/Talens-taccuino-12x12-rosa.jpg","datePublished":"2025-10-18T10:03:34+00:00","dateModified":"2026-05-03T13:57:43+00:00","description":"Talens Sketchbook 12x12 cm in Rosa, personalisierbar mit Lasergravur. Ideal f\u00fcr Zeichnungen, Journaling und kreative Skizzen auf dickem 140 g\/m\u00b2 Papier.","breadcrumb":{"@id":"https:\/\/cartoleriadonati.ch\/de\/prodotto\/talens-sketchbook-12x12-cm-rosa-personalisiert\/#breadcrumb"},"inLanguage":"de","potentialAction":[{"@type":"ReadAction","target":["https:\/\/cartoleriadonati.ch\/de\/prodotto\/talens-sketchbook-12x12-cm-rosa-personalisiert\/"]}]},{"@type":"ImageObject","inLanguage":"de","@id":"https:\/\/cartoleriadonati.ch\/de\/prodotto\/talens-sketchbook-12x12-cm-rosa-personalisiert\/#primaryimage","url":"https:\/\/cartoleriadonati.ch\/wp-content\/uploads\/2025\/10\/Talens-taccuino-12x12-rosa.jpg","contentUrl":"https:\/\/cartoleriadonati.ch\/wp-content\/uploads\/2025\/10\/Talens-taccuino-12x12-rosa.jpg","width":1200,"height":1500},{"@type":"BreadcrumbList","@id":"https:\/\/cartoleriadonati.ch\/de\/prodotto\/talens-sketchbook-12x12-cm-rosa-personalisiert\/#breadcrumb","itemListElement":[{"@type":"ListItem","position":1,"name":"Home","item":"https:\/\/cartoleriadonati.ch\/de\/home-page\/"},{"@type":"ListItem","position":2,"name":"Shop","item":"https:\/\/cartoleriadonati.ch\/de\/shop\/"},{"@type":"ListItem","position":3,"name":"TALENS Sketchbook 12&#215;12 cm rosa personalisiert"}]},{"@type":"WebSite","@id":"https:\/\/cartoleriadonati.ch\/de\/#website","url":"https:\/\/cartoleriadonati.ch\/de\/","name":"Cartoleria Donati SA","description":"Sito internet ufficiale della Cartoleria Donati SA","publisher":{"@id":"https:\/\/cartoleriadonati.ch\/de\/#organization"},"potentialAction":[{"@type":"SearchAction","target":{"@type":"EntryPoint","urlTemplate":"https:\/\/cartoleriadonati.ch\/de\/?s={search_term_string}"},"query-input":{"@type":"PropertyValueSpecification","valueRequired":true,"valueName":"search_term_string"}}],"inLanguage":"de"},{"@type":"Organization","@id":"https:\/\/cartoleriadonati.ch\/de\/#organization","name":"Cartoleria Donati SA","url":"https:\/\/cartoleriadonati.ch\/de\/","logo":{"@type":"ImageObject","inLanguage":"de","@id":"https:\/\/cartoleriadonati.ch\/de\/#\/schema\/logo\/image\/","url":"https:\/\/cartoleriadonati.ch\/wp-content\/uploads\/2019\/06\/DONATI_logo-1.png","contentUrl":"https:\/\/cartoleriadonati.ch\/wp-content\/uploads\/2019\/06\/DONATI_logo-1.png","width":2339,"height":1654,"caption":"Cartoleria Donati SA"},"image":{"@id":"https:\/\/cartoleriadonati.ch\/de\/#\/schema\/logo\/image\/"},"sameAs":["https:\/\/www.facebook.com\/CartoleriaDonati"]}]}},"_links":{"self":[{"href":"https:\/\/cartoleriadonati.ch\/de\/wp-json\/wp\/v2\/product\/46766","targetHints":{"allow":["GET"]}}],"collection":[{"href":"https:\/\/cartoleriadonati.ch\/de\/wp-json\/wp\/v2\/product"}],"about":[{"href":"https:\/\/cartoleriadonati.ch\/de\/wp-json\/wp\/v2\/types\/product"}],"wp:featuredmedia":[{"embeddable":true,"href":"https:\/\/cartoleriadonati.ch\/de\/wp-json\/wp\/v2\/media\/38354"}],"wp:attachment":[{"href":"https:\/\/cartoleriadonati.ch\/de\/wp-json\/wp\/v2\/media?parent=46766"}],"wp:term":[{"taxonomy":"product_brand","embeddable":true,"href":"https:\/\/cartoleriadonati.ch\/de\/wp-json\/wp\/v2\/product_brand?post=46766"},{"taxonomy":"product_cat","embeddable":true,"href":"https:\/\/cartoleriadonati.ch\/de\/wp-json\/wp\/v2\/product_cat?post=46766"},{"taxonomy":"product_tag","embeddable":true,"href":"https:\/\/cartoleriadonati.ch\/de\/wp-json\/wp\/v2\/product_tag?post=46766"}],"curies":[{"name":"wp","href":"https:\/\/api.w.org\/{rel}","templated":true}]}}