{"id":46658,"date":"2024-05-24T20:04:57","date_gmt":"2024-05-24T20:04:57","guid":{"rendered":"https:\/\/cartoleriadonati.ch\/prodotto\/caran-dache-kugelschreiber-ecridor-chevron\/"},"modified":"2026-05-03T13:57:00","modified_gmt":"2026-05-03T13:57:00","slug":"caran-dache-kugelschreiber-ecridor-chevron","status":"publish","type":"product","link":"https:\/\/cartoleriadonati.ch\/de\/prodotto\/caran-dache-kugelschreiber-ecridor-chevron\/","title":{"rendered":"CARAN D&#8217;ACHE Kugelschreiber Ecridor Chevron"},"content":{"rendered":"<p>Der Caran d&#8217;Ache Ecridor Chevron Kugelschreiber verk\u00f6rpert Schweizer Eleganz und Qualit\u00e4t auf h\u00f6chstem Niveau. Mit einem auf die sechs Seiten seines edlen Schafts gravierten, umgekehrten V-Muster besticht dieser Stift durch ein anspruchsvolles und zeitloses Design. Die hochwertige Beschichtung sorgt Tag f\u00fcr Tag f\u00fcr ein gl\u00e4nzendes Erscheinungsbild und macht den Ecridor Chevron zu einem markanten und langlebigen Schreibaccessoire. Ausgestattet mit der ber\u00fchmten Goliath-Tintenpatrone mit hoher Kapazit\u00e4t, bietet dieser Stift ein fl\u00fcssiges und dauerhaftes Schreibgef\u00fchl, ideal f\u00fcr den t\u00e4glichen und professionellen Gebrauch.   <\/p>\n<p data-start=\"353\" data-end=\"544\"><strong>So personalisieren Sie:  <\/strong><\/p>\n<ol>\n<li><strong data-start=\"357\" data-end=\"383\">Design personalisieren<\/strong><br data-start=\"383\" data-end=\"386\">Auf der rechten Seite k\u00f6nnen Sie den zu gravierenden Text eingeben (maximal 4 Buchstaben). Sobald der Text eingegeben ist, k\u00f6nnen Sie zwischen Blockschrift oder Kursivschrift w\u00e4hlen. <\/li>\n<li data-start=\"546\" data-end=\"660\"><strong data-start=\"550\" data-end=\"571\">Bestellung abschlie\u00dfen<\/strong><br data-start=\"571\" data-end=\"574\">Wenn das Design fertig ist, legen Sie das Produkt in den Warenkorb und fahren Sie mit dem Checkout fort.<\/li>\n<li data-start=\"662\" data-end=\"797\"><strong data-start=\"666\" data-end=\"688\">Dateikontrolle<\/strong><br data-start=\"688\" data-end=\"691\">Vor der Gravur pr\u00fcfen wir stets die Datei. Sollten wir Zweifel haben oder das Design ungeeignet sein, werden wir Sie kontaktieren. <\/li>\n<li data-start=\"799\" data-end=\"919\"><strong data-start=\"803\" data-end=\"840\">Produktion in unserer Papeterie<\/strong><br data-start=\"840\" data-end=\"843\">Das Produkt wird bei der Cartoleria Donati SA graviert und personalisiert.<\/li>\n<\/ol>\n<p><strong data-start=\"923\" data-end=\"947\">Produktionszeit:<\/strong> ca. <strong data-start=\"954\" data-end=\"979\">1\u20132 Werktage<\/strong>.<\/p>\n<h3>Hauptmerkmale:<\/h3>\n<ul>\n<li><strong>Umgekehrtes V-Muster<\/strong>: Das auf die sechs Seiten des Schafts gravierte Design verleiht ein elegantes und raffiniertes Aussehen.<\/li>\n<li><strong>Edle Beschichtung<\/strong>: Garantiert ein gl\u00e4nzendes und langlebiges Erscheinungsbild, sodass der Stift Tag f\u00fcr Tag wie neu bleibt.<\/li>\n<li><strong>Hexagonaler Messingk\u00f6rper<\/strong>: Die klassische sechseckige Form von Caran d&#8217;Ache bietet einen komfortablen Halt und ein angenehmes Schreibgef\u00fchl.<\/li>\n<li><strong>Goliath-Hochleistungspatrone<\/strong>: Ausgestattet mit der ber\u00fchmten Goliath-Patrone in Medium Schwarz, erm\u00f6glicht der Stift das Schreiben von bis zu 600 A4-Seiten mit einer einzigen F\u00fcllung. Kompatibel mit allen Goliath-Tintenpatronen. <\/li>\n<li><strong>Nachf\u00fcllbare Patrone<\/strong>: Der Stift ist nachf\u00fcllbar konzipiert und bietet eine nachhaltige sowie praktische L\u00f6sung.<\/li>\n<\/ul>\n<h3>Anwendungen:<\/h3>\n<p>Der Caran d&#8217;Ache Ecridor Chevron Kugelschreiber eignet sich perfekt f\u00fcr vielf\u00e4ltige professionelle und pers\u00f6nliche Zwecke:<\/p>\n<ul>\n<li><strong>T\u00e4gliches Schreiben<\/strong>: Ideal f\u00fcr Notizen, Briefe und wichtige Dokumente mit Stil und Komfort.<\/li>\n<li><strong>Professionelle Nutzung<\/strong>: Perfekt f\u00fcr Fachleute, die ein elegantes und zuverl\u00e4ssiges Schreibger\u00e4t f\u00fcr Meetings, Konferenzen und Vertragsunterzeichnungen suchen.<\/li>\n<li><strong>Prestigetr\u00e4chtiges Geschenk<\/strong>: Eine perfekte Geschenkidee f\u00fcr besondere Anl\u00e4sse wie Abschl\u00fcsse, Bef\u00f6rderungen, Geburtstage und Jubil\u00e4en, dank seines luxuri\u00f6sen Designs und der \u00fcberlegenen Qualit\u00e4t.<\/li>\n<\/ul>\n<h3>Vorteile:<\/h3>\n<ul>\n<li><strong>Elegantes Design<\/strong>: Das gravierte umgekehrte V-Muster verleiht dem Stift ein raffiniertes und markantes Aussehen.<\/li>\n<li><strong>Qualit\u00e4t und Langlebigkeit<\/strong>: Hergestellt aus edlen Materialien und mit einem Pr\u00e4zisionsmechanismus, ist der Caran d&#8217;Ache Ecridor Chevron auf Langlebigkeit und m\u00fcheloses Schreiben ausgelegt.<\/li>\n<li><strong>Prestige<\/strong>: Der Stift ist ein Symbol f\u00fcr Stil und Raffinesse, ideal f\u00fcr alle, die sich mit einem Luxus-Accessoire abheben m\u00f6chten.<\/li>\n<li><strong>Nachhaltigkeit<\/strong>: Die nachf\u00fcllbare Patrone bietet eine umweltfreundliche und kosteng\u00fcnstige L\u00f6sung f\u00fcr eine langfristige Nutzung.<\/li>\n<\/ul>\n<p>Der Caran d&#8217;Ache Ecridor Chevron Kugelschreiber ist ein Beispiel f\u00fcr Eleganz und Raffinesse, ideal f\u00fcr alle, die ein hochwertiges Schreibger\u00e4t suchen. Mit seinem markanten Design, edlen Materialien und der nachf\u00fcllbaren Hochleistungspatrone bietet dieser Stift ein erstklassiges Schreibgef\u00fchl, das Kreativit\u00e4t und Stil inspiriert. Kaufen Sie ihn jetzt und machen Sie jeden Schreibmoment zu einem besonderen Anlass!  <\/p>\n<p>201565<\/p>\n","protected":false},"excerpt":{"rendered":"<p><strong>ECRIDOR CHEVRON &#8211; Kugelschreiber<\/strong><\/p>\n<p>Der Ecridor Chevron Kugelschreiber pr\u00e4sentiert ein umgekehrtes V-Muster auf den sechs Seiten seines edlen Schafts. Die hochwertige Beschichtung garantiert Ihnen Tag f\u00fcr Tag ein gl\u00e4nzendes Erscheinungsbild. <\/p>\n","protected":false},"featured_media":19134,"template":"","meta":{"_acf_changed":false},"product_brand":[],"product_cat":[883,863,893],"product_tag":[],"class_list":{"0":"post-46658","1":"product","2":"type-product","3":"status-publish","4":"has-post-thumbnail","6":"product_cat-geschenkideen-geburtstag","7":"product_cat-kugelschreiber","8":"product_cat-personalisierte-stifte","9":"wcpa_has_options","11":"first","12":"instock","13":"taxable","14":"shipping-taxable","15":"purchasable","16":"product-type-simple","17":"add-to-wishlist-after_add_to_cart"},"acf":[],"yoast_head":"<!-- This site is optimized with the Yoast SEO Premium plugin v27.5 (Yoast SEO v27.6) - https:\/\/yoast.com\/product\/yoast-seo-premium-wordpress\/ -->\n<title>CARAN D&#039;ACHE Kugelschreiber Ecridor Chevron - Cartoleria Donati SA<\/title>\n<meta name=\"description\" content=\"Entdecken Sie den Caran d&#039;Ache Ecridor Chevron Kugelschreiber mit umgekehrtem V-Muster und edler Beschichtung. Personalisieren Sie ihn mit Initialen.\" \/>\n<meta name=\"robots\" content=\"index, follow, max-snippet:-1, max-image-preview:large, max-video-preview:-1\" \/>\n<link rel=\"canonical\" href=\"https:\/\/cartoleriadonati.ch\/de\/prodotto\/caran-dache-kugelschreiber-ecridor-chevron\/\" \/>\n<meta property=\"og:locale\" content=\"de_DE\" \/>\n<meta property=\"og:type\" content=\"article\" \/>\n<meta property=\"og:title\" content=\"CARAN D&#039;ACHE Kugelschreiber Ecridor Chevron\" \/>\n<meta property=\"og:description\" content=\"Entdecken Sie den Caran d&#039;Ache Ecridor Chevron Kugelschreiber mit umgekehrtem V-Muster und edler Beschichtung. Personalisieren Sie ihn mit Initialen.\" \/>\n<meta property=\"og:url\" content=\"https:\/\/cartoleriadonati.ch\/de\/prodotto\/caran-dache-kugelschreiber-ecridor-chevron\/\" \/>\n<meta property=\"og:site_name\" content=\"Cartoleria Donati SA\" \/>\n<meta property=\"article:publisher\" content=\"https:\/\/www.facebook.com\/CartoleriaDonati\" \/>\n<meta property=\"article:modified_time\" content=\"2026-05-03T13:57:00+00:00\" \/>\n<meta property=\"og:image\" content=\"https:\/\/cartoleriadonati.ch\/wp-content\/uploads\/2024\/05\/CARAN-DACHE-Penna-sfera-Ecridor-Chevron.jpg\" \/>\n\t<meta property=\"og:image:width\" content=\"800\" \/>\n\t<meta property=\"og:image:height\" content=\"1200\" \/>\n\t<meta property=\"og:image:type\" content=\"image\/jpeg\" \/>\n<meta name=\"twitter:card\" content=\"summary_large_image\" \/>\n<meta name=\"twitter:label1\" content=\"Gesch\u00e4tzte Lesezeit\" \/>\n\t<meta name=\"twitter:data1\" content=\"3\u00a0Minuten\" \/>\n<script type=\"application\/ld+json\" class=\"yoast-schema-graph\">{\"@context\":\"https:\\\/\\\/schema.org\",\"@graph\":[{\"@type\":\"WebPage\",\"@id\":\"https:\\\/\\\/cartoleriadonati.ch\\\/de\\\/prodotto\\\/caran-dache-kugelschreiber-ecridor-chevron\\\/\",\"url\":\"https:\\\/\\\/cartoleriadonati.ch\\\/de\\\/prodotto\\\/caran-dache-kugelschreiber-ecridor-chevron\\\/\",\"name\":\"CARAN D'ACHE Kugelschreiber Ecridor Chevron - Cartoleria Donati SA\",\"isPartOf\":{\"@id\":\"https:\\\/\\\/cartoleriadonati.ch\\\/de\\\/#website\"},\"primaryImageOfPage\":{\"@id\":\"https:\\\/\\\/cartoleriadonati.ch\\\/de\\\/prodotto\\\/caran-dache-kugelschreiber-ecridor-chevron\\\/#primaryimage\"},\"image\":{\"@id\":\"https:\\\/\\\/cartoleriadonati.ch\\\/de\\\/prodotto\\\/caran-dache-kugelschreiber-ecridor-chevron\\\/#primaryimage\"},\"thumbnailUrl\":\"https:\\\/\\\/cartoleriadonati.ch\\\/wp-content\\\/uploads\\\/2024\\\/05\\\/CARAN-DACHE-Penna-sfera-Ecridor-Chevron.jpg\",\"datePublished\":\"2024-05-24T20:04:57+00:00\",\"dateModified\":\"2026-05-03T13:57:00+00:00\",\"description\":\"Entdecken Sie den Caran d'Ache Ecridor Chevron Kugelschreiber mit umgekehrtem V-Muster und edler Beschichtung. Personalisieren Sie ihn mit Initialen.\",\"breadcrumb\":{\"@id\":\"https:\\\/\\\/cartoleriadonati.ch\\\/de\\\/prodotto\\\/caran-dache-kugelschreiber-ecridor-chevron\\\/#breadcrumb\"},\"inLanguage\":\"de\",\"potentialAction\":[{\"@type\":\"ReadAction\",\"target\":[\"https:\\\/\\\/cartoleriadonati.ch\\\/de\\\/prodotto\\\/caran-dache-kugelschreiber-ecridor-chevron\\\/\"]}]},{\"@type\":\"ImageObject\",\"inLanguage\":\"de\",\"@id\":\"https:\\\/\\\/cartoleriadonati.ch\\\/de\\\/prodotto\\\/caran-dache-kugelschreiber-ecridor-chevron\\\/#primaryimage\",\"url\":\"https:\\\/\\\/cartoleriadonati.ch\\\/wp-content\\\/uploads\\\/2024\\\/05\\\/CARAN-DACHE-Penna-sfera-Ecridor-Chevron.jpg\",\"contentUrl\":\"https:\\\/\\\/cartoleriadonati.ch\\\/wp-content\\\/uploads\\\/2024\\\/05\\\/CARAN-DACHE-Penna-sfera-Ecridor-Chevron.jpg\",\"width\":800,\"height\":1200,\"caption\":\"CARAN D'ACHE Penna sfera Ecridor Chevron\"},{\"@type\":\"BreadcrumbList\",\"@id\":\"https:\\\/\\\/cartoleriadonati.ch\\\/de\\\/prodotto\\\/caran-dache-kugelschreiber-ecridor-chevron\\\/#breadcrumb\",\"itemListElement\":[{\"@type\":\"ListItem\",\"position\":1,\"name\":\"Home\",\"item\":\"https:\\\/\\\/cartoleriadonati.ch\\\/de\\\/home-page\\\/\"},{\"@type\":\"ListItem\",\"position\":2,\"name\":\"Shop\",\"item\":\"https:\\\/\\\/cartoleriadonati.ch\\\/de\\\/shop\\\/\"},{\"@type\":\"ListItem\",\"position\":3,\"name\":\"CARAN D&#8217;ACHE Kugelschreiber Ecridor Chevron\"}]},{\"@type\":\"WebSite\",\"@id\":\"https:\\\/\\\/cartoleriadonati.ch\\\/de\\\/#website\",\"url\":\"https:\\\/\\\/cartoleriadonati.ch\\\/de\\\/\",\"name\":\"Cartoleria Donati SA\",\"description\":\"Sito internet ufficiale della Cartoleria Donati SA\",\"publisher\":{\"@id\":\"https:\\\/\\\/cartoleriadonati.ch\\\/de\\\/#organization\"},\"potentialAction\":[{\"@type\":\"SearchAction\",\"target\":{\"@type\":\"EntryPoint\",\"urlTemplate\":\"https:\\\/\\\/cartoleriadonati.ch\\\/de\\\/?s={search_term_string}\"},\"query-input\":{\"@type\":\"PropertyValueSpecification\",\"valueRequired\":true,\"valueName\":\"search_term_string\"}}],\"inLanguage\":\"de\"},{\"@type\":\"Organization\",\"@id\":\"https:\\\/\\\/cartoleriadonati.ch\\\/de\\\/#organization\",\"name\":\"Cartoleria Donati SA\",\"url\":\"https:\\\/\\\/cartoleriadonati.ch\\\/de\\\/\",\"logo\":{\"@type\":\"ImageObject\",\"inLanguage\":\"de\",\"@id\":\"https:\\\/\\\/cartoleriadonati.ch\\\/de\\\/#\\\/schema\\\/logo\\\/image\\\/\",\"url\":\"https:\\\/\\\/cartoleriadonati.ch\\\/wp-content\\\/uploads\\\/2019\\\/06\\\/DONATI_logo-1.png\",\"contentUrl\":\"https:\\\/\\\/cartoleriadonati.ch\\\/wp-content\\\/uploads\\\/2019\\\/06\\\/DONATI_logo-1.png\",\"width\":2339,\"height\":1654,\"caption\":\"Cartoleria Donati SA\"},\"image\":{\"@id\":\"https:\\\/\\\/cartoleriadonati.ch\\\/de\\\/#\\\/schema\\\/logo\\\/image\\\/\"},\"sameAs\":[\"https:\\\/\\\/www.facebook.com\\\/CartoleriaDonati\"]}]}<\/script>\n<!-- \/ Yoast SEO Premium plugin. -->","yoast_head_json":{"title":"CARAN D'ACHE Kugelschreiber Ecridor Chevron - Cartoleria Donati SA","description":"Entdecken Sie den Caran d'Ache Ecridor Chevron Kugelschreiber mit umgekehrtem V-Muster und edler Beschichtung. Personalisieren Sie ihn mit Initialen.","robots":{"index":"index","follow":"follow","max-snippet":"max-snippet:-1","max-image-preview":"max-image-preview:large","max-video-preview":"max-video-preview:-1"},"canonical":"https:\/\/cartoleriadonati.ch\/de\/prodotto\/caran-dache-kugelschreiber-ecridor-chevron\/","og_locale":"de_DE","og_type":"article","og_title":"CARAN D'ACHE Kugelschreiber Ecridor Chevron","og_description":"Entdecken Sie den Caran d'Ache Ecridor Chevron Kugelschreiber mit umgekehrtem V-Muster und edler Beschichtung. Personalisieren Sie ihn mit Initialen.","og_url":"https:\/\/cartoleriadonati.ch\/de\/prodotto\/caran-dache-kugelschreiber-ecridor-chevron\/","og_site_name":"Cartoleria Donati SA","article_publisher":"https:\/\/www.facebook.com\/CartoleriaDonati","article_modified_time":"2026-05-03T13:57:00+00:00","og_image":[{"width":800,"height":1200,"url":"https:\/\/cartoleriadonati.ch\/wp-content\/uploads\/2024\/05\/CARAN-DACHE-Penna-sfera-Ecridor-Chevron.jpg","type":"image\/jpeg"}],"twitter_card":"summary_large_image","twitter_misc":{"Gesch\u00e4tzte Lesezeit":"3\u00a0Minuten"},"schema":{"@context":"https:\/\/schema.org","@graph":[{"@type":"WebPage","@id":"https:\/\/cartoleriadonati.ch\/de\/prodotto\/caran-dache-kugelschreiber-ecridor-chevron\/","url":"https:\/\/cartoleriadonati.ch\/de\/prodotto\/caran-dache-kugelschreiber-ecridor-chevron\/","name":"CARAN D'ACHE Kugelschreiber Ecridor Chevron - Cartoleria Donati SA","isPartOf":{"@id":"https:\/\/cartoleriadonati.ch\/de\/#website"},"primaryImageOfPage":{"@id":"https:\/\/cartoleriadonati.ch\/de\/prodotto\/caran-dache-kugelschreiber-ecridor-chevron\/#primaryimage"},"image":{"@id":"https:\/\/cartoleriadonati.ch\/de\/prodotto\/caran-dache-kugelschreiber-ecridor-chevron\/#primaryimage"},"thumbnailUrl":"https:\/\/cartoleriadonati.ch\/wp-content\/uploads\/2024\/05\/CARAN-DACHE-Penna-sfera-Ecridor-Chevron.jpg","datePublished":"2024-05-24T20:04:57+00:00","dateModified":"2026-05-03T13:57:00+00:00","description":"Entdecken Sie den Caran d'Ache Ecridor Chevron Kugelschreiber mit umgekehrtem V-Muster und edler Beschichtung. Personalisieren Sie ihn mit Initialen.","breadcrumb":{"@id":"https:\/\/cartoleriadonati.ch\/de\/prodotto\/caran-dache-kugelschreiber-ecridor-chevron\/#breadcrumb"},"inLanguage":"de","potentialAction":[{"@type":"ReadAction","target":["https:\/\/cartoleriadonati.ch\/de\/prodotto\/caran-dache-kugelschreiber-ecridor-chevron\/"]}]},{"@type":"ImageObject","inLanguage":"de","@id":"https:\/\/cartoleriadonati.ch\/de\/prodotto\/caran-dache-kugelschreiber-ecridor-chevron\/#primaryimage","url":"https:\/\/cartoleriadonati.ch\/wp-content\/uploads\/2024\/05\/CARAN-DACHE-Penna-sfera-Ecridor-Chevron.jpg","contentUrl":"https:\/\/cartoleriadonati.ch\/wp-content\/uploads\/2024\/05\/CARAN-DACHE-Penna-sfera-Ecridor-Chevron.jpg","width":800,"height":1200,"caption":"CARAN D'ACHE Penna sfera Ecridor Chevron"},{"@type":"BreadcrumbList","@id":"https:\/\/cartoleriadonati.ch\/de\/prodotto\/caran-dache-kugelschreiber-ecridor-chevron\/#breadcrumb","itemListElement":[{"@type":"ListItem","position":1,"name":"Home","item":"https:\/\/cartoleriadonati.ch\/de\/home-page\/"},{"@type":"ListItem","position":2,"name":"Shop","item":"https:\/\/cartoleriadonati.ch\/de\/shop\/"},{"@type":"ListItem","position":3,"name":"CARAN D&#8217;ACHE Kugelschreiber Ecridor Chevron"}]},{"@type":"WebSite","@id":"https:\/\/cartoleriadonati.ch\/de\/#website","url":"https:\/\/cartoleriadonati.ch\/de\/","name":"Cartoleria Donati SA","description":"Sito internet ufficiale della Cartoleria Donati SA","publisher":{"@id":"https:\/\/cartoleriadonati.ch\/de\/#organization"},"potentialAction":[{"@type":"SearchAction","target":{"@type":"EntryPoint","urlTemplate":"https:\/\/cartoleriadonati.ch\/de\/?s={search_term_string}"},"query-input":{"@type":"PropertyValueSpecification","valueRequired":true,"valueName":"search_term_string"}}],"inLanguage":"de"},{"@type":"Organization","@id":"https:\/\/cartoleriadonati.ch\/de\/#organization","name":"Cartoleria Donati SA","url":"https:\/\/cartoleriadonati.ch\/de\/","logo":{"@type":"ImageObject","inLanguage":"de","@id":"https:\/\/cartoleriadonati.ch\/de\/#\/schema\/logo\/image\/","url":"https:\/\/cartoleriadonati.ch\/wp-content\/uploads\/2019\/06\/DONATI_logo-1.png","contentUrl":"https:\/\/cartoleriadonati.ch\/wp-content\/uploads\/2019\/06\/DONATI_logo-1.png","width":2339,"height":1654,"caption":"Cartoleria Donati SA"},"image":{"@id":"https:\/\/cartoleriadonati.ch\/de\/#\/schema\/logo\/image\/"},"sameAs":["https:\/\/www.facebook.com\/CartoleriaDonati"]}]}},"_links":{"self":[{"href":"https:\/\/cartoleriadonati.ch\/de\/wp-json\/wp\/v2\/product\/46658","targetHints":{"allow":["GET"]}}],"collection":[{"href":"https:\/\/cartoleriadonati.ch\/de\/wp-json\/wp\/v2\/product"}],"about":[{"href":"https:\/\/cartoleriadonati.ch\/de\/wp-json\/wp\/v2\/types\/product"}],"wp:featuredmedia":[{"embeddable":true,"href":"https:\/\/cartoleriadonati.ch\/de\/wp-json\/wp\/v2\/media\/19134"}],"wp:attachment":[{"href":"https:\/\/cartoleriadonati.ch\/de\/wp-json\/wp\/v2\/media?parent=46658"}],"wp:term":[{"taxonomy":"product_brand","embeddable":true,"href":"https:\/\/cartoleriadonati.ch\/de\/wp-json\/wp\/v2\/product_brand?post=46658"},{"taxonomy":"product_cat","embeddable":true,"href":"https:\/\/cartoleriadonati.ch\/de\/wp-json\/wp\/v2\/product_cat?post=46658"},{"taxonomy":"product_tag","embeddable":true,"href":"https:\/\/cartoleriadonati.ch\/de\/wp-json\/wp\/v2\/product_tag?post=46658"}],"curies":[{"name":"wp","href":"https:\/\/api.w.org\/{rel}","templated":true}]}}