{"id":46639,"date":"2024-05-24T19:55:10","date_gmt":"2024-05-24T19:55:10","guid":{"rendered":"https:\/\/cartoleriadonati.ch\/prodotto\/caran-dache-kugelschreiber-totally-swiss\/"},"modified":"2026-05-03T13:56:57","modified_gmt":"2026-05-03T13:56:57","slug":"caran-dache-kugelschreiber-totally-swiss","status":"publish","type":"product","link":"https:\/\/cartoleriadonati.ch\/de\/prodotto\/caran-dache-kugelschreiber-totally-swiss\/","title":{"rendered":"CARAN D&#8217;ACHE Kugelschreiber Totally Swiss"},"content":{"rendered":"<p>Der Caran d&#8217;Ache 849 ORIGINAL Kugelschreiber ist ein Beispiel f\u00fcr Eleganz und Funktionalit\u00e4t, entwickelt f\u00fcr einen unvergleichlichen Schreibfluss. Dieser Stift mit seinem ikonischen Design passt sich perfekt der Hand an und bietet Komfort und Pr\u00e4zision bei jedem Wort. Dank der ber\u00fchmten Goliath-Tintenpatrone erm\u00f6glicht der 849 ORIGINAL das Schreiben von bis zu 600 A4-Seiten mit einer einzigen F\u00fcllung, was ihn ideal f\u00fcr intensive und langanhaltende Nutzung macht. Der Stift wird in einem eleganten, extra flachen, passenden Etui geliefert, perfekt zum Schutz und Transport Ihres bevorzugten Schreibger\u00e4ts.   <\/p>\n<p data-start=\"353\" data-end=\"544\"><strong>So personalisieren Sie: <\/strong><\/p>\n<ol>\n<li><strong data-start=\"357\" data-end=\"383\">Design personalisieren<\/strong><br data-start=\"383\" data-end=\"386\">Im oberen Bereich der Seite sehen Sie das leere Produkt. Sie k\u00f6nnen Text hinzuf\u00fcgen (oben links), Designs einf\u00fcgen und das Layout nach Belieben \u00e4ndern. Sie k\u00f6nnen auch das Innere und \u00c4u\u00dfere der Stiftbox personalisieren, indem Sie auf den Pfeil unten rechts im Personalisierungsfeld klicken.  <\/li>\n<li data-start=\"546\" data-end=\"660\"><strong data-start=\"550\" data-end=\"571\">Bestellung abschlie\u00dfen<\/strong><br data-start=\"571\" data-end=\"574\">Wenn das Design fertig ist, f\u00fcgen Sie das Produkt dem Warenkorb hinzu und fahren Sie mit dem Checkout fort.<\/li>\n<li data-start=\"662\" data-end=\"797\"><strong data-start=\"666\" data-end=\"688\">Dateipr\u00fcfung<\/strong><br data-start=\"688\" data-end=\"691\">Vor der Gravur pr\u00fcfen wir immer die Datei. Sollten wir Zweifel haben oder das Design nicht geeignet sein, werden wir Sie kontaktieren. <\/li>\n<li data-start=\"799\" data-end=\"919\"><strong data-start=\"803\" data-end=\"840\">Produktion in unserer Papeterie<\/strong><br data-start=\"840\" data-end=\"843\">Das Produkt wird bei der Cartoleria Donati SA graviert und personalisiert.<\/li>\n<\/ol>\n<p><strong data-start=\"923\" data-end=\"947\">Produktionszeit:<\/strong> ca. <strong data-start=\"954\" data-end=\"979\">1\u20132 Werktage<\/strong>.<\/p>\n<h3>Hauptmerkmale:<\/h3>\n<ul>\n<li><strong>Ikonisches und ergonomisches Design<\/strong>: Der Stiftk\u00f6rper ist so gestaltet, dass er sich perfekt an die Hand anpasst und ein komfortables und pr\u00e4zises Schreiberlebnis garantiert.<\/li>\n<li><strong>Goliath-Patrone mit hoher Kapazit\u00e4t<\/strong>: Die ber\u00fchmte Goliath-Patrone Medium in Schwarz erm\u00f6glicht das Schreiben von bis zu 600 A4-Seiten mit einer einzigen F\u00fcllung und bietet ein fl\u00fcssiges und langlebiges Schreiben. Kompatibel mit allen Goliath-Tintenpatronen. <\/li>\n<li><strong>Extra flaches Etui<\/strong>: Der Stift wird in einem eleganten, passenden Etui geliefert, perfekt zum Schutz und Transport Ihres bevorzugten Schreibger\u00e4ts.<\/li>\n<li><strong>Hochwertige Materialien<\/strong>: Hergestellt aus robusten und langlebigen Materialien, ist der Caran d&#8217;Ache 849 ORIGINAL Kugelschreiber f\u00fcr den t\u00e4glichen Gebrauch konzipiert.<\/li>\n<li><strong>Einziehbarer Mechanismus<\/strong>: Der einziehbare Mechanismus garantiert ein einfaches \u00d6ffnen und Schlie\u00dfen des Stifts und bietet Praktikabilit\u00e4t und Sicherheit.<\/li>\n<\/ul>\n<h3>Anwendungen:<\/h3>\n<p>Der Caran d&#8217;Ache 849 ORIGINAL Kugelschreiber ist perfekt f\u00fcr vielf\u00e4ltige professionelle und pers\u00f6nliche Anwendungen:<\/p>\n<ul>\n<li><strong>T\u00e4gliches Schreiben<\/strong>: Ideal zum Notizen machen, Briefe schreiben und wichtige Dokumente mit Stil und Komfort verfassen.<\/li>\n<li><strong>Professioneller Einsatz<\/strong>: Perfekt f\u00fcr Fachleute, die ein elegantes und zuverl\u00e4ssiges Schreibger\u00e4t f\u00fcr Meetings, Konferenzen und Vertragsunterzeichnungen w\u00fcnschen.<\/li>\n<li><strong>Prestigegeschenk<\/strong>: Eine perfekte Geschenkidee f\u00fcr besondere Anl\u00e4sse wie Abschl\u00fcsse, Bef\u00f6rderungen, Geburtstage und Jubil\u00e4en, dank seines luxuri\u00f6sen Designs und der \u00fcberlegenen Qualit\u00e4t.<\/li>\n<\/ul>\n<h3>Vorteile:<\/h3>\n<ul>\n<li><strong>\u00dcberlegenes Schreiberlebnis<\/strong>: Die Kombination aus ergonomischem Design und Goliath-Patrone mit hoher Kapazit\u00e4t bietet ein fl\u00fcssiges und langlebiges Schreiben.<\/li>\n<li><strong>Qualit\u00e4t und Langlebigkeit<\/strong>: Hergestellt aus edlen Materialien und mit einem Pr\u00e4zisionsmechanismus, ist der Caran d&#8217;Ache 849 ORIGINAL Kugelschreiber f\u00fcr Langlebigkeit gebaut und bietet ein fl\u00fcssiges und m\u00fcheloses Schreiben.<\/li>\n<li><strong>Vielseitiges Design<\/strong>: Das ikonische Design und das passende Etui machen diesen Stift zu einem eleganten und funktionalen Accessoire.<\/li>\n<li><strong>Nachhaltigkeit<\/strong>: Die nachf\u00fcllbare Patrone bietet eine \u00f6kologische und praktische L\u00f6sung f\u00fcr langanhaltende Nutzung.<\/li>\n<\/ul>\n<blockquote data-start=\"1328\" data-end=\"1524\">\n<p data-start=\"1330\" data-end=\"1524\">\u270d\ufe0f <strong data-start=\"1333\" data-end=\"1363\">Personalisieren Sie Ihren Stift!<\/strong><br data-start=\"1363\" data-end=\"1366\">F\u00fcgen Sie eine einzigartige Note hinzu: Sie k\u00f6nnen <strong data-start=\"1396\" data-end=\"1443\">Ihren Namen, ein Datum oder eine Widmung<\/strong> direkt online gravieren lassen. Eine perfekte Geschenkidee f\u00fcr alle, die das Schreiben mit Stil lieben. <\/p>\n<\/blockquote>\n<p>Der Caran d&#8217;Ache 849 ORIGINAL Kugelschreiber ist ein Beispiel f\u00fcr Eleganz und Funktionalit\u00e4t, ideal f\u00fcr alle, die ein hochwertiges Schreibger\u00e4t w\u00fcnschen. Mit seinem unverwechselbaren Design, der Patrone mit hoher Kapazit\u00e4t und dem extra flachen Etui bietet dieser Stift ein \u00fcberlegenes Schreiberlebnis, das Kreativit\u00e4t und Stil inspiriert. Kaufen Sie ihn jetzt und machen Sie jeden Schreibmoment zu einem besonderen Anlass!  <\/p>\n<p>202023<\/p>\n","protected":false},"excerpt":{"rendered":"[fpd_module type=\"designs\"]\n<p class=\"ai-optimize-32\"><strong>849 ORIGINAL &#8211; Kugelschreiber mit Mechanismus und Etui<\/strong><\/p>\n<p class=\"ai-optimize-33\">Der Kugelschreiber passt sich perfekt der Hand an und garantiert einen unvergleichlichen Schreibfluss. Wird in einem thematisch passenden Etui geliefert. <\/p>\n","protected":false},"featured_media":19152,"template":"","meta":{"_acf_changed":false},"product_brand":[],"product_cat":[852,863,893],"product_tag":[],"class_list":{"0":"post-46639","1":"product","2":"type-product","3":"status-publish","4":"has-post-thumbnail","6":"product_cat-anpassen","7":"product_cat-kugelschreiber","8":"product_cat-personalisierte-stifte","10":"first","11":"instock","12":"taxable","13":"shipping-taxable","14":"purchasable","15":"product-type-simple","16":"add-to-wishlist-after_add_to_cart"},"acf":[],"yoast_head":"<!-- This site is optimized with the Yoast SEO Premium plugin v27.5 (Yoast SEO v27.6) - https:\/\/yoast.com\/product\/yoast-seo-premium-wordpress\/ -->\n<title>CARAN D&#039;ACHE Kugelschreiber Totally Swiss - Cartoleria Donati SA<\/title>\n<meta name=\"description\" content=\"Entdecken Sie den Caran d&#039;Ache 849 ORIGINAL Kugelschreiber mit Mechanismus und passender H\u00fclle. Schreibt bis zu 600 A4-Seiten dank der Goliath-Patrone.\" \/>\n<meta name=\"robots\" content=\"index, follow, max-snippet:-1, max-image-preview:large, max-video-preview:-1\" \/>\n<link rel=\"canonical\" href=\"https:\/\/cartoleriadonati.ch\/de\/prodotto\/caran-dache-kugelschreiber-totally-swiss\/\" \/>\n<meta property=\"og:locale\" content=\"de_DE\" \/>\n<meta property=\"og:type\" content=\"article\" \/>\n<meta property=\"og:title\" content=\"CARAN D&#039;ACHE Kugelschreiber Totally Swiss\" \/>\n<meta property=\"og:description\" content=\"Entdecken Sie den Caran d&#039;Ache 849 ORIGINAL Kugelschreiber mit Mechanismus und passender H\u00fclle. Schreibt bis zu 600 A4-Seiten dank der Goliath-Patrone.\" \/>\n<meta property=\"og:url\" content=\"https:\/\/cartoleriadonati.ch\/de\/prodotto\/caran-dache-kugelschreiber-totally-swiss\/\" \/>\n<meta property=\"og:site_name\" content=\"Cartoleria Donati SA\" \/>\n<meta property=\"article:publisher\" content=\"https:\/\/www.facebook.com\/CartoleriaDonati\" \/>\n<meta property=\"article:modified_time\" content=\"2026-05-03T13:56:57+00:00\" \/>\n<meta property=\"og:image\" content=\"https:\/\/cartoleriadonati.ch\/wp-content\/uploads\/2024\/05\/CARAN-DACHE-Penna-a-sfera-Totally-Swiss.jpg\" \/>\n\t<meta property=\"og:image:width\" content=\"800\" \/>\n\t<meta property=\"og:image:height\" content=\"1200\" \/>\n\t<meta property=\"og:image:type\" content=\"image\/jpeg\" \/>\n<meta name=\"twitter:card\" content=\"summary_large_image\" \/>\n<meta name=\"twitter:label1\" content=\"Gesch\u00e4tzte Lesezeit\" \/>\n\t<meta name=\"twitter:data1\" content=\"3\u00a0Minuten\" \/>\n<script type=\"application\/ld+json\" class=\"yoast-schema-graph\">{\"@context\":\"https:\\\/\\\/schema.org\",\"@graph\":[{\"@type\":\"WebPage\",\"@id\":\"https:\\\/\\\/cartoleriadonati.ch\\\/de\\\/prodotto\\\/caran-dache-kugelschreiber-totally-swiss\\\/\",\"url\":\"https:\\\/\\\/cartoleriadonati.ch\\\/de\\\/prodotto\\\/caran-dache-kugelschreiber-totally-swiss\\\/\",\"name\":\"CARAN D'ACHE Kugelschreiber Totally Swiss - Cartoleria Donati SA\",\"isPartOf\":{\"@id\":\"https:\\\/\\\/cartoleriadonati.ch\\\/de\\\/#website\"},\"primaryImageOfPage\":{\"@id\":\"https:\\\/\\\/cartoleriadonati.ch\\\/de\\\/prodotto\\\/caran-dache-kugelschreiber-totally-swiss\\\/#primaryimage\"},\"image\":{\"@id\":\"https:\\\/\\\/cartoleriadonati.ch\\\/de\\\/prodotto\\\/caran-dache-kugelschreiber-totally-swiss\\\/#primaryimage\"},\"thumbnailUrl\":\"https:\\\/\\\/cartoleriadonati.ch\\\/wp-content\\\/uploads\\\/2024\\\/05\\\/CARAN-DACHE-Penna-a-sfera-Totally-Swiss.jpg\",\"datePublished\":\"2024-05-24T19:55:10+00:00\",\"dateModified\":\"2026-05-03T13:56:57+00:00\",\"description\":\"Entdecken Sie den Caran d'Ache 849 ORIGINAL Kugelschreiber mit Mechanismus und passender H\u00fclle. Schreibt bis zu 600 A4-Seiten dank der Goliath-Patrone.\",\"breadcrumb\":{\"@id\":\"https:\\\/\\\/cartoleriadonati.ch\\\/de\\\/prodotto\\\/caran-dache-kugelschreiber-totally-swiss\\\/#breadcrumb\"},\"inLanguage\":\"de\",\"potentialAction\":[{\"@type\":\"ReadAction\",\"target\":[\"https:\\\/\\\/cartoleriadonati.ch\\\/de\\\/prodotto\\\/caran-dache-kugelschreiber-totally-swiss\\\/\"]}]},{\"@type\":\"ImageObject\",\"inLanguage\":\"de\",\"@id\":\"https:\\\/\\\/cartoleriadonati.ch\\\/de\\\/prodotto\\\/caran-dache-kugelschreiber-totally-swiss\\\/#primaryimage\",\"url\":\"https:\\\/\\\/cartoleriadonati.ch\\\/wp-content\\\/uploads\\\/2024\\\/05\\\/CARAN-DACHE-Penna-a-sfera-Totally-Swiss.jpg\",\"contentUrl\":\"https:\\\/\\\/cartoleriadonati.ch\\\/wp-content\\\/uploads\\\/2024\\\/05\\\/CARAN-DACHE-Penna-a-sfera-Totally-Swiss.jpg\",\"width\":800,\"height\":1200,\"caption\":\"CARAN D'ACHE Penna a sfera Totally Swiss\"},{\"@type\":\"BreadcrumbList\",\"@id\":\"https:\\\/\\\/cartoleriadonati.ch\\\/de\\\/prodotto\\\/caran-dache-kugelschreiber-totally-swiss\\\/#breadcrumb\",\"itemListElement\":[{\"@type\":\"ListItem\",\"position\":1,\"name\":\"Home\",\"item\":\"https:\\\/\\\/cartoleriadonati.ch\\\/de\\\/home-page\\\/\"},{\"@type\":\"ListItem\",\"position\":2,\"name\":\"Shop\",\"item\":\"https:\\\/\\\/cartoleriadonati.ch\\\/de\\\/shop\\\/\"},{\"@type\":\"ListItem\",\"position\":3,\"name\":\"CARAN D&#8217;ACHE Kugelschreiber Totally Swiss\"}]},{\"@type\":\"WebSite\",\"@id\":\"https:\\\/\\\/cartoleriadonati.ch\\\/de\\\/#website\",\"url\":\"https:\\\/\\\/cartoleriadonati.ch\\\/de\\\/\",\"name\":\"Cartoleria Donati SA\",\"description\":\"Sito internet ufficiale della Cartoleria Donati SA\",\"publisher\":{\"@id\":\"https:\\\/\\\/cartoleriadonati.ch\\\/de\\\/#organization\"},\"potentialAction\":[{\"@type\":\"SearchAction\",\"target\":{\"@type\":\"EntryPoint\",\"urlTemplate\":\"https:\\\/\\\/cartoleriadonati.ch\\\/de\\\/?s={search_term_string}\"},\"query-input\":{\"@type\":\"PropertyValueSpecification\",\"valueRequired\":true,\"valueName\":\"search_term_string\"}}],\"inLanguage\":\"de\"},{\"@type\":\"Organization\",\"@id\":\"https:\\\/\\\/cartoleriadonati.ch\\\/de\\\/#organization\",\"name\":\"Cartoleria Donati SA\",\"url\":\"https:\\\/\\\/cartoleriadonati.ch\\\/de\\\/\",\"logo\":{\"@type\":\"ImageObject\",\"inLanguage\":\"de\",\"@id\":\"https:\\\/\\\/cartoleriadonati.ch\\\/de\\\/#\\\/schema\\\/logo\\\/image\\\/\",\"url\":\"https:\\\/\\\/cartoleriadonati.ch\\\/wp-content\\\/uploads\\\/2019\\\/06\\\/DONATI_logo-1.png\",\"contentUrl\":\"https:\\\/\\\/cartoleriadonati.ch\\\/wp-content\\\/uploads\\\/2019\\\/06\\\/DONATI_logo-1.png\",\"width\":2339,\"height\":1654,\"caption\":\"Cartoleria Donati SA\"},\"image\":{\"@id\":\"https:\\\/\\\/cartoleriadonati.ch\\\/de\\\/#\\\/schema\\\/logo\\\/image\\\/\"},\"sameAs\":[\"https:\\\/\\\/www.facebook.com\\\/CartoleriaDonati\"]}]}<\/script>\n<!-- \/ Yoast SEO Premium plugin. -->","yoast_head_json":{"title":"CARAN D'ACHE Kugelschreiber Totally Swiss - Cartoleria Donati SA","description":"Entdecken Sie den Caran d'Ache 849 ORIGINAL Kugelschreiber mit Mechanismus und passender H\u00fclle. Schreibt bis zu 600 A4-Seiten dank der Goliath-Patrone.","robots":{"index":"index","follow":"follow","max-snippet":"max-snippet:-1","max-image-preview":"max-image-preview:large","max-video-preview":"max-video-preview:-1"},"canonical":"https:\/\/cartoleriadonati.ch\/de\/prodotto\/caran-dache-kugelschreiber-totally-swiss\/","og_locale":"de_DE","og_type":"article","og_title":"CARAN D'ACHE Kugelschreiber Totally Swiss","og_description":"Entdecken Sie den Caran d'Ache 849 ORIGINAL Kugelschreiber mit Mechanismus und passender H\u00fclle. Schreibt bis zu 600 A4-Seiten dank der Goliath-Patrone.","og_url":"https:\/\/cartoleriadonati.ch\/de\/prodotto\/caran-dache-kugelschreiber-totally-swiss\/","og_site_name":"Cartoleria Donati SA","article_publisher":"https:\/\/www.facebook.com\/CartoleriaDonati","article_modified_time":"2026-05-03T13:56:57+00:00","og_image":[{"width":800,"height":1200,"url":"https:\/\/cartoleriadonati.ch\/wp-content\/uploads\/2024\/05\/CARAN-DACHE-Penna-a-sfera-Totally-Swiss.jpg","type":"image\/jpeg"}],"twitter_card":"summary_large_image","twitter_misc":{"Gesch\u00e4tzte Lesezeit":"3\u00a0Minuten"},"schema":{"@context":"https:\/\/schema.org","@graph":[{"@type":"WebPage","@id":"https:\/\/cartoleriadonati.ch\/de\/prodotto\/caran-dache-kugelschreiber-totally-swiss\/","url":"https:\/\/cartoleriadonati.ch\/de\/prodotto\/caran-dache-kugelschreiber-totally-swiss\/","name":"CARAN D'ACHE Kugelschreiber Totally Swiss - Cartoleria Donati SA","isPartOf":{"@id":"https:\/\/cartoleriadonati.ch\/de\/#website"},"primaryImageOfPage":{"@id":"https:\/\/cartoleriadonati.ch\/de\/prodotto\/caran-dache-kugelschreiber-totally-swiss\/#primaryimage"},"image":{"@id":"https:\/\/cartoleriadonati.ch\/de\/prodotto\/caran-dache-kugelschreiber-totally-swiss\/#primaryimage"},"thumbnailUrl":"https:\/\/cartoleriadonati.ch\/wp-content\/uploads\/2024\/05\/CARAN-DACHE-Penna-a-sfera-Totally-Swiss.jpg","datePublished":"2024-05-24T19:55:10+00:00","dateModified":"2026-05-03T13:56:57+00:00","description":"Entdecken Sie den Caran d'Ache 849 ORIGINAL Kugelschreiber mit Mechanismus und passender H\u00fclle. Schreibt bis zu 600 A4-Seiten dank der Goliath-Patrone.","breadcrumb":{"@id":"https:\/\/cartoleriadonati.ch\/de\/prodotto\/caran-dache-kugelschreiber-totally-swiss\/#breadcrumb"},"inLanguage":"de","potentialAction":[{"@type":"ReadAction","target":["https:\/\/cartoleriadonati.ch\/de\/prodotto\/caran-dache-kugelschreiber-totally-swiss\/"]}]},{"@type":"ImageObject","inLanguage":"de","@id":"https:\/\/cartoleriadonati.ch\/de\/prodotto\/caran-dache-kugelschreiber-totally-swiss\/#primaryimage","url":"https:\/\/cartoleriadonati.ch\/wp-content\/uploads\/2024\/05\/CARAN-DACHE-Penna-a-sfera-Totally-Swiss.jpg","contentUrl":"https:\/\/cartoleriadonati.ch\/wp-content\/uploads\/2024\/05\/CARAN-DACHE-Penna-a-sfera-Totally-Swiss.jpg","width":800,"height":1200,"caption":"CARAN D'ACHE Penna a sfera Totally Swiss"},{"@type":"BreadcrumbList","@id":"https:\/\/cartoleriadonati.ch\/de\/prodotto\/caran-dache-kugelschreiber-totally-swiss\/#breadcrumb","itemListElement":[{"@type":"ListItem","position":1,"name":"Home","item":"https:\/\/cartoleriadonati.ch\/de\/home-page\/"},{"@type":"ListItem","position":2,"name":"Shop","item":"https:\/\/cartoleriadonati.ch\/de\/shop\/"},{"@type":"ListItem","position":3,"name":"CARAN D&#8217;ACHE Kugelschreiber Totally Swiss"}]},{"@type":"WebSite","@id":"https:\/\/cartoleriadonati.ch\/de\/#website","url":"https:\/\/cartoleriadonati.ch\/de\/","name":"Cartoleria Donati SA","description":"Sito internet ufficiale della Cartoleria Donati SA","publisher":{"@id":"https:\/\/cartoleriadonati.ch\/de\/#organization"},"potentialAction":[{"@type":"SearchAction","target":{"@type":"EntryPoint","urlTemplate":"https:\/\/cartoleriadonati.ch\/de\/?s={search_term_string}"},"query-input":{"@type":"PropertyValueSpecification","valueRequired":true,"valueName":"search_term_string"}}],"inLanguage":"de"},{"@type":"Organization","@id":"https:\/\/cartoleriadonati.ch\/de\/#organization","name":"Cartoleria Donati SA","url":"https:\/\/cartoleriadonati.ch\/de\/","logo":{"@type":"ImageObject","inLanguage":"de","@id":"https:\/\/cartoleriadonati.ch\/de\/#\/schema\/logo\/image\/","url":"https:\/\/cartoleriadonati.ch\/wp-content\/uploads\/2019\/06\/DONATI_logo-1.png","contentUrl":"https:\/\/cartoleriadonati.ch\/wp-content\/uploads\/2019\/06\/DONATI_logo-1.png","width":2339,"height":1654,"caption":"Cartoleria Donati SA"},"image":{"@id":"https:\/\/cartoleriadonati.ch\/de\/#\/schema\/logo\/image\/"},"sameAs":["https:\/\/www.facebook.com\/CartoleriaDonati"]}]}},"_links":{"self":[{"href":"https:\/\/cartoleriadonati.ch\/de\/wp-json\/wp\/v2\/product\/46639","targetHints":{"allow":["GET"]}}],"collection":[{"href":"https:\/\/cartoleriadonati.ch\/de\/wp-json\/wp\/v2\/product"}],"about":[{"href":"https:\/\/cartoleriadonati.ch\/de\/wp-json\/wp\/v2\/types\/product"}],"wp:featuredmedia":[{"embeddable":true,"href":"https:\/\/cartoleriadonati.ch\/de\/wp-json\/wp\/v2\/media\/19152"}],"wp:attachment":[{"href":"https:\/\/cartoleriadonati.ch\/de\/wp-json\/wp\/v2\/media?parent=46639"}],"wp:term":[{"taxonomy":"product_brand","embeddable":true,"href":"https:\/\/cartoleriadonati.ch\/de\/wp-json\/wp\/v2\/product_brand?post=46639"},{"taxonomy":"product_cat","embeddable":true,"href":"https:\/\/cartoleriadonati.ch\/de\/wp-json\/wp\/v2\/product_cat?post=46639"},{"taxonomy":"product_tag","embeddable":true,"href":"https:\/\/cartoleriadonati.ch\/de\/wp-json\/wp\/v2\/product_tag?post=46639"}],"curies":[{"name":"wp","href":"https:\/\/api.w.org\/{rel}","templated":true}]}}