{"id":46634,"date":"2024-05-21T13:10:11","date_gmt":"2024-05-21T13:10:11","guid":{"rendered":"https:\/\/cartoleriadonati.ch\/prodotto\/caran-dache-kugelschreiber-brut-rose\/"},"modified":"2026-05-03T13:56:55","modified_gmt":"2026-05-03T13:56:55","slug":"caran-dache-kugelschreiber-brut-rose","status":"publish","type":"product","link":"https:\/\/cartoleriadonati.ch\/de\/prodotto\/caran-dache-kugelschreiber-brut-rose\/","title":{"rendered":"CARAN D&#8217;ACHE Kugelschreiber Brut Ros\u00e9"},"content":{"rendered":"<p>Der Caran d&#8217;Ache Kugelschreiber Brut Ros\u00e9 ist ein Meisterwerk an Eleganz und Raffinesse, entwickelt f\u00fcr alle, die ein luxuri\u00f6ses Schreiberlebnis suchen. Mit seiner herrlichen Ros\u00e9gold-Plattierung bietet dieser Stift ein anspruchsvolles Design, das die Essenz von Sch\u00f6nheit und Klasse einf\u00e4ngt. Ideal f\u00fcr den t\u00e4glichen und professionellen Gebrauch, vereint der Brut Ros\u00e9 edle Materialien und Schweizer Handwerkskunst und garantiert Qualit\u00e4t und Langlebigkeit.  <\/p>\n<p data-start=\"353\" data-end=\"544\"><strong>So personalisieren Sie: <\/strong><\/p>\n<ol>\n<li><strong data-start=\"357\" data-end=\"383\">Design personalisieren<\/strong><br data-start=\"383\" data-end=\"386\">Im oberen Bereich der Seite sehen Sie das leere Produkt. Sie k\u00f6nnen Text hinzuf\u00fcgen (oben links), Designs einf\u00fcgen und das Layout nach Belieben anpassen. Sie k\u00f6nnen auch das Innere und \u00c4u\u00dfere des Stiftetuis personalisieren, indem Sie auf den Pfeil unten rechts im Personalisierungsfeld klicken.  <\/li>\n<li data-start=\"546\" data-end=\"660\"><strong data-start=\"550\" data-end=\"571\">Bestellung abschlie\u00dfen<\/strong><br data-start=\"571\" data-end=\"574\">Wenn das Design fertig ist, f\u00fcgen Sie das Produkt dem Warenkorb hinzu und fahren Sie mit dem Checkout fort.<\/li>\n<li data-start=\"662\" data-end=\"797\"><strong data-start=\"666\" data-end=\"688\">Dateipr\u00fcfung<\/strong><br data-start=\"688\" data-end=\"691\">Vor der Gravur pr\u00fcfen wir immer die Datei. Sollten wir Zweifel haben oder das Design nicht geeignet sein, werden wir Sie kontaktieren. <\/li>\n<li data-start=\"799\" data-end=\"919\"><strong data-start=\"803\" data-end=\"840\">Produktion in unserer Papeterie<\/strong><br data-start=\"840\" data-end=\"843\">Das Produkt wird bei der Cartoleria Donati SA graviert und personalisiert.<\/li>\n<\/ol>\n<p><strong data-start=\"923\" data-end=\"947\">Produktionszeit:<\/strong> ca. <strong data-start=\"954\" data-end=\"979\">1\u20132 Werktage<\/strong>.<\/p>\n<h3>Hauptmerkmale:<\/h3>\n<ul>\n<li><strong>Ros\u00e9gold-Plattierung<\/strong>: Die herrliche Ros\u00e9gold-Veredelung verleiht dem Stift ein luxuri\u00f6ses und raffiniertes Aussehen.<\/li>\n<li><strong>Anspruchsvolles Design<\/strong>: Das elegante und moderne Design macht diesen Stift zu einem unverwechselbaren und stilvollen Accessoire.<\/li>\n<li><strong>Edle Materialien<\/strong>: Gefertigt aus hochwertigen Materialien, bietet der Stift Langlebigkeit und hervorragende Leistung.<\/li>\n<li><strong>Swiss Made Produktion<\/strong>: Vollst\u00e4ndig in der Schweiz entwickelt und produziert, garantiert h\u00f6chste Qualit\u00e4ts- und Pr\u00e4zisionsstandards.<\/li>\n<li><strong>Ergonomie<\/strong>: Entwickelt f\u00fcr einen bequemen Griff und ein m\u00fcheloses Schreiberlebnis.<\/li>\n<\/ul>\n<h3>Anwendungen:<\/h3>\n<p>Der Caran d&#8217;Ache Kugelschreiber Brut Ros\u00e9 ist perfekt f\u00fcr vielf\u00e4ltige professionelle und pers\u00f6nliche Verwendungen:<\/p>\n<ul>\n<li><strong>T\u00e4gliches Schreiben<\/strong>: Ideal zum Notieren, Schreiben von Briefen und wichtigen Dokumenten mit Stil und Komfort.<\/li>\n<li><strong>Professioneller Einsatz<\/strong>: Perfekt f\u00fcr Fachleute, die ein elegantes und zuverl\u00e4ssiges Schreibger\u00e4t f\u00fcr Besprechungen, Konferenzen und Vertragsunterzeichnungen w\u00fcnschen.<\/li>\n<li><strong>Prestigegeschenk<\/strong>: Eine perfekte Geschenkidee f\u00fcr besondere Anl\u00e4sse wie Abschl\u00fcsse, Bef\u00f6rderungen, Geburtstage und Jubil\u00e4en, dank seines luxuri\u00f6sen Designs und der erstklassigen Qualit\u00e4t.<\/li>\n<\/ul>\n<h3>Vorteile:<\/h3>\n<ul>\n<li><strong>Stil und Raffinesse<\/strong>: Die Ros\u00e9gold-Plattierung und das anspruchsvolle Design verleihen dem Stift ein unverwechselbares und raffiniertes Aussehen.<\/li>\n<li><strong>Qualit\u00e4t und Langlebigkeit<\/strong>: Gefertigt aus hochwertigen Materialien und in Swiss Made Produktion, ist der Caran d&#8217;Ache Brut Ros\u00e9 f\u00fcr Langlebigkeit gebaut.<\/li>\n<li><strong>\u00dcberlegene Leistung<\/strong>: Der Stift bietet ein fl\u00fcssiges und pr\u00e4zises Schreiben, ideal f\u00fcr intensive Nutzung.<\/li>\n<li><strong>Komfortabel<\/strong>: Entwickelt f\u00fcr perfekte Ergonomie, bietet der Stift einen bequemen Griff und angenehmes Schreiben auch bei langen Sitzungen.<\/li>\n<\/ul>\n<blockquote data-start=\"1328\" data-end=\"1524\">\n<p data-start=\"1330\" data-end=\"1524\">\u270d\ufe0f <strong data-start=\"1333\" data-end=\"1363\">Personalisieren Sie Ihren Stift!<\/strong><br data-start=\"1363\" data-end=\"1366\">F\u00fcgen Sie eine einzigartige Note hinzu: Sie k\u00f6nnen <strong data-start=\"1396\" data-end=\"1443\">Ihren Namen, ein Datum oder eine Widmung<\/strong> direkt online gravieren lassen. Eine perfekte Geschenkidee f\u00fcr alle, die stilvolles Schreiben lieben. <\/p>\n<\/blockquote>\n<p>Der Caran d&#8217;Ache Kugelschreiber Brut Ros\u00e9 ist ein Beispiel f\u00fcr Eleganz und Raffinesse, ideal f\u00fcr alle, die ein hochwertiges Schreibger\u00e4t w\u00fcnschen. Mit seiner herrlichen Ros\u00e9gold-Plattierung, edlen Materialien und Swiss Made Produktion bietet dieser Stift ein \u00fcberlegenes Schreiberlebnis, das Kreativit\u00e4t und Stil inspiriert. Kaufen Sie ihn jetzt und machen Sie jeden Schreibmoment zu einem besonderen Anlass!  <\/p>\n<p>&nbsp;<\/p>\n","protected":false},"excerpt":{"rendered":"[fpd_module type=\"designs\"]\n<p class=\"ai-optimize-32\"><strong>849 POPLINE &#8211; Kugelschreiber &#8211; mit Etui<\/strong><\/p>\n<p class=\"ai-optimize-33\">Trendy, modern, auffallend. Der 849 PopLine Kugelschreiber ist ein wahres Schmuckst\u00fcck. Der Kugelschreiber liegt perfekt in der Hand. Das Modell 849 PopLine passt zu jeder Stimmung und erf\u00fcllt alle Anforderungen an Schreibkomfort. Zuverl\u00e4ssig und langlebig. Und dank der bekannten Goliath-Patrone k\u00f6nnen Sie bis zu 600 A4-Seiten am St\u00fcck schreiben.     <\/p>\n","protected":false},"featured_media":19137,"template":"","meta":{"_acf_changed":false},"product_brand":[],"product_cat":[852,866,887,858,863,893,862],"product_tag":[],"class_list":{"0":"post-46634","1":"product","2":"type-product","3":"status-publish","4":"has-post-thumbnail","6":"product_cat-anpassen","7":"product_cat-diplomideen","8":"product_cat-ideen-fur-lehrer","9":"product_cat-ideen-weihnachten","10":"product_cat-kugelschreiber","11":"product_cat-personalisierte-stifte","12":"product_cat-valentinstagsideen","14":"first","15":"instock","16":"taxable","17":"shipping-taxable","18":"purchasable","19":"product-type-simple","20":"add-to-wishlist-after_add_to_cart"},"acf":[],"yoast_head":"<!-- This site is optimized with the Yoast SEO Premium plugin v27.5 (Yoast SEO v27.6) - https:\/\/yoast.com\/product\/yoast-seo-premium-wordpress\/ -->\n<title>CARAN D&#039;ACHE Kugelschreiber Brut Ros\u00e9 - Cartoleria Donati SA<\/title>\n<meta name=\"description\" content=\"Entdecken Sie den Caran d&#039;Ache Kugelschreiber Brut Ros\u00e9, ein Beispiel f\u00fcr Eleganz mit Ros\u00e9gold-Plattierung und anspruchsvollem Design. Ideal f\u00fcr luxuri\u00f6ses Schreiben.\" \/>\n<meta name=\"robots\" content=\"index, follow, max-snippet:-1, max-image-preview:large, max-video-preview:-1\" \/>\n<link rel=\"canonical\" href=\"https:\/\/cartoleriadonati.ch\/de\/prodotto\/caran-dache-kugelschreiber-brut-rose\/\" \/>\n<meta property=\"og:locale\" content=\"de_DE\" \/>\n<meta property=\"og:type\" content=\"article\" \/>\n<meta property=\"og:title\" content=\"CARAN D&#039;ACHE Kugelschreiber Brut Ros\u00e9\" \/>\n<meta property=\"og:description\" content=\"Entdecken Sie den Caran d&#039;Ache Kugelschreiber Brut Ros\u00e9, ein Beispiel f\u00fcr Eleganz mit Ros\u00e9gold-Plattierung und anspruchsvollem Design. Ideal f\u00fcr luxuri\u00f6ses Schreiben.\" \/>\n<meta property=\"og:url\" content=\"https:\/\/cartoleriadonati.ch\/de\/prodotto\/caran-dache-kugelschreiber-brut-rose\/\" \/>\n<meta property=\"og:site_name\" content=\"Cartoleria Donati SA\" \/>\n<meta property=\"article:publisher\" content=\"https:\/\/www.facebook.com\/CartoleriaDonati\" \/>\n<meta property=\"article:modified_time\" content=\"2026-05-03T13:56:55+00:00\" \/>\n<meta property=\"og:image\" content=\"https:\/\/cartoleriadonati.ch\/wp-content\/uploads\/2024\/05\/CARAN-DACHE-Penna-sfera-849-brut-rose.jpg\" \/>\n\t<meta property=\"og:image:width\" content=\"800\" \/>\n\t<meta property=\"og:image:height\" content=\"1200\" \/>\n\t<meta property=\"og:image:type\" content=\"image\/jpeg\" \/>\n<meta name=\"twitter:card\" content=\"summary_large_image\" \/>\n<meta name=\"twitter:label1\" content=\"Gesch\u00e4tzte Lesezeit\" \/>\n\t<meta name=\"twitter:data1\" content=\"3\u00a0Minuten\" \/>\n<script type=\"application\/ld+json\" class=\"yoast-schema-graph\">{\"@context\":\"https:\\\/\\\/schema.org\",\"@graph\":[{\"@type\":\"WebPage\",\"@id\":\"https:\\\/\\\/cartoleriadonati.ch\\\/de\\\/prodotto\\\/caran-dache-kugelschreiber-brut-rose\\\/\",\"url\":\"https:\\\/\\\/cartoleriadonati.ch\\\/de\\\/prodotto\\\/caran-dache-kugelschreiber-brut-rose\\\/\",\"name\":\"CARAN D'ACHE Kugelschreiber Brut Ros\u00e9 - Cartoleria Donati SA\",\"isPartOf\":{\"@id\":\"https:\\\/\\\/cartoleriadonati.ch\\\/de\\\/#website\"},\"primaryImageOfPage\":{\"@id\":\"https:\\\/\\\/cartoleriadonati.ch\\\/de\\\/prodotto\\\/caran-dache-kugelschreiber-brut-rose\\\/#primaryimage\"},\"image\":{\"@id\":\"https:\\\/\\\/cartoleriadonati.ch\\\/de\\\/prodotto\\\/caran-dache-kugelschreiber-brut-rose\\\/#primaryimage\"},\"thumbnailUrl\":\"https:\\\/\\\/cartoleriadonati.ch\\\/wp-content\\\/uploads\\\/2024\\\/05\\\/CARAN-DACHE-Penna-sfera-849-brut-rose.jpg\",\"datePublished\":\"2024-05-21T13:10:11+00:00\",\"dateModified\":\"2026-05-03T13:56:55+00:00\",\"description\":\"Entdecken Sie den Caran d'Ache Kugelschreiber Brut Ros\u00e9, ein Beispiel f\u00fcr Eleganz mit Ros\u00e9gold-Plattierung und anspruchsvollem Design. Ideal f\u00fcr luxuri\u00f6ses Schreiben.\",\"breadcrumb\":{\"@id\":\"https:\\\/\\\/cartoleriadonati.ch\\\/de\\\/prodotto\\\/caran-dache-kugelschreiber-brut-rose\\\/#breadcrumb\"},\"inLanguage\":\"de\",\"potentialAction\":[{\"@type\":\"ReadAction\",\"target\":[\"https:\\\/\\\/cartoleriadonati.ch\\\/de\\\/prodotto\\\/caran-dache-kugelschreiber-brut-rose\\\/\"]}]},{\"@type\":\"ImageObject\",\"inLanguage\":\"de\",\"@id\":\"https:\\\/\\\/cartoleriadonati.ch\\\/de\\\/prodotto\\\/caran-dache-kugelschreiber-brut-rose\\\/#primaryimage\",\"url\":\"https:\\\/\\\/cartoleriadonati.ch\\\/wp-content\\\/uploads\\\/2024\\\/05\\\/CARAN-DACHE-Penna-sfera-849-brut-rose.jpg\",\"contentUrl\":\"https:\\\/\\\/cartoleriadonati.ch\\\/wp-content\\\/uploads\\\/2024\\\/05\\\/CARAN-DACHE-Penna-sfera-849-brut-rose.jpg\",\"width\":800,\"height\":1200,\"caption\":\"CARAN D'ACHE Penna sfera 849 brut ros\u00e9\"},{\"@type\":\"BreadcrumbList\",\"@id\":\"https:\\\/\\\/cartoleriadonati.ch\\\/de\\\/prodotto\\\/caran-dache-kugelschreiber-brut-rose\\\/#breadcrumb\",\"itemListElement\":[{\"@type\":\"ListItem\",\"position\":1,\"name\":\"Home\",\"item\":\"https:\\\/\\\/cartoleriadonati.ch\\\/de\\\/home-page\\\/\"},{\"@type\":\"ListItem\",\"position\":2,\"name\":\"Shop\",\"item\":\"https:\\\/\\\/cartoleriadonati.ch\\\/de\\\/shop\\\/\"},{\"@type\":\"ListItem\",\"position\":3,\"name\":\"CARAN D&#8217;ACHE Kugelschreiber Brut Ros\u00e9\"}]},{\"@type\":\"WebSite\",\"@id\":\"https:\\\/\\\/cartoleriadonati.ch\\\/de\\\/#website\",\"url\":\"https:\\\/\\\/cartoleriadonati.ch\\\/de\\\/\",\"name\":\"Cartoleria Donati SA\",\"description\":\"Sito internet ufficiale della Cartoleria Donati SA\",\"publisher\":{\"@id\":\"https:\\\/\\\/cartoleriadonati.ch\\\/de\\\/#organization\"},\"potentialAction\":[{\"@type\":\"SearchAction\",\"target\":{\"@type\":\"EntryPoint\",\"urlTemplate\":\"https:\\\/\\\/cartoleriadonati.ch\\\/de\\\/?s={search_term_string}\"},\"query-input\":{\"@type\":\"PropertyValueSpecification\",\"valueRequired\":true,\"valueName\":\"search_term_string\"}}],\"inLanguage\":\"de\"},{\"@type\":\"Organization\",\"@id\":\"https:\\\/\\\/cartoleriadonati.ch\\\/de\\\/#organization\",\"name\":\"Cartoleria Donati SA\",\"url\":\"https:\\\/\\\/cartoleriadonati.ch\\\/de\\\/\",\"logo\":{\"@type\":\"ImageObject\",\"inLanguage\":\"de\",\"@id\":\"https:\\\/\\\/cartoleriadonati.ch\\\/de\\\/#\\\/schema\\\/logo\\\/image\\\/\",\"url\":\"https:\\\/\\\/cartoleriadonati.ch\\\/wp-content\\\/uploads\\\/2019\\\/06\\\/DONATI_logo-1.png\",\"contentUrl\":\"https:\\\/\\\/cartoleriadonati.ch\\\/wp-content\\\/uploads\\\/2019\\\/06\\\/DONATI_logo-1.png\",\"width\":2339,\"height\":1654,\"caption\":\"Cartoleria Donati SA\"},\"image\":{\"@id\":\"https:\\\/\\\/cartoleriadonati.ch\\\/de\\\/#\\\/schema\\\/logo\\\/image\\\/\"},\"sameAs\":[\"https:\\\/\\\/www.facebook.com\\\/CartoleriaDonati\"]}]}<\/script>\n<!-- \/ Yoast SEO Premium plugin. -->","yoast_head_json":{"title":"CARAN D'ACHE Kugelschreiber Brut Ros\u00e9 - Cartoleria Donati SA","description":"Entdecken Sie den Caran d'Ache Kugelschreiber Brut Ros\u00e9, ein Beispiel f\u00fcr Eleganz mit Ros\u00e9gold-Plattierung und anspruchsvollem Design. Ideal f\u00fcr luxuri\u00f6ses Schreiben.","robots":{"index":"index","follow":"follow","max-snippet":"max-snippet:-1","max-image-preview":"max-image-preview:large","max-video-preview":"max-video-preview:-1"},"canonical":"https:\/\/cartoleriadonati.ch\/de\/prodotto\/caran-dache-kugelschreiber-brut-rose\/","og_locale":"de_DE","og_type":"article","og_title":"CARAN D'ACHE Kugelschreiber Brut Ros\u00e9","og_description":"Entdecken Sie den Caran d'Ache Kugelschreiber Brut Ros\u00e9, ein Beispiel f\u00fcr Eleganz mit Ros\u00e9gold-Plattierung und anspruchsvollem Design. Ideal f\u00fcr luxuri\u00f6ses Schreiben.","og_url":"https:\/\/cartoleriadonati.ch\/de\/prodotto\/caran-dache-kugelschreiber-brut-rose\/","og_site_name":"Cartoleria Donati SA","article_publisher":"https:\/\/www.facebook.com\/CartoleriaDonati","article_modified_time":"2026-05-03T13:56:55+00:00","og_image":[{"width":800,"height":1200,"url":"https:\/\/cartoleriadonati.ch\/wp-content\/uploads\/2024\/05\/CARAN-DACHE-Penna-sfera-849-brut-rose.jpg","type":"image\/jpeg"}],"twitter_card":"summary_large_image","twitter_misc":{"Gesch\u00e4tzte Lesezeit":"3\u00a0Minuten"},"schema":{"@context":"https:\/\/schema.org","@graph":[{"@type":"WebPage","@id":"https:\/\/cartoleriadonati.ch\/de\/prodotto\/caran-dache-kugelschreiber-brut-rose\/","url":"https:\/\/cartoleriadonati.ch\/de\/prodotto\/caran-dache-kugelschreiber-brut-rose\/","name":"CARAN D'ACHE Kugelschreiber Brut Ros\u00e9 - Cartoleria Donati SA","isPartOf":{"@id":"https:\/\/cartoleriadonati.ch\/de\/#website"},"primaryImageOfPage":{"@id":"https:\/\/cartoleriadonati.ch\/de\/prodotto\/caran-dache-kugelschreiber-brut-rose\/#primaryimage"},"image":{"@id":"https:\/\/cartoleriadonati.ch\/de\/prodotto\/caran-dache-kugelschreiber-brut-rose\/#primaryimage"},"thumbnailUrl":"https:\/\/cartoleriadonati.ch\/wp-content\/uploads\/2024\/05\/CARAN-DACHE-Penna-sfera-849-brut-rose.jpg","datePublished":"2024-05-21T13:10:11+00:00","dateModified":"2026-05-03T13:56:55+00:00","description":"Entdecken Sie den Caran d'Ache Kugelschreiber Brut Ros\u00e9, ein Beispiel f\u00fcr Eleganz mit Ros\u00e9gold-Plattierung und anspruchsvollem Design. Ideal f\u00fcr luxuri\u00f6ses Schreiben.","breadcrumb":{"@id":"https:\/\/cartoleriadonati.ch\/de\/prodotto\/caran-dache-kugelschreiber-brut-rose\/#breadcrumb"},"inLanguage":"de","potentialAction":[{"@type":"ReadAction","target":["https:\/\/cartoleriadonati.ch\/de\/prodotto\/caran-dache-kugelschreiber-brut-rose\/"]}]},{"@type":"ImageObject","inLanguage":"de","@id":"https:\/\/cartoleriadonati.ch\/de\/prodotto\/caran-dache-kugelschreiber-brut-rose\/#primaryimage","url":"https:\/\/cartoleriadonati.ch\/wp-content\/uploads\/2024\/05\/CARAN-DACHE-Penna-sfera-849-brut-rose.jpg","contentUrl":"https:\/\/cartoleriadonati.ch\/wp-content\/uploads\/2024\/05\/CARAN-DACHE-Penna-sfera-849-brut-rose.jpg","width":800,"height":1200,"caption":"CARAN D'ACHE Penna sfera 849 brut ros\u00e9"},{"@type":"BreadcrumbList","@id":"https:\/\/cartoleriadonati.ch\/de\/prodotto\/caran-dache-kugelschreiber-brut-rose\/#breadcrumb","itemListElement":[{"@type":"ListItem","position":1,"name":"Home","item":"https:\/\/cartoleriadonati.ch\/de\/home-page\/"},{"@type":"ListItem","position":2,"name":"Shop","item":"https:\/\/cartoleriadonati.ch\/de\/shop\/"},{"@type":"ListItem","position":3,"name":"CARAN D&#8217;ACHE Kugelschreiber Brut Ros\u00e9"}]},{"@type":"WebSite","@id":"https:\/\/cartoleriadonati.ch\/de\/#website","url":"https:\/\/cartoleriadonati.ch\/de\/","name":"Cartoleria Donati SA","description":"Sito internet ufficiale della Cartoleria Donati SA","publisher":{"@id":"https:\/\/cartoleriadonati.ch\/de\/#organization"},"potentialAction":[{"@type":"SearchAction","target":{"@type":"EntryPoint","urlTemplate":"https:\/\/cartoleriadonati.ch\/de\/?s={search_term_string}"},"query-input":{"@type":"PropertyValueSpecification","valueRequired":true,"valueName":"search_term_string"}}],"inLanguage":"de"},{"@type":"Organization","@id":"https:\/\/cartoleriadonati.ch\/de\/#organization","name":"Cartoleria Donati SA","url":"https:\/\/cartoleriadonati.ch\/de\/","logo":{"@type":"ImageObject","inLanguage":"de","@id":"https:\/\/cartoleriadonati.ch\/de\/#\/schema\/logo\/image\/","url":"https:\/\/cartoleriadonati.ch\/wp-content\/uploads\/2019\/06\/DONATI_logo-1.png","contentUrl":"https:\/\/cartoleriadonati.ch\/wp-content\/uploads\/2019\/06\/DONATI_logo-1.png","width":2339,"height":1654,"caption":"Cartoleria Donati SA"},"image":{"@id":"https:\/\/cartoleriadonati.ch\/de\/#\/schema\/logo\/image\/"},"sameAs":["https:\/\/www.facebook.com\/CartoleriaDonati"]}]}},"_links":{"self":[{"href":"https:\/\/cartoleriadonati.ch\/de\/wp-json\/wp\/v2\/product\/46634","targetHints":{"allow":["GET"]}}],"collection":[{"href":"https:\/\/cartoleriadonati.ch\/de\/wp-json\/wp\/v2\/product"}],"about":[{"href":"https:\/\/cartoleriadonati.ch\/de\/wp-json\/wp\/v2\/types\/product"}],"wp:featuredmedia":[{"embeddable":true,"href":"https:\/\/cartoleriadonati.ch\/de\/wp-json\/wp\/v2\/media\/19137"}],"wp:attachment":[{"href":"https:\/\/cartoleriadonati.ch\/de\/wp-json\/wp\/v2\/media?parent=46634"}],"wp:term":[{"taxonomy":"product_brand","embeddable":true,"href":"https:\/\/cartoleriadonati.ch\/de\/wp-json\/wp\/v2\/product_brand?post=46634"},{"taxonomy":"product_cat","embeddable":true,"href":"https:\/\/cartoleriadonati.ch\/de\/wp-json\/wp\/v2\/product_cat?post=46634"},{"taxonomy":"product_tag","embeddable":true,"href":"https:\/\/cartoleriadonati.ch\/de\/wp-json\/wp\/v2\/product_tag?post=46634"}],"curies":[{"name":"wp","href":"https:\/\/api.w.org\/{rel}","templated":true}]}}