{"id":46454,"date":"2025-10-14T11:48:16","date_gmt":"2025-10-14T11:48:16","guid":{"rendered":"https:\/\/cartoleriadonati.ch\/prodotto\/personalisiertes-proseccoglas-aus-glas\/"},"modified":"2026-05-03T12:47:54","modified_gmt":"2026-05-03T12:47:54","slug":"personalisiertes-proseccoglas-aus-glas","status":"publish","type":"product","link":"https:\/\/cartoleriadonati.ch\/de\/prodotto\/personalisiertes-proseccoglas-aus-glas\/","title":{"rendered":"Personalisiertes Proseccoglas aus Glas"},"content":{"rendered":"<h3 data-start=\"534\" data-end=\"625\">Personalisiertes Proseccoglas aus Glas \u2013 Eleganz und Einzigartigkeit f\u00fcr jeden Anstoss<\/h3>\n<p data-start=\"627\" data-end=\"878\">Das <strong data-start=\"630\" data-end=\"671\">personalisierte Proseccoglas<\/strong> ist f\u00fcr alle gedacht, die besondere Momente mit Stil feiern m\u00f6chten. Hergestellt aus <strong data-start=\"748\" data-end=\"785\">hochwertigem Klarglas<\/strong>, vereint es Eleganz, Best\u00e4ndigkeit und Raffinesse und macht jeden Anstoss noch unvergesslicher. <\/p>\n<p data-start=\"880\" data-end=\"1187\">Die schlanke und raffinierte Form dieses Glases wurde entwickelt, um <strong data-start=\"946\" data-end=\"974\">die Perlage zu betonen<\/strong> und die Frische von Prosecco, Sekt oder Champagner zu bewahren. Das d\u00fcnne Glas bringt die Brillanz des Weins zur Geltung und verleiht jedem Anlass, ob privat oder beruflich, eine stilvolle Note. <\/p>\n<p data-start=\"1189\" data-end=\"1331\">Perfekt f\u00fcr <strong data-start=\"1202\" data-end=\"1266\">Hochzeiten, Jubil\u00e4en, Firmenevents oder romantische Abende<\/strong> \u2013 dieses Glas wird zum Symbol f\u00fcr Eleganz und guten Geschmack.<\/p>\n<p data-start=\"353\" data-end=\"544\"><strong>So personalisieren Sie: <\/strong><\/p>\n<ol>\n<li><strong data-start=\"357\" data-end=\"383\">Design personalisieren<\/strong><br data-start=\"383\" data-end=\"386\">Am oberen Rand der Seite sehen Sie das leere Produkt. Sie k\u00f6nnen Text hinzuf\u00fcgen, Designs einf\u00fcgen und das Layout nach Ihren W\u00fcnschen anpassen. <\/li>\n<li data-start=\"546\" data-end=\"660\"><strong data-start=\"550\" data-end=\"571\">Bestellung abschliessen<\/strong><br data-start=\"571\" data-end=\"574\">Sobald das Design fertig ist, legen Sie das Produkt in den Warenkorb und fahren Sie mit dem Checkout fort.<\/li>\n<li data-start=\"662\" data-end=\"797\"><strong data-start=\"666\" data-end=\"688\">Dateipr\u00fcfung<\/strong><br data-start=\"688\" data-end=\"691\">Vor der Gravur pr\u00fcfen wir die Datei immer. Falls das Foto oder Design nicht geeignet ist, werden wir Sie kontaktieren. <\/li>\n<li data-start=\"799\" data-end=\"919\"><strong data-start=\"803\" data-end=\"840\">Produktion in unserer Papeterie<\/strong><br data-start=\"840\" data-end=\"843\">Das Produkt wird bei der Cartoleria Donati SA graviert und personalisiert.<\/li>\n<\/ol>\n<p><strong data-start=\"923\" data-end=\"947\">Produktionszeit:<\/strong> ca. <strong data-start=\"954\" data-end=\"979\">1\u20132 Werktage<\/strong>.<\/p>\n<h3 data-start=\"1333\" data-end=\"1386\">Exklusive Personalisierung mit Lasergravur<\/h3>\n<p data-start=\"1388\" data-end=\"1621\">Machen Sie Ihr Glas dank der <strong data-start=\"1429\" data-end=\"1470\">Personalisierung mit Lasergravur<\/strong> zu einem Unikat. Sie k\u00f6nnen <strong data-start=\"1488\" data-end=\"1527\">Namen, Initialen, Daten, Spr\u00fcche oder Logos<\/strong> hinzuf\u00fcgen und ein exklusives Glas kreieren, das sich perfekt als Geschenkidee oder Erinnerung an ein besonderes Ereignis eignet. <\/p>\n<p data-start=\"1623\" data-end=\"1955\">W\u00e4hrend der Online-Personalisierung werden Text oder Grafiken in <strong data-start=\"1710\" data-end=\"1727\">schwarzer Farbe<\/strong> angezeigt, um die Vorschau zu erleichtern. Das tats\u00e4chliche Ergebnis der <strong data-start=\"1812\" data-end=\"1831\">Lasergravur<\/strong> erscheint jedoch als <strong data-start=\"1855\" data-end=\"1880\">satinierter und lichtdurchl\u00e4ssiger<\/strong> Effekt, elegant und dauerhaft, der durch das Abtragen einer d\u00fcnnen Glasschicht erzielt wird. <\/p>\n<p data-start=\"1957\" data-end=\"2069\">Jede Gravur ist pr\u00e4zise, langlebig und sp\u00fclmaschinenfest, was ein raffiniertes und professionelles Ergebnis garantiert.<\/p>\n<h3 data-start=\"2071\" data-end=\"2114\">Ein raffiniertes und unvergessliches Geschenk<\/h3>\n<p data-start=\"2116\" data-end=\"2347\">Das <strong data-start=\"2119\" data-end=\"2160\">personalisierte Proseccoglas<\/strong> ist eine hervorragende <strong data-start=\"2173\" data-end=\"2188\">Geschenkidee<\/strong> f\u00fcr Paare, Freunde, Kollegen oder Kunden. Ideal f\u00fcr <strong data-start=\"2239\" data-end=\"2286\">Feste, Hochzeiten, Jubil\u00e4en oder Verkostungen<\/strong> vereint es Design und pers\u00f6nliche Bedeutung in einem einzigen Objekt. <\/p>\n<p data-start=\"2349\" data-end=\"2469\">Mit Ihrer pers\u00f6nlichen Note wird jedes Glas zu einer einzigartigen Erinnerung: ein Symbol f\u00fcr <strong data-start=\"2432\" data-end=\"2466\">Stil, Eleganz und Feierlichkeit<\/strong>.<\/p>\n","protected":false},"excerpt":{"rendered":"<p>[fpd_module type=\"text\"]<br \/>\n[fpd_module type=\"designs\"]<\/p>\n","protected":false},"featured_media":43126,"template":"","meta":{"_acf_changed":false},"product_brand":[],"product_cat":[852,883,882,879],"product_tag":[],"class_list":{"0":"post-46454","1":"product","2":"type-product","3":"status-publish","4":"has-post-thumbnail","6":"product_cat-anpassen","7":"product_cat-geschenkideen-geburtstag","8":"product_cat-glaser","9":"product_cat-personalisiertes-glas","11":"first","12":"instock","13":"taxable","14":"shipping-taxable","15":"purchasable","16":"product-type-simple","17":"add-to-wishlist-after_add_to_cart"},"acf":[],"yoast_head":"<!-- This site is optimized with the Yoast SEO Premium plugin v27.5 (Yoast SEO v27.6) - https:\/\/yoast.com\/product\/yoast-seo-premium-wordpress\/ -->\n<title>Personalisiertes Proseccoglas aus Glas - Cartoleria Donati SA<\/title>\n<meta name=\"description\" content=\"Personalisiertes Proseccoglas aus Glas mit Lasergravur. Elegant und raffiniert, perfekt f\u00fcr Anst\u00f6sse, Events oder einzigartige und originelle Geschenke.\" \/>\n<meta name=\"robots\" content=\"index, follow, max-snippet:-1, max-image-preview:large, max-video-preview:-1\" \/>\n<link rel=\"canonical\" href=\"https:\/\/cartoleriadonati.ch\/de\/prodotto\/personalisiertes-proseccoglas-aus-glas\/\" \/>\n<meta property=\"og:locale\" content=\"de_DE\" \/>\n<meta property=\"og:type\" content=\"article\" \/>\n<meta property=\"og:title\" content=\"Personalisiertes Proseccoglas aus Glas\" \/>\n<meta property=\"og:description\" content=\"Personalisiertes Proseccoglas aus Glas mit Lasergravur. Elegant und raffiniert, perfekt f\u00fcr Anst\u00f6sse, Events oder einzigartige und originelle Geschenke.\" \/>\n<meta property=\"og:url\" content=\"https:\/\/cartoleriadonati.ch\/de\/prodotto\/personalisiertes-proseccoglas-aus-glas\/\" \/>\n<meta property=\"og:site_name\" content=\"Cartoleria Donati SA\" \/>\n<meta property=\"article:publisher\" content=\"https:\/\/www.facebook.com\/CartoleriaDonati\" \/>\n<meta property=\"article:modified_time\" content=\"2026-05-03T12:47:54+00:00\" \/>\n<meta property=\"og:image\" content=\"https:\/\/cartoleriadonati.ch\/wp-content\/uploads\/2025\/10\/1.jpg\" \/>\n\t<meta property=\"og:image:width\" content=\"1200\" \/>\n\t<meta property=\"og:image:height\" content=\"1500\" \/>\n\t<meta property=\"og:image:type\" content=\"image\/jpeg\" \/>\n<meta name=\"twitter:card\" content=\"summary_large_image\" \/>\n<meta name=\"twitter:label1\" content=\"Gesch\u00e4tzte Lesezeit\" \/>\n\t<meta name=\"twitter:data1\" content=\"2\u00a0Minuten\" \/>\n<script type=\"application\/ld+json\" class=\"yoast-schema-graph\">{\"@context\":\"https:\\\/\\\/schema.org\",\"@graph\":[{\"@type\":\"WebPage\",\"@id\":\"https:\\\/\\\/cartoleriadonati.ch\\\/de\\\/prodotto\\\/personalisiertes-proseccoglas-aus-glas\\\/\",\"url\":\"https:\\\/\\\/cartoleriadonati.ch\\\/de\\\/prodotto\\\/personalisiertes-proseccoglas-aus-glas\\\/\",\"name\":\"Personalisiertes Proseccoglas aus Glas - Cartoleria Donati SA\",\"isPartOf\":{\"@id\":\"https:\\\/\\\/cartoleriadonati.ch\\\/de\\\/#website\"},\"primaryImageOfPage\":{\"@id\":\"https:\\\/\\\/cartoleriadonati.ch\\\/de\\\/prodotto\\\/personalisiertes-proseccoglas-aus-glas\\\/#primaryimage\"},\"image\":{\"@id\":\"https:\\\/\\\/cartoleriadonati.ch\\\/de\\\/prodotto\\\/personalisiertes-proseccoglas-aus-glas\\\/#primaryimage\"},\"thumbnailUrl\":\"https:\\\/\\\/cartoleriadonati.ch\\\/wp-content\\\/uploads\\\/2025\\\/10\\\/1.jpg\",\"datePublished\":\"2025-10-14T11:48:16+00:00\",\"dateModified\":\"2026-05-03T12:47:54+00:00\",\"description\":\"Personalisiertes Proseccoglas aus Glas mit Lasergravur. Elegant und raffiniert, perfekt f\u00fcr Anst\u00f6sse, Events oder einzigartige und originelle Geschenke.\",\"breadcrumb\":{\"@id\":\"https:\\\/\\\/cartoleriadonati.ch\\\/de\\\/prodotto\\\/personalisiertes-proseccoglas-aus-glas\\\/#breadcrumb\"},\"inLanguage\":\"de\",\"potentialAction\":[{\"@type\":\"ReadAction\",\"target\":[\"https:\\\/\\\/cartoleriadonati.ch\\\/de\\\/prodotto\\\/personalisiertes-proseccoglas-aus-glas\\\/\"]}]},{\"@type\":\"ImageObject\",\"inLanguage\":\"de\",\"@id\":\"https:\\\/\\\/cartoleriadonati.ch\\\/de\\\/prodotto\\\/personalisiertes-proseccoglas-aus-glas\\\/#primaryimage\",\"url\":\"https:\\\/\\\/cartoleriadonati.ch\\\/wp-content\\\/uploads\\\/2025\\\/10\\\/1.jpg\",\"contentUrl\":\"https:\\\/\\\/cartoleriadonati.ch\\\/wp-content\\\/uploads\\\/2025\\\/10\\\/1.jpg\",\"width\":1200,\"height\":1500},{\"@type\":\"BreadcrumbList\",\"@id\":\"https:\\\/\\\/cartoleriadonati.ch\\\/de\\\/prodotto\\\/personalisiertes-proseccoglas-aus-glas\\\/#breadcrumb\",\"itemListElement\":[{\"@type\":\"ListItem\",\"position\":1,\"name\":\"Home\",\"item\":\"https:\\\/\\\/cartoleriadonati.ch\\\/de\\\/home-page\\\/\"},{\"@type\":\"ListItem\",\"position\":2,\"name\":\"Shop\",\"item\":\"https:\\\/\\\/cartoleriadonati.ch\\\/de\\\/shop\\\/\"},{\"@type\":\"ListItem\",\"position\":3,\"name\":\"Personalisiertes Proseccoglas aus Glas\"}]},{\"@type\":\"WebSite\",\"@id\":\"https:\\\/\\\/cartoleriadonati.ch\\\/de\\\/#website\",\"url\":\"https:\\\/\\\/cartoleriadonati.ch\\\/de\\\/\",\"name\":\"Cartoleria Donati SA\",\"description\":\"Sito internet ufficiale della Cartoleria Donati SA\",\"publisher\":{\"@id\":\"https:\\\/\\\/cartoleriadonati.ch\\\/de\\\/#organization\"},\"potentialAction\":[{\"@type\":\"SearchAction\",\"target\":{\"@type\":\"EntryPoint\",\"urlTemplate\":\"https:\\\/\\\/cartoleriadonati.ch\\\/de\\\/?s={search_term_string}\"},\"query-input\":{\"@type\":\"PropertyValueSpecification\",\"valueRequired\":true,\"valueName\":\"search_term_string\"}}],\"inLanguage\":\"de\"},{\"@type\":\"Organization\",\"@id\":\"https:\\\/\\\/cartoleriadonati.ch\\\/de\\\/#organization\",\"name\":\"Cartoleria Donati SA\",\"url\":\"https:\\\/\\\/cartoleriadonati.ch\\\/de\\\/\",\"logo\":{\"@type\":\"ImageObject\",\"inLanguage\":\"de\",\"@id\":\"https:\\\/\\\/cartoleriadonati.ch\\\/de\\\/#\\\/schema\\\/logo\\\/image\\\/\",\"url\":\"https:\\\/\\\/cartoleriadonati.ch\\\/wp-content\\\/uploads\\\/2019\\\/06\\\/DONATI_logo-1.png\",\"contentUrl\":\"https:\\\/\\\/cartoleriadonati.ch\\\/wp-content\\\/uploads\\\/2019\\\/06\\\/DONATI_logo-1.png\",\"width\":2339,\"height\":1654,\"caption\":\"Cartoleria Donati SA\"},\"image\":{\"@id\":\"https:\\\/\\\/cartoleriadonati.ch\\\/de\\\/#\\\/schema\\\/logo\\\/image\\\/\"},\"sameAs\":[\"https:\\\/\\\/www.facebook.com\\\/CartoleriaDonati\"]}]}<\/script>\n<!-- \/ Yoast SEO Premium plugin. -->","yoast_head_json":{"title":"Personalisiertes Proseccoglas aus Glas - Cartoleria Donati SA","description":"Personalisiertes Proseccoglas aus Glas mit Lasergravur. Elegant und raffiniert, perfekt f\u00fcr Anst\u00f6sse, Events oder einzigartige und originelle Geschenke.","robots":{"index":"index","follow":"follow","max-snippet":"max-snippet:-1","max-image-preview":"max-image-preview:large","max-video-preview":"max-video-preview:-1"},"canonical":"https:\/\/cartoleriadonati.ch\/de\/prodotto\/personalisiertes-proseccoglas-aus-glas\/","og_locale":"de_DE","og_type":"article","og_title":"Personalisiertes Proseccoglas aus Glas","og_description":"Personalisiertes Proseccoglas aus Glas mit Lasergravur. Elegant und raffiniert, perfekt f\u00fcr Anst\u00f6sse, Events oder einzigartige und originelle Geschenke.","og_url":"https:\/\/cartoleriadonati.ch\/de\/prodotto\/personalisiertes-proseccoglas-aus-glas\/","og_site_name":"Cartoleria Donati SA","article_publisher":"https:\/\/www.facebook.com\/CartoleriaDonati","article_modified_time":"2026-05-03T12:47:54+00:00","og_image":[{"width":1200,"height":1500,"url":"https:\/\/cartoleriadonati.ch\/wp-content\/uploads\/2025\/10\/1.jpg","type":"image\/jpeg"}],"twitter_card":"summary_large_image","twitter_misc":{"Gesch\u00e4tzte Lesezeit":"2\u00a0Minuten"},"schema":{"@context":"https:\/\/schema.org","@graph":[{"@type":"WebPage","@id":"https:\/\/cartoleriadonati.ch\/de\/prodotto\/personalisiertes-proseccoglas-aus-glas\/","url":"https:\/\/cartoleriadonati.ch\/de\/prodotto\/personalisiertes-proseccoglas-aus-glas\/","name":"Personalisiertes Proseccoglas aus Glas - Cartoleria Donati SA","isPartOf":{"@id":"https:\/\/cartoleriadonati.ch\/de\/#website"},"primaryImageOfPage":{"@id":"https:\/\/cartoleriadonati.ch\/de\/prodotto\/personalisiertes-proseccoglas-aus-glas\/#primaryimage"},"image":{"@id":"https:\/\/cartoleriadonati.ch\/de\/prodotto\/personalisiertes-proseccoglas-aus-glas\/#primaryimage"},"thumbnailUrl":"https:\/\/cartoleriadonati.ch\/wp-content\/uploads\/2025\/10\/1.jpg","datePublished":"2025-10-14T11:48:16+00:00","dateModified":"2026-05-03T12:47:54+00:00","description":"Personalisiertes Proseccoglas aus Glas mit Lasergravur. Elegant und raffiniert, perfekt f\u00fcr Anst\u00f6sse, Events oder einzigartige und originelle Geschenke.","breadcrumb":{"@id":"https:\/\/cartoleriadonati.ch\/de\/prodotto\/personalisiertes-proseccoglas-aus-glas\/#breadcrumb"},"inLanguage":"de","potentialAction":[{"@type":"ReadAction","target":["https:\/\/cartoleriadonati.ch\/de\/prodotto\/personalisiertes-proseccoglas-aus-glas\/"]}]},{"@type":"ImageObject","inLanguage":"de","@id":"https:\/\/cartoleriadonati.ch\/de\/prodotto\/personalisiertes-proseccoglas-aus-glas\/#primaryimage","url":"https:\/\/cartoleriadonati.ch\/wp-content\/uploads\/2025\/10\/1.jpg","contentUrl":"https:\/\/cartoleriadonati.ch\/wp-content\/uploads\/2025\/10\/1.jpg","width":1200,"height":1500},{"@type":"BreadcrumbList","@id":"https:\/\/cartoleriadonati.ch\/de\/prodotto\/personalisiertes-proseccoglas-aus-glas\/#breadcrumb","itemListElement":[{"@type":"ListItem","position":1,"name":"Home","item":"https:\/\/cartoleriadonati.ch\/de\/home-page\/"},{"@type":"ListItem","position":2,"name":"Shop","item":"https:\/\/cartoleriadonati.ch\/de\/shop\/"},{"@type":"ListItem","position":3,"name":"Personalisiertes Proseccoglas aus Glas"}]},{"@type":"WebSite","@id":"https:\/\/cartoleriadonati.ch\/de\/#website","url":"https:\/\/cartoleriadonati.ch\/de\/","name":"Cartoleria Donati SA","description":"Sito internet ufficiale della Cartoleria Donati SA","publisher":{"@id":"https:\/\/cartoleriadonati.ch\/de\/#organization"},"potentialAction":[{"@type":"SearchAction","target":{"@type":"EntryPoint","urlTemplate":"https:\/\/cartoleriadonati.ch\/de\/?s={search_term_string}"},"query-input":{"@type":"PropertyValueSpecification","valueRequired":true,"valueName":"search_term_string"}}],"inLanguage":"de"},{"@type":"Organization","@id":"https:\/\/cartoleriadonati.ch\/de\/#organization","name":"Cartoleria Donati SA","url":"https:\/\/cartoleriadonati.ch\/de\/","logo":{"@type":"ImageObject","inLanguage":"de","@id":"https:\/\/cartoleriadonati.ch\/de\/#\/schema\/logo\/image\/","url":"https:\/\/cartoleriadonati.ch\/wp-content\/uploads\/2019\/06\/DONATI_logo-1.png","contentUrl":"https:\/\/cartoleriadonati.ch\/wp-content\/uploads\/2019\/06\/DONATI_logo-1.png","width":2339,"height":1654,"caption":"Cartoleria Donati SA"},"image":{"@id":"https:\/\/cartoleriadonati.ch\/de\/#\/schema\/logo\/image\/"},"sameAs":["https:\/\/www.facebook.com\/CartoleriaDonati"]}]}},"_links":{"self":[{"href":"https:\/\/cartoleriadonati.ch\/de\/wp-json\/wp\/v2\/product\/46454","targetHints":{"allow":["GET"]}}],"collection":[{"href":"https:\/\/cartoleriadonati.ch\/de\/wp-json\/wp\/v2\/product"}],"about":[{"href":"https:\/\/cartoleriadonati.ch\/de\/wp-json\/wp\/v2\/types\/product"}],"wp:featuredmedia":[{"embeddable":true,"href":"https:\/\/cartoleriadonati.ch\/de\/wp-json\/wp\/v2\/media\/43126"}],"wp:attachment":[{"href":"https:\/\/cartoleriadonati.ch\/de\/wp-json\/wp\/v2\/media?parent=46454"}],"wp:term":[{"taxonomy":"product_brand","embeddable":true,"href":"https:\/\/cartoleriadonati.ch\/de\/wp-json\/wp\/v2\/product_brand?post=46454"},{"taxonomy":"product_cat","embeddable":true,"href":"https:\/\/cartoleriadonati.ch\/de\/wp-json\/wp\/v2\/product_cat?post=46454"},{"taxonomy":"product_tag","embeddable":true,"href":"https:\/\/cartoleriadonati.ch\/de\/wp-json\/wp\/v2\/product_tag?post=46454"}],"curies":[{"name":"wp","href":"https:\/\/api.w.org\/{rel}","templated":true}]}}