{"id":46279,"date":"2025-05-22T14:08:06","date_gmt":"2025-05-22T14:08:06","guid":{"rendered":"https:\/\/cartoleriadonati.ch\/prodotto\/caran-dache-fuellfederhalter-849-m-gelb\/"},"modified":"2026-05-03T12:46:47","modified_gmt":"2026-05-03T12:46:47","slug":"caran-dache-fuellfederhalter-849-m-gelb","status":"publish","type":"product","link":"https:\/\/cartoleriadonati.ch\/de\/prodotto\/caran-dache-fuellfederhalter-849-m-gelb\/","title":{"rendered":"CARAN D&#8217;ACHE F\u00fcllfederhalter 849 M gelb"},"content":{"rendered":"<h3 data-start=\"191\" data-end=\"228\">849 ORIGINAL &#8211; F\u00fcllfederhalter<\/h3>\n<p data-start=\"230\" data-end=\"304\"><strong data-start=\"230\" data-end=\"304\">Eleganz, Pr\u00e4zision und Schweizer Design in einem einzigen F\u00fcllfederhalter.<\/strong><\/p>\n<p data-start=\"306\" data-end=\"749\">Der 849 ORIGINAL von Caran d&#8217;Ache ist viel mehr als nur ein F\u00fcller: Er ist eine Ikone von Stil und Funktionalit\u00e4t. Charakterisiert durch einen leichten, aber robusten Aluminiumschaft mit der klassischen sechseckigen Form bietet er einen ergonomischen und komfortablen Griff, ideal f\u00fcr lange Schreibsessions. Seine gefederte Edelstahlfeder im erneuerten Design garantiert einen fl\u00fcssigen und pr\u00e4zisen Tintenfluss und schenkt ein makelloses Schreiberlebnis.  <\/p>\n<p data-start=\"353\" data-end=\"544\"><strong>So personalisieren Sie: <\/strong><\/p>\n<ol>\n<li><strong data-start=\"357\" data-end=\"383\">Design personalisieren<\/strong><br data-start=\"383\" data-end=\"386\">Im oberen Bereich der Seite sehen Sie das leere Produkt. Sie k\u00f6nnen Text hinzuf\u00fcgen (oben links), Designs einf\u00fcgen und das Layout nach Belieben anpassen. <\/li>\n<li data-start=\"546\" data-end=\"660\"><strong data-start=\"550\" data-end=\"571\">Bestellung abschlie\u00dfen<\/strong><br data-start=\"571\" data-end=\"574\">Wenn das Design fertig ist, f\u00fcgen Sie das Produkt dem Warenkorb hinzu und fahren Sie mit dem Checkout fort.<\/li>\n<li data-start=\"662\" data-end=\"797\"><strong data-start=\"666\" data-end=\"688\">Dateipr\u00fcfung<\/strong><br data-start=\"688\" data-end=\"691\">Vor der Gravur pr\u00fcfen wir immer die Datei. Falls wir Zweifel haben oder das Design nicht geeignet ist, kontaktieren wir Sie. <\/li>\n<li data-start=\"799\" data-end=\"919\"><strong data-start=\"803\" data-end=\"840\">Produktion in unserer Papeterie<\/strong><br data-start=\"840\" data-end=\"843\">Das Produkt wird bei der Cartoleria Donati SA graviert und personalisiert.<\/li>\n<\/ol>\n<p><strong data-start=\"923\" data-end=\"947\">Produktionszeit:<\/strong> ca. <strong data-start=\"954\" data-end=\"979\">1\u20132 Werktage<\/strong>.<\/p>\n<p data-start=\"751\" data-end=\"772\"><strong data-start=\"751\" data-end=\"772\">Technische Details:<\/strong><\/p>\n<ul>\n<li data-start=\"775\" data-end=\"822\"><strong data-start=\"775\" data-end=\"784\">Schaft<\/strong>: Aluminium mit gl\u00e4nzend schwarzer Oberfl\u00e4che<\/li>\n<li data-start=\"825\" data-end=\"871\"><strong data-start=\"825\" data-end=\"834\">Form<\/strong>: Sechseckig, f\u00fcr optimalen Griff<\/li>\n<li data-start=\"874\" data-end=\"928\"><strong data-start=\"874\" data-end=\"882\">Clip<\/strong>: Aus flexiblem Stahl, robust und raffiniert<\/li>\n<li data-start=\"931\" data-end=\"991\"><strong data-start=\"931\" data-end=\"940\">Feder<\/strong>: Gefedert aus Edelstahl, mit charakteristischem Emblem<\/li>\n<li data-start=\"994\" data-end=\"1040\"><strong data-start=\"994\" data-end=\"1018\">Caran d&#8217;Ache Isotop<\/strong> auf dem Dr\u00fccker graviert<\/li>\n<li data-start=\"1043\" data-end=\"1105\"><strong data-start=\"1043\" data-end=\"1054\">Kappe<\/strong>: Abnehmbar vom oberen Ende des Schafts<\/li>\n<\/ul>\n<p data-start=\"1107\" data-end=\"1326\">Der F\u00fcllfederhalter wird mit einer <strong data-start=\"1145\" data-end=\"1182\">Chromatics Idyllic Blue Patrone<\/strong> geliefert, ist aber auch mit <strong data-start=\"1219\" data-end=\"1253\">langen internationalen Patronen<\/strong> und <strong data-start=\"1260\" data-end=\"1282\">Tintenpumpe<\/strong> kompatibel, um jeden Schreibbedarf zu erf\u00fcllen.<\/p>\n<blockquote data-start=\"1328\" data-end=\"1524\">\n<p data-start=\"1330\" data-end=\"1524\">\u270d\ufe0f <strong data-start=\"1333\" data-end=\"1363\">Personalisieren Sie Ihren F\u00fcller!<\/strong><br data-start=\"1363\" data-end=\"1366\">F\u00fcgen Sie eine einzigartige Note hinzu: Sie k\u00f6nnen <strong data-start=\"1396\" data-end=\"1443\">Ihren Namen, ein Datum oder eine Widmung<\/strong> direkt online gravieren lassen. Eine perfekte Geschenkidee f\u00fcr alle, die das Schreiben mit Stil lieben. <\/p>\n<\/blockquote>\n","protected":false},"excerpt":{"rendered":"<p>849 ORIGINAL &#8211; F\u00fcllfederhalter Eleganz, Pr\u00e4zision und Schweizer Design in einem einzigen F\u00fcllfederhalter. Der 849 ORIGINAL von Caran d&#8217;Ache ist viel mehr als nur ein F\u00fcller: Er ist eine Ikone von Stil und Funktionalit\u00e4t. Charakterisiert durch einen leichten, aber robusten Aluminiumschaft mit der klassischen&#8230;<\/p>\n","protected":false},"featured_media":30774,"template":"","meta":{"_acf_changed":false},"product_brand":[],"product_cat":[852,917],"product_tag":[],"class_list":{"0":"post-46279","1":"product","2":"type-product","3":"status-publish","4":"has-post-thumbnail","6":"product_cat-anpassen","7":"product_cat-fullfederhalter","9":"first","10":"instock","11":"taxable","12":"shipping-taxable","13":"purchasable","14":"product-type-simple","15":"add-to-wishlist-after_add_to_cart"},"acf":[],"yoast_head":"<!-- This site is optimized with the Yoast SEO Premium plugin v27.5 (Yoast SEO v27.6) - https:\/\/yoast.com\/product\/yoast-seo-premium-wordpress\/ -->\n<title>CARAN D&#039;ACHE F\u00fcllfederhalter 849 M gelb - Cartoleria Donati SA<\/title>\n<meta name=\"description\" content=\"Entdecken Sie den F\u00fcllfederhalter 849 ORIGINAL von Caran d&#039;Ache: elegant, ergonomisch, mit Edelstahlfeder und Online-Personalisierungsm\u00f6glichkeit.\" \/>\n<meta name=\"robots\" content=\"index, follow, max-snippet:-1, max-image-preview:large, max-video-preview:-1\" \/>\n<link rel=\"canonical\" href=\"https:\/\/cartoleriadonati.ch\/de\/prodotto\/caran-dache-fuellfederhalter-849-m-gelb\/\" \/>\n<meta property=\"og:locale\" content=\"de_DE\" \/>\n<meta property=\"og:type\" content=\"article\" \/>\n<meta property=\"og:title\" content=\"CARAN D&#039;ACHE F\u00fcllfederhalter 849 M gelb\" \/>\n<meta property=\"og:description\" content=\"Entdecken Sie den F\u00fcllfederhalter 849 ORIGINAL von Caran d&#039;Ache: elegant, ergonomisch, mit Edelstahlfeder und Online-Personalisierungsm\u00f6glichkeit.\" \/>\n<meta property=\"og:url\" content=\"https:\/\/cartoleriadonati.ch\/de\/prodotto\/caran-dache-fuellfederhalter-849-m-gelb\/\" \/>\n<meta property=\"og:site_name\" content=\"Cartoleria Donati SA\" \/>\n<meta property=\"article:publisher\" content=\"https:\/\/www.facebook.com\/CartoleriaDonati\" \/>\n<meta property=\"article:modified_time\" content=\"2026-05-03T12:46:47+00:00\" \/>\n<meta property=\"og:image\" content=\"https:\/\/cartoleriadonati.ch\/wp-content\/uploads\/2025\/05\/CARAN-DACHE-Penna-stilografica-849-M-giallo.jpg\" \/>\n\t<meta property=\"og:image:width\" content=\"800\" \/>\n\t<meta property=\"og:image:height\" content=\"1200\" \/>\n\t<meta property=\"og:image:type\" content=\"image\/jpeg\" \/>\n<meta name=\"twitter:card\" content=\"summary_large_image\" \/>\n<meta name=\"twitter:label1\" content=\"Gesch\u00e4tzte Lesezeit\" \/>\n\t<meta name=\"twitter:data1\" content=\"1\u00a0Minute\" \/>\n<script type=\"application\/ld+json\" class=\"yoast-schema-graph\">{\"@context\":\"https:\\\/\\\/schema.org\",\"@graph\":[{\"@type\":\"WebPage\",\"@id\":\"https:\\\/\\\/cartoleriadonati.ch\\\/de\\\/prodotto\\\/caran-dache-fuellfederhalter-849-m-gelb\\\/\",\"url\":\"https:\\\/\\\/cartoleriadonati.ch\\\/de\\\/prodotto\\\/caran-dache-fuellfederhalter-849-m-gelb\\\/\",\"name\":\"CARAN D'ACHE F\u00fcllfederhalter 849 M gelb - Cartoleria Donati SA\",\"isPartOf\":{\"@id\":\"https:\\\/\\\/cartoleriadonati.ch\\\/de\\\/#website\"},\"primaryImageOfPage\":{\"@id\":\"https:\\\/\\\/cartoleriadonati.ch\\\/de\\\/prodotto\\\/caran-dache-fuellfederhalter-849-m-gelb\\\/#primaryimage\"},\"image\":{\"@id\":\"https:\\\/\\\/cartoleriadonati.ch\\\/de\\\/prodotto\\\/caran-dache-fuellfederhalter-849-m-gelb\\\/#primaryimage\"},\"thumbnailUrl\":\"https:\\\/\\\/cartoleriadonati.ch\\\/wp-content\\\/uploads\\\/2025\\\/05\\\/CARAN-DACHE-Penna-stilografica-849-M-giallo.jpg\",\"datePublished\":\"2025-05-22T14:08:06+00:00\",\"dateModified\":\"2026-05-03T12:46:47+00:00\",\"description\":\"Entdecken Sie den F\u00fcllfederhalter 849 ORIGINAL von Caran d'Ache: elegant, ergonomisch, mit Edelstahlfeder und Online-Personalisierungsm\u00f6glichkeit.\",\"breadcrumb\":{\"@id\":\"https:\\\/\\\/cartoleriadonati.ch\\\/de\\\/prodotto\\\/caran-dache-fuellfederhalter-849-m-gelb\\\/#breadcrumb\"},\"inLanguage\":\"de\",\"potentialAction\":[{\"@type\":\"ReadAction\",\"target\":[\"https:\\\/\\\/cartoleriadonati.ch\\\/de\\\/prodotto\\\/caran-dache-fuellfederhalter-849-m-gelb\\\/\"]}]},{\"@type\":\"ImageObject\",\"inLanguage\":\"de\",\"@id\":\"https:\\\/\\\/cartoleriadonati.ch\\\/de\\\/prodotto\\\/caran-dache-fuellfederhalter-849-m-gelb\\\/#primaryimage\",\"url\":\"https:\\\/\\\/cartoleriadonati.ch\\\/wp-content\\\/uploads\\\/2025\\\/05\\\/CARAN-DACHE-Penna-stilografica-849-M-giallo.jpg\",\"contentUrl\":\"https:\\\/\\\/cartoleriadonati.ch\\\/wp-content\\\/uploads\\\/2025\\\/05\\\/CARAN-DACHE-Penna-stilografica-849-M-giallo.jpg\",\"width\":800,\"height\":1200,\"caption\":\"Penna stilografica personalizzata Caran d'Ache\"},{\"@type\":\"BreadcrumbList\",\"@id\":\"https:\\\/\\\/cartoleriadonati.ch\\\/de\\\/prodotto\\\/caran-dache-fuellfederhalter-849-m-gelb\\\/#breadcrumb\",\"itemListElement\":[{\"@type\":\"ListItem\",\"position\":1,\"name\":\"Home\",\"item\":\"https:\\\/\\\/cartoleriadonati.ch\\\/de\\\/home-page\\\/\"},{\"@type\":\"ListItem\",\"position\":2,\"name\":\"Shop\",\"item\":\"https:\\\/\\\/cartoleriadonati.ch\\\/de\\\/shop\\\/\"},{\"@type\":\"ListItem\",\"position\":3,\"name\":\"CARAN D&#8217;ACHE F\u00fcllfederhalter 849 M gelb\"}]},{\"@type\":\"WebSite\",\"@id\":\"https:\\\/\\\/cartoleriadonati.ch\\\/de\\\/#website\",\"url\":\"https:\\\/\\\/cartoleriadonati.ch\\\/de\\\/\",\"name\":\"Cartoleria Donati SA\",\"description\":\"Sito internet ufficiale della Cartoleria Donati SA\",\"publisher\":{\"@id\":\"https:\\\/\\\/cartoleriadonati.ch\\\/de\\\/#organization\"},\"potentialAction\":[{\"@type\":\"SearchAction\",\"target\":{\"@type\":\"EntryPoint\",\"urlTemplate\":\"https:\\\/\\\/cartoleriadonati.ch\\\/de\\\/?s={search_term_string}\"},\"query-input\":{\"@type\":\"PropertyValueSpecification\",\"valueRequired\":true,\"valueName\":\"search_term_string\"}}],\"inLanguage\":\"de\"},{\"@type\":\"Organization\",\"@id\":\"https:\\\/\\\/cartoleriadonati.ch\\\/de\\\/#organization\",\"name\":\"Cartoleria Donati SA\",\"url\":\"https:\\\/\\\/cartoleriadonati.ch\\\/de\\\/\",\"logo\":{\"@type\":\"ImageObject\",\"inLanguage\":\"de\",\"@id\":\"https:\\\/\\\/cartoleriadonati.ch\\\/de\\\/#\\\/schema\\\/logo\\\/image\\\/\",\"url\":\"https:\\\/\\\/cartoleriadonati.ch\\\/wp-content\\\/uploads\\\/2019\\\/06\\\/DONATI_logo-1.png\",\"contentUrl\":\"https:\\\/\\\/cartoleriadonati.ch\\\/wp-content\\\/uploads\\\/2019\\\/06\\\/DONATI_logo-1.png\",\"width\":2339,\"height\":1654,\"caption\":\"Cartoleria Donati SA\"},\"image\":{\"@id\":\"https:\\\/\\\/cartoleriadonati.ch\\\/de\\\/#\\\/schema\\\/logo\\\/image\\\/\"},\"sameAs\":[\"https:\\\/\\\/www.facebook.com\\\/CartoleriaDonati\"]}]}<\/script>\n<!-- \/ Yoast SEO Premium plugin. -->","yoast_head_json":{"title":"CARAN D'ACHE F\u00fcllfederhalter 849 M gelb - Cartoleria Donati SA","description":"Entdecken Sie den F\u00fcllfederhalter 849 ORIGINAL von Caran d'Ache: elegant, ergonomisch, mit Edelstahlfeder und Online-Personalisierungsm\u00f6glichkeit.","robots":{"index":"index","follow":"follow","max-snippet":"max-snippet:-1","max-image-preview":"max-image-preview:large","max-video-preview":"max-video-preview:-1"},"canonical":"https:\/\/cartoleriadonati.ch\/de\/prodotto\/caran-dache-fuellfederhalter-849-m-gelb\/","og_locale":"de_DE","og_type":"article","og_title":"CARAN D'ACHE F\u00fcllfederhalter 849 M gelb","og_description":"Entdecken Sie den F\u00fcllfederhalter 849 ORIGINAL von Caran d'Ache: elegant, ergonomisch, mit Edelstahlfeder und Online-Personalisierungsm\u00f6glichkeit.","og_url":"https:\/\/cartoleriadonati.ch\/de\/prodotto\/caran-dache-fuellfederhalter-849-m-gelb\/","og_site_name":"Cartoleria Donati SA","article_publisher":"https:\/\/www.facebook.com\/CartoleriaDonati","article_modified_time":"2026-05-03T12:46:47+00:00","og_image":[{"width":800,"height":1200,"url":"https:\/\/cartoleriadonati.ch\/wp-content\/uploads\/2025\/05\/CARAN-DACHE-Penna-stilografica-849-M-giallo.jpg","type":"image\/jpeg"}],"twitter_card":"summary_large_image","twitter_misc":{"Gesch\u00e4tzte Lesezeit":"1\u00a0Minute"},"schema":{"@context":"https:\/\/schema.org","@graph":[{"@type":"WebPage","@id":"https:\/\/cartoleriadonati.ch\/de\/prodotto\/caran-dache-fuellfederhalter-849-m-gelb\/","url":"https:\/\/cartoleriadonati.ch\/de\/prodotto\/caran-dache-fuellfederhalter-849-m-gelb\/","name":"CARAN D'ACHE F\u00fcllfederhalter 849 M gelb - Cartoleria Donati SA","isPartOf":{"@id":"https:\/\/cartoleriadonati.ch\/de\/#website"},"primaryImageOfPage":{"@id":"https:\/\/cartoleriadonati.ch\/de\/prodotto\/caran-dache-fuellfederhalter-849-m-gelb\/#primaryimage"},"image":{"@id":"https:\/\/cartoleriadonati.ch\/de\/prodotto\/caran-dache-fuellfederhalter-849-m-gelb\/#primaryimage"},"thumbnailUrl":"https:\/\/cartoleriadonati.ch\/wp-content\/uploads\/2025\/05\/CARAN-DACHE-Penna-stilografica-849-M-giallo.jpg","datePublished":"2025-05-22T14:08:06+00:00","dateModified":"2026-05-03T12:46:47+00:00","description":"Entdecken Sie den F\u00fcllfederhalter 849 ORIGINAL von Caran d'Ache: elegant, ergonomisch, mit Edelstahlfeder und Online-Personalisierungsm\u00f6glichkeit.","breadcrumb":{"@id":"https:\/\/cartoleriadonati.ch\/de\/prodotto\/caran-dache-fuellfederhalter-849-m-gelb\/#breadcrumb"},"inLanguage":"de","potentialAction":[{"@type":"ReadAction","target":["https:\/\/cartoleriadonati.ch\/de\/prodotto\/caran-dache-fuellfederhalter-849-m-gelb\/"]}]},{"@type":"ImageObject","inLanguage":"de","@id":"https:\/\/cartoleriadonati.ch\/de\/prodotto\/caran-dache-fuellfederhalter-849-m-gelb\/#primaryimage","url":"https:\/\/cartoleriadonati.ch\/wp-content\/uploads\/2025\/05\/CARAN-DACHE-Penna-stilografica-849-M-giallo.jpg","contentUrl":"https:\/\/cartoleriadonati.ch\/wp-content\/uploads\/2025\/05\/CARAN-DACHE-Penna-stilografica-849-M-giallo.jpg","width":800,"height":1200,"caption":"Penna stilografica personalizzata Caran d'Ache"},{"@type":"BreadcrumbList","@id":"https:\/\/cartoleriadonati.ch\/de\/prodotto\/caran-dache-fuellfederhalter-849-m-gelb\/#breadcrumb","itemListElement":[{"@type":"ListItem","position":1,"name":"Home","item":"https:\/\/cartoleriadonati.ch\/de\/home-page\/"},{"@type":"ListItem","position":2,"name":"Shop","item":"https:\/\/cartoleriadonati.ch\/de\/shop\/"},{"@type":"ListItem","position":3,"name":"CARAN D&#8217;ACHE F\u00fcllfederhalter 849 M gelb"}]},{"@type":"WebSite","@id":"https:\/\/cartoleriadonati.ch\/de\/#website","url":"https:\/\/cartoleriadonati.ch\/de\/","name":"Cartoleria Donati SA","description":"Sito internet ufficiale della Cartoleria Donati SA","publisher":{"@id":"https:\/\/cartoleriadonati.ch\/de\/#organization"},"potentialAction":[{"@type":"SearchAction","target":{"@type":"EntryPoint","urlTemplate":"https:\/\/cartoleriadonati.ch\/de\/?s={search_term_string}"},"query-input":{"@type":"PropertyValueSpecification","valueRequired":true,"valueName":"search_term_string"}}],"inLanguage":"de"},{"@type":"Organization","@id":"https:\/\/cartoleriadonati.ch\/de\/#organization","name":"Cartoleria Donati SA","url":"https:\/\/cartoleriadonati.ch\/de\/","logo":{"@type":"ImageObject","inLanguage":"de","@id":"https:\/\/cartoleriadonati.ch\/de\/#\/schema\/logo\/image\/","url":"https:\/\/cartoleriadonati.ch\/wp-content\/uploads\/2019\/06\/DONATI_logo-1.png","contentUrl":"https:\/\/cartoleriadonati.ch\/wp-content\/uploads\/2019\/06\/DONATI_logo-1.png","width":2339,"height":1654,"caption":"Cartoleria Donati SA"},"image":{"@id":"https:\/\/cartoleriadonati.ch\/de\/#\/schema\/logo\/image\/"},"sameAs":["https:\/\/www.facebook.com\/CartoleriaDonati"]}]}},"_links":{"self":[{"href":"https:\/\/cartoleriadonati.ch\/de\/wp-json\/wp\/v2\/product\/46279","targetHints":{"allow":["GET"]}}],"collection":[{"href":"https:\/\/cartoleriadonati.ch\/de\/wp-json\/wp\/v2\/product"}],"about":[{"href":"https:\/\/cartoleriadonati.ch\/de\/wp-json\/wp\/v2\/types\/product"}],"wp:featuredmedia":[{"embeddable":true,"href":"https:\/\/cartoleriadonati.ch\/de\/wp-json\/wp\/v2\/media\/30774"}],"wp:attachment":[{"href":"https:\/\/cartoleriadonati.ch\/de\/wp-json\/wp\/v2\/media?parent=46279"}],"wp:term":[{"taxonomy":"product_brand","embeddable":true,"href":"https:\/\/cartoleriadonati.ch\/de\/wp-json\/wp\/v2\/product_brand?post=46279"},{"taxonomy":"product_cat","embeddable":true,"href":"https:\/\/cartoleriadonati.ch\/de\/wp-json\/wp\/v2\/product_cat?post=46279"},{"taxonomy":"product_tag","embeddable":true,"href":"https:\/\/cartoleriadonati.ch\/de\/wp-json\/wp\/v2\/product_tag?post=46279"}],"curies":[{"name":"wp","href":"https:\/\/api.w.org\/{rel}","templated":true}]}}