{"id":46253,"date":"2025-05-28T01:00:26","date_gmt":"2025-05-28T01:00:26","guid":{"rendered":"https:\/\/cartoleriadonati.ch\/prodotto\/personalisierter-herzanhaenger-gold\/"},"modified":"2026-05-03T12:46:19","modified_gmt":"2026-05-03T12:46:19","slug":"personalisierter-herzanhaenger-gold","status":"publish","type":"product","link":"https:\/\/cartoleriadonati.ch\/de\/prodotto\/personalisierter-herzanhaenger-gold\/","title":{"rendered":"Personalisierter Herzanh\u00e4nger Gold"},"content":{"rendered":"<h3 data-start=\"161\" data-end=\"205\">Ein Anh\u00e4nger mit zartem und raffiniertem Herz<\/h3>\n<p data-start=\"207\" data-end=\"453\">Der <strong data-start=\"210\" data-end=\"250\">herzf\u00f6rmige Anh\u00e4nger in Gold<\/strong> ist das perfekte Accessoire f\u00fcr alle, die eine romantische, elegante und vollst\u00e4ndig personalisierte Erinnerung w\u00fcnschen. Hergestellt aus <strong data-start=\"369\" data-end=\"395\">goldenem Edelstahl<\/strong>, ist er robust und gleichzeitig \u00e4u\u00dferst feminin. <\/p>\n<p data-start=\"353\" data-end=\"544\"><strong>So personalisieren Sie: <\/strong><\/p>\n<ol>\n<li><strong data-start=\"357\" data-end=\"383\">Design personalisieren<\/strong><br data-start=\"383\" data-end=\"386\">Im oberen Bereich der Seite sehen Sie das leere Produkt. Sie k\u00f6nnen Text, Fotos hinzuf\u00fcgen, Designs aus den rechten Ordnern einf\u00fcgen und das Layout nach Belieben anpassen. <\/li>\n<li data-start=\"546\" data-end=\"660\"><strong data-start=\"550\" data-end=\"571\">Bestellung abschlie\u00dfen<\/strong><br data-start=\"571\" data-end=\"574\">Wenn das Design fertig ist, legen Sie das Produkt in den Warenkorb und schlie\u00dfen Sie die Bestellung ab.<\/li>\n<li data-start=\"662\" data-end=\"797\"><strong data-start=\"666\" data-end=\"688\">Dateipr\u00fcfung<\/strong><br data-start=\"688\" data-end=\"691\">Vor der Gravur pr\u00fcfen wir die Datei immer. Falls das Foto oder Design nicht geeignet ist, kontaktieren wir Sie. <\/li>\n<li data-start=\"799\" data-end=\"919\"><strong data-start=\"803\" data-end=\"840\">Produktion in unserer Papeterie<\/strong><br data-start=\"840\" data-end=\"843\">Das Produkt wird bei der Cartoleria Donati SA graviert und personalisiert.<\/li>\n<\/ol>\n<p><strong data-start=\"923\" data-end=\"947\">Produktionszeit:<\/strong> ca. <strong data-start=\"954\" data-end=\"979\">1\u20132 Werktage<\/strong>.<\/p>\n<hr data-start=\"455\" data-end=\"458\">\n<h3 data-start=\"460\" data-end=\"509\">Personalisieren Sie nach Wunsch: Foto, Text und Grafik<\/h3>\n<p data-start=\"511\" data-end=\"596\">Sie k\u00f6nnen diesen Anh\u00e4nger einzigartig gestalten, indem Sie zwischen verschiedenen kreativen Optionen w\u00e4hlen:<\/p>\n<ul>\n<li data-start=\"599\" data-end=\"685\"><strong data-start=\"599\" data-end=\"627\">Laden Sie ein besonderes Foto hoch<\/strong>, wie ein Portr\u00e4t, ein Paar oder eine bedeutungsvolle Erinnerung.<\/li>\n<li data-start=\"688\" data-end=\"770\"><strong data-start=\"688\" data-end=\"725\">F\u00fcgen Sie einen personalisierten Text ein<\/strong>, wie Namen, Initialen, ein Datum oder eine Widmung.<\/li>\n<li data-start=\"773\" data-end=\"905\"><strong data-start=\"773\" data-end=\"794\">F\u00fcgen Sie thematische Grafiken hinzu<\/strong>, w\u00e4hlbar aus: Sternbilder, Familie, St\u00e4dte oder besondere Ereignisse (Geburtstage, Jubil\u00e4en usw.).<\/li>\n<\/ul>\n<p data-start=\"907\" data-end=\"996\">Die Gravur kann auf einer oder beiden Seiten erfolgen f\u00fcr einen noch vollst\u00e4ndigeren Effekt.<\/p>\n<hr data-start=\"998\" data-end=\"1001\">\n<h3 data-start=\"1003\" data-end=\"1049\">Hochwertiges Material und kompakte Gr\u00f6\u00dfe<\/h3>\n<p data-start=\"1051\" data-end=\"1142\">Der Anh\u00e4nger ist aus Edelstahl mit Goldfinish gefertigt. Das Material garantiert: <\/p>\n<ul>\n<li data-start=\"1145\" data-end=\"1179\">Best\u00e4ndigkeit gegen Kratzer und Verf\u00e4rbungen<\/li>\n<li data-start=\"1182\" data-end=\"1217\">dauerhaften Glanz<\/li>\n<\/ul>\n<p data-start=\"1219\" data-end=\"1347\"><strong data-start=\"1219\" data-end=\"1241\">Gr\u00f6\u00dfe: 2,5 cm<\/strong>, ideal zum t\u00e4glichen Tragen oder als elegantes Detail an einer Halskette oder einem Armband.<\/p>\n<hr data-start=\"1349\" data-end=\"1352\">\n<h3 data-start=\"1354\" data-end=\"1385\">Perfekt f\u00fcr jeden Anlass<\/h3>\n<p data-start=\"1387\" data-end=\"1442\">Dieser goldene Herzanh\u00e4nger ist eine ausgezeichnete Geschenkidee f\u00fcr:<\/p>\n<ul>\n<li data-start=\"1445\" data-end=\"1458\">Valentinstag<\/li>\n<li data-start=\"1461\" data-end=\"1472\">Jahrestage<\/li>\n<li data-start=\"1475\" data-end=\"1485\">Geburtstage<\/li>\n<li data-start=\"1488\" data-end=\"1505\">Muttertag<\/li>\n<li data-start=\"1508\" data-end=\"1534\">Geschenke unter Freundinnen oder Schwestern<\/li>\n<\/ul>\n<p data-start=\"1536\" data-end=\"1585\">Ein kleiner Gegenstand, der gro\u00dfe Emotionen birgt.<\/p>\n","protected":false},"excerpt":{"rendered":"<p class=\"ai-optimize-16\">[fpd_module type=\"designs\"]<\/p>\n<p class=\"ai-optimize-17\">[fpd_module type=\"text\"]<\/p>\n<p class=\"ai-optimize-18\">[fpd_module type=\"images\"]<\/p>\n","protected":false},"featured_media":33899,"template":"","meta":{"_acf_changed":false},"product_brand":[],"product_cat":[916,852],"product_tag":[],"class_list":{"0":"post-46253","1":"product","2":"type-product","3":"status-publish","4":"has-post-thumbnail","6":"product_cat-anhanger","7":"product_cat-anpassen","9":"first","10":"instock","11":"taxable","12":"shipping-taxable","13":"purchasable","14":"product-type-simple","15":"add-to-wishlist-after_add_to_cart"},"acf":[],"yoast_head":"<!-- This site is optimized with the Yoast SEO Premium plugin v27.5 (Yoast SEO v27.6) - https:\/\/yoast.com\/product\/yoast-seo-premium-wordpress\/ -->\n<title>Personalisierter Herzanh\u00e4nger Gold - Cartoleria Donati SA<\/title>\n<meta name=\"description\" content=\"Goldener Herzanh\u00e4nger personalisierbar mit Foto, Text und Grafiken. Aus Edelstahl, elegant und robust. Gr\u00f6\u00dfe 2,5 cm, perfekt als Geschenk.\" \/>\n<meta name=\"robots\" content=\"index, follow, max-snippet:-1, max-image-preview:large, max-video-preview:-1\" \/>\n<link rel=\"canonical\" href=\"https:\/\/cartoleriadonati.ch\/de\/prodotto\/personalisierter-herzanhaenger-gold\/\" \/>\n<meta property=\"og:locale\" content=\"de_DE\" \/>\n<meta property=\"og:type\" content=\"article\" \/>\n<meta property=\"og:title\" content=\"Personalisierter Herzanh\u00e4nger Gold\" \/>\n<meta property=\"og:description\" content=\"Goldener Herzanh\u00e4nger personalisierbar mit Foto, Text und Grafiken. Aus Edelstahl, elegant und robust. Gr\u00f6\u00dfe 2,5 cm, perfekt als Geschenk.\" \/>\n<meta property=\"og:url\" content=\"https:\/\/cartoleriadonati.ch\/de\/prodotto\/personalisierter-herzanhaenger-gold\/\" \/>\n<meta property=\"og:site_name\" content=\"Cartoleria Donati SA\" \/>\n<meta property=\"article:publisher\" content=\"https:\/\/www.facebook.com\/CartoleriaDonati\" \/>\n<meta property=\"article:modified_time\" content=\"2026-05-03T12:46:19+00:00\" \/>\n<meta property=\"og:image\" content=\"https:\/\/cartoleriadonati.ch\/wp-content\/uploads\/2025\/05\/foto-prodotto-31.jpg\" \/>\n\t<meta property=\"og:image:width\" content=\"1200\" \/>\n\t<meta property=\"og:image:height\" content=\"1500\" \/>\n\t<meta property=\"og:image:type\" content=\"image\/jpeg\" \/>\n<meta name=\"twitter:card\" content=\"summary_large_image\" \/>\n<meta name=\"twitter:label1\" content=\"Gesch\u00e4tzte Lesezeit\" \/>\n\t<meta name=\"twitter:data1\" content=\"2\u00a0Minuten\" \/>\n<script type=\"application\/ld+json\" class=\"yoast-schema-graph\">{\"@context\":\"https:\\\/\\\/schema.org\",\"@graph\":[{\"@type\":\"WebPage\",\"@id\":\"https:\\\/\\\/cartoleriadonati.ch\\\/de\\\/prodotto\\\/personalisierter-herzanhaenger-gold\\\/\",\"url\":\"https:\\\/\\\/cartoleriadonati.ch\\\/de\\\/prodotto\\\/personalisierter-herzanhaenger-gold\\\/\",\"name\":\"Personalisierter Herzanh\u00e4nger Gold - Cartoleria Donati SA\",\"isPartOf\":{\"@id\":\"https:\\\/\\\/cartoleriadonati.ch\\\/de\\\/#website\"},\"primaryImageOfPage\":{\"@id\":\"https:\\\/\\\/cartoleriadonati.ch\\\/de\\\/prodotto\\\/personalisierter-herzanhaenger-gold\\\/#primaryimage\"},\"image\":{\"@id\":\"https:\\\/\\\/cartoleriadonati.ch\\\/de\\\/prodotto\\\/personalisierter-herzanhaenger-gold\\\/#primaryimage\"},\"thumbnailUrl\":\"https:\\\/\\\/cartoleriadonati.ch\\\/wp-content\\\/uploads\\\/2025\\\/05\\\/foto-prodotto-31.jpg\",\"datePublished\":\"2025-05-28T01:00:26+00:00\",\"dateModified\":\"2026-05-03T12:46:19+00:00\",\"description\":\"Goldener Herzanh\u00e4nger personalisierbar mit Foto, Text und Grafiken. Aus Edelstahl, elegant und robust. Gr\u00f6\u00dfe 2,5 cm, perfekt als Geschenk.\",\"breadcrumb\":{\"@id\":\"https:\\\/\\\/cartoleriadonati.ch\\\/de\\\/prodotto\\\/personalisierter-herzanhaenger-gold\\\/#breadcrumb\"},\"inLanguage\":\"de\",\"potentialAction\":[{\"@type\":\"ReadAction\",\"target\":[\"https:\\\/\\\/cartoleriadonati.ch\\\/de\\\/prodotto\\\/personalisierter-herzanhaenger-gold\\\/\"]}]},{\"@type\":\"ImageObject\",\"inLanguage\":\"de\",\"@id\":\"https:\\\/\\\/cartoleriadonati.ch\\\/de\\\/prodotto\\\/personalisierter-herzanhaenger-gold\\\/#primaryimage\",\"url\":\"https:\\\/\\\/cartoleriadonati.ch\\\/wp-content\\\/uploads\\\/2025\\\/05\\\/foto-prodotto-31.jpg\",\"contentUrl\":\"https:\\\/\\\/cartoleriadonati.ch\\\/wp-content\\\/uploads\\\/2025\\\/05\\\/foto-prodotto-31.jpg\",\"width\":1200,\"height\":1500,\"caption\":\"Ciondolo personalizzato cuore oro\"},{\"@type\":\"BreadcrumbList\",\"@id\":\"https:\\\/\\\/cartoleriadonati.ch\\\/de\\\/prodotto\\\/personalisierter-herzanhaenger-gold\\\/#breadcrumb\",\"itemListElement\":[{\"@type\":\"ListItem\",\"position\":1,\"name\":\"Home\",\"item\":\"https:\\\/\\\/cartoleriadonati.ch\\\/de\\\/home-page\\\/\"},{\"@type\":\"ListItem\",\"position\":2,\"name\":\"Shop\",\"item\":\"https:\\\/\\\/cartoleriadonati.ch\\\/de\\\/shop\\\/\"},{\"@type\":\"ListItem\",\"position\":3,\"name\":\"Personalisierter Herzanh\u00e4nger Gold\"}]},{\"@type\":\"WebSite\",\"@id\":\"https:\\\/\\\/cartoleriadonati.ch\\\/de\\\/#website\",\"url\":\"https:\\\/\\\/cartoleriadonati.ch\\\/de\\\/\",\"name\":\"Cartoleria Donati SA\",\"description\":\"Sito internet ufficiale della Cartoleria Donati SA\",\"publisher\":{\"@id\":\"https:\\\/\\\/cartoleriadonati.ch\\\/de\\\/#organization\"},\"potentialAction\":[{\"@type\":\"SearchAction\",\"target\":{\"@type\":\"EntryPoint\",\"urlTemplate\":\"https:\\\/\\\/cartoleriadonati.ch\\\/de\\\/?s={search_term_string}\"},\"query-input\":{\"@type\":\"PropertyValueSpecification\",\"valueRequired\":true,\"valueName\":\"search_term_string\"}}],\"inLanguage\":\"de\"},{\"@type\":\"Organization\",\"@id\":\"https:\\\/\\\/cartoleriadonati.ch\\\/de\\\/#organization\",\"name\":\"Cartoleria Donati SA\",\"url\":\"https:\\\/\\\/cartoleriadonati.ch\\\/de\\\/\",\"logo\":{\"@type\":\"ImageObject\",\"inLanguage\":\"de\",\"@id\":\"https:\\\/\\\/cartoleriadonati.ch\\\/de\\\/#\\\/schema\\\/logo\\\/image\\\/\",\"url\":\"https:\\\/\\\/cartoleriadonati.ch\\\/wp-content\\\/uploads\\\/2019\\\/06\\\/DONATI_logo-1.png\",\"contentUrl\":\"https:\\\/\\\/cartoleriadonati.ch\\\/wp-content\\\/uploads\\\/2019\\\/06\\\/DONATI_logo-1.png\",\"width\":2339,\"height\":1654,\"caption\":\"Cartoleria Donati SA\"},\"image\":{\"@id\":\"https:\\\/\\\/cartoleriadonati.ch\\\/de\\\/#\\\/schema\\\/logo\\\/image\\\/\"},\"sameAs\":[\"https:\\\/\\\/www.facebook.com\\\/CartoleriaDonati\"]}]}<\/script>\n<!-- \/ Yoast SEO Premium plugin. -->","yoast_head_json":{"title":"Personalisierter Herzanh\u00e4nger Gold - Cartoleria Donati SA","description":"Goldener Herzanh\u00e4nger personalisierbar mit Foto, Text und Grafiken. Aus Edelstahl, elegant und robust. Gr\u00f6\u00dfe 2,5 cm, perfekt als Geschenk.","robots":{"index":"index","follow":"follow","max-snippet":"max-snippet:-1","max-image-preview":"max-image-preview:large","max-video-preview":"max-video-preview:-1"},"canonical":"https:\/\/cartoleriadonati.ch\/de\/prodotto\/personalisierter-herzanhaenger-gold\/","og_locale":"de_DE","og_type":"article","og_title":"Personalisierter Herzanh\u00e4nger Gold","og_description":"Goldener Herzanh\u00e4nger personalisierbar mit Foto, Text und Grafiken. Aus Edelstahl, elegant und robust. Gr\u00f6\u00dfe 2,5 cm, perfekt als Geschenk.","og_url":"https:\/\/cartoleriadonati.ch\/de\/prodotto\/personalisierter-herzanhaenger-gold\/","og_site_name":"Cartoleria Donati SA","article_publisher":"https:\/\/www.facebook.com\/CartoleriaDonati","article_modified_time":"2026-05-03T12:46:19+00:00","og_image":[{"width":1200,"height":1500,"url":"https:\/\/cartoleriadonati.ch\/wp-content\/uploads\/2025\/05\/foto-prodotto-31.jpg","type":"image\/jpeg"}],"twitter_card":"summary_large_image","twitter_misc":{"Gesch\u00e4tzte Lesezeit":"2\u00a0Minuten"},"schema":{"@context":"https:\/\/schema.org","@graph":[{"@type":"WebPage","@id":"https:\/\/cartoleriadonati.ch\/de\/prodotto\/personalisierter-herzanhaenger-gold\/","url":"https:\/\/cartoleriadonati.ch\/de\/prodotto\/personalisierter-herzanhaenger-gold\/","name":"Personalisierter Herzanh\u00e4nger Gold - Cartoleria Donati SA","isPartOf":{"@id":"https:\/\/cartoleriadonati.ch\/de\/#website"},"primaryImageOfPage":{"@id":"https:\/\/cartoleriadonati.ch\/de\/prodotto\/personalisierter-herzanhaenger-gold\/#primaryimage"},"image":{"@id":"https:\/\/cartoleriadonati.ch\/de\/prodotto\/personalisierter-herzanhaenger-gold\/#primaryimage"},"thumbnailUrl":"https:\/\/cartoleriadonati.ch\/wp-content\/uploads\/2025\/05\/foto-prodotto-31.jpg","datePublished":"2025-05-28T01:00:26+00:00","dateModified":"2026-05-03T12:46:19+00:00","description":"Goldener Herzanh\u00e4nger personalisierbar mit Foto, Text und Grafiken. Aus Edelstahl, elegant und robust. Gr\u00f6\u00dfe 2,5 cm, perfekt als Geschenk.","breadcrumb":{"@id":"https:\/\/cartoleriadonati.ch\/de\/prodotto\/personalisierter-herzanhaenger-gold\/#breadcrumb"},"inLanguage":"de","potentialAction":[{"@type":"ReadAction","target":["https:\/\/cartoleriadonati.ch\/de\/prodotto\/personalisierter-herzanhaenger-gold\/"]}]},{"@type":"ImageObject","inLanguage":"de","@id":"https:\/\/cartoleriadonati.ch\/de\/prodotto\/personalisierter-herzanhaenger-gold\/#primaryimage","url":"https:\/\/cartoleriadonati.ch\/wp-content\/uploads\/2025\/05\/foto-prodotto-31.jpg","contentUrl":"https:\/\/cartoleriadonati.ch\/wp-content\/uploads\/2025\/05\/foto-prodotto-31.jpg","width":1200,"height":1500,"caption":"Ciondolo personalizzato cuore oro"},{"@type":"BreadcrumbList","@id":"https:\/\/cartoleriadonati.ch\/de\/prodotto\/personalisierter-herzanhaenger-gold\/#breadcrumb","itemListElement":[{"@type":"ListItem","position":1,"name":"Home","item":"https:\/\/cartoleriadonati.ch\/de\/home-page\/"},{"@type":"ListItem","position":2,"name":"Shop","item":"https:\/\/cartoleriadonati.ch\/de\/shop\/"},{"@type":"ListItem","position":3,"name":"Personalisierter Herzanh\u00e4nger Gold"}]},{"@type":"WebSite","@id":"https:\/\/cartoleriadonati.ch\/de\/#website","url":"https:\/\/cartoleriadonati.ch\/de\/","name":"Cartoleria Donati SA","description":"Sito internet ufficiale della Cartoleria Donati SA","publisher":{"@id":"https:\/\/cartoleriadonati.ch\/de\/#organization"},"potentialAction":[{"@type":"SearchAction","target":{"@type":"EntryPoint","urlTemplate":"https:\/\/cartoleriadonati.ch\/de\/?s={search_term_string}"},"query-input":{"@type":"PropertyValueSpecification","valueRequired":true,"valueName":"search_term_string"}}],"inLanguage":"de"},{"@type":"Organization","@id":"https:\/\/cartoleriadonati.ch\/de\/#organization","name":"Cartoleria Donati SA","url":"https:\/\/cartoleriadonati.ch\/de\/","logo":{"@type":"ImageObject","inLanguage":"de","@id":"https:\/\/cartoleriadonati.ch\/de\/#\/schema\/logo\/image\/","url":"https:\/\/cartoleriadonati.ch\/wp-content\/uploads\/2019\/06\/DONATI_logo-1.png","contentUrl":"https:\/\/cartoleriadonati.ch\/wp-content\/uploads\/2019\/06\/DONATI_logo-1.png","width":2339,"height":1654,"caption":"Cartoleria Donati SA"},"image":{"@id":"https:\/\/cartoleriadonati.ch\/de\/#\/schema\/logo\/image\/"},"sameAs":["https:\/\/www.facebook.com\/CartoleriaDonati"]}]}},"_links":{"self":[{"href":"https:\/\/cartoleriadonati.ch\/de\/wp-json\/wp\/v2\/product\/46253","targetHints":{"allow":["GET"]}}],"collection":[{"href":"https:\/\/cartoleriadonati.ch\/de\/wp-json\/wp\/v2\/product"}],"about":[{"href":"https:\/\/cartoleriadonati.ch\/de\/wp-json\/wp\/v2\/types\/product"}],"wp:featuredmedia":[{"embeddable":true,"href":"https:\/\/cartoleriadonati.ch\/de\/wp-json\/wp\/v2\/media\/33899"}],"wp:attachment":[{"href":"https:\/\/cartoleriadonati.ch\/de\/wp-json\/wp\/v2\/media?parent=46253"}],"wp:term":[{"taxonomy":"product_brand","embeddable":true,"href":"https:\/\/cartoleriadonati.ch\/de\/wp-json\/wp\/v2\/product_brand?post=46253"},{"taxonomy":"product_cat","embeddable":true,"href":"https:\/\/cartoleriadonati.ch\/de\/wp-json\/wp\/v2\/product_cat?post=46253"},{"taxonomy":"product_tag","embeddable":true,"href":"https:\/\/cartoleriadonati.ch\/de\/wp-json\/wp\/v2\/product_tag?post=46253"}],"curies":[{"name":"wp","href":"https:\/\/api.w.org\/{rel}","templated":true}]}}