{"id":45951,"date":"2024-10-26T07:53:32","date_gmt":"2024-10-26T07:53:32","guid":{"rendered":"https:\/\/cartoleriadonati.ch\/prodotto\/personalisierte-jubilaeumstasse\/"},"modified":"2026-05-03T12:31:51","modified_gmt":"2026-05-03T12:31:51","slug":"personalisierte-jubilaeumstasse","status":"publish","type":"product","link":"https:\/\/cartoleriadonati.ch\/de\/prodotto\/personalisierte-jubilaeumstasse\/","title":{"rendered":"Personalisierte Jubil\u00e4umstasse"},"content":{"rendered":"<p><strong>Feiern Sie Ihre Liebe mit einer besonderen und einzigartigen Note!<\/strong>  Die personalisierte Jubil\u00e4umstasse ist das perfekte Geschenk, um an ein wichtiges Datum zu erinnern und Ihre Verbundenheit auf romantische und bedeutungsvolle Weise zu feiern. Diese Tasse kann vollst\u00e4ndig online personalisiert werden und wird dadurch einzigartig und unverwechselbar. <\/p>\n<p><strong>Vollst\u00e4ndige Personalisierung und einzigartige Details<\/strong> Sie k\u00f6nnen die Tasse personalisieren, indem Sie das besondere Datum hinzuf\u00fcgen, an das Sie sich erinnern m\u00f6chten, wie den Tag Ihres Jubil\u00e4ums, das erste Date oder jedes andere bedeutsame Datum Ihrer Beziehung. Jedes Mal, wenn Sie die Tasse benutzen, wird sie Sie an diesen besonderen Moment erinnern und sich in ein Symbol der t\u00e4glichen Liebe verwandeln. <\/p>\n<p>Eine Seite der Tasse kann mit einem Kalender des Monats Ihres Jubil\u00e4ums verziert werden, wobei das Datum mit einem kleinen Herz oder einem anderen romantischen Symbol hervorgehoben wird. Auf der anderen Seite k\u00f6nnen Sie ein herzf\u00f6rmiges Foto einf\u00fcgen, um eine noch pers\u00f6nlichere Note zu verleihen, oder eine besondere Widmung, die Ihre Gef\u00fchle in Worte fasst. Das Hinzuf\u00fcgen Ihrer Namen oder einer kurzen Liebesbotschaft vervollst\u00e4ndigt die Personalisierung und macht das Geschenk wirklich einzigartig.  <\/p>\n<p><strong>Hochwertige Materialien und lange Haltbarkeit<\/strong> Die Tasse ist aus hochwertiger Keramik gefertigt, widerstandsf\u00e4hig und langlebig, perfekt f\u00fcr den t\u00e4glichen Gebrauch. Die Bilder und der Text werden mit fortschrittlichen Technologien gedruckt, die lebendige Farben und eine lange Haltbarkeit garantieren und h\u00e4ufigem Waschen ohne Verblassen standhalten. <\/p>\n<p><strong>Ein ideales Geschenk f\u00fcr jeden romantischen Anlass<\/strong> Diese personalisierte Tasse ist nicht nur perfekt f\u00fcr das Jubil\u00e4um, sondern kann auch ein ideales Geschenk zum Valentinstag, Geburtstag oder zu jedem Anlass sein, bei dem Sie Ihre Liebe auf greifbare und kreative Weise ausdr\u00fccken m\u00f6chten. Es ist eine romantische Aufmerksamkeit, die Ihr Partner sch\u00e4tzen wird und die Teil Ihres t\u00e4glichen Lebens wird, eine st\u00e4ndige Erinnerung an die Zuneigung, die Sie verbindet. <\/p>\n","protected":false},"excerpt":{"rendered":"<p>[fpd_cs]<br \/>\n[fpd_module type=\"text-layers\"]<\/p>\n","protected":false},"featured_media":34850,"template":"","meta":{"_acf_changed":false},"product_brand":[],"product_cat":[852,892,888,872,862],"product_tag":[],"class_list":{"0":"post-45951","1":"product","2":"type-product","3":"status-publish","4":"has-post-thumbnail","6":"product_cat-anpassen","7":"product_cat-beidseitiger-druck","8":"product_cat-ideen-zum-jubilaum","9":"product_cat-personalisierte-tasse","10":"product_cat-valentinstagsideen","12":"first","13":"instock","14":"taxable","15":"shipping-taxable","16":"purchasable","17":"product-type-simple","18":"add-to-wishlist-after_add_to_cart"},"acf":[],"yoast_head":"<!-- This site is optimized with the Yoast SEO Premium plugin v27.5 (Yoast SEO v27.6) - https:\/\/yoast.com\/product\/yoast-seo-premium-wordpress\/ -->\n<title>Personalisierte Jubil\u00e4umstasse - Cartoleria Donati SA<\/title>\n<meta name=\"description\" content=\"Personalisierte Jubil\u00e4umstasse mit besonderem Datum, Foto und Widmung. Feiern Sie Ihre Liebe mit einem einzigartigen Geschenk, perfekt f\u00fcr jeden besonderen Anlass.\" \/>\n<meta name=\"robots\" content=\"index, follow, max-snippet:-1, max-image-preview:large, max-video-preview:-1\" \/>\n<link rel=\"canonical\" href=\"https:\/\/cartoleriadonati.ch\/de\/prodotto\/personalisierte-jubilaeumstasse\/\" \/>\n<meta property=\"og:locale\" content=\"de_DE\" \/>\n<meta property=\"og:type\" content=\"article\" \/>\n<meta property=\"og:title\" content=\"Personalisierte Jubil\u00e4umstasse\" \/>\n<meta property=\"og:description\" content=\"Personalisierte Jubil\u00e4umstasse mit besonderem Datum, Foto und Widmung. Feiern Sie Ihre Liebe mit einem einzigartigen Geschenk, perfekt f\u00fcr jeden besonderen Anlass.\" \/>\n<meta property=\"og:url\" content=\"https:\/\/cartoleriadonati.ch\/de\/prodotto\/personalisierte-jubilaeumstasse\/\" \/>\n<meta property=\"og:site_name\" content=\"Cartoleria Donati SA\" \/>\n<meta property=\"article:publisher\" content=\"https:\/\/www.facebook.com\/CartoleriaDonati\" \/>\n<meta property=\"article:modified_time\" content=\"2026-05-03T12:31:51+00:00\" \/>\n<meta property=\"og:image\" content=\"https:\/\/cartoleriadonati.ch\/wp-content\/uploads\/2024\/10\/Foto-prodotto-sito-6.jpg\" \/>\n\t<meta property=\"og:image:width\" content=\"1200\" \/>\n\t<meta property=\"og:image:height\" content=\"1500\" \/>\n\t<meta property=\"og:image:type\" content=\"image\/jpeg\" \/>\n<meta name=\"twitter:card\" content=\"summary_large_image\" \/>\n<meta name=\"twitter:label1\" content=\"Gesch\u00e4tzte Lesezeit\" \/>\n\t<meta name=\"twitter:data1\" content=\"2\u00a0Minuten\" \/>\n<script type=\"application\/ld+json\" class=\"yoast-schema-graph\">{\"@context\":\"https:\\\/\\\/schema.org\",\"@graph\":[{\"@type\":\"WebPage\",\"@id\":\"https:\\\/\\\/cartoleriadonati.ch\\\/de\\\/prodotto\\\/personalisierte-jubilaeumstasse\\\/\",\"url\":\"https:\\\/\\\/cartoleriadonati.ch\\\/de\\\/prodotto\\\/personalisierte-jubilaeumstasse\\\/\",\"name\":\"Personalisierte Jubil\u00e4umstasse - Cartoleria Donati SA\",\"isPartOf\":{\"@id\":\"https:\\\/\\\/cartoleriadonati.ch\\\/de\\\/#website\"},\"primaryImageOfPage\":{\"@id\":\"https:\\\/\\\/cartoleriadonati.ch\\\/de\\\/prodotto\\\/personalisierte-jubilaeumstasse\\\/#primaryimage\"},\"image\":{\"@id\":\"https:\\\/\\\/cartoleriadonati.ch\\\/de\\\/prodotto\\\/personalisierte-jubilaeumstasse\\\/#primaryimage\"},\"thumbnailUrl\":\"https:\\\/\\\/cartoleriadonati.ch\\\/wp-content\\\/uploads\\\/2024\\\/10\\\/Foto-prodotto-sito-6.jpg\",\"datePublished\":\"2024-10-26T07:53:32+00:00\",\"dateModified\":\"2026-05-03T12:31:51+00:00\",\"description\":\"Personalisierte Jubil\u00e4umstasse mit besonderem Datum, Foto und Widmung. Feiern Sie Ihre Liebe mit einem einzigartigen Geschenk, perfekt f\u00fcr jeden besonderen Anlass.\",\"breadcrumb\":{\"@id\":\"https:\\\/\\\/cartoleriadonati.ch\\\/de\\\/prodotto\\\/personalisierte-jubilaeumstasse\\\/#breadcrumb\"},\"inLanguage\":\"de\",\"potentialAction\":[{\"@type\":\"ReadAction\",\"target\":[\"https:\\\/\\\/cartoleriadonati.ch\\\/de\\\/prodotto\\\/personalisierte-jubilaeumstasse\\\/\"]}]},{\"@type\":\"ImageObject\",\"inLanguage\":\"de\",\"@id\":\"https:\\\/\\\/cartoleriadonati.ch\\\/de\\\/prodotto\\\/personalisierte-jubilaeumstasse\\\/#primaryimage\",\"url\":\"https:\\\/\\\/cartoleriadonati.ch\\\/wp-content\\\/uploads\\\/2024\\\/10\\\/Foto-prodotto-sito-6.jpg\",\"contentUrl\":\"https:\\\/\\\/cartoleriadonati.ch\\\/wp-content\\\/uploads\\\/2024\\\/10\\\/Foto-prodotto-sito-6.jpg\",\"width\":1200,\"height\":1500,\"caption\":\"Tazza personalizzata Anniversario\"},{\"@type\":\"BreadcrumbList\",\"@id\":\"https:\\\/\\\/cartoleriadonati.ch\\\/de\\\/prodotto\\\/personalisierte-jubilaeumstasse\\\/#breadcrumb\",\"itemListElement\":[{\"@type\":\"ListItem\",\"position\":1,\"name\":\"Home\",\"item\":\"https:\\\/\\\/cartoleriadonati.ch\\\/de\\\/home-page\\\/\"},{\"@type\":\"ListItem\",\"position\":2,\"name\":\"Shop\",\"item\":\"https:\\\/\\\/cartoleriadonati.ch\\\/de\\\/shop\\\/\"},{\"@type\":\"ListItem\",\"position\":3,\"name\":\"Personalisierte Jubil\u00e4umstasse\"}]},{\"@type\":\"WebSite\",\"@id\":\"https:\\\/\\\/cartoleriadonati.ch\\\/de\\\/#website\",\"url\":\"https:\\\/\\\/cartoleriadonati.ch\\\/de\\\/\",\"name\":\"Cartoleria Donati SA\",\"description\":\"Sito internet ufficiale della Cartoleria Donati SA\",\"publisher\":{\"@id\":\"https:\\\/\\\/cartoleriadonati.ch\\\/de\\\/#organization\"},\"potentialAction\":[{\"@type\":\"SearchAction\",\"target\":{\"@type\":\"EntryPoint\",\"urlTemplate\":\"https:\\\/\\\/cartoleriadonati.ch\\\/de\\\/?s={search_term_string}\"},\"query-input\":{\"@type\":\"PropertyValueSpecification\",\"valueRequired\":true,\"valueName\":\"search_term_string\"}}],\"inLanguage\":\"de\"},{\"@type\":\"Organization\",\"@id\":\"https:\\\/\\\/cartoleriadonati.ch\\\/de\\\/#organization\",\"name\":\"Cartoleria Donati SA\",\"url\":\"https:\\\/\\\/cartoleriadonati.ch\\\/de\\\/\",\"logo\":{\"@type\":\"ImageObject\",\"inLanguage\":\"de\",\"@id\":\"https:\\\/\\\/cartoleriadonati.ch\\\/de\\\/#\\\/schema\\\/logo\\\/image\\\/\",\"url\":\"https:\\\/\\\/cartoleriadonati.ch\\\/wp-content\\\/uploads\\\/2019\\\/06\\\/DONATI_logo-1.png\",\"contentUrl\":\"https:\\\/\\\/cartoleriadonati.ch\\\/wp-content\\\/uploads\\\/2019\\\/06\\\/DONATI_logo-1.png\",\"width\":2339,\"height\":1654,\"caption\":\"Cartoleria Donati SA\"},\"image\":{\"@id\":\"https:\\\/\\\/cartoleriadonati.ch\\\/de\\\/#\\\/schema\\\/logo\\\/image\\\/\"},\"sameAs\":[\"https:\\\/\\\/www.facebook.com\\\/CartoleriaDonati\"]}]}<\/script>\n<!-- \/ Yoast SEO Premium plugin. -->","yoast_head_json":{"title":"Personalisierte Jubil\u00e4umstasse - Cartoleria Donati SA","description":"Personalisierte Jubil\u00e4umstasse mit besonderem Datum, Foto und Widmung. Feiern Sie Ihre Liebe mit einem einzigartigen Geschenk, perfekt f\u00fcr jeden besonderen Anlass.","robots":{"index":"index","follow":"follow","max-snippet":"max-snippet:-1","max-image-preview":"max-image-preview:large","max-video-preview":"max-video-preview:-1"},"canonical":"https:\/\/cartoleriadonati.ch\/de\/prodotto\/personalisierte-jubilaeumstasse\/","og_locale":"de_DE","og_type":"article","og_title":"Personalisierte Jubil\u00e4umstasse","og_description":"Personalisierte Jubil\u00e4umstasse mit besonderem Datum, Foto und Widmung. Feiern Sie Ihre Liebe mit einem einzigartigen Geschenk, perfekt f\u00fcr jeden besonderen Anlass.","og_url":"https:\/\/cartoleriadonati.ch\/de\/prodotto\/personalisierte-jubilaeumstasse\/","og_site_name":"Cartoleria Donati SA","article_publisher":"https:\/\/www.facebook.com\/CartoleriaDonati","article_modified_time":"2026-05-03T12:31:51+00:00","og_image":[{"width":1200,"height":1500,"url":"https:\/\/cartoleriadonati.ch\/wp-content\/uploads\/2024\/10\/Foto-prodotto-sito-6.jpg","type":"image\/jpeg"}],"twitter_card":"summary_large_image","twitter_misc":{"Gesch\u00e4tzte Lesezeit":"2\u00a0Minuten"},"schema":{"@context":"https:\/\/schema.org","@graph":[{"@type":"WebPage","@id":"https:\/\/cartoleriadonati.ch\/de\/prodotto\/personalisierte-jubilaeumstasse\/","url":"https:\/\/cartoleriadonati.ch\/de\/prodotto\/personalisierte-jubilaeumstasse\/","name":"Personalisierte Jubil\u00e4umstasse - Cartoleria Donati SA","isPartOf":{"@id":"https:\/\/cartoleriadonati.ch\/de\/#website"},"primaryImageOfPage":{"@id":"https:\/\/cartoleriadonati.ch\/de\/prodotto\/personalisierte-jubilaeumstasse\/#primaryimage"},"image":{"@id":"https:\/\/cartoleriadonati.ch\/de\/prodotto\/personalisierte-jubilaeumstasse\/#primaryimage"},"thumbnailUrl":"https:\/\/cartoleriadonati.ch\/wp-content\/uploads\/2024\/10\/Foto-prodotto-sito-6.jpg","datePublished":"2024-10-26T07:53:32+00:00","dateModified":"2026-05-03T12:31:51+00:00","description":"Personalisierte Jubil\u00e4umstasse mit besonderem Datum, Foto und Widmung. Feiern Sie Ihre Liebe mit einem einzigartigen Geschenk, perfekt f\u00fcr jeden besonderen Anlass.","breadcrumb":{"@id":"https:\/\/cartoleriadonati.ch\/de\/prodotto\/personalisierte-jubilaeumstasse\/#breadcrumb"},"inLanguage":"de","potentialAction":[{"@type":"ReadAction","target":["https:\/\/cartoleriadonati.ch\/de\/prodotto\/personalisierte-jubilaeumstasse\/"]}]},{"@type":"ImageObject","inLanguage":"de","@id":"https:\/\/cartoleriadonati.ch\/de\/prodotto\/personalisierte-jubilaeumstasse\/#primaryimage","url":"https:\/\/cartoleriadonati.ch\/wp-content\/uploads\/2024\/10\/Foto-prodotto-sito-6.jpg","contentUrl":"https:\/\/cartoleriadonati.ch\/wp-content\/uploads\/2024\/10\/Foto-prodotto-sito-6.jpg","width":1200,"height":1500,"caption":"Tazza personalizzata Anniversario"},{"@type":"BreadcrumbList","@id":"https:\/\/cartoleriadonati.ch\/de\/prodotto\/personalisierte-jubilaeumstasse\/#breadcrumb","itemListElement":[{"@type":"ListItem","position":1,"name":"Home","item":"https:\/\/cartoleriadonati.ch\/de\/home-page\/"},{"@type":"ListItem","position":2,"name":"Shop","item":"https:\/\/cartoleriadonati.ch\/de\/shop\/"},{"@type":"ListItem","position":3,"name":"Personalisierte Jubil\u00e4umstasse"}]},{"@type":"WebSite","@id":"https:\/\/cartoleriadonati.ch\/de\/#website","url":"https:\/\/cartoleriadonati.ch\/de\/","name":"Cartoleria Donati SA","description":"Sito internet ufficiale della Cartoleria Donati SA","publisher":{"@id":"https:\/\/cartoleriadonati.ch\/de\/#organization"},"potentialAction":[{"@type":"SearchAction","target":{"@type":"EntryPoint","urlTemplate":"https:\/\/cartoleriadonati.ch\/de\/?s={search_term_string}"},"query-input":{"@type":"PropertyValueSpecification","valueRequired":true,"valueName":"search_term_string"}}],"inLanguage":"de"},{"@type":"Organization","@id":"https:\/\/cartoleriadonati.ch\/de\/#organization","name":"Cartoleria Donati SA","url":"https:\/\/cartoleriadonati.ch\/de\/","logo":{"@type":"ImageObject","inLanguage":"de","@id":"https:\/\/cartoleriadonati.ch\/de\/#\/schema\/logo\/image\/","url":"https:\/\/cartoleriadonati.ch\/wp-content\/uploads\/2019\/06\/DONATI_logo-1.png","contentUrl":"https:\/\/cartoleriadonati.ch\/wp-content\/uploads\/2019\/06\/DONATI_logo-1.png","width":2339,"height":1654,"caption":"Cartoleria Donati SA"},"image":{"@id":"https:\/\/cartoleriadonati.ch\/de\/#\/schema\/logo\/image\/"},"sameAs":["https:\/\/www.facebook.com\/CartoleriaDonati"]}]}},"_links":{"self":[{"href":"https:\/\/cartoleriadonati.ch\/de\/wp-json\/wp\/v2\/product\/45951","targetHints":{"allow":["GET"]}}],"collection":[{"href":"https:\/\/cartoleriadonati.ch\/de\/wp-json\/wp\/v2\/product"}],"about":[{"href":"https:\/\/cartoleriadonati.ch\/de\/wp-json\/wp\/v2\/types\/product"}],"wp:featuredmedia":[{"embeddable":true,"href":"https:\/\/cartoleriadonati.ch\/de\/wp-json\/wp\/v2\/media\/34850"}],"wp:attachment":[{"href":"https:\/\/cartoleriadonati.ch\/de\/wp-json\/wp\/v2\/media?parent=45951"}],"wp:term":[{"taxonomy":"product_brand","embeddable":true,"href":"https:\/\/cartoleriadonati.ch\/de\/wp-json\/wp\/v2\/product_brand?post=45951"},{"taxonomy":"product_cat","embeddable":true,"href":"https:\/\/cartoleriadonati.ch\/de\/wp-json\/wp\/v2\/product_cat?post=45951"},{"taxonomy":"product_tag","embeddable":true,"href":"https:\/\/cartoleriadonati.ch\/de\/wp-json\/wp\/v2\/product_tag?post=45951"}],"curies":[{"name":"wp","href":"https:\/\/api.w.org\/{rel}","templated":true}]}}