{"id":45853,"date":"2024-11-08T21:23:38","date_gmt":"2024-11-08T21:23:38","guid":{"rendered":"https:\/\/cartoleriadonati.ch\/prodotto\/caran-dache-kugelschreiber-meerviolett\/"},"modified":"2026-05-03T12:29:57","modified_gmt":"2026-05-03T12:29:57","slug":"caran-dache-kugelschreiber-meerviolett","status":"publish","type":"product","link":"https:\/\/cartoleriadonati.ch\/de\/prodotto\/caran-dache-kugelschreiber-meerviolett\/","title":{"rendered":"CARAN D&#8217;ACHE Kugelschreiber Meerviolett"},"content":{"rendered":"<h3>Caran d&#8217;Ache 849 &#8220;Claim Your Style&#8221; in Meerviolett: Eine Schweizer Ikone neu interpretiert<\/h3>\n<p>Der Kugelschreiber <em>Caran d&#8217;Ache 849 Claim Your Style<\/em> in <em>Meerviolett<\/em> vereint Schweizer Tradition und Innovation perfekt. Diese limitierte Edition 2024 dr\u00fcckt die Faszination des Caran d&#8217;Ache Designs durch Farben aus, die an die faszinierendsten Naturph\u00e4nomene erinnern, wie D\u00e4mmerungsnuancen, erste Lichtstrahlen der Morgend\u00e4mmerung und Polarlichter. Jedes Detail dieses Stifts spiegelt eine einzigartige Welt wider, mit einem zarten Kontrast zwischen den Farbt\u00f6nen des Clips, des Dr\u00fcckers und des oberen Schaftteils.  <\/p>\n<p data-start=\"353\" data-end=\"544\"><strong>So personalisieren Sie: <\/strong><\/p>\n<ol>\n<li><strong data-start=\"357\" data-end=\"383\">Gestalten Sie das Design<\/strong><br data-start=\"383\" data-end=\"386\">Im oberen Seitenbereich sehen Sie das leere Produkt. Sie k\u00f6nnen Text hinzuf\u00fcgen (oben links), Designs einf\u00fcgen und das Layout nach Belieben anpassen. Sie k\u00f6nnen auch das Innere und \u00c4u\u00dfere der Stiftbox personalisieren, indem Sie auf den Pfeil unten rechts im Personalisierungsfeld klicken.  <\/li>\n<li data-start=\"546\" data-end=\"660\"><strong data-start=\"550\" data-end=\"571\">Bestellung abschlie\u00dfen<\/strong><br data-start=\"571\" data-end=\"574\">Wenn das Design fertig ist, legen Sie das Produkt in den Warenkorb und fahren Sie mit dem Checkout fort.<\/li>\n<li data-start=\"662\" data-end=\"797\"><strong data-start=\"666\" data-end=\"688\">Dateipr\u00fcfung<\/strong><br data-start=\"688\" data-end=\"691\">Vor der Gravur pr\u00fcfen wir die Datei immer. Bei Zweifeln oder wenn das Design nicht geeignet ist, kontaktieren wir Sie. <\/li>\n<li data-start=\"799\" data-end=\"919\"><strong data-start=\"803\" data-end=\"840\">Produktion in unserer Papeterie<\/strong><br data-start=\"840\" data-end=\"843\">Das Produkt wird bei der Cartoleria Donati SA graviert und personalisiert.<\/li>\n<\/ol>\n<p><strong data-start=\"923\" data-end=\"947\">Produktionszeit:<\/strong> ca. <strong data-start=\"954\" data-end=\"979\">1\u20132 Arbeitstage<\/strong>.<\/p>\n<h3>Besondere Merkmale des Caran d&#8217;Ache 849 Claim Your Style Meerviolett<\/h3>\n<ul>\n<li><strong>Kollektion &#8220;Claim Your Style&#8221;<\/strong>: Die Serie bietet einzigartige und ansprechende Designs, jedes inspiriert von Naturszenarien. Das Modell <em>Meerviolett<\/em> l\u00e4dt den Tr\u00e4ger zu einer Reise in die Welt der D\u00e4mmerung ein. <\/li>\n<li><strong>Farben in harmonischem Ton-in-Ton<\/strong>: Das Meerviolett dieser Edition spiegelt sich in Clip und Dr\u00fccker wider und schafft eine harmonische Kombination, die den Minimalismus unterstreicht.<\/li>\n<li><strong>Made in Switzerland<\/strong>: Zu 100 % in der Schweiz hergestellt, steht dieser Kugelschreiber f\u00fcr Pr\u00e4zision und h\u00f6chste Qualit\u00e4t.<\/li>\n<\/ul>\n<h3>Die Faszination der D\u00e4mmerung in Ihrer Hand<\/h3>\n<p>Jeder Stift der Serie <em>Claim Your Style<\/em> erz\u00e4hlt eine Geschichte von Farben und Kontrasten. Das Meerviolett beschw\u00f6rt die Sch\u00f6nheit der Natur herauf und inspiriert den Nutzer mit einer subtilen Kombination aus kalten und warmen T\u00f6nen. Diese raffinierte Palette erzeugt einen fesselnden visuellen Effekt und macht den 849 zu einem Luxusaccessoire, ideal f\u00fcr alle, die einen Hauch von Eleganz in ihrem Schreibger\u00e4t suchen.  <\/p>\n<blockquote data-start=\"1328\" data-end=\"1524\">\n<p data-start=\"1330\" data-end=\"1524\">\u270d\ufe0f <strong data-start=\"1333\" data-end=\"1363\">Personalisieren Sie Ihren Stift!<\/strong><br data-start=\"1363\" data-end=\"1366\">F\u00fcgen Sie eine pers\u00f6nliche Note hinzu: Sie k\u00f6nnen <strong data-start=\"1396\" data-end=\"1443\">Ihren Namen, ein Datum oder eine Widmung<\/strong> direkt online gravieren lassen. Eine perfekte Geschenkidee f\u00fcr alle, die das Schreiben mit Stil lieben. <\/p>\n<\/blockquote>\n<h3>Perfekt als Geschenk oder pers\u00f6nliches Accessoire<\/h3>\n<p>Der Caran d&#8217;Ache 849 <em>Meerviolett<\/em> ist perfekt als Geschenkidee f\u00fcr alle, die Qualit\u00e4t, Design und intensive Farben lieben. In einer eleganten Verpackung pr\u00e4sentiert, verk\u00f6rpert dieser Stift einen einzigartigen Stil, der bei jeder Gelegenheit hervorsticht. Mit besonderem Augenmerk auf das Farbenspiel und die Qualit\u00e4t ist er das ideale Geschenk f\u00fcr alle, die ein raffiniertes und ikonisches Accessoire w\u00fcnschen.  <\/p>\n<p>Machen Sie das Schreiben zu einem pers\u00f6nlichen und stilvollen Erlebnis mit dem <em>Caran d&#8217;Ache 849 Meerviolett<\/em>. W\u00e4hlen Sie diesen Stift, um die Mystik und Sch\u00f6nheit der D\u00e4mmerungsfarben bei sich zu tragen und Ihren einzigartigen und unverwechselbaren Stil zu unterstreichen. <\/p>\n","protected":false},"excerpt":{"rendered":"[fpd_module type=\"designs\"]\n","protected":false},"featured_media":19116,"template":"","meta":{"_acf_changed":false},"product_brand":[],"product_cat":[852,863,893],"product_tag":[],"class_list":{"0":"post-45853","1":"product","2":"type-product","3":"status-publish","4":"has-post-thumbnail","6":"product_cat-anpassen","7":"product_cat-kugelschreiber","8":"product_cat-personalisierte-stifte","10":"first","11":"instock","12":"taxable","13":"shipping-taxable","14":"purchasable","15":"product-type-simple","16":"add-to-wishlist-after_add_to_cart"},"acf":[],"yoast_head":"<!-- This site is optimized with the Yoast SEO Premium plugin v27.5 (Yoast SEO v27.6) - https:\/\/yoast.com\/product\/yoast-seo-premium-wordpress\/ -->\n<title>CARAN D&#039;ACHE Kugelschreiber Meerviolett - Cartoleria Donati SA<\/title>\n<meta name=\"description\" content=\"Entdecken Sie die Eleganz des Caran d&#039;Ache 849 Meerviolett aus der Kollektion Claim Your Style. Ikonisches Design und von der Natur inspirierte Farben.\" \/>\n<meta name=\"robots\" content=\"index, follow, max-snippet:-1, max-image-preview:large, max-video-preview:-1\" \/>\n<link rel=\"canonical\" href=\"https:\/\/cartoleriadonati.ch\/de\/prodotto\/caran-dache-kugelschreiber-meerviolett\/\" \/>\n<meta property=\"og:locale\" content=\"de_DE\" \/>\n<meta property=\"og:type\" content=\"article\" \/>\n<meta property=\"og:title\" content=\"CARAN D&#039;ACHE Kugelschreiber Meerviolett\" \/>\n<meta property=\"og:description\" content=\"Entdecken Sie die Eleganz des Caran d&#039;Ache 849 Meerviolett aus der Kollektion Claim Your Style. Ikonisches Design und von der Natur inspirierte Farben.\" \/>\n<meta property=\"og:url\" content=\"https:\/\/cartoleriadonati.ch\/de\/prodotto\/caran-dache-kugelschreiber-meerviolett\/\" \/>\n<meta property=\"og:site_name\" content=\"Cartoleria Donati SA\" \/>\n<meta property=\"article:publisher\" content=\"https:\/\/www.facebook.com\/CartoleriaDonati\" \/>\n<meta property=\"article:modified_time\" content=\"2026-05-03T12:29:57+00:00\" \/>\n<meta property=\"og:image\" content=\"https:\/\/cartoleriadonati.ch\/wp-content\/uploads\/2024\/11\/CARAN-DACHE-Penna-sfera-849-viola-mare-Claim-your-Style.jpg\" \/>\n\t<meta property=\"og:image:width\" content=\"800\" \/>\n\t<meta property=\"og:image:height\" content=\"1200\" \/>\n\t<meta property=\"og:image:type\" content=\"image\/jpeg\" \/>\n<meta name=\"twitter:card\" content=\"summary_large_image\" \/>\n<meta name=\"twitter:label1\" content=\"Gesch\u00e4tzte Lesezeit\" \/>\n\t<meta name=\"twitter:data1\" content=\"3\u00a0Minuten\" \/>\n<script type=\"application\/ld+json\" class=\"yoast-schema-graph\">{\"@context\":\"https:\\\/\\\/schema.org\",\"@graph\":[{\"@type\":\"WebPage\",\"@id\":\"https:\\\/\\\/cartoleriadonati.ch\\\/de\\\/prodotto\\\/caran-dache-kugelschreiber-meerviolett\\\/\",\"url\":\"https:\\\/\\\/cartoleriadonati.ch\\\/de\\\/prodotto\\\/caran-dache-kugelschreiber-meerviolett\\\/\",\"name\":\"CARAN D'ACHE Kugelschreiber Meerviolett - Cartoleria Donati SA\",\"isPartOf\":{\"@id\":\"https:\\\/\\\/cartoleriadonati.ch\\\/de\\\/#website\"},\"primaryImageOfPage\":{\"@id\":\"https:\\\/\\\/cartoleriadonati.ch\\\/de\\\/prodotto\\\/caran-dache-kugelschreiber-meerviolett\\\/#primaryimage\"},\"image\":{\"@id\":\"https:\\\/\\\/cartoleriadonati.ch\\\/de\\\/prodotto\\\/caran-dache-kugelschreiber-meerviolett\\\/#primaryimage\"},\"thumbnailUrl\":\"https:\\\/\\\/cartoleriadonati.ch\\\/wp-content\\\/uploads\\\/2024\\\/11\\\/CARAN-DACHE-Penna-sfera-849-viola-mare-Claim-your-Style.jpg\",\"datePublished\":\"2024-11-08T21:23:38+00:00\",\"dateModified\":\"2026-05-03T12:29:57+00:00\",\"description\":\"Entdecken Sie die Eleganz des Caran d'Ache 849 Meerviolett aus der Kollektion Claim Your Style. Ikonisches Design und von der Natur inspirierte Farben.\",\"breadcrumb\":{\"@id\":\"https:\\\/\\\/cartoleriadonati.ch\\\/de\\\/prodotto\\\/caran-dache-kugelschreiber-meerviolett\\\/#breadcrumb\"},\"inLanguage\":\"de\",\"potentialAction\":[{\"@type\":\"ReadAction\",\"target\":[\"https:\\\/\\\/cartoleriadonati.ch\\\/de\\\/prodotto\\\/caran-dache-kugelschreiber-meerviolett\\\/\"]}]},{\"@type\":\"ImageObject\",\"inLanguage\":\"de\",\"@id\":\"https:\\\/\\\/cartoleriadonati.ch\\\/de\\\/prodotto\\\/caran-dache-kugelschreiber-meerviolett\\\/#primaryimage\",\"url\":\"https:\\\/\\\/cartoleriadonati.ch\\\/wp-content\\\/uploads\\\/2024\\\/11\\\/CARAN-DACHE-Penna-sfera-849-viola-mare-Claim-your-Style.jpg\",\"contentUrl\":\"https:\\\/\\\/cartoleriadonati.ch\\\/wp-content\\\/uploads\\\/2024\\\/11\\\/CARAN-DACHE-Penna-sfera-849-viola-mare-Claim-your-Style.jpg\",\"width\":800,\"height\":1200,\"caption\":\"CARAN D'ACHE Penna sfera 849 viola mare, Claim your Style\"},{\"@type\":\"BreadcrumbList\",\"@id\":\"https:\\\/\\\/cartoleriadonati.ch\\\/de\\\/prodotto\\\/caran-dache-kugelschreiber-meerviolett\\\/#breadcrumb\",\"itemListElement\":[{\"@type\":\"ListItem\",\"position\":1,\"name\":\"Home\",\"item\":\"https:\\\/\\\/cartoleriadonati.ch\\\/de\\\/home-page\\\/\"},{\"@type\":\"ListItem\",\"position\":2,\"name\":\"Shop\",\"item\":\"https:\\\/\\\/cartoleriadonati.ch\\\/de\\\/shop\\\/\"},{\"@type\":\"ListItem\",\"position\":3,\"name\":\"CARAN D&#8217;ACHE Kugelschreiber Meerviolett\"}]},{\"@type\":\"WebSite\",\"@id\":\"https:\\\/\\\/cartoleriadonati.ch\\\/de\\\/#website\",\"url\":\"https:\\\/\\\/cartoleriadonati.ch\\\/de\\\/\",\"name\":\"Cartoleria Donati SA\",\"description\":\"Sito internet ufficiale della Cartoleria Donati SA\",\"publisher\":{\"@id\":\"https:\\\/\\\/cartoleriadonati.ch\\\/de\\\/#organization\"},\"potentialAction\":[{\"@type\":\"SearchAction\",\"target\":{\"@type\":\"EntryPoint\",\"urlTemplate\":\"https:\\\/\\\/cartoleriadonati.ch\\\/de\\\/?s={search_term_string}\"},\"query-input\":{\"@type\":\"PropertyValueSpecification\",\"valueRequired\":true,\"valueName\":\"search_term_string\"}}],\"inLanguage\":\"de\"},{\"@type\":\"Organization\",\"@id\":\"https:\\\/\\\/cartoleriadonati.ch\\\/de\\\/#organization\",\"name\":\"Cartoleria Donati SA\",\"url\":\"https:\\\/\\\/cartoleriadonati.ch\\\/de\\\/\",\"logo\":{\"@type\":\"ImageObject\",\"inLanguage\":\"de\",\"@id\":\"https:\\\/\\\/cartoleriadonati.ch\\\/de\\\/#\\\/schema\\\/logo\\\/image\\\/\",\"url\":\"https:\\\/\\\/cartoleriadonati.ch\\\/wp-content\\\/uploads\\\/2019\\\/06\\\/DONATI_logo-1.png\",\"contentUrl\":\"https:\\\/\\\/cartoleriadonati.ch\\\/wp-content\\\/uploads\\\/2019\\\/06\\\/DONATI_logo-1.png\",\"width\":2339,\"height\":1654,\"caption\":\"Cartoleria Donati SA\"},\"image\":{\"@id\":\"https:\\\/\\\/cartoleriadonati.ch\\\/de\\\/#\\\/schema\\\/logo\\\/image\\\/\"},\"sameAs\":[\"https:\\\/\\\/www.facebook.com\\\/CartoleriaDonati\"]}]}<\/script>\n<!-- \/ Yoast SEO Premium plugin. -->","yoast_head_json":{"title":"CARAN D'ACHE Kugelschreiber Meerviolett - Cartoleria Donati SA","description":"Entdecken Sie die Eleganz des Caran d'Ache 849 Meerviolett aus der Kollektion Claim Your Style. Ikonisches Design und von der Natur inspirierte Farben.","robots":{"index":"index","follow":"follow","max-snippet":"max-snippet:-1","max-image-preview":"max-image-preview:large","max-video-preview":"max-video-preview:-1"},"canonical":"https:\/\/cartoleriadonati.ch\/de\/prodotto\/caran-dache-kugelschreiber-meerviolett\/","og_locale":"de_DE","og_type":"article","og_title":"CARAN D'ACHE Kugelschreiber Meerviolett","og_description":"Entdecken Sie die Eleganz des Caran d'Ache 849 Meerviolett aus der Kollektion Claim Your Style. Ikonisches Design und von der Natur inspirierte Farben.","og_url":"https:\/\/cartoleriadonati.ch\/de\/prodotto\/caran-dache-kugelschreiber-meerviolett\/","og_site_name":"Cartoleria Donati SA","article_publisher":"https:\/\/www.facebook.com\/CartoleriaDonati","article_modified_time":"2026-05-03T12:29:57+00:00","og_image":[{"width":800,"height":1200,"url":"https:\/\/cartoleriadonati.ch\/wp-content\/uploads\/2024\/11\/CARAN-DACHE-Penna-sfera-849-viola-mare-Claim-your-Style.jpg","type":"image\/jpeg"}],"twitter_card":"summary_large_image","twitter_misc":{"Gesch\u00e4tzte Lesezeit":"3\u00a0Minuten"},"schema":{"@context":"https:\/\/schema.org","@graph":[{"@type":"WebPage","@id":"https:\/\/cartoleriadonati.ch\/de\/prodotto\/caran-dache-kugelschreiber-meerviolett\/","url":"https:\/\/cartoleriadonati.ch\/de\/prodotto\/caran-dache-kugelschreiber-meerviolett\/","name":"CARAN D'ACHE Kugelschreiber Meerviolett - Cartoleria Donati SA","isPartOf":{"@id":"https:\/\/cartoleriadonati.ch\/de\/#website"},"primaryImageOfPage":{"@id":"https:\/\/cartoleriadonati.ch\/de\/prodotto\/caran-dache-kugelschreiber-meerviolett\/#primaryimage"},"image":{"@id":"https:\/\/cartoleriadonati.ch\/de\/prodotto\/caran-dache-kugelschreiber-meerviolett\/#primaryimage"},"thumbnailUrl":"https:\/\/cartoleriadonati.ch\/wp-content\/uploads\/2024\/11\/CARAN-DACHE-Penna-sfera-849-viola-mare-Claim-your-Style.jpg","datePublished":"2024-11-08T21:23:38+00:00","dateModified":"2026-05-03T12:29:57+00:00","description":"Entdecken Sie die Eleganz des Caran d'Ache 849 Meerviolett aus der Kollektion Claim Your Style. Ikonisches Design und von der Natur inspirierte Farben.","breadcrumb":{"@id":"https:\/\/cartoleriadonati.ch\/de\/prodotto\/caran-dache-kugelschreiber-meerviolett\/#breadcrumb"},"inLanguage":"de","potentialAction":[{"@type":"ReadAction","target":["https:\/\/cartoleriadonati.ch\/de\/prodotto\/caran-dache-kugelschreiber-meerviolett\/"]}]},{"@type":"ImageObject","inLanguage":"de","@id":"https:\/\/cartoleriadonati.ch\/de\/prodotto\/caran-dache-kugelschreiber-meerviolett\/#primaryimage","url":"https:\/\/cartoleriadonati.ch\/wp-content\/uploads\/2024\/11\/CARAN-DACHE-Penna-sfera-849-viola-mare-Claim-your-Style.jpg","contentUrl":"https:\/\/cartoleriadonati.ch\/wp-content\/uploads\/2024\/11\/CARAN-DACHE-Penna-sfera-849-viola-mare-Claim-your-Style.jpg","width":800,"height":1200,"caption":"CARAN D'ACHE Penna sfera 849 viola mare, Claim your Style"},{"@type":"BreadcrumbList","@id":"https:\/\/cartoleriadonati.ch\/de\/prodotto\/caran-dache-kugelschreiber-meerviolett\/#breadcrumb","itemListElement":[{"@type":"ListItem","position":1,"name":"Home","item":"https:\/\/cartoleriadonati.ch\/de\/home-page\/"},{"@type":"ListItem","position":2,"name":"Shop","item":"https:\/\/cartoleriadonati.ch\/de\/shop\/"},{"@type":"ListItem","position":3,"name":"CARAN D&#8217;ACHE Kugelschreiber Meerviolett"}]},{"@type":"WebSite","@id":"https:\/\/cartoleriadonati.ch\/de\/#website","url":"https:\/\/cartoleriadonati.ch\/de\/","name":"Cartoleria Donati SA","description":"Sito internet ufficiale della Cartoleria Donati SA","publisher":{"@id":"https:\/\/cartoleriadonati.ch\/de\/#organization"},"potentialAction":[{"@type":"SearchAction","target":{"@type":"EntryPoint","urlTemplate":"https:\/\/cartoleriadonati.ch\/de\/?s={search_term_string}"},"query-input":{"@type":"PropertyValueSpecification","valueRequired":true,"valueName":"search_term_string"}}],"inLanguage":"de"},{"@type":"Organization","@id":"https:\/\/cartoleriadonati.ch\/de\/#organization","name":"Cartoleria Donati SA","url":"https:\/\/cartoleriadonati.ch\/de\/","logo":{"@type":"ImageObject","inLanguage":"de","@id":"https:\/\/cartoleriadonati.ch\/de\/#\/schema\/logo\/image\/","url":"https:\/\/cartoleriadonati.ch\/wp-content\/uploads\/2019\/06\/DONATI_logo-1.png","contentUrl":"https:\/\/cartoleriadonati.ch\/wp-content\/uploads\/2019\/06\/DONATI_logo-1.png","width":2339,"height":1654,"caption":"Cartoleria Donati SA"},"image":{"@id":"https:\/\/cartoleriadonati.ch\/de\/#\/schema\/logo\/image\/"},"sameAs":["https:\/\/www.facebook.com\/CartoleriaDonati"]}]}},"_links":{"self":[{"href":"https:\/\/cartoleriadonati.ch\/de\/wp-json\/wp\/v2\/product\/45853","targetHints":{"allow":["GET"]}}],"collection":[{"href":"https:\/\/cartoleriadonati.ch\/de\/wp-json\/wp\/v2\/product"}],"about":[{"href":"https:\/\/cartoleriadonati.ch\/de\/wp-json\/wp\/v2\/types\/product"}],"wp:featuredmedia":[{"embeddable":true,"href":"https:\/\/cartoleriadonati.ch\/de\/wp-json\/wp\/v2\/media\/19116"}],"wp:attachment":[{"href":"https:\/\/cartoleriadonati.ch\/de\/wp-json\/wp\/v2\/media?parent=45853"}],"wp:term":[{"taxonomy":"product_brand","embeddable":true,"href":"https:\/\/cartoleriadonati.ch\/de\/wp-json\/wp\/v2\/product_brand?post=45853"},{"taxonomy":"product_cat","embeddable":true,"href":"https:\/\/cartoleriadonati.ch\/de\/wp-json\/wp\/v2\/product_cat?post=45853"},{"taxonomy":"product_tag","embeddable":true,"href":"https:\/\/cartoleriadonati.ch\/de\/wp-json\/wp\/v2\/product_tag?post=45853"}],"curies":[{"name":"wp","href":"https:\/\/api.w.org\/{rel}","templated":true}]}}