{"id":45843,"date":"2025-10-27T08:55:07","date_gmt":"2025-10-27T08:55:07","guid":{"rendered":"https:\/\/cartoleriadonati.ch\/prodotto\/caran-dache-aquarellfarben-14-farben-mit-personalisierter-box\/"},"modified":"2026-05-03T12:29:06","modified_gmt":"2026-05-03T12:29:06","slug":"caran-dache-aquarellfarben-14-farben-mit-personalisierter-box","status":"publish","type":"product","link":"https:\/\/cartoleriadonati.ch\/de\/prodotto\/caran-dache-aquarellfarben-14-farben-mit-personalisierter-box\/","title":{"rendered":"CARAN D\u2019ACHE Aquarellfarben 14 Farben mit personalisierter Box"},"content":{"rendered":"<h2 data-start=\"298\" data-end=\"362\">Schweizer Tradition und Qualit\u00e4t f\u00fcr wahre Liebhaber der Malerei<\/h2>\n<p data-start=\"363\" data-end=\"826\">Die <strong data-start=\"367\" data-end=\"418\">CARAN D\u2019ACHE Aquarellfarben 14 Farben mit personalisierter Box<\/strong> stehen f\u00fcr die Exzellenz der Schweizer K\u00fcnstlertradition. Die Entscheidung f\u00fcr eine <strong data-start=\"521\" data-end=\"563\">traditionelle Herstellung mit Lufttrocknung<\/strong> der Farbn\u00e4pfe und die Verwendung von <strong data-start=\"606\" data-end=\"639\">nat\u00fcrlichen pflanzlichen Bindemitteln<\/strong> garantieren ein authentisches und hochwertiges Ergebnis, das sowohl von Hobbyk\u00fcnstlern als auch von Malbegeisterten gesch\u00e4tzt wird, die eine brillante und nat\u00fcrliche Farbwiedergabe w\u00fcnschen. <\/p>\n<h2 data-start=\"828\" data-end=\"870\">Intensive und lichtbest\u00e4ndige Farben<\/h2>\n<p data-start=\"871\" data-end=\"1330\">Jeder Farbton wurde entwickelt, um <strong data-start=\"908\" data-end=\"951\">eine perfekte Gleichm\u00e4\u00dfigkeit beim Auftragen<\/strong> und eine <strong data-start=\"958\" data-end=\"991\">bemerkenswerte Lichtbest\u00e4ndigkeit<\/strong> zu bieten, was langlebige Werke gew\u00e4hrleistet. Die Aquarellfarben lassen sich leicht verteilen und erm\u00f6glichen je nach Wassermenge zarte Nuancen oder intensive T\u00f6ne. Die <strong data-start=\"1176\" data-end=\"1209\">weiche und cremige Konsistenz<\/strong> erlaubt eine totale Kontrolle w\u00e4hrend des Auftragens, ideal f\u00fcr Pr\u00e4zisionsarbeiten, Illustrationen oder Farbstudien.  <\/p>\n<h2 data-start=\"1332\" data-end=\"1366\">Unendliche kreative M\u00f6glichkeiten<\/h2>\n<p data-start=\"1367\" data-end=\"1587\">Dank ihrer hohen Qualit\u00e4t bieten die CARAN D\u2019ACHE Aquarellfarben <strong data-start=\"1437\" data-end=\"1477\">unendliche Mischm\u00f6glichkeiten<\/strong>. Nur wenige Tropfen Wasser gen\u00fcgen, um neue Farbt\u00f6ne und harmonische Nuancen zu kreieren. Dies macht sie perfekt f\u00fcr:  <\/p>\n<ul>\n<li data-start=\"1590\" data-end=\"1625\">Malkurse und Kunstunterricht<\/li>\n<li data-start=\"1628\" data-end=\"1654\">Skizzen und Illustrationen<\/li>\n<li data-start=\"1657\" data-end=\"1712\">Mischtechniken mit Tusche oder Aquarellstiften<\/li>\n<li data-start=\"1715\" data-end=\"1744\">Pers\u00f6nliche Kreativprojekte<\/li>\n<\/ul>\n<p data-start=\"1746\" data-end=\"1857\">Der sparsame Verbrauch und die lange Haltbarkeit der Farbn\u00e4pfe machen sie zudem zu einer nachhaltigen und preiswerten Wahl.<\/p>\n<h2 data-start=\"1859\" data-end=\"1895\">Personalisierung der Box<\/h2>\n<p data-start=\"1896\" data-end=\"2361\">Um das Set noch einzigartiger zu machen, ist es m\u00f6glich, <strong data-start=\"1945\" data-end=\"1982\">die Innenseite der Box<\/strong> mit <strong data-start=\"1987\" data-end=\"2032\">lasergravierten Texten, Widmungen oder Grafiken zu personalisieren<\/strong>.<\/p>\n<h2 data-start=\"2363\" data-end=\"2404\">Ein exquisites Geschenk f\u00fcr jeden K\u00fcnstler<\/h2>\n<p data-start=\"2405\" data-end=\"2649\">Dieses 14-Farben-Set ist das perfekte Geschenk f\u00fcr alle, die das Malen lieben. Ob f\u00fcr Anf\u00e4nger oder erfahrene K\u00fcnstler \u2013 die M\u00f6glichkeit, einen Namen oder eine pers\u00f6nliche Widmung hinzuzuf\u00fcgen, macht dieses Produkt zu einer wertvollen und bedeutungsvollen Erinnerung. <\/p>\n","protected":false},"excerpt":{"rendered":"<p>[fpd_module type=\"text\"]<br \/>\n[fpd_module type=\"designs\"]<\/p>\n","protected":false},"featured_media":40175,"template":"","meta":{"_acf_changed":false},"product_brand":[],"product_cat":[852,870,867],"product_tag":[],"class_list":{"0":"post-45843","1":"product","2":"type-product","3":"status-publish","4":"has-post-thumbnail","6":"product_cat-anpassen","7":"product_cat-kreative-ideen-und-kunstler","8":"product_cat-personalisierte-aquarellfarben","10":"first","11":"instock","12":"taxable","13":"shipping-taxable","14":"purchasable","15":"product-type-simple","16":"add-to-wishlist-after_add_to_cart"},"acf":[],"yoast_head":"<!-- This site is optimized with the Yoast SEO Premium plugin v27.5 (Yoast SEO v27.6) - https:\/\/yoast.com\/product\/yoast-seo-premium-wordpress\/ -->\n<title>CARAN D\u2019ACHE Aquarellfarben 14 Farben mit personalisierter Box - Cartoleria Donati SA<\/title>\n<meta name=\"description\" content=\"CARAN D\u2019ACHE Aquarell-Set 14 Farben. Schweizer K\u00fcnstlerqualit\u00e4t, Tradition und Lichtbest\u00e4ndigkeit. Box personalisierbar mit Lasergravur.\" \/>\n<meta name=\"robots\" content=\"index, follow, max-snippet:-1, max-image-preview:large, max-video-preview:-1\" \/>\n<link rel=\"canonical\" href=\"https:\/\/cartoleriadonati.ch\/de\/prodotto\/caran-dache-aquarellfarben-14-farben-mit-personalisierter-box\/\" \/>\n<meta property=\"og:locale\" content=\"de_DE\" \/>\n<meta property=\"og:type\" content=\"article\" \/>\n<meta property=\"og:title\" content=\"CARAN D\u2019ACHE Aquarellfarben 14 Farben mit personalisierter Box\" \/>\n<meta property=\"og:description\" content=\"CARAN D\u2019ACHE Aquarell-Set 14 Farben. Schweizer K\u00fcnstlerqualit\u00e4t, Tradition und Lichtbest\u00e4ndigkeit. Box personalisierbar mit Lasergravur.\" \/>\n<meta property=\"og:url\" content=\"https:\/\/cartoleriadonati.ch\/de\/prodotto\/caran-dache-aquarellfarben-14-farben-mit-personalisierter-box\/\" \/>\n<meta property=\"og:site_name\" content=\"Cartoleria Donati SA\" \/>\n<meta property=\"article:publisher\" content=\"https:\/\/www.facebook.com\/CartoleriaDonati\" \/>\n<meta property=\"article:modified_time\" content=\"2026-05-03T12:29:06+00:00\" \/>\n<meta property=\"og:image\" content=\"https:\/\/cartoleriadonati.ch\/wp-content\/uploads\/2025\/10\/Foto-prodotto-sito-7.jpg\" \/>\n\t<meta property=\"og:image:width\" content=\"1200\" \/>\n\t<meta property=\"og:image:height\" content=\"1500\" \/>\n\t<meta property=\"og:image:type\" content=\"image\/jpeg\" \/>\n<meta name=\"twitter:card\" content=\"summary_large_image\" \/>\n<meta name=\"twitter:label1\" content=\"Gesch\u00e4tzte Lesezeit\" \/>\n\t<meta name=\"twitter:data1\" content=\"1\u00a0Minute\" \/>\n<script type=\"application\/ld+json\" class=\"yoast-schema-graph\">{\"@context\":\"https:\\\/\\\/schema.org\",\"@graph\":[{\"@type\":\"WebPage\",\"@id\":\"https:\\\/\\\/cartoleriadonati.ch\\\/de\\\/prodotto\\\/caran-dache-aquarellfarben-14-farben-mit-personalisierter-box\\\/\",\"url\":\"https:\\\/\\\/cartoleriadonati.ch\\\/de\\\/prodotto\\\/caran-dache-aquarellfarben-14-farben-mit-personalisierter-box\\\/\",\"name\":\"CARAN D\u2019ACHE Aquarellfarben 14 Farben mit personalisierter Box - Cartoleria Donati SA\",\"isPartOf\":{\"@id\":\"https:\\\/\\\/cartoleriadonati.ch\\\/de\\\/#website\"},\"primaryImageOfPage\":{\"@id\":\"https:\\\/\\\/cartoleriadonati.ch\\\/de\\\/prodotto\\\/caran-dache-aquarellfarben-14-farben-mit-personalisierter-box\\\/#primaryimage\"},\"image\":{\"@id\":\"https:\\\/\\\/cartoleriadonati.ch\\\/de\\\/prodotto\\\/caran-dache-aquarellfarben-14-farben-mit-personalisierter-box\\\/#primaryimage\"},\"thumbnailUrl\":\"https:\\\/\\\/cartoleriadonati.ch\\\/wp-content\\\/uploads\\\/2025\\\/10\\\/Foto-prodotto-sito-7.jpg\",\"datePublished\":\"2025-10-27T08:55:07+00:00\",\"dateModified\":\"2026-05-03T12:29:06+00:00\",\"description\":\"CARAN D\u2019ACHE Aquarell-Set 14 Farben. Schweizer K\u00fcnstlerqualit\u00e4t, Tradition und Lichtbest\u00e4ndigkeit. Box personalisierbar mit Lasergravur.\",\"breadcrumb\":{\"@id\":\"https:\\\/\\\/cartoleriadonati.ch\\\/de\\\/prodotto\\\/caran-dache-aquarellfarben-14-farben-mit-personalisierter-box\\\/#breadcrumb\"},\"inLanguage\":\"de\",\"potentialAction\":[{\"@type\":\"ReadAction\",\"target\":[\"https:\\\/\\\/cartoleriadonati.ch\\\/de\\\/prodotto\\\/caran-dache-aquarellfarben-14-farben-mit-personalisierter-box\\\/\"]}]},{\"@type\":\"ImageObject\",\"inLanguage\":\"de\",\"@id\":\"https:\\\/\\\/cartoleriadonati.ch\\\/de\\\/prodotto\\\/caran-dache-aquarellfarben-14-farben-mit-personalisierter-box\\\/#primaryimage\",\"url\":\"https:\\\/\\\/cartoleriadonati.ch\\\/wp-content\\\/uploads\\\/2025\\\/10\\\/Foto-prodotto-sito-7.jpg\",\"contentUrl\":\"https:\\\/\\\/cartoleriadonati.ch\\\/wp-content\\\/uploads\\\/2025\\\/10\\\/Foto-prodotto-sito-7.jpg\",\"width\":1200,\"height\":1500},{\"@type\":\"BreadcrumbList\",\"@id\":\"https:\\\/\\\/cartoleriadonati.ch\\\/de\\\/prodotto\\\/caran-dache-aquarellfarben-14-farben-mit-personalisierter-box\\\/#breadcrumb\",\"itemListElement\":[{\"@type\":\"ListItem\",\"position\":1,\"name\":\"Home\",\"item\":\"https:\\\/\\\/cartoleriadonati.ch\\\/de\\\/home-page\\\/\"},{\"@type\":\"ListItem\",\"position\":2,\"name\":\"Shop\",\"item\":\"https:\\\/\\\/cartoleriadonati.ch\\\/de\\\/shop\\\/\"},{\"@type\":\"ListItem\",\"position\":3,\"name\":\"CARAN D\u2019ACHE Aquarellfarben 14 Farben mit personalisierter Box\"}]},{\"@type\":\"WebSite\",\"@id\":\"https:\\\/\\\/cartoleriadonati.ch\\\/de\\\/#website\",\"url\":\"https:\\\/\\\/cartoleriadonati.ch\\\/de\\\/\",\"name\":\"Cartoleria Donati SA\",\"description\":\"Sito internet ufficiale della Cartoleria Donati SA\",\"publisher\":{\"@id\":\"https:\\\/\\\/cartoleriadonati.ch\\\/de\\\/#organization\"},\"potentialAction\":[{\"@type\":\"SearchAction\",\"target\":{\"@type\":\"EntryPoint\",\"urlTemplate\":\"https:\\\/\\\/cartoleriadonati.ch\\\/de\\\/?s={search_term_string}\"},\"query-input\":{\"@type\":\"PropertyValueSpecification\",\"valueRequired\":true,\"valueName\":\"search_term_string\"}}],\"inLanguage\":\"de\"},{\"@type\":\"Organization\",\"@id\":\"https:\\\/\\\/cartoleriadonati.ch\\\/de\\\/#organization\",\"name\":\"Cartoleria Donati SA\",\"url\":\"https:\\\/\\\/cartoleriadonati.ch\\\/de\\\/\",\"logo\":{\"@type\":\"ImageObject\",\"inLanguage\":\"de\",\"@id\":\"https:\\\/\\\/cartoleriadonati.ch\\\/de\\\/#\\\/schema\\\/logo\\\/image\\\/\",\"url\":\"https:\\\/\\\/cartoleriadonati.ch\\\/wp-content\\\/uploads\\\/2019\\\/06\\\/DONATI_logo-1.png\",\"contentUrl\":\"https:\\\/\\\/cartoleriadonati.ch\\\/wp-content\\\/uploads\\\/2019\\\/06\\\/DONATI_logo-1.png\",\"width\":2339,\"height\":1654,\"caption\":\"Cartoleria Donati SA\"},\"image\":{\"@id\":\"https:\\\/\\\/cartoleriadonati.ch\\\/de\\\/#\\\/schema\\\/logo\\\/image\\\/\"},\"sameAs\":[\"https:\\\/\\\/www.facebook.com\\\/CartoleriaDonati\"]}]}<\/script>\n<!-- \/ Yoast SEO Premium plugin. -->","yoast_head_json":{"title":"CARAN D\u2019ACHE Aquarellfarben 14 Farben mit personalisierter Box - Cartoleria Donati SA","description":"CARAN D\u2019ACHE Aquarell-Set 14 Farben. Schweizer K\u00fcnstlerqualit\u00e4t, Tradition und Lichtbest\u00e4ndigkeit. Box personalisierbar mit Lasergravur.","robots":{"index":"index","follow":"follow","max-snippet":"max-snippet:-1","max-image-preview":"max-image-preview:large","max-video-preview":"max-video-preview:-1"},"canonical":"https:\/\/cartoleriadonati.ch\/de\/prodotto\/caran-dache-aquarellfarben-14-farben-mit-personalisierter-box\/","og_locale":"de_DE","og_type":"article","og_title":"CARAN D\u2019ACHE Aquarellfarben 14 Farben mit personalisierter Box","og_description":"CARAN D\u2019ACHE Aquarell-Set 14 Farben. Schweizer K\u00fcnstlerqualit\u00e4t, Tradition und Lichtbest\u00e4ndigkeit. Box personalisierbar mit Lasergravur.","og_url":"https:\/\/cartoleriadonati.ch\/de\/prodotto\/caran-dache-aquarellfarben-14-farben-mit-personalisierter-box\/","og_site_name":"Cartoleria Donati SA","article_publisher":"https:\/\/www.facebook.com\/CartoleriaDonati","article_modified_time":"2026-05-03T12:29:06+00:00","og_image":[{"width":1200,"height":1500,"url":"https:\/\/cartoleriadonati.ch\/wp-content\/uploads\/2025\/10\/Foto-prodotto-sito-7.jpg","type":"image\/jpeg"}],"twitter_card":"summary_large_image","twitter_misc":{"Gesch\u00e4tzte Lesezeit":"1\u00a0Minute"},"schema":{"@context":"https:\/\/schema.org","@graph":[{"@type":"WebPage","@id":"https:\/\/cartoleriadonati.ch\/de\/prodotto\/caran-dache-aquarellfarben-14-farben-mit-personalisierter-box\/","url":"https:\/\/cartoleriadonati.ch\/de\/prodotto\/caran-dache-aquarellfarben-14-farben-mit-personalisierter-box\/","name":"CARAN D\u2019ACHE Aquarellfarben 14 Farben mit personalisierter Box - Cartoleria Donati SA","isPartOf":{"@id":"https:\/\/cartoleriadonati.ch\/de\/#website"},"primaryImageOfPage":{"@id":"https:\/\/cartoleriadonati.ch\/de\/prodotto\/caran-dache-aquarellfarben-14-farben-mit-personalisierter-box\/#primaryimage"},"image":{"@id":"https:\/\/cartoleriadonati.ch\/de\/prodotto\/caran-dache-aquarellfarben-14-farben-mit-personalisierter-box\/#primaryimage"},"thumbnailUrl":"https:\/\/cartoleriadonati.ch\/wp-content\/uploads\/2025\/10\/Foto-prodotto-sito-7.jpg","datePublished":"2025-10-27T08:55:07+00:00","dateModified":"2026-05-03T12:29:06+00:00","description":"CARAN D\u2019ACHE Aquarell-Set 14 Farben. Schweizer K\u00fcnstlerqualit\u00e4t, Tradition und Lichtbest\u00e4ndigkeit. Box personalisierbar mit Lasergravur.","breadcrumb":{"@id":"https:\/\/cartoleriadonati.ch\/de\/prodotto\/caran-dache-aquarellfarben-14-farben-mit-personalisierter-box\/#breadcrumb"},"inLanguage":"de","potentialAction":[{"@type":"ReadAction","target":["https:\/\/cartoleriadonati.ch\/de\/prodotto\/caran-dache-aquarellfarben-14-farben-mit-personalisierter-box\/"]}]},{"@type":"ImageObject","inLanguage":"de","@id":"https:\/\/cartoleriadonati.ch\/de\/prodotto\/caran-dache-aquarellfarben-14-farben-mit-personalisierter-box\/#primaryimage","url":"https:\/\/cartoleriadonati.ch\/wp-content\/uploads\/2025\/10\/Foto-prodotto-sito-7.jpg","contentUrl":"https:\/\/cartoleriadonati.ch\/wp-content\/uploads\/2025\/10\/Foto-prodotto-sito-7.jpg","width":1200,"height":1500},{"@type":"BreadcrumbList","@id":"https:\/\/cartoleriadonati.ch\/de\/prodotto\/caran-dache-aquarellfarben-14-farben-mit-personalisierter-box\/#breadcrumb","itemListElement":[{"@type":"ListItem","position":1,"name":"Home","item":"https:\/\/cartoleriadonati.ch\/de\/home-page\/"},{"@type":"ListItem","position":2,"name":"Shop","item":"https:\/\/cartoleriadonati.ch\/de\/shop\/"},{"@type":"ListItem","position":3,"name":"CARAN D\u2019ACHE Aquarellfarben 14 Farben mit personalisierter Box"}]},{"@type":"WebSite","@id":"https:\/\/cartoleriadonati.ch\/de\/#website","url":"https:\/\/cartoleriadonati.ch\/de\/","name":"Cartoleria Donati SA","description":"Sito internet ufficiale della Cartoleria Donati SA","publisher":{"@id":"https:\/\/cartoleriadonati.ch\/de\/#organization"},"potentialAction":[{"@type":"SearchAction","target":{"@type":"EntryPoint","urlTemplate":"https:\/\/cartoleriadonati.ch\/de\/?s={search_term_string}"},"query-input":{"@type":"PropertyValueSpecification","valueRequired":true,"valueName":"search_term_string"}}],"inLanguage":"de"},{"@type":"Organization","@id":"https:\/\/cartoleriadonati.ch\/de\/#organization","name":"Cartoleria Donati SA","url":"https:\/\/cartoleriadonati.ch\/de\/","logo":{"@type":"ImageObject","inLanguage":"de","@id":"https:\/\/cartoleriadonati.ch\/de\/#\/schema\/logo\/image\/","url":"https:\/\/cartoleriadonati.ch\/wp-content\/uploads\/2019\/06\/DONATI_logo-1.png","contentUrl":"https:\/\/cartoleriadonati.ch\/wp-content\/uploads\/2019\/06\/DONATI_logo-1.png","width":2339,"height":1654,"caption":"Cartoleria Donati SA"},"image":{"@id":"https:\/\/cartoleriadonati.ch\/de\/#\/schema\/logo\/image\/"},"sameAs":["https:\/\/www.facebook.com\/CartoleriaDonati"]}]}},"_links":{"self":[{"href":"https:\/\/cartoleriadonati.ch\/de\/wp-json\/wp\/v2\/product\/45843","targetHints":{"allow":["GET"]}}],"collection":[{"href":"https:\/\/cartoleriadonati.ch\/de\/wp-json\/wp\/v2\/product"}],"about":[{"href":"https:\/\/cartoleriadonati.ch\/de\/wp-json\/wp\/v2\/types\/product"}],"wp:featuredmedia":[{"embeddable":true,"href":"https:\/\/cartoleriadonati.ch\/de\/wp-json\/wp\/v2\/media\/40175"}],"wp:attachment":[{"href":"https:\/\/cartoleriadonati.ch\/de\/wp-json\/wp\/v2\/media?parent=45843"}],"wp:term":[{"taxonomy":"product_brand","embeddable":true,"href":"https:\/\/cartoleriadonati.ch\/de\/wp-json\/wp\/v2\/product_brand?post=45843"},{"taxonomy":"product_cat","embeddable":true,"href":"https:\/\/cartoleriadonati.ch\/de\/wp-json\/wp\/v2\/product_cat?post=45843"},{"taxonomy":"product_tag","embeddable":true,"href":"https:\/\/cartoleriadonati.ch\/de\/wp-json\/wp\/v2\/product_tag?post=45843"}],"curies":[{"name":"wp","href":"https:\/\/api.w.org\/{rel}","templated":true}]}}