{"id":45559,"date":"2024-11-09T07:46:25","date_gmt":"2024-11-09T07:46:25","guid":{"rendered":"https:\/\/cartoleriadonati.ch\/prodotto\/caran-dache-kugelschreiber-cosmic-gold\/"},"modified":"2026-05-03T12:22:46","modified_gmt":"2026-05-03T12:22:46","slug":"caran-dache-kugelschreiber-cosmic-gold","status":"publish","type":"product","link":"https:\/\/cartoleriadonati.ch\/de\/prodotto\/caran-dache-kugelschreiber-cosmic-gold\/","title":{"rendered":"CARAN D&#8217;ACHE Kugelschreiber Cosmic Gold"},"content":{"rendered":"<h3>Caran d&#8217;Ache 849 Cosmic Gold: Mondglanz und goldene Eleganz<\/h3>\n<p>Der <em>Caran d&#8217;Ache 849 Cosmic Gold<\/em> ist eine exklusive Edition, die den ikonischen 849 Kugelschreiber in ein Design-Juwel verwandelt, inspiriert von der Mondoberfl\u00e4che und dem Mysterium des Kosmos. Die goldene Veredelung, die durch eine innovative Technik erzielt wird, macht diesen Kugelschreiber nicht nur zu einem hochwertigen Schreibger\u00e4t, sondern auch zu einem raffinierten Accessoire, perfekt f\u00fcr alle, die ihrem Alltag einen Hauch von Luxus und Faszination verleihen m\u00f6chten. <\/p>\n<p data-start=\"353\" data-end=\"544\"><strong>So personalisieren Sie: <\/strong><\/p>\n<ol>\n<li><strong data-start=\"357\" data-end=\"383\">Design personalisieren<\/strong><br data-start=\"383\" data-end=\"386\">Im oberen Bereich der Seite sehen Sie das leere Produkt. Sie k\u00f6nnen Text hinzuf\u00fcgen (oben links), Designs einf\u00fcgen und das Layout nach Belieben anpassen. <\/li>\n<li data-start=\"546\" data-end=\"660\"><strong data-start=\"550\" data-end=\"571\">Bestellung abschlie\u00dfen<\/strong><br data-start=\"571\" data-end=\"574\">Wenn das Design fertig ist, legen Sie das Produkt in den Warenkorb und fahren Sie mit dem Checkout fort.<\/li>\n<li data-start=\"662\" data-end=\"797\"><strong data-start=\"666\" data-end=\"688\">Dateipr\u00fcfung<\/strong><br data-start=\"688\" data-end=\"691\">Vor der Gravur pr\u00fcfen wir immer die Datei. Sollten wir Zweifel haben oder das Design nicht geeignet sein, kontaktieren wir Sie. <\/li>\n<li data-start=\"799\" data-end=\"919\"><strong data-start=\"803\" data-end=\"840\">Produktion in unserer Papeterie<\/strong><br data-start=\"840\" data-end=\"843\">Das Produkt wird bei der Cartoleria Donati SA graviert und personalisiert.<\/li>\n<\/ol>\n<p><strong data-start=\"923\" data-end=\"947\">Produktionszeit:<\/strong> ca. <strong data-start=\"954\" data-end=\"979\">1\u20132 Werktage<\/strong>.<\/p>\n<h3>Besondere Merkmale des Caran d&#8217;Ache 849 Cosmic Gold<\/h3>\n<ul>\n<li><strong>Monddesign und goldene Farbt\u00f6ne<\/strong>: Der Metallk\u00f6rper dieses Kugelschreibers erinnert an die Mondoberfl\u00e4che mit einzigartigen Texturen und Reflexen, die den goldenen Glanz des Kosmos hervorrufen. Diese goldene Veredelung, inspiriert von der W\u00e4rme und Leuchtkraft der Sterne, zeichnet sich durch ihre elegante und raffinierte Wirkung aus. <\/li>\n<li><strong>Hochwertige Materialien<\/strong>: Hergestellt in der Schweiz, kombiniert der Cosmic Gold robuste Materialien mit der Technologie von Caran d&#8217;Ache und gew\u00e4hrleistet ein fl\u00fcssiges und langlebiges Schreiberlebnis. Das hochwertige Metall garantiert nicht nur einen komfortablen Griff, sondern verleiht auch Widerstandsf\u00e4higkeit f\u00fcr den t\u00e4glichen Gebrauch ohne Kompromisse. <\/li>\n<li><strong>Ikonischer Druckmechanismus<\/strong>: Der fl\u00fcssige Druckmechanismus und das ergonomische Design des Kugelschreibers machen ihn perfekt f\u00fcr alle, die ein praktisches und zuverl\u00e4ssiges Schreibger\u00e4t w\u00fcnschen, ohne auf Stil zu verzichten.<\/li>\n<\/ul>\n<h3>Ein Luxus-Accessoire f\u00fcr jeden Anlass<\/h3>\n<p>Der Cosmic Gold ist konzipiert, um zu inspirieren und jedem Moment des Tages Raffinesse zu verleihen. Er ist perfekt als luxuri\u00f6ser Schreibtischstift, aber auch ideal als Begleiter f\u00fcr Gesch\u00e4ftstreffen oder die Freizeit. Sein goldener Farbton, kombiniert mit einer klassischen Form, schafft ein Accessoire, das sich harmonisch in einen eleganten Stil einf\u00fcgt.  <\/p>\n<blockquote data-start=\"1328\" data-end=\"1524\">\n<p data-start=\"1330\" data-end=\"1524\">\u270d\ufe0f <strong data-start=\"1333\" data-end=\"1363\">Personalisieren Sie Ihren Kugelschreiber!<\/strong><br data-start=\"1363\" data-end=\"1366\">F\u00fcgen Sie eine einzigartige Note hinzu: Sie k\u00f6nnen <strong data-start=\"1396\" data-end=\"1443\">Ihren Namen, ein Datum oder eine Widmung<\/strong> direkt online gravieren lassen. Eine perfekte Geschenkidee f\u00fcr alle, die das Schreiben mit Stil lieben. <\/p>\n<\/blockquote>\n<h3>Perfektes Geschenk f\u00fcr die Festtage<\/h3>\n<p>Wenn Sie auf der Suche nach einem eleganten Geschenk sind, ist der <em>Caran d&#8217;Ache 849 Cosmic Gold<\/em> die ideale Wahl. Mit seiner raffinierten Verpackung ist dieser Kugelschreiber perfekt, um Freunde, Familie oder Kollegen zu \u00fcberraschen. Schenken Sie die Faszination des Kosmos und die Eleganz des Schweizer Designs mit dem Cosmic Gold, einem Kugelschreiber, der jedes Wort in ein einzigartiges und luxuri\u00f6ses Erlebnis verwandelt.  <\/p>\n","protected":false},"excerpt":{"rendered":"[fpd_module type=\"designs\"]\n","protected":false},"featured_media":19111,"template":"","meta":{"_acf_changed":false},"product_brand":[],"product_cat":[852,863,893],"product_tag":[],"class_list":{"0":"post-45559","1":"product","2":"type-product","3":"status-publish","4":"has-post-thumbnail","6":"product_cat-anpassen","7":"product_cat-kugelschreiber","8":"product_cat-personalisierte-stifte","10":"first","11":"instock","12":"taxable","13":"shipping-taxable","14":"purchasable","15":"product-type-simple","16":"add-to-wishlist-after_add_to_cart"},"acf":[],"yoast_head":"<!-- This site is optimized with the Yoast SEO Premium plugin v27.5 (Yoast SEO v27.6) - https:\/\/yoast.com\/product\/yoast-seo-premium-wordpress\/ -->\n<title>CARAN D&#039;ACHE Kugelschreiber Cosmic Gold - Cartoleria Donati SA<\/title>\n<meta name=\"description\" content=\"Entdecken Sie den Caran d&#039;Ache 849 Cosmic Gold, elegantes Design mit goldenen Farbverl\u00e4ufen inspiriert vom Kosmos f\u00fcr einen einzigartigen Stil.\" \/>\n<meta name=\"robots\" content=\"index, follow, max-snippet:-1, max-image-preview:large, max-video-preview:-1\" \/>\n<link rel=\"canonical\" href=\"https:\/\/cartoleriadonati.ch\/de\/prodotto\/caran-dache-kugelschreiber-cosmic-gold\/\" \/>\n<meta property=\"og:locale\" content=\"de_DE\" \/>\n<meta property=\"og:type\" content=\"article\" \/>\n<meta property=\"og:title\" content=\"CARAN D&#039;ACHE Kugelschreiber Cosmic Gold\" \/>\n<meta property=\"og:description\" content=\"Entdecken Sie den Caran d&#039;Ache 849 Cosmic Gold, elegantes Design mit goldenen Farbverl\u00e4ufen inspiriert vom Kosmos f\u00fcr einen einzigartigen Stil.\" \/>\n<meta property=\"og:url\" content=\"https:\/\/cartoleriadonati.ch\/de\/prodotto\/caran-dache-kugelschreiber-cosmic-gold\/\" \/>\n<meta property=\"og:site_name\" content=\"Cartoleria Donati SA\" \/>\n<meta property=\"article:publisher\" content=\"https:\/\/www.facebook.com\/CartoleriaDonati\" \/>\n<meta property=\"article:modified_time\" content=\"2026-05-03T12:22:46+00:00\" \/>\n<meta property=\"og:image\" content=\"https:\/\/cartoleriadonati.ch\/wp-content\/uploads\/2024\/11\/CARAN-DACHE-Penna-sfera-849-Cosmic-oro.jpg\" \/>\n\t<meta property=\"og:image:width\" content=\"800\" \/>\n\t<meta property=\"og:image:height\" content=\"1200\" \/>\n\t<meta property=\"og:image:type\" content=\"image\/jpeg\" \/>\n<meta name=\"twitter:card\" content=\"summary_large_image\" \/>\n<meta name=\"twitter:label1\" content=\"Gesch\u00e4tzte Lesezeit\" \/>\n\t<meta name=\"twitter:data1\" content=\"2\u00a0Minuten\" \/>\n<script type=\"application\/ld+json\" class=\"yoast-schema-graph\">{\"@context\":\"https:\\\/\\\/schema.org\",\"@graph\":[{\"@type\":\"WebPage\",\"@id\":\"https:\\\/\\\/cartoleriadonati.ch\\\/de\\\/prodotto\\\/caran-dache-kugelschreiber-cosmic-gold\\\/\",\"url\":\"https:\\\/\\\/cartoleriadonati.ch\\\/de\\\/prodotto\\\/caran-dache-kugelschreiber-cosmic-gold\\\/\",\"name\":\"CARAN D'ACHE Kugelschreiber Cosmic Gold - Cartoleria Donati SA\",\"isPartOf\":{\"@id\":\"https:\\\/\\\/cartoleriadonati.ch\\\/de\\\/#website\"},\"primaryImageOfPage\":{\"@id\":\"https:\\\/\\\/cartoleriadonati.ch\\\/de\\\/prodotto\\\/caran-dache-kugelschreiber-cosmic-gold\\\/#primaryimage\"},\"image\":{\"@id\":\"https:\\\/\\\/cartoleriadonati.ch\\\/de\\\/prodotto\\\/caran-dache-kugelschreiber-cosmic-gold\\\/#primaryimage\"},\"thumbnailUrl\":\"https:\\\/\\\/cartoleriadonati.ch\\\/wp-content\\\/uploads\\\/2024\\\/11\\\/CARAN-DACHE-Penna-sfera-849-Cosmic-oro.jpg\",\"datePublished\":\"2024-11-09T07:46:25+00:00\",\"dateModified\":\"2026-05-03T12:22:46+00:00\",\"description\":\"Entdecken Sie den Caran d'Ache 849 Cosmic Gold, elegantes Design mit goldenen Farbverl\u00e4ufen inspiriert vom Kosmos f\u00fcr einen einzigartigen Stil.\",\"breadcrumb\":{\"@id\":\"https:\\\/\\\/cartoleriadonati.ch\\\/de\\\/prodotto\\\/caran-dache-kugelschreiber-cosmic-gold\\\/#breadcrumb\"},\"inLanguage\":\"de\",\"potentialAction\":[{\"@type\":\"ReadAction\",\"target\":[\"https:\\\/\\\/cartoleriadonati.ch\\\/de\\\/prodotto\\\/caran-dache-kugelschreiber-cosmic-gold\\\/\"]}]},{\"@type\":\"ImageObject\",\"inLanguage\":\"de\",\"@id\":\"https:\\\/\\\/cartoleriadonati.ch\\\/de\\\/prodotto\\\/caran-dache-kugelschreiber-cosmic-gold\\\/#primaryimage\",\"url\":\"https:\\\/\\\/cartoleriadonati.ch\\\/wp-content\\\/uploads\\\/2024\\\/11\\\/CARAN-DACHE-Penna-sfera-849-Cosmic-oro.jpg\",\"contentUrl\":\"https:\\\/\\\/cartoleriadonati.ch\\\/wp-content\\\/uploads\\\/2024\\\/11\\\/CARAN-DACHE-Penna-sfera-849-Cosmic-oro.jpg\",\"width\":800,\"height\":1200,\"caption\":\"CARAN D'ACHE Penna sfera 849 Cosmic oro\"},{\"@type\":\"BreadcrumbList\",\"@id\":\"https:\\\/\\\/cartoleriadonati.ch\\\/de\\\/prodotto\\\/caran-dache-kugelschreiber-cosmic-gold\\\/#breadcrumb\",\"itemListElement\":[{\"@type\":\"ListItem\",\"position\":1,\"name\":\"Home\",\"item\":\"https:\\\/\\\/cartoleriadonati.ch\\\/de\\\/home-page\\\/\"},{\"@type\":\"ListItem\",\"position\":2,\"name\":\"Shop\",\"item\":\"https:\\\/\\\/cartoleriadonati.ch\\\/de\\\/shop\\\/\"},{\"@type\":\"ListItem\",\"position\":3,\"name\":\"CARAN D&#8217;ACHE Kugelschreiber Cosmic Gold\"}]},{\"@type\":\"WebSite\",\"@id\":\"https:\\\/\\\/cartoleriadonati.ch\\\/de\\\/#website\",\"url\":\"https:\\\/\\\/cartoleriadonati.ch\\\/de\\\/\",\"name\":\"Cartoleria Donati SA\",\"description\":\"Sito internet ufficiale della Cartoleria Donati SA\",\"publisher\":{\"@id\":\"https:\\\/\\\/cartoleriadonati.ch\\\/de\\\/#organization\"},\"potentialAction\":[{\"@type\":\"SearchAction\",\"target\":{\"@type\":\"EntryPoint\",\"urlTemplate\":\"https:\\\/\\\/cartoleriadonati.ch\\\/de\\\/?s={search_term_string}\"},\"query-input\":{\"@type\":\"PropertyValueSpecification\",\"valueRequired\":true,\"valueName\":\"search_term_string\"}}],\"inLanguage\":\"de\"},{\"@type\":\"Organization\",\"@id\":\"https:\\\/\\\/cartoleriadonati.ch\\\/de\\\/#organization\",\"name\":\"Cartoleria Donati SA\",\"url\":\"https:\\\/\\\/cartoleriadonati.ch\\\/de\\\/\",\"logo\":{\"@type\":\"ImageObject\",\"inLanguage\":\"de\",\"@id\":\"https:\\\/\\\/cartoleriadonati.ch\\\/de\\\/#\\\/schema\\\/logo\\\/image\\\/\",\"url\":\"https:\\\/\\\/cartoleriadonati.ch\\\/wp-content\\\/uploads\\\/2019\\\/06\\\/DONATI_logo-1.png\",\"contentUrl\":\"https:\\\/\\\/cartoleriadonati.ch\\\/wp-content\\\/uploads\\\/2019\\\/06\\\/DONATI_logo-1.png\",\"width\":2339,\"height\":1654,\"caption\":\"Cartoleria Donati SA\"},\"image\":{\"@id\":\"https:\\\/\\\/cartoleriadonati.ch\\\/de\\\/#\\\/schema\\\/logo\\\/image\\\/\"},\"sameAs\":[\"https:\\\/\\\/www.facebook.com\\\/CartoleriaDonati\"]}]}<\/script>\n<!-- \/ Yoast SEO Premium plugin. -->","yoast_head_json":{"title":"CARAN D'ACHE Kugelschreiber Cosmic Gold - Cartoleria Donati SA","description":"Entdecken Sie den Caran d'Ache 849 Cosmic Gold, elegantes Design mit goldenen Farbverl\u00e4ufen inspiriert vom Kosmos f\u00fcr einen einzigartigen Stil.","robots":{"index":"index","follow":"follow","max-snippet":"max-snippet:-1","max-image-preview":"max-image-preview:large","max-video-preview":"max-video-preview:-1"},"canonical":"https:\/\/cartoleriadonati.ch\/de\/prodotto\/caran-dache-kugelschreiber-cosmic-gold\/","og_locale":"de_DE","og_type":"article","og_title":"CARAN D'ACHE Kugelschreiber Cosmic Gold","og_description":"Entdecken Sie den Caran d'Ache 849 Cosmic Gold, elegantes Design mit goldenen Farbverl\u00e4ufen inspiriert vom Kosmos f\u00fcr einen einzigartigen Stil.","og_url":"https:\/\/cartoleriadonati.ch\/de\/prodotto\/caran-dache-kugelschreiber-cosmic-gold\/","og_site_name":"Cartoleria Donati SA","article_publisher":"https:\/\/www.facebook.com\/CartoleriaDonati","article_modified_time":"2026-05-03T12:22:46+00:00","og_image":[{"width":800,"height":1200,"url":"https:\/\/cartoleriadonati.ch\/wp-content\/uploads\/2024\/11\/CARAN-DACHE-Penna-sfera-849-Cosmic-oro.jpg","type":"image\/jpeg"}],"twitter_card":"summary_large_image","twitter_misc":{"Gesch\u00e4tzte Lesezeit":"2\u00a0Minuten"},"schema":{"@context":"https:\/\/schema.org","@graph":[{"@type":"WebPage","@id":"https:\/\/cartoleriadonati.ch\/de\/prodotto\/caran-dache-kugelschreiber-cosmic-gold\/","url":"https:\/\/cartoleriadonati.ch\/de\/prodotto\/caran-dache-kugelschreiber-cosmic-gold\/","name":"CARAN D'ACHE Kugelschreiber Cosmic Gold - Cartoleria Donati SA","isPartOf":{"@id":"https:\/\/cartoleriadonati.ch\/de\/#website"},"primaryImageOfPage":{"@id":"https:\/\/cartoleriadonati.ch\/de\/prodotto\/caran-dache-kugelschreiber-cosmic-gold\/#primaryimage"},"image":{"@id":"https:\/\/cartoleriadonati.ch\/de\/prodotto\/caran-dache-kugelschreiber-cosmic-gold\/#primaryimage"},"thumbnailUrl":"https:\/\/cartoleriadonati.ch\/wp-content\/uploads\/2024\/11\/CARAN-DACHE-Penna-sfera-849-Cosmic-oro.jpg","datePublished":"2024-11-09T07:46:25+00:00","dateModified":"2026-05-03T12:22:46+00:00","description":"Entdecken Sie den Caran d'Ache 849 Cosmic Gold, elegantes Design mit goldenen Farbverl\u00e4ufen inspiriert vom Kosmos f\u00fcr einen einzigartigen Stil.","breadcrumb":{"@id":"https:\/\/cartoleriadonati.ch\/de\/prodotto\/caran-dache-kugelschreiber-cosmic-gold\/#breadcrumb"},"inLanguage":"de","potentialAction":[{"@type":"ReadAction","target":["https:\/\/cartoleriadonati.ch\/de\/prodotto\/caran-dache-kugelschreiber-cosmic-gold\/"]}]},{"@type":"ImageObject","inLanguage":"de","@id":"https:\/\/cartoleriadonati.ch\/de\/prodotto\/caran-dache-kugelschreiber-cosmic-gold\/#primaryimage","url":"https:\/\/cartoleriadonati.ch\/wp-content\/uploads\/2024\/11\/CARAN-DACHE-Penna-sfera-849-Cosmic-oro.jpg","contentUrl":"https:\/\/cartoleriadonati.ch\/wp-content\/uploads\/2024\/11\/CARAN-DACHE-Penna-sfera-849-Cosmic-oro.jpg","width":800,"height":1200,"caption":"CARAN D'ACHE Penna sfera 849 Cosmic oro"},{"@type":"BreadcrumbList","@id":"https:\/\/cartoleriadonati.ch\/de\/prodotto\/caran-dache-kugelschreiber-cosmic-gold\/#breadcrumb","itemListElement":[{"@type":"ListItem","position":1,"name":"Home","item":"https:\/\/cartoleriadonati.ch\/de\/home-page\/"},{"@type":"ListItem","position":2,"name":"Shop","item":"https:\/\/cartoleriadonati.ch\/de\/shop\/"},{"@type":"ListItem","position":3,"name":"CARAN D&#8217;ACHE Kugelschreiber Cosmic Gold"}]},{"@type":"WebSite","@id":"https:\/\/cartoleriadonati.ch\/de\/#website","url":"https:\/\/cartoleriadonati.ch\/de\/","name":"Cartoleria Donati SA","description":"Sito internet ufficiale della Cartoleria Donati SA","publisher":{"@id":"https:\/\/cartoleriadonati.ch\/de\/#organization"},"potentialAction":[{"@type":"SearchAction","target":{"@type":"EntryPoint","urlTemplate":"https:\/\/cartoleriadonati.ch\/de\/?s={search_term_string}"},"query-input":{"@type":"PropertyValueSpecification","valueRequired":true,"valueName":"search_term_string"}}],"inLanguage":"de"},{"@type":"Organization","@id":"https:\/\/cartoleriadonati.ch\/de\/#organization","name":"Cartoleria Donati SA","url":"https:\/\/cartoleriadonati.ch\/de\/","logo":{"@type":"ImageObject","inLanguage":"de","@id":"https:\/\/cartoleriadonati.ch\/de\/#\/schema\/logo\/image\/","url":"https:\/\/cartoleriadonati.ch\/wp-content\/uploads\/2019\/06\/DONATI_logo-1.png","contentUrl":"https:\/\/cartoleriadonati.ch\/wp-content\/uploads\/2019\/06\/DONATI_logo-1.png","width":2339,"height":1654,"caption":"Cartoleria Donati SA"},"image":{"@id":"https:\/\/cartoleriadonati.ch\/de\/#\/schema\/logo\/image\/"},"sameAs":["https:\/\/www.facebook.com\/CartoleriaDonati"]}]}},"_links":{"self":[{"href":"https:\/\/cartoleriadonati.ch\/de\/wp-json\/wp\/v2\/product\/45559","targetHints":{"allow":["GET"]}}],"collection":[{"href":"https:\/\/cartoleriadonati.ch\/de\/wp-json\/wp\/v2\/product"}],"about":[{"href":"https:\/\/cartoleriadonati.ch\/de\/wp-json\/wp\/v2\/types\/product"}],"wp:featuredmedia":[{"embeddable":true,"href":"https:\/\/cartoleriadonati.ch\/de\/wp-json\/wp\/v2\/media\/19111"}],"wp:attachment":[{"href":"https:\/\/cartoleriadonati.ch\/de\/wp-json\/wp\/v2\/media?parent=45559"}],"wp:term":[{"taxonomy":"product_brand","embeddable":true,"href":"https:\/\/cartoleriadonati.ch\/de\/wp-json\/wp\/v2\/product_brand?post=45559"},{"taxonomy":"product_cat","embeddable":true,"href":"https:\/\/cartoleriadonati.ch\/de\/wp-json\/wp\/v2\/product_cat?post=45559"},{"taxonomy":"product_tag","embeddable":true,"href":"https:\/\/cartoleriadonati.ch\/de\/wp-json\/wp\/v2\/product_tag?post=45559"}],"curies":[{"name":"wp","href":"https:\/\/api.w.org\/{rel}","templated":true}]}}