{"id":45538,"date":"2026-01-14T16:23:12","date_gmt":"2026-01-14T16:23:12","guid":{"rendered":"https:\/\/cartoleriadonati.ch\/prodotto\/rotes-quadratisches-fotoalbum-personalisiert\/"},"modified":"2026-05-03T12:21:10","modified_gmt":"2026-05-03T12:21:10","slug":"rotes-quadratisches-fotoalbum-personalisiert","status":"publish","type":"product","link":"https:\/\/cartoleriadonati.ch\/de\/prodotto\/rotes-quadratisches-fotoalbum-personalisiert\/","title":{"rendered":"Rotes quadratisches Fotoalbum personalisiert"},"content":{"rendered":"<h1 data-start=\"275\" data-end=\"322\">Rotes quadratisches Fotoalbum \u2013 Personalisiert<\/h1>\n<h2 data-start=\"324\" data-end=\"387\">Minimalistische Eleganz f\u00fcr Ihre wertvollsten Momente<\/h2>\n<p data-start=\"388\" data-end=\"752\">Das <strong data-start=\"390\" data-end=\"435\">rote quadratische Fotoalbum personalisiert<\/strong> aus der S.O.H.O.-Linie ist die ideale Wahl f\u00fcr alle, die besondere Erinnerungen in einem modernen, eleganten und raffinierten Medium aufbewahren m\u00f6chten. Der Einband in der Farbe Rot, schlicht und zeitgem\u00e4\u00df, passt perfekt zu jedem Stil und Anlass und macht das Album zu einem hervorragenden Geschenk oder einem einzigartigen Objekt f\u00fcr sich selbst. <\/p>\n<p data-start=\"754\" data-end=\"982\">Die <strong data-start=\"768\" data-end=\"778\">Wire-O<\/strong>-Bindung, robust und praktisch, erm\u00f6glicht ein \u00e4u\u00dferst einfaches Bl\u00e4ttern und Bearbeiten der Seiten und macht es perfekt zum Einkleben von Fotografien, Hinzuf\u00fcgen von Notizen, K\u00e4rtchen, Zeichnungen oder kleinen pers\u00f6nlichen Widmungen.<\/p>\n<h2 data-start=\"984\" data-end=\"1021\">Drei Gr\u00f6\u00dfen f\u00fcr jeden Bedarf<\/h2>\n<p data-start=\"1022\" data-end=\"1118\">Das Album ist in <strong data-start=\"1047\" data-end=\"1071\">drei quadratischen Formaten<\/strong> erh\u00e4ltlich, die verschiedene Stile und Geschm\u00e4cker ber\u00fccksichtigen:<\/p>\n<ul>\n<li data-start=\"1122\" data-end=\"1196\"><strong data-start=\"1122\" data-end=\"1136\">18 \u00d7 18 cm<\/strong> \u2013 kompakt, perfekt f\u00fcr kleine Erinnerungen und thematische Alben<\/li>\n<li data-start=\"1199\" data-end=\"1276\"><strong data-start=\"1199\" data-end=\"1213\">23 \u00d7 23 cm<\/strong> \u2013 ausgewogenes und vielseitiges Format, ideal f\u00fcr den t\u00e4glichen Gebrauch<\/li>\n<li data-start=\"1279\" data-end=\"1379\"><strong data-start=\"1279\" data-end=\"1293\">29 \u00d7 29 cm<\/strong> \u2013 gro\u00df und eindrucksvoll, perfekt f\u00fcr wichtige Fotografien oder kreative Kompositionen<\/li>\n<\/ul>\n<p data-start=\"1381\" data-end=\"1561\">Alle Modelle enthalten <strong data-start=\"1407\" data-end=\"1420\">60 Seiten<\/strong> hochwertiges Innenpapier in der Farbe <strong data-start=\"1462\" data-end=\"1479\">Naturwei\u00df<\/strong>, ideal f\u00fcr \u00e4sthetische Kontraste mit Farb- oder Schwarz-Wei\u00df-Fotografien.<\/p>\n<h2 data-start=\"1563\" data-end=\"1605\">Personalisierung mit Lasergravur<\/h2>\n<p data-start=\"1606\" data-end=\"1738\">Der Einband kann <strong data-start=\"1630\" data-end=\"1668\">mit Lasergravur personalisiert<\/strong> werden, um das Album in ein wirklich einzigartiges St\u00fcck zu verwandeln.<br data-start=\"1719\" data-end=\"1722\">Sie k\u00f6nnen gravieren lassen:<\/p>\n<ul>\n<li data-start=\"1741\" data-end=\"1758\">Namen und Initialen<\/li>\n<li data-start=\"1761\" data-end=\"1776\">Besondere Daten<\/li>\n<li data-start=\"1779\" data-end=\"1788\">Widmungen<\/li>\n<li data-start=\"1791\" data-end=\"1812\">Bedeutungsvolle Spr\u00fcche<\/li>\n<li data-start=\"1815\" data-end=\"1843\">Kleine Symbole und Grafiken<\/li>\n<\/ul>\n<h2 data-start=\"2268\" data-end=\"2310\">Ein perfektes Geschenk f\u00fcr jeden Anlass<\/h2>\n<p data-start=\"2311\" data-end=\"2339\">Dieses Album ist ideal f\u00fcr:<\/p>\n<ul>\n<li data-start=\"2342\" data-end=\"2355\">Jahrestage<\/li>\n<li data-start=\"2358\" data-end=\"2370\">Geburtstage<\/li>\n<li data-start=\"2373\" data-end=\"2391\">Paargeschenke<\/li>\n<li data-start=\"2394\" data-end=\"2415\">Taufen oder Geburten<\/li>\n<li data-start=\"2418\" data-end=\"2436\">Reisealben<\/li>\n<li data-start=\"2439\" data-end=\"2458\">Familienerinnerungen<\/li>\n<li data-start=\"2461\" data-end=\"2481\">Besondere Anl\u00e4sse<\/li>\n<\/ul>\n<p data-start=\"2483\" data-end=\"2601\">Die Kombination aus Stil, Qualit\u00e4t und Personalisierung macht es zu einem wertvollen Objekt, das man aufbewahren und im Laufe der Zeit durchbl\u00e4ttern kann.<\/p>\n","protected":false},"excerpt":{"rendered":"<p>[fpd_module type=\"text\"]<br \/>\n[fpd_module type=\"designs\"]<\/p>\n","protected":false},"featured_media":40531,"template":"","meta":{"_acf_changed":false},"product_brand":[],"product_cat":[852,895],"product_tag":[],"class_list":{"0":"post-45538","1":"product","2":"type-product","3":"status-publish","4":"has-post-thumbnail","6":"product_cat-anpassen","7":"product_cat-personalisiertes-album","9":"first","10":"instock","11":"taxable","12":"shipping-taxable","13":"purchasable","14":"product-type-variable","15":"add-to-wishlist-after_add_to_cart"},"acf":[],"yoast_head":"<!-- This site is optimized with the Yoast SEO Premium plugin v27.5 (Yoast SEO v27.6) - https:\/\/yoast.com\/product\/yoast-seo-premium-wordpress\/ -->\n<title>Rotes quadratisches Fotoalbum personalisiert - Cartoleria Donati SA<\/title>\n<meta name=\"robots\" content=\"index, follow, max-snippet:-1, max-image-preview:large, max-video-preview:-1\" \/>\n<link rel=\"canonical\" href=\"https:\/\/cartoleriadonati.ch\/de\/prodotto\/rotes-quadratisches-fotoalbum-personalisiert\/\" \/>\n<meta property=\"og:locale\" content=\"de_DE\" \/>\n<meta property=\"og:type\" content=\"article\" \/>\n<meta property=\"og:title\" content=\"Rotes quadratisches Fotoalbum personalisiert\" \/>\n<meta property=\"og:url\" content=\"https:\/\/cartoleriadonati.ch\/de\/prodotto\/rotes-quadratisches-fotoalbum-personalisiert\/\" \/>\n<meta property=\"og:site_name\" content=\"Cartoleria Donati SA\" \/>\n<meta property=\"article:publisher\" content=\"https:\/\/www.facebook.com\/CartoleriaDonati\" \/>\n<meta property=\"article:modified_time\" content=\"2026-05-03T12:21:10+00:00\" \/>\n<meta property=\"og:image\" content=\"https:\/\/cartoleriadonati.ch\/wp-content\/uploads\/2026\/01\/Album-foto-rosso-quadrato.jpg\" \/>\n\t<meta property=\"og:image:width\" content=\"1200\" \/>\n\t<meta property=\"og:image:height\" content=\"1500\" \/>\n\t<meta property=\"og:image:type\" content=\"image\/jpeg\" \/>\n<meta name=\"twitter:card\" content=\"summary_large_image\" \/>\n<meta name=\"twitter:label1\" content=\"Gesch\u00e4tzte Lesezeit\" \/>\n\t<meta name=\"twitter:data1\" content=\"1\u00a0Minute\" \/>\n<script type=\"application\/ld+json\" class=\"yoast-schema-graph\">{\"@context\":\"https:\\\/\\\/schema.org\",\"@graph\":[{\"@type\":\"WebPage\",\"@id\":\"https:\\\/\\\/cartoleriadonati.ch\\\/de\\\/prodotto\\\/rotes-quadratisches-fotoalbum-personalisiert\\\/\",\"url\":\"https:\\\/\\\/cartoleriadonati.ch\\\/de\\\/prodotto\\\/rotes-quadratisches-fotoalbum-personalisiert\\\/\",\"name\":\"Rotes quadratisches Fotoalbum personalisiert - Cartoleria Donati SA\",\"isPartOf\":{\"@id\":\"https:\\\/\\\/cartoleriadonati.ch\\\/de\\\/#website\"},\"primaryImageOfPage\":{\"@id\":\"https:\\\/\\\/cartoleriadonati.ch\\\/de\\\/prodotto\\\/rotes-quadratisches-fotoalbum-personalisiert\\\/#primaryimage\"},\"image\":{\"@id\":\"https:\\\/\\\/cartoleriadonati.ch\\\/de\\\/prodotto\\\/rotes-quadratisches-fotoalbum-personalisiert\\\/#primaryimage\"},\"thumbnailUrl\":\"https:\\\/\\\/cartoleriadonati.ch\\\/wp-content\\\/uploads\\\/2026\\\/01\\\/Album-foto-rosso-quadrato.jpg\",\"datePublished\":\"2026-01-14T16:23:12+00:00\",\"dateModified\":\"2026-05-03T12:21:10+00:00\",\"breadcrumb\":{\"@id\":\"https:\\\/\\\/cartoleriadonati.ch\\\/de\\\/prodotto\\\/rotes-quadratisches-fotoalbum-personalisiert\\\/#breadcrumb\"},\"inLanguage\":\"de\",\"potentialAction\":[{\"@type\":\"ReadAction\",\"target\":[\"https:\\\/\\\/cartoleriadonati.ch\\\/de\\\/prodotto\\\/rotes-quadratisches-fotoalbum-personalisiert\\\/\"]}]},{\"@type\":\"ImageObject\",\"inLanguage\":\"de\",\"@id\":\"https:\\\/\\\/cartoleriadonati.ch\\\/de\\\/prodotto\\\/rotes-quadratisches-fotoalbum-personalisiert\\\/#primaryimage\",\"url\":\"https:\\\/\\\/cartoleriadonati.ch\\\/wp-content\\\/uploads\\\/2026\\\/01\\\/Album-foto-rosso-quadrato.jpg\",\"contentUrl\":\"https:\\\/\\\/cartoleriadonati.ch\\\/wp-content\\\/uploads\\\/2026\\\/01\\\/Album-foto-rosso-quadrato.jpg\",\"width\":1200,\"height\":1500},{\"@type\":\"BreadcrumbList\",\"@id\":\"https:\\\/\\\/cartoleriadonati.ch\\\/de\\\/prodotto\\\/rotes-quadratisches-fotoalbum-personalisiert\\\/#breadcrumb\",\"itemListElement\":[{\"@type\":\"ListItem\",\"position\":1,\"name\":\"Home\",\"item\":\"https:\\\/\\\/cartoleriadonati.ch\\\/de\\\/home-page\\\/\"},{\"@type\":\"ListItem\",\"position\":2,\"name\":\"Shop\",\"item\":\"https:\\\/\\\/cartoleriadonati.ch\\\/de\\\/shop\\\/\"},{\"@type\":\"ListItem\",\"position\":3,\"name\":\"Rotes quadratisches Fotoalbum personalisiert\"}]},{\"@type\":\"WebSite\",\"@id\":\"https:\\\/\\\/cartoleriadonati.ch\\\/de\\\/#website\",\"url\":\"https:\\\/\\\/cartoleriadonati.ch\\\/de\\\/\",\"name\":\"Cartoleria Donati SA\",\"description\":\"Sito internet ufficiale della Cartoleria Donati SA\",\"publisher\":{\"@id\":\"https:\\\/\\\/cartoleriadonati.ch\\\/de\\\/#organization\"},\"potentialAction\":[{\"@type\":\"SearchAction\",\"target\":{\"@type\":\"EntryPoint\",\"urlTemplate\":\"https:\\\/\\\/cartoleriadonati.ch\\\/de\\\/?s={search_term_string}\"},\"query-input\":{\"@type\":\"PropertyValueSpecification\",\"valueRequired\":true,\"valueName\":\"search_term_string\"}}],\"inLanguage\":\"de\"},{\"@type\":\"Organization\",\"@id\":\"https:\\\/\\\/cartoleriadonati.ch\\\/de\\\/#organization\",\"name\":\"Cartoleria Donati SA\",\"url\":\"https:\\\/\\\/cartoleriadonati.ch\\\/de\\\/\",\"logo\":{\"@type\":\"ImageObject\",\"inLanguage\":\"de\",\"@id\":\"https:\\\/\\\/cartoleriadonati.ch\\\/de\\\/#\\\/schema\\\/logo\\\/image\\\/\",\"url\":\"https:\\\/\\\/cartoleriadonati.ch\\\/wp-content\\\/uploads\\\/2019\\\/06\\\/DONATI_logo-1.png\",\"contentUrl\":\"https:\\\/\\\/cartoleriadonati.ch\\\/wp-content\\\/uploads\\\/2019\\\/06\\\/DONATI_logo-1.png\",\"width\":2339,\"height\":1654,\"caption\":\"Cartoleria Donati SA\"},\"image\":{\"@id\":\"https:\\\/\\\/cartoleriadonati.ch\\\/de\\\/#\\\/schema\\\/logo\\\/image\\\/\"},\"sameAs\":[\"https:\\\/\\\/www.facebook.com\\\/CartoleriaDonati\"]}]}<\/script>\n<!-- \/ Yoast SEO Premium plugin. -->","yoast_head_json":{"title":"Rotes quadratisches Fotoalbum personalisiert - Cartoleria Donati SA","robots":{"index":"index","follow":"follow","max-snippet":"max-snippet:-1","max-image-preview":"max-image-preview:large","max-video-preview":"max-video-preview:-1"},"canonical":"https:\/\/cartoleriadonati.ch\/de\/prodotto\/rotes-quadratisches-fotoalbum-personalisiert\/","og_locale":"de_DE","og_type":"article","og_title":"Rotes quadratisches Fotoalbum personalisiert","og_url":"https:\/\/cartoleriadonati.ch\/de\/prodotto\/rotes-quadratisches-fotoalbum-personalisiert\/","og_site_name":"Cartoleria Donati SA","article_publisher":"https:\/\/www.facebook.com\/CartoleriaDonati","article_modified_time":"2026-05-03T12:21:10+00:00","og_image":[{"width":1200,"height":1500,"url":"https:\/\/cartoleriadonati.ch\/wp-content\/uploads\/2026\/01\/Album-foto-rosso-quadrato.jpg","type":"image\/jpeg"}],"twitter_card":"summary_large_image","twitter_misc":{"Gesch\u00e4tzte Lesezeit":"1\u00a0Minute"},"schema":{"@context":"https:\/\/schema.org","@graph":[{"@type":"WebPage","@id":"https:\/\/cartoleriadonati.ch\/de\/prodotto\/rotes-quadratisches-fotoalbum-personalisiert\/","url":"https:\/\/cartoleriadonati.ch\/de\/prodotto\/rotes-quadratisches-fotoalbum-personalisiert\/","name":"Rotes quadratisches Fotoalbum personalisiert - Cartoleria Donati SA","isPartOf":{"@id":"https:\/\/cartoleriadonati.ch\/de\/#website"},"primaryImageOfPage":{"@id":"https:\/\/cartoleriadonati.ch\/de\/prodotto\/rotes-quadratisches-fotoalbum-personalisiert\/#primaryimage"},"image":{"@id":"https:\/\/cartoleriadonati.ch\/de\/prodotto\/rotes-quadratisches-fotoalbum-personalisiert\/#primaryimage"},"thumbnailUrl":"https:\/\/cartoleriadonati.ch\/wp-content\/uploads\/2026\/01\/Album-foto-rosso-quadrato.jpg","datePublished":"2026-01-14T16:23:12+00:00","dateModified":"2026-05-03T12:21:10+00:00","breadcrumb":{"@id":"https:\/\/cartoleriadonati.ch\/de\/prodotto\/rotes-quadratisches-fotoalbum-personalisiert\/#breadcrumb"},"inLanguage":"de","potentialAction":[{"@type":"ReadAction","target":["https:\/\/cartoleriadonati.ch\/de\/prodotto\/rotes-quadratisches-fotoalbum-personalisiert\/"]}]},{"@type":"ImageObject","inLanguage":"de","@id":"https:\/\/cartoleriadonati.ch\/de\/prodotto\/rotes-quadratisches-fotoalbum-personalisiert\/#primaryimage","url":"https:\/\/cartoleriadonati.ch\/wp-content\/uploads\/2026\/01\/Album-foto-rosso-quadrato.jpg","contentUrl":"https:\/\/cartoleriadonati.ch\/wp-content\/uploads\/2026\/01\/Album-foto-rosso-quadrato.jpg","width":1200,"height":1500},{"@type":"BreadcrumbList","@id":"https:\/\/cartoleriadonati.ch\/de\/prodotto\/rotes-quadratisches-fotoalbum-personalisiert\/#breadcrumb","itemListElement":[{"@type":"ListItem","position":1,"name":"Home","item":"https:\/\/cartoleriadonati.ch\/de\/home-page\/"},{"@type":"ListItem","position":2,"name":"Shop","item":"https:\/\/cartoleriadonati.ch\/de\/shop\/"},{"@type":"ListItem","position":3,"name":"Rotes quadratisches Fotoalbum personalisiert"}]},{"@type":"WebSite","@id":"https:\/\/cartoleriadonati.ch\/de\/#website","url":"https:\/\/cartoleriadonati.ch\/de\/","name":"Cartoleria Donati SA","description":"Sito internet ufficiale della Cartoleria Donati SA","publisher":{"@id":"https:\/\/cartoleriadonati.ch\/de\/#organization"},"potentialAction":[{"@type":"SearchAction","target":{"@type":"EntryPoint","urlTemplate":"https:\/\/cartoleriadonati.ch\/de\/?s={search_term_string}"},"query-input":{"@type":"PropertyValueSpecification","valueRequired":true,"valueName":"search_term_string"}}],"inLanguage":"de"},{"@type":"Organization","@id":"https:\/\/cartoleriadonati.ch\/de\/#organization","name":"Cartoleria Donati SA","url":"https:\/\/cartoleriadonati.ch\/de\/","logo":{"@type":"ImageObject","inLanguage":"de","@id":"https:\/\/cartoleriadonati.ch\/de\/#\/schema\/logo\/image\/","url":"https:\/\/cartoleriadonati.ch\/wp-content\/uploads\/2019\/06\/DONATI_logo-1.png","contentUrl":"https:\/\/cartoleriadonati.ch\/wp-content\/uploads\/2019\/06\/DONATI_logo-1.png","width":2339,"height":1654,"caption":"Cartoleria Donati SA"},"image":{"@id":"https:\/\/cartoleriadonati.ch\/de\/#\/schema\/logo\/image\/"},"sameAs":["https:\/\/www.facebook.com\/CartoleriaDonati"]}]}},"_links":{"self":[{"href":"https:\/\/cartoleriadonati.ch\/de\/wp-json\/wp\/v2\/product\/45538","targetHints":{"allow":["GET"]}}],"collection":[{"href":"https:\/\/cartoleriadonati.ch\/de\/wp-json\/wp\/v2\/product"}],"about":[{"href":"https:\/\/cartoleriadonati.ch\/de\/wp-json\/wp\/v2\/types\/product"}],"wp:featuredmedia":[{"embeddable":true,"href":"https:\/\/cartoleriadonati.ch\/de\/wp-json\/wp\/v2\/media\/40531"}],"wp:attachment":[{"href":"https:\/\/cartoleriadonati.ch\/de\/wp-json\/wp\/v2\/media?parent=45538"}],"wp:term":[{"taxonomy":"product_brand","embeddable":true,"href":"https:\/\/cartoleriadonati.ch\/de\/wp-json\/wp\/v2\/product_brand?post=45538"},{"taxonomy":"product_cat","embeddable":true,"href":"https:\/\/cartoleriadonati.ch\/de\/wp-json\/wp\/v2\/product_cat?post=45538"},{"taxonomy":"product_tag","embeddable":true,"href":"https:\/\/cartoleriadonati.ch\/de\/wp-json\/wp\/v2\/product_tag?post=45538"}],"curies":[{"name":"wp","href":"https:\/\/api.w.org\/{rel}","templated":true}]}}