{"id":45522,"date":"2026-01-14T16:23:18","date_gmt":"2026-01-14T16:23:18","guid":{"rendered":"https:\/\/cartoleriadonati.ch\/prodotto\/personalisiertes-fotoalbum-rot-rechteckig\/"},"modified":"2026-05-03T12:20:18","modified_gmt":"2026-05-03T12:20:18","slug":"personalisiertes-fotoalbum-rot-rechteckig","status":"publish","type":"product","link":"https:\/\/cartoleriadonati.ch\/de\/prodotto\/personalisiertes-fotoalbum-rot-rechteckig\/","title":{"rendered":"Personalisiertes Fotoalbum rot, rechteckig"},"content":{"rendered":"<h1 data-start=\"265\" data-end=\"313\">Fotoalbum rot, rechteckig \u2013 Personalisiert<\/h1>\n<h2 data-start=\"315\" data-end=\"373\">Moderner Stil, um Ihre sch\u00f6nsten Erinnerungen zu bewahren<\/h2>\n<p data-start=\"374\" data-end=\"733\">Das <strong data-start=\"376\" data-end=\"422\">personalisierte Fotoalbum rot, rechteckig<\/strong> ist die ideale Wahl f\u00fcr alle, die ihre wichtigsten Momente in einem eleganten, robusten Format mit zeitgem\u00e4ssem Design festhalten m\u00f6chten. Der rote Einband verleiht ihm einen modernen und originellen Look, perfekt als Geschenk oder als pers\u00f6nliches Andenken f\u00fcr die Ewigkeit. <\/p>\n<p data-start=\"735\" data-end=\"957\">Die praktische und robuste <strong data-start=\"749\" data-end=\"759\">Wire-O-Bindung<\/strong> erm\u00f6glicht ein einfaches Umbl\u00e4ttern und macht das Album besonders benutzerfreundlich \u2013 ideal zum Einkleben von Fotos sowie zum Hinzuf\u00fcgen von Dekorationen, Eintrittskarten und handgeschriebenen Notizen.<\/p>\n<h2 data-start=\"959\" data-end=\"1001\">Personalisierung durch Lasergravur<\/h2>\n<p data-start=\"1002\" data-end=\"1146\">Der Einband des Albums kann <strong data-start=\"1037\" data-end=\"1075\">mit einer Lasergravur personalisiert<\/strong> werden, was jedes Exemplar zu einem Unikat macht.<br data-start=\"1114\" data-end=\"1117\">Sie k\u00f6nnen w\u00e4hlen zwischen:<\/p>\n<ul>\n<li data-start=\"1149\" data-end=\"1170\"><strong data-start=\"1149\" data-end=\"1168\">Name oder Initialen<\/strong><\/li>\n<li data-start=\"1173\" data-end=\"1194\"><strong data-start=\"1173\" data-end=\"1192\">Wichtige Daten<\/strong><\/li>\n<li data-start=\"1197\" data-end=\"1210\"><strong data-start=\"1197\" data-end=\"1208\">Widmungen<\/strong><\/li>\n<li data-start=\"1213\" data-end=\"1238\"><strong data-start=\"1213\" data-end=\"1236\">Bedeutungsvolle Spr\u00fcche<\/strong><\/li>\n<li data-start=\"1241\" data-end=\"1281\"><strong data-start=\"1241\" data-end=\"1279\">Symbole oder kleine Grafikelemente<\/strong><\/li>\n<\/ul>\n<p data-start=\"1283\" data-end=\"1388\">Die Lasergravur sorgt f\u00fcr ein elegantes und pr\u00e4zises Ergebnis, das auf der Denim-Struktur perfekt zur Geltung kommt.<\/p>\n<h2 data-start=\"1902\" data-end=\"1942\">Technische Eigenschaften des Albums<\/h2>\n<ul>\n<li data-start=\"1945\" data-end=\"1974\"><strong data-start=\"1945\" data-end=\"1966\">Einbandfarbe:<\/strong> Rot<\/li>\n<li data-start=\"1977\" data-end=\"2012\"><strong data-start=\"1977\" data-end=\"1992\">Bindung:<\/strong> Robuste Wire-O-Bindung<\/li>\n<li data-start=\"2015\" data-end=\"2062\"><strong data-start=\"2015\" data-end=\"2042\">Masse (B x H x T):<\/strong> 220 \u00d7 151 \u00d7 25 mm<\/li>\n<li data-start=\"2065\" data-end=\"2091\"><strong data-start=\"2065\" data-end=\"2086\">Seitenzahl:<\/strong> 40<\/li>\n<li data-start=\"2094\" data-end=\"2135\"><strong data-start=\"2094\" data-end=\"2120\">Innenformat:<\/strong> 195 \u00d7 145 mm<\/li>\n<li data-start=\"2138\" data-end=\"2172\"><strong data-start=\"2138\" data-end=\"2156\">Seitenfarbe:<\/strong> Naturweiss<\/li>\n<\/ul>\n<p data-start=\"2174\" data-end=\"2330\">Die dicken, hochwertigen Innenseiten eignen sich perfekt zum Einkleben von Fotos, f\u00fcr Notizen, Erinnerungen und individuelle Gestaltungen.<\/p>\n<h2 data-start=\"2332\" data-end=\"2374\">Ein perfektes Geschenk f\u00fcr jeden Anlass<\/h2>\n<p data-start=\"2375\" data-end=\"2461\">Dank der Personalisierung ist das Fotoalbum eine ideale Geschenkidee f\u00fcr:<\/p>\n<ul>\n<li data-start=\"2464\" data-end=\"2476\">Geburtstage<\/li>\n<li data-start=\"2479\" data-end=\"2492\">Jubil\u00e4en<\/li>\n<li data-start=\"2495\" data-end=\"2516\">Geburten und Taufen<\/li>\n<li data-start=\"2519\" data-end=\"2536\">Paarfotos<\/li>\n<li data-start=\"2539\" data-end=\"2559\">Reiseerinnerungen<\/li>\n<li data-start=\"2562\" data-end=\"2581\">Familienmomente<\/li>\n<\/ul>\n<p data-start=\"2583\" data-end=\"2682\">Ein Objekt, das Emotionen bewahrt und eine Geschichte erz\u00e4hlt, veredelt durch Ihre pers\u00f6nliche Gravur.<\/p>\n","protected":false},"excerpt":{"rendered":"<p>[fpd_module type=\"text\"]<br \/>\n[fpd_module type=\"designs\"]<\/p>\n","protected":false},"featured_media":40498,"template":"","meta":{"_acf_changed":false},"product_brand":[],"product_cat":[852,895],"product_tag":[],"class_list":{"0":"post-45522","1":"product","2":"type-product","3":"status-publish","4":"has-post-thumbnail","6":"product_cat-anpassen","7":"product_cat-personalisiertes-album","9":"first","10":"instock","11":"taxable","12":"shipping-taxable","13":"purchasable","14":"product-type-simple","15":"add-to-wishlist-after_add_to_cart"},"acf":[],"yoast_head":"<!-- This site is optimized with the Yoast SEO Premium plugin v27.5 (Yoast SEO v27.6) - https:\/\/yoast.com\/product\/yoast-seo-premium-wordpress\/ -->\n<title>Personalisiertes Fotoalbum rot, rechteckig - Cartoleria Donati SA<\/title>\n<meta name=\"robots\" content=\"index, follow, max-snippet:-1, max-image-preview:large, max-video-preview:-1\" \/>\n<link rel=\"canonical\" href=\"https:\/\/cartoleriadonati.ch\/de\/prodotto\/personalisiertes-fotoalbum-rot-rechteckig\/\" \/>\n<meta property=\"og:locale\" content=\"de_DE\" \/>\n<meta property=\"og:type\" content=\"article\" \/>\n<meta property=\"og:title\" content=\"Personalisiertes Fotoalbum rot, rechteckig\" \/>\n<meta property=\"og:url\" content=\"https:\/\/cartoleriadonati.ch\/de\/prodotto\/personalisiertes-fotoalbum-rot-rechteckig\/\" \/>\n<meta property=\"og:site_name\" content=\"Cartoleria Donati SA\" \/>\n<meta property=\"article:publisher\" content=\"https:\/\/www.facebook.com\/CartoleriaDonati\" \/>\n<meta property=\"article:modified_time\" content=\"2026-05-03T12:20:18+00:00\" \/>\n<meta property=\"og:image\" content=\"https:\/\/cartoleriadonati.ch\/wp-content\/uploads\/2026\/01\/Album-foto-rosso-rettangolo.jpg\" \/>\n\t<meta property=\"og:image:width\" content=\"1200\" \/>\n\t<meta property=\"og:image:height\" content=\"1500\" \/>\n\t<meta property=\"og:image:type\" content=\"image\/jpeg\" \/>\n<meta name=\"twitter:card\" content=\"summary_large_image\" \/>\n<meta name=\"twitter:label1\" content=\"Gesch\u00e4tzte Lesezeit\" \/>\n\t<meta name=\"twitter:data1\" content=\"1\u00a0Minute\" \/>\n<script type=\"application\/ld+json\" class=\"yoast-schema-graph\">{\"@context\":\"https:\\\/\\\/schema.org\",\"@graph\":[{\"@type\":\"WebPage\",\"@id\":\"https:\\\/\\\/cartoleriadonati.ch\\\/de\\\/prodotto\\\/personalisiertes-fotoalbum-rot-rechteckig\\\/\",\"url\":\"https:\\\/\\\/cartoleriadonati.ch\\\/de\\\/prodotto\\\/personalisiertes-fotoalbum-rot-rechteckig\\\/\",\"name\":\"Personalisiertes Fotoalbum rot, rechteckig - Cartoleria Donati SA\",\"isPartOf\":{\"@id\":\"https:\\\/\\\/cartoleriadonati.ch\\\/de\\\/#website\"},\"primaryImageOfPage\":{\"@id\":\"https:\\\/\\\/cartoleriadonati.ch\\\/de\\\/prodotto\\\/personalisiertes-fotoalbum-rot-rechteckig\\\/#primaryimage\"},\"image\":{\"@id\":\"https:\\\/\\\/cartoleriadonati.ch\\\/de\\\/prodotto\\\/personalisiertes-fotoalbum-rot-rechteckig\\\/#primaryimage\"},\"thumbnailUrl\":\"https:\\\/\\\/cartoleriadonati.ch\\\/wp-content\\\/uploads\\\/2026\\\/01\\\/Album-foto-rosso-rettangolo.jpg\",\"datePublished\":\"2026-01-14T16:23:18+00:00\",\"dateModified\":\"2026-05-03T12:20:18+00:00\",\"breadcrumb\":{\"@id\":\"https:\\\/\\\/cartoleriadonati.ch\\\/de\\\/prodotto\\\/personalisiertes-fotoalbum-rot-rechteckig\\\/#breadcrumb\"},\"inLanguage\":\"de\",\"potentialAction\":[{\"@type\":\"ReadAction\",\"target\":[\"https:\\\/\\\/cartoleriadonati.ch\\\/de\\\/prodotto\\\/personalisiertes-fotoalbum-rot-rechteckig\\\/\"]}]},{\"@type\":\"ImageObject\",\"inLanguage\":\"de\",\"@id\":\"https:\\\/\\\/cartoleriadonati.ch\\\/de\\\/prodotto\\\/personalisiertes-fotoalbum-rot-rechteckig\\\/#primaryimage\",\"url\":\"https:\\\/\\\/cartoleriadonati.ch\\\/wp-content\\\/uploads\\\/2026\\\/01\\\/Album-foto-rosso-rettangolo.jpg\",\"contentUrl\":\"https:\\\/\\\/cartoleriadonati.ch\\\/wp-content\\\/uploads\\\/2026\\\/01\\\/Album-foto-rosso-rettangolo.jpg\",\"width\":1200,\"height\":1500},{\"@type\":\"BreadcrumbList\",\"@id\":\"https:\\\/\\\/cartoleriadonati.ch\\\/de\\\/prodotto\\\/personalisiertes-fotoalbum-rot-rechteckig\\\/#breadcrumb\",\"itemListElement\":[{\"@type\":\"ListItem\",\"position\":1,\"name\":\"Home\",\"item\":\"https:\\\/\\\/cartoleriadonati.ch\\\/de\\\/home-page\\\/\"},{\"@type\":\"ListItem\",\"position\":2,\"name\":\"Shop\",\"item\":\"https:\\\/\\\/cartoleriadonati.ch\\\/de\\\/shop\\\/\"},{\"@type\":\"ListItem\",\"position\":3,\"name\":\"Personalisiertes Fotoalbum rot, rechteckig\"}]},{\"@type\":\"WebSite\",\"@id\":\"https:\\\/\\\/cartoleriadonati.ch\\\/de\\\/#website\",\"url\":\"https:\\\/\\\/cartoleriadonati.ch\\\/de\\\/\",\"name\":\"Cartoleria Donati SA\",\"description\":\"Sito internet ufficiale della Cartoleria Donati SA\",\"publisher\":{\"@id\":\"https:\\\/\\\/cartoleriadonati.ch\\\/de\\\/#organization\"},\"potentialAction\":[{\"@type\":\"SearchAction\",\"target\":{\"@type\":\"EntryPoint\",\"urlTemplate\":\"https:\\\/\\\/cartoleriadonati.ch\\\/de\\\/?s={search_term_string}\"},\"query-input\":{\"@type\":\"PropertyValueSpecification\",\"valueRequired\":true,\"valueName\":\"search_term_string\"}}],\"inLanguage\":\"de\"},{\"@type\":\"Organization\",\"@id\":\"https:\\\/\\\/cartoleriadonati.ch\\\/de\\\/#organization\",\"name\":\"Cartoleria Donati SA\",\"url\":\"https:\\\/\\\/cartoleriadonati.ch\\\/de\\\/\",\"logo\":{\"@type\":\"ImageObject\",\"inLanguage\":\"de\",\"@id\":\"https:\\\/\\\/cartoleriadonati.ch\\\/de\\\/#\\\/schema\\\/logo\\\/image\\\/\",\"url\":\"https:\\\/\\\/cartoleriadonati.ch\\\/wp-content\\\/uploads\\\/2019\\\/06\\\/DONATI_logo-1.png\",\"contentUrl\":\"https:\\\/\\\/cartoleriadonati.ch\\\/wp-content\\\/uploads\\\/2019\\\/06\\\/DONATI_logo-1.png\",\"width\":2339,\"height\":1654,\"caption\":\"Cartoleria Donati SA\"},\"image\":{\"@id\":\"https:\\\/\\\/cartoleriadonati.ch\\\/de\\\/#\\\/schema\\\/logo\\\/image\\\/\"},\"sameAs\":[\"https:\\\/\\\/www.facebook.com\\\/CartoleriaDonati\"]}]}<\/script>\n<!-- \/ Yoast SEO Premium plugin. -->","yoast_head_json":{"title":"Personalisiertes Fotoalbum rot, rechteckig - Cartoleria Donati SA","robots":{"index":"index","follow":"follow","max-snippet":"max-snippet:-1","max-image-preview":"max-image-preview:large","max-video-preview":"max-video-preview:-1"},"canonical":"https:\/\/cartoleriadonati.ch\/de\/prodotto\/personalisiertes-fotoalbum-rot-rechteckig\/","og_locale":"de_DE","og_type":"article","og_title":"Personalisiertes Fotoalbum rot, rechteckig","og_url":"https:\/\/cartoleriadonati.ch\/de\/prodotto\/personalisiertes-fotoalbum-rot-rechteckig\/","og_site_name":"Cartoleria Donati SA","article_publisher":"https:\/\/www.facebook.com\/CartoleriaDonati","article_modified_time":"2026-05-03T12:20:18+00:00","og_image":[{"width":1200,"height":1500,"url":"https:\/\/cartoleriadonati.ch\/wp-content\/uploads\/2026\/01\/Album-foto-rosso-rettangolo.jpg","type":"image\/jpeg"}],"twitter_card":"summary_large_image","twitter_misc":{"Gesch\u00e4tzte Lesezeit":"1\u00a0Minute"},"schema":{"@context":"https:\/\/schema.org","@graph":[{"@type":"WebPage","@id":"https:\/\/cartoleriadonati.ch\/de\/prodotto\/personalisiertes-fotoalbum-rot-rechteckig\/","url":"https:\/\/cartoleriadonati.ch\/de\/prodotto\/personalisiertes-fotoalbum-rot-rechteckig\/","name":"Personalisiertes Fotoalbum rot, rechteckig - Cartoleria Donati SA","isPartOf":{"@id":"https:\/\/cartoleriadonati.ch\/de\/#website"},"primaryImageOfPage":{"@id":"https:\/\/cartoleriadonati.ch\/de\/prodotto\/personalisiertes-fotoalbum-rot-rechteckig\/#primaryimage"},"image":{"@id":"https:\/\/cartoleriadonati.ch\/de\/prodotto\/personalisiertes-fotoalbum-rot-rechteckig\/#primaryimage"},"thumbnailUrl":"https:\/\/cartoleriadonati.ch\/wp-content\/uploads\/2026\/01\/Album-foto-rosso-rettangolo.jpg","datePublished":"2026-01-14T16:23:18+00:00","dateModified":"2026-05-03T12:20:18+00:00","breadcrumb":{"@id":"https:\/\/cartoleriadonati.ch\/de\/prodotto\/personalisiertes-fotoalbum-rot-rechteckig\/#breadcrumb"},"inLanguage":"de","potentialAction":[{"@type":"ReadAction","target":["https:\/\/cartoleriadonati.ch\/de\/prodotto\/personalisiertes-fotoalbum-rot-rechteckig\/"]}]},{"@type":"ImageObject","inLanguage":"de","@id":"https:\/\/cartoleriadonati.ch\/de\/prodotto\/personalisiertes-fotoalbum-rot-rechteckig\/#primaryimage","url":"https:\/\/cartoleriadonati.ch\/wp-content\/uploads\/2026\/01\/Album-foto-rosso-rettangolo.jpg","contentUrl":"https:\/\/cartoleriadonati.ch\/wp-content\/uploads\/2026\/01\/Album-foto-rosso-rettangolo.jpg","width":1200,"height":1500},{"@type":"BreadcrumbList","@id":"https:\/\/cartoleriadonati.ch\/de\/prodotto\/personalisiertes-fotoalbum-rot-rechteckig\/#breadcrumb","itemListElement":[{"@type":"ListItem","position":1,"name":"Home","item":"https:\/\/cartoleriadonati.ch\/de\/home-page\/"},{"@type":"ListItem","position":2,"name":"Shop","item":"https:\/\/cartoleriadonati.ch\/de\/shop\/"},{"@type":"ListItem","position":3,"name":"Personalisiertes Fotoalbum rot, rechteckig"}]},{"@type":"WebSite","@id":"https:\/\/cartoleriadonati.ch\/de\/#website","url":"https:\/\/cartoleriadonati.ch\/de\/","name":"Cartoleria Donati SA","description":"Sito internet ufficiale della Cartoleria Donati SA","publisher":{"@id":"https:\/\/cartoleriadonati.ch\/de\/#organization"},"potentialAction":[{"@type":"SearchAction","target":{"@type":"EntryPoint","urlTemplate":"https:\/\/cartoleriadonati.ch\/de\/?s={search_term_string}"},"query-input":{"@type":"PropertyValueSpecification","valueRequired":true,"valueName":"search_term_string"}}],"inLanguage":"de"},{"@type":"Organization","@id":"https:\/\/cartoleriadonati.ch\/de\/#organization","name":"Cartoleria Donati SA","url":"https:\/\/cartoleriadonati.ch\/de\/","logo":{"@type":"ImageObject","inLanguage":"de","@id":"https:\/\/cartoleriadonati.ch\/de\/#\/schema\/logo\/image\/","url":"https:\/\/cartoleriadonati.ch\/wp-content\/uploads\/2019\/06\/DONATI_logo-1.png","contentUrl":"https:\/\/cartoleriadonati.ch\/wp-content\/uploads\/2019\/06\/DONATI_logo-1.png","width":2339,"height":1654,"caption":"Cartoleria Donati SA"},"image":{"@id":"https:\/\/cartoleriadonati.ch\/de\/#\/schema\/logo\/image\/"},"sameAs":["https:\/\/www.facebook.com\/CartoleriaDonati"]}]}},"_links":{"self":[{"href":"https:\/\/cartoleriadonati.ch\/de\/wp-json\/wp\/v2\/product\/45522","targetHints":{"allow":["GET"]}}],"collection":[{"href":"https:\/\/cartoleriadonati.ch\/de\/wp-json\/wp\/v2\/product"}],"about":[{"href":"https:\/\/cartoleriadonati.ch\/de\/wp-json\/wp\/v2\/types\/product"}],"wp:featuredmedia":[{"embeddable":true,"href":"https:\/\/cartoleriadonati.ch\/de\/wp-json\/wp\/v2\/media\/40498"}],"wp:attachment":[{"href":"https:\/\/cartoleriadonati.ch\/de\/wp-json\/wp\/v2\/media?parent=45522"}],"wp:term":[{"taxonomy":"product_brand","embeddable":true,"href":"https:\/\/cartoleriadonati.ch\/de\/wp-json\/wp\/v2\/product_brand?post=45522"},{"taxonomy":"product_cat","embeddable":true,"href":"https:\/\/cartoleriadonati.ch\/de\/wp-json\/wp\/v2\/product_cat?post=45522"},{"taxonomy":"product_tag","embeddable":true,"href":"https:\/\/cartoleriadonati.ch\/de\/wp-json\/wp\/v2\/product_tag?post=45522"}],"curies":[{"name":"wp","href":"https:\/\/api.w.org\/{rel}","templated":true}]}}