{"id":45489,"date":"2025-04-08T09:06:22","date_gmt":"2025-04-08T09:06:22","guid":{"rendered":"https:\/\/cartoleriadonati.ch\/prodotto\/caran-dache-kugelschreiber-pop-line-gruen\/"},"modified":"2026-05-03T12:16:40","modified_gmt":"2026-05-03T12:16:40","slug":"caran-dache-kugelschreiber-pop-line-gruen","status":"publish","type":"product","link":"https:\/\/cartoleriadonati.ch\/de\/prodotto\/caran-dache-kugelschreiber-pop-line-gruen\/","title":{"rendered":"CARAN D&#8217;ACHE Kugelschreiber Pop Line Gr\u00fcn"},"content":{"rendered":"<h3>Caran d&#8217;Ache 849 PopLine: Energie, Farbe und ikonisches Design<\/h3>\n<p>Der Kugelschreiber <em>Caran d&#8217;Ache 849 PopLine<\/em> zeichnet sich durch sein mutiges Design aus, das lebendige Farbt\u00f6ne mit hochwertigen Materialien verbindet. Mit seinem sechseckigen Aluminiumk\u00f6rper und einer Palette elektrisierender Farben ist dieser Kugelschreiber ideal f\u00fcr alle, die ein originelles Accessoire suchen, das Kreativit\u00e4t und Modernit\u00e4t widerspiegelt. Caran d&#8217;Ache, seit jeher Synonym f\u00fcr Schweizer Qualit\u00e4t, verwandelt mit der PopLine den klassischen 849 in einen zeitgen\u00f6ssischen Kugelschreiber, der das Licht einf\u00e4ngt und jedem Wort Charakter verleiht.  <\/p>\n<p data-start=\"353\" data-end=\"544\"><strong>So personalisieren Sie: <\/strong><\/p>\n<ol>\n<li><strong data-start=\"357\" data-end=\"383\">Design personalisieren<\/strong><br data-start=\"383\" data-end=\"386\">Im oberen Bereich der Seite sehen Sie das leere Produkt. Sie k\u00f6nnen Text hinzuf\u00fcgen (oben links), Designs einf\u00fcgen und das Layout nach Belieben anpassen. Sie k\u00f6nnen auch das Innere und \u00c4ussere der Stiftbox personalisieren, indem Sie auf den Pfeil unten rechts im Personalisierungsfeld klicken.  <\/li>\n<li data-start=\"546\" data-end=\"660\"><strong data-start=\"550\" data-end=\"571\">Bestellung abschliessen<\/strong><br data-start=\"571\" data-end=\"574\">Wenn das Design fertig ist, f\u00fcgen Sie das Produkt dem Warenkorb hinzu und fahren Sie mit dem Checkout fort.<\/li>\n<li data-start=\"662\" data-end=\"797\"><strong data-start=\"666\" data-end=\"688\">Dateipr\u00fcfung<\/strong><br data-start=\"688\" data-end=\"691\">Vor der Gravur pr\u00fcfen wir immer die Datei. Sollten wir Zweifel haben oder das Design nicht geeignet sein, werden wir Sie kontaktieren. <\/li>\n<li data-start=\"799\" data-end=\"919\"><strong data-start=\"803\" data-end=\"840\">Produktion in unserer Papeterie<\/strong><br data-start=\"840\" data-end=\"843\">Das Produkt wird bei der Cartoleria Donati SA graviert und personalisiert.<\/li>\n<\/ol>\n<p><strong data-start=\"923\" data-end=\"947\">Produktionszeit:<\/strong> ca. <strong data-start=\"954\" data-end=\"979\">1\u20132 Arbeitstage<\/strong>.<\/p>\n<h3>Besondere Merkmale des Caran d&#8217;Ache 849 PopLine<\/h3>\n<ul>\n<li><strong>Sechseckiger Aluminiumk\u00f6rper<\/strong>: Aus leichtem und robustem Aluminium gefertigt, garantiert der sechseckige K\u00f6rper einen komfortablen Griff und Langlebigkeit, was ihn zum perfekten Begleiter f\u00fcr das t\u00e4gliche Schreiben macht.<\/li>\n<li><strong>Elektrochemische Behandlung<\/strong>: Die lebendigen Farben der PopLine werden durch ein elektrochemisches Verfahren aufgetragen, das brillante und widerstandsf\u00e4hige Oberfl\u00e4chen gew\u00e4hrleistet, die ihren Glanz \u00fcber die Zeit bewahren.<\/li>\n<li><strong>Flexible Clip und Dr\u00fccker<\/strong>: Ausgestattet mit einer flexiblen Metallclip und einem robusten Dr\u00fccker bietet dieser Kugelschreiber Praktikabilit\u00e4t und Stil, mit einem eleganten Design, das die t\u00e4gliche Nutzung erleichtert.<\/li>\n<li><strong>Kompatibel mit Goliath M Patrone<\/strong>: Die PopLine ist nachf\u00fcllbar und kompatibel mit der Goliath M Tintenpatrone, was ein geschmeidiges und langlebiges Schreiberlebnis gew\u00e4hrleistet.<\/li>\n<\/ul>\n<h3>Design und Verpackung: Perfekt f\u00fcr jeden Stil<\/h3>\n<p>Die Verpackung der PopLine wurde speziell entwickelt, um die Eleganz des Modells 849 hervorzuheben, mit einem extra flachen Design, das einen farblich abgestimmten Akzent enth\u00e4lt. Die Verpackung ist, wie der Kugelschreiber selbst, eine Stilikone, perfekt f\u00fcr ein Geschenk oder einen pers\u00f6nlichen Kauf. Ob Sie wichtige Dokumente unterschreiben oder Notizen machen, die PopLine bringt einen Hauch von Energie in jede Geste.  <\/p>\n<blockquote data-start=\"1328\" data-end=\"1524\">\n<p data-start=\"1330\" data-end=\"1524\">\u270d\ufe0f <strong data-start=\"1333\" data-end=\"1363\">Personalisieren Sie Ihren Kugelschreiber!<\/strong><br data-start=\"1363\" data-end=\"1366\">F\u00fcgen Sie eine einzigartige Note hinzu: Sie k\u00f6nnen <strong data-start=\"1396\" data-end=\"1443\">Ihren Namen, ein Datum oder eine Widmung<\/strong> direkt online gravieren lassen. Eine perfekte Geschenkidee f\u00fcr alle, die das Schreiben mit Stil lieben. <\/p>\n<\/blockquote>\n<h3>Ein exklusives und vielseitiges Accessoire<\/h3>\n<p>Der Caran d&#8217;Ache 849 PopLine ist viel mehr als nur ein Kugelschreiber. Er ist das perfekte Accessoire f\u00fcr alle, die Funktionalit\u00e4t, Qualit\u00e4t und einen Look suchen, der Dynamik und Stil ausdr\u00fcckt. Erh\u00e4ltlich in einer Palette lebendiger Farben, ist er ideal, um Ihrem B\u00fcro oder Ihrem pers\u00f6nlichen Schreibset eine besondere Note zu verleihen.  <\/p>\n","protected":false},"excerpt":{"rendered":"[fpd_module type=\"designs\"]\n","protected":false},"featured_media":19123,"template":"","meta":{"_acf_changed":false},"product_brand":[],"product_cat":[852,863,893],"product_tag":[],"class_list":{"0":"post-45489","1":"product","2":"type-product","3":"status-publish","4":"has-post-thumbnail","6":"product_cat-anpassen","7":"product_cat-kugelschreiber","8":"product_cat-personalisierte-stifte","10":"first","11":"instock","12":"taxable","13":"shipping-taxable","14":"purchasable","15":"product-type-simple","16":"add-to-wishlist-after_add_to_cart"},"acf":[],"yoast_head":"<!-- This site is optimized with the Yoast SEO Premium plugin v27.5 (Yoast SEO v27.6) - https:\/\/yoast.com\/product\/yoast-seo-premium-wordpress\/ -->\n<title>CARAN D&#039;ACHE Kugelschreiber Pop Line Gr\u00fcn - Cartoleria Donati SA<\/title>\n<meta name=\"description\" content=\"Entdecken Sie den Caran d&#039;Ache 849 PopLine Kugelschreiber, farbenfroh und modern, mit sechseckigem Aluminiumdesign f\u00fcr einen einzigartigen Stil. Personalisieren Sie ihn online.\" \/>\n<meta name=\"robots\" content=\"index, follow, max-snippet:-1, max-image-preview:large, max-video-preview:-1\" \/>\n<link rel=\"canonical\" href=\"https:\/\/cartoleriadonati.ch\/de\/prodotto\/caran-dache-kugelschreiber-pop-line-gruen\/\" \/>\n<meta property=\"og:locale\" content=\"de_DE\" \/>\n<meta property=\"og:type\" content=\"article\" \/>\n<meta property=\"og:title\" content=\"CARAN D&#039;ACHE Kugelschreiber Pop Line Gr\u00fcn\" \/>\n<meta property=\"og:description\" content=\"Entdecken Sie den Caran d&#039;Ache 849 PopLine Kugelschreiber, farbenfroh und modern, mit sechseckigem Aluminiumdesign f\u00fcr einen einzigartigen Stil. Personalisieren Sie ihn online.\" \/>\n<meta property=\"og:url\" content=\"https:\/\/cartoleriadonati.ch\/de\/prodotto\/caran-dache-kugelschreiber-pop-line-gruen\/\" \/>\n<meta property=\"og:site_name\" content=\"Cartoleria Donati SA\" \/>\n<meta property=\"article:publisher\" content=\"https:\/\/www.facebook.com\/CartoleriaDonati\" \/>\n<meta property=\"article:modified_time\" content=\"2026-05-03T12:16:40+00:00\" \/>\n<meta property=\"og:image\" content=\"https:\/\/cartoleriadonati.ch\/wp-content\/uploads\/2025\/04\/CARAN-DACHE-Penna-a-sfera-849-Pop-Line-verde.jpg\" \/>\n\t<meta property=\"og:image:width\" content=\"800\" \/>\n\t<meta property=\"og:image:height\" content=\"1200\" \/>\n\t<meta property=\"og:image:type\" content=\"image\/jpeg\" \/>\n<meta name=\"twitter:card\" content=\"summary_large_image\" \/>\n<meta name=\"twitter:label1\" content=\"Gesch\u00e4tzte Lesezeit\" \/>\n\t<meta name=\"twitter:data1\" content=\"2\u00a0Minuten\" \/>\n<script type=\"application\/ld+json\" class=\"yoast-schema-graph\">{\"@context\":\"https:\\\/\\\/schema.org\",\"@graph\":[{\"@type\":\"WebPage\",\"@id\":\"https:\\\/\\\/cartoleriadonati.ch\\\/de\\\/prodotto\\\/caran-dache-kugelschreiber-pop-line-gruen\\\/\",\"url\":\"https:\\\/\\\/cartoleriadonati.ch\\\/de\\\/prodotto\\\/caran-dache-kugelschreiber-pop-line-gruen\\\/\",\"name\":\"CARAN D'ACHE Kugelschreiber Pop Line Gr\u00fcn - Cartoleria Donati SA\",\"isPartOf\":{\"@id\":\"https:\\\/\\\/cartoleriadonati.ch\\\/de\\\/#website\"},\"primaryImageOfPage\":{\"@id\":\"https:\\\/\\\/cartoleriadonati.ch\\\/de\\\/prodotto\\\/caran-dache-kugelschreiber-pop-line-gruen\\\/#primaryimage\"},\"image\":{\"@id\":\"https:\\\/\\\/cartoleriadonati.ch\\\/de\\\/prodotto\\\/caran-dache-kugelschreiber-pop-line-gruen\\\/#primaryimage\"},\"thumbnailUrl\":\"https:\\\/\\\/cartoleriadonati.ch\\\/wp-content\\\/uploads\\\/2025\\\/04\\\/CARAN-DACHE-Penna-a-sfera-849-Pop-Line-verde.jpg\",\"datePublished\":\"2025-04-08T09:06:22+00:00\",\"dateModified\":\"2026-05-03T12:16:40+00:00\",\"description\":\"Entdecken Sie den Caran d'Ache 849 PopLine Kugelschreiber, farbenfroh und modern, mit sechseckigem Aluminiumdesign f\u00fcr einen einzigartigen Stil. Personalisieren Sie ihn online.\",\"breadcrumb\":{\"@id\":\"https:\\\/\\\/cartoleriadonati.ch\\\/de\\\/prodotto\\\/caran-dache-kugelschreiber-pop-line-gruen\\\/#breadcrumb\"},\"inLanguage\":\"de\",\"potentialAction\":[{\"@type\":\"ReadAction\",\"target\":[\"https:\\\/\\\/cartoleriadonati.ch\\\/de\\\/prodotto\\\/caran-dache-kugelschreiber-pop-line-gruen\\\/\"]}]},{\"@type\":\"ImageObject\",\"inLanguage\":\"de\",\"@id\":\"https:\\\/\\\/cartoleriadonati.ch\\\/de\\\/prodotto\\\/caran-dache-kugelschreiber-pop-line-gruen\\\/#primaryimage\",\"url\":\"https:\\\/\\\/cartoleriadonati.ch\\\/wp-content\\\/uploads\\\/2025\\\/04\\\/CARAN-DACHE-Penna-a-sfera-849-Pop-Line-verde.jpg\",\"contentUrl\":\"https:\\\/\\\/cartoleriadonati.ch\\\/wp-content\\\/uploads\\\/2025\\\/04\\\/CARAN-DACHE-Penna-a-sfera-849-Pop-Line-verde.jpg\",\"width\":800,\"height\":1200,\"caption\":\"CARAN D'ACHE Penna a sfera 849 Pop Line verde\"},{\"@type\":\"BreadcrumbList\",\"@id\":\"https:\\\/\\\/cartoleriadonati.ch\\\/de\\\/prodotto\\\/caran-dache-kugelschreiber-pop-line-gruen\\\/#breadcrumb\",\"itemListElement\":[{\"@type\":\"ListItem\",\"position\":1,\"name\":\"Home\",\"item\":\"https:\\\/\\\/cartoleriadonati.ch\\\/de\\\/home-page\\\/\"},{\"@type\":\"ListItem\",\"position\":2,\"name\":\"Shop\",\"item\":\"https:\\\/\\\/cartoleriadonati.ch\\\/de\\\/shop\\\/\"},{\"@type\":\"ListItem\",\"position\":3,\"name\":\"CARAN D&#8217;ACHE Kugelschreiber Pop Line Gr\u00fcn\"}]},{\"@type\":\"WebSite\",\"@id\":\"https:\\\/\\\/cartoleriadonati.ch\\\/de\\\/#website\",\"url\":\"https:\\\/\\\/cartoleriadonati.ch\\\/de\\\/\",\"name\":\"Cartoleria Donati SA\",\"description\":\"Sito internet ufficiale della Cartoleria Donati SA\",\"publisher\":{\"@id\":\"https:\\\/\\\/cartoleriadonati.ch\\\/de\\\/#organization\"},\"potentialAction\":[{\"@type\":\"SearchAction\",\"target\":{\"@type\":\"EntryPoint\",\"urlTemplate\":\"https:\\\/\\\/cartoleriadonati.ch\\\/de\\\/?s={search_term_string}\"},\"query-input\":{\"@type\":\"PropertyValueSpecification\",\"valueRequired\":true,\"valueName\":\"search_term_string\"}}],\"inLanguage\":\"de\"},{\"@type\":\"Organization\",\"@id\":\"https:\\\/\\\/cartoleriadonati.ch\\\/de\\\/#organization\",\"name\":\"Cartoleria Donati SA\",\"url\":\"https:\\\/\\\/cartoleriadonati.ch\\\/de\\\/\",\"logo\":{\"@type\":\"ImageObject\",\"inLanguage\":\"de\",\"@id\":\"https:\\\/\\\/cartoleriadonati.ch\\\/de\\\/#\\\/schema\\\/logo\\\/image\\\/\",\"url\":\"https:\\\/\\\/cartoleriadonati.ch\\\/wp-content\\\/uploads\\\/2019\\\/06\\\/DONATI_logo-1.png\",\"contentUrl\":\"https:\\\/\\\/cartoleriadonati.ch\\\/wp-content\\\/uploads\\\/2019\\\/06\\\/DONATI_logo-1.png\",\"width\":2339,\"height\":1654,\"caption\":\"Cartoleria Donati SA\"},\"image\":{\"@id\":\"https:\\\/\\\/cartoleriadonati.ch\\\/de\\\/#\\\/schema\\\/logo\\\/image\\\/\"},\"sameAs\":[\"https:\\\/\\\/www.facebook.com\\\/CartoleriaDonati\"]}]}<\/script>\n<!-- \/ Yoast SEO Premium plugin. -->","yoast_head_json":{"title":"CARAN D'ACHE Kugelschreiber Pop Line Gr\u00fcn - Cartoleria Donati SA","description":"Entdecken Sie den Caran d'Ache 849 PopLine Kugelschreiber, farbenfroh und modern, mit sechseckigem Aluminiumdesign f\u00fcr einen einzigartigen Stil. Personalisieren Sie ihn online.","robots":{"index":"index","follow":"follow","max-snippet":"max-snippet:-1","max-image-preview":"max-image-preview:large","max-video-preview":"max-video-preview:-1"},"canonical":"https:\/\/cartoleriadonati.ch\/de\/prodotto\/caran-dache-kugelschreiber-pop-line-gruen\/","og_locale":"de_DE","og_type":"article","og_title":"CARAN D'ACHE Kugelschreiber Pop Line Gr\u00fcn","og_description":"Entdecken Sie den Caran d'Ache 849 PopLine Kugelschreiber, farbenfroh und modern, mit sechseckigem Aluminiumdesign f\u00fcr einen einzigartigen Stil. Personalisieren Sie ihn online.","og_url":"https:\/\/cartoleriadonati.ch\/de\/prodotto\/caran-dache-kugelschreiber-pop-line-gruen\/","og_site_name":"Cartoleria Donati SA","article_publisher":"https:\/\/www.facebook.com\/CartoleriaDonati","article_modified_time":"2026-05-03T12:16:40+00:00","og_image":[{"width":800,"height":1200,"url":"https:\/\/cartoleriadonati.ch\/wp-content\/uploads\/2025\/04\/CARAN-DACHE-Penna-a-sfera-849-Pop-Line-verde.jpg","type":"image\/jpeg"}],"twitter_card":"summary_large_image","twitter_misc":{"Gesch\u00e4tzte Lesezeit":"2\u00a0Minuten"},"schema":{"@context":"https:\/\/schema.org","@graph":[{"@type":"WebPage","@id":"https:\/\/cartoleriadonati.ch\/de\/prodotto\/caran-dache-kugelschreiber-pop-line-gruen\/","url":"https:\/\/cartoleriadonati.ch\/de\/prodotto\/caran-dache-kugelschreiber-pop-line-gruen\/","name":"CARAN D'ACHE Kugelschreiber Pop Line Gr\u00fcn - Cartoleria Donati SA","isPartOf":{"@id":"https:\/\/cartoleriadonati.ch\/de\/#website"},"primaryImageOfPage":{"@id":"https:\/\/cartoleriadonati.ch\/de\/prodotto\/caran-dache-kugelschreiber-pop-line-gruen\/#primaryimage"},"image":{"@id":"https:\/\/cartoleriadonati.ch\/de\/prodotto\/caran-dache-kugelschreiber-pop-line-gruen\/#primaryimage"},"thumbnailUrl":"https:\/\/cartoleriadonati.ch\/wp-content\/uploads\/2025\/04\/CARAN-DACHE-Penna-a-sfera-849-Pop-Line-verde.jpg","datePublished":"2025-04-08T09:06:22+00:00","dateModified":"2026-05-03T12:16:40+00:00","description":"Entdecken Sie den Caran d'Ache 849 PopLine Kugelschreiber, farbenfroh und modern, mit sechseckigem Aluminiumdesign f\u00fcr einen einzigartigen Stil. Personalisieren Sie ihn online.","breadcrumb":{"@id":"https:\/\/cartoleriadonati.ch\/de\/prodotto\/caran-dache-kugelschreiber-pop-line-gruen\/#breadcrumb"},"inLanguage":"de","potentialAction":[{"@type":"ReadAction","target":["https:\/\/cartoleriadonati.ch\/de\/prodotto\/caran-dache-kugelschreiber-pop-line-gruen\/"]}]},{"@type":"ImageObject","inLanguage":"de","@id":"https:\/\/cartoleriadonati.ch\/de\/prodotto\/caran-dache-kugelschreiber-pop-line-gruen\/#primaryimage","url":"https:\/\/cartoleriadonati.ch\/wp-content\/uploads\/2025\/04\/CARAN-DACHE-Penna-a-sfera-849-Pop-Line-verde.jpg","contentUrl":"https:\/\/cartoleriadonati.ch\/wp-content\/uploads\/2025\/04\/CARAN-DACHE-Penna-a-sfera-849-Pop-Line-verde.jpg","width":800,"height":1200,"caption":"CARAN D'ACHE Penna a sfera 849 Pop Line verde"},{"@type":"BreadcrumbList","@id":"https:\/\/cartoleriadonati.ch\/de\/prodotto\/caran-dache-kugelschreiber-pop-line-gruen\/#breadcrumb","itemListElement":[{"@type":"ListItem","position":1,"name":"Home","item":"https:\/\/cartoleriadonati.ch\/de\/home-page\/"},{"@type":"ListItem","position":2,"name":"Shop","item":"https:\/\/cartoleriadonati.ch\/de\/shop\/"},{"@type":"ListItem","position":3,"name":"CARAN D&#8217;ACHE Kugelschreiber Pop Line Gr\u00fcn"}]},{"@type":"WebSite","@id":"https:\/\/cartoleriadonati.ch\/de\/#website","url":"https:\/\/cartoleriadonati.ch\/de\/","name":"Cartoleria Donati SA","description":"Sito internet ufficiale della Cartoleria Donati SA","publisher":{"@id":"https:\/\/cartoleriadonati.ch\/de\/#organization"},"potentialAction":[{"@type":"SearchAction","target":{"@type":"EntryPoint","urlTemplate":"https:\/\/cartoleriadonati.ch\/de\/?s={search_term_string}"},"query-input":{"@type":"PropertyValueSpecification","valueRequired":true,"valueName":"search_term_string"}}],"inLanguage":"de"},{"@type":"Organization","@id":"https:\/\/cartoleriadonati.ch\/de\/#organization","name":"Cartoleria Donati SA","url":"https:\/\/cartoleriadonati.ch\/de\/","logo":{"@type":"ImageObject","inLanguage":"de","@id":"https:\/\/cartoleriadonati.ch\/de\/#\/schema\/logo\/image\/","url":"https:\/\/cartoleriadonati.ch\/wp-content\/uploads\/2019\/06\/DONATI_logo-1.png","contentUrl":"https:\/\/cartoleriadonati.ch\/wp-content\/uploads\/2019\/06\/DONATI_logo-1.png","width":2339,"height":1654,"caption":"Cartoleria Donati SA"},"image":{"@id":"https:\/\/cartoleriadonati.ch\/de\/#\/schema\/logo\/image\/"},"sameAs":["https:\/\/www.facebook.com\/CartoleriaDonati"]}]}},"_links":{"self":[{"href":"https:\/\/cartoleriadonati.ch\/de\/wp-json\/wp\/v2\/product\/45489","targetHints":{"allow":["GET"]}}],"collection":[{"href":"https:\/\/cartoleriadonati.ch\/de\/wp-json\/wp\/v2\/product"}],"about":[{"href":"https:\/\/cartoleriadonati.ch\/de\/wp-json\/wp\/v2\/types\/product"}],"wp:featuredmedia":[{"embeddable":true,"href":"https:\/\/cartoleriadonati.ch\/de\/wp-json\/wp\/v2\/media\/19123"}],"wp:attachment":[{"href":"https:\/\/cartoleriadonati.ch\/de\/wp-json\/wp\/v2\/media?parent=45489"}],"wp:term":[{"taxonomy":"product_brand","embeddable":true,"href":"https:\/\/cartoleriadonati.ch\/de\/wp-json\/wp\/v2\/product_brand?post=45489"},{"taxonomy":"product_cat","embeddable":true,"href":"https:\/\/cartoleriadonati.ch\/de\/wp-json\/wp\/v2\/product_cat?post=45489"},{"taxonomy":"product_tag","embeddable":true,"href":"https:\/\/cartoleriadonati.ch\/de\/wp-json\/wp\/v2\/product_tag?post=45489"}],"curies":[{"name":"wp","href":"https:\/\/api.w.org\/{rel}","templated":true}]}}