{"id":45433,"date":"2025-04-08T07:47:03","date_gmt":"2025-04-08T07:47:03","guid":{"rendered":"https:\/\/cartoleriadonati.ch\/prodotto\/caran-dache-rollerball-stift-schwarz\/"},"modified":"2026-05-03T12:14:23","modified_gmt":"2026-05-03T12:14:23","slug":"caran-dache-rollerball-stift-schwarz","status":"publish","type":"product","link":"https:\/\/cartoleriadonati.ch\/de\/prodotto\/caran-dache-rollerball-stift-schwarz\/","title":{"rendered":"CARAN D&#8217;ACHE Rollerball-Stift Schwarz"},"content":{"rendered":"<h3 data-start=\"373\" data-end=\"448\">Rollerball-Stift 849 Caran d&#8217;Ache \u2013 Die Schweizer Ikone in fl\u00fcssiger Version<\/h3>\n<p data-start=\"450\" data-end=\"739\">Der <strong data-start=\"459\" data-end=\"490\">Rollerball-Stift 849 Caran d&#8217;Ache<\/strong> erg\u00e4nzt elegant die legend\u00e4re 849-Kollektion und vereint das ikonische Design der Schweizer Marke mit fl\u00fcssigem und pr\u00e4zisem Schreiben. Dieses Modell ist f\u00fcr alle gedacht, die das Gef\u00fchl eines Kugelschreibers lieben, aber die typische Geschmeidigkeit eines Rollers suchen. <\/p>\n<p data-start=\"353\" data-end=\"544\"><strong>So personalisieren Sie: <\/strong><\/p>\n<ol>\n<li><strong data-start=\"357\" data-end=\"383\">Design personalisieren<\/strong><br data-start=\"383\" data-end=\"386\">Im oberen Bereich der Seite sehen Sie das leere Produkt. Sie k\u00f6nnen Text hinzuf\u00fcgen (oben links), Designs einf\u00fcgen und das Layout nach Belieben anpassen.  Sie k\u00f6nnen auch das Innere und \u00c4ussere der Stiftbox personalisieren, indem Sie auf den Pfeil unten rechts im Personalisierungsfeld klicken.<\/li>\n<li data-start=\"546\" data-end=\"660\"><strong data-start=\"550\" data-end=\"571\">Bestellung abschliessen<\/strong><br data-start=\"571\" data-end=\"574\">Wenn das Design fertig ist, f\u00fcgen Sie das Produkt dem Warenkorb hinzu und fahren Sie mit dem Checkout fort.<\/li>\n<li data-start=\"662\" data-end=\"797\"><strong data-start=\"666\" data-end=\"688\">Dateipr\u00fcfung<\/strong><br data-start=\"688\" data-end=\"691\">Vor der Gravur pr\u00fcfen wir immer die Datei. Falls wir Zweifel haben oder das Design nicht geeignet ist, kontaktieren wir Sie. <\/li>\n<li data-start=\"799\" data-end=\"919\"><strong data-start=\"803\" data-end=\"840\">Produktion in unserer Papeterie<\/strong><br data-start=\"840\" data-end=\"843\">Das Produkt wird bei der Cartoleria Donati SA graviert und personalisiert.<\/li>\n<\/ol>\n<p><strong data-start=\"923\" data-end=\"947\">Produktionszeit:<\/strong> ca. <strong data-start=\"954\" data-end=\"979\">1\u20132 Arbeitstage<\/strong>.<\/p>\n<hr data-start=\"741\" data-end=\"744\">\n<h3 data-start=\"746\" data-end=\"784\">Ikonisches Design und Premium-Materialien<\/h3>\n<p data-start=\"786\" data-end=\"1193\">Mit seinem <strong data-start=\"797\" data-end=\"829\">sechseckigen Aluminiumgeh\u00e4use<\/strong>, leicht und robust, beh\u00e4lt der Rollerball 849 das markante Profil der Linie bei und garantiert gleichzeitig einen komfortablen und ausgewogenen Griff. Die <strong data-start=\"981\" data-end=\"1022\">Clip und der Dr\u00fccker in Nickel-Finish<\/strong> verleihen einen Hauch von Raffinesse, w\u00e4hrend das <strong data-start=\"1070\" data-end=\"1084\">XL-Format<\/strong> (+28 % gegen\u00fcber dem Kugelschreiber 849) eine bessere Ergonomie und ein noch angenehmeres Schreiben gew\u00e4hrleistet. <\/p>\n<hr data-start=\"1195\" data-end=\"1198\">\n<h3 data-start=\"1200\" data-end=\"1244\">Einziehbarer Mechanismus und Nachf\u00fcllung inklusive<\/h3>\n<p data-start=\"1246\" data-end=\"1569\">Ausgestattet mit einem <strong data-start=\"1256\" data-end=\"1294\">einziehbaren System ohne Kappe<\/strong>, ist dieser Stift immer einsatzbereit: perfekt f\u00fcr das B\u00fcro, die Universit\u00e4t oder die t\u00e4gliche Agenda. Der Rollerball 849 wird mit einer <strong data-start=\"1430\" data-end=\"1459\">schwarzen M-Nachf\u00fcllung 0,7 mm<\/strong> geliefert und kann problemlos mit kompatiblen Nachf\u00fcllungen in zwei Spitzenbreiten und zwei Farben nachgef\u00fcllt werden. <\/p>\n<hr data-start=\"1571\" data-end=\"1574\">\n<h3 data-start=\"1576\" data-end=\"1609\">Exklusive Slimpack-Verpackung<\/h3>\n<p data-start=\"1611\" data-end=\"1845\">Jeder Stift wird in einem <strong data-start=\"1643\" data-end=\"1671\">eleganten weissen Slimpack<\/strong> geliefert, verziert mit dem <strong data-start=\"1689\" data-end=\"1710\">farbigen Wappen<\/strong>, das auf den Stift abgestimmt ist, und Details, die vom Design des 849-Scooters inspiriert sind. Eine moderne und wirkungsvolle Verpackung, auch perfekt als Geschenk. <\/p>\n<hr data-start=\"1847\" data-end=\"1850\">\n<h3 data-start=\"1852\" data-end=\"1895\">Ein stilvolles Geschenk, eine Stil-Signatur<\/h3>\n<p data-start=\"1897\" data-end=\"2047\" data-is-last-node=\"\" data-is-only-node=\"\">Ob f\u00fcr den pers\u00f6nlichen Gebrauch oder als Geschenkidee, der Rollerball 849 ist ein Symbol f\u00fcr <strong data-start=\"1975\" data-end=\"1995\">Schweizer Qualit\u00e4t<\/strong>, <strong data-start=\"1997\" data-end=\"2018\">zeitlosen Stil<\/strong> und <strong data-start=\"2021\" data-end=\"2046\">makelloses Schreiben<\/strong>.<\/p>\n<blockquote data-start=\"1328\" data-end=\"1524\">\n<p data-start=\"1330\" data-end=\"1524\">\u270d\ufe0f <strong data-start=\"1333\" data-end=\"1363\">Personalisieren Sie Ihren Stift!<\/strong><br data-start=\"1363\" data-end=\"1366\">F\u00fcgen Sie eine einzigartige Note hinzu: Sie k\u00f6nnen <strong data-start=\"1396\" data-end=\"1443\">Ihren Namen, ein Datum oder eine Widmung<\/strong> direkt online gravieren lassen. Eine perfekte Geschenkidee f\u00fcr alle, die das Schreiben mit Stil lieben. <\/p>\n<\/blockquote>\n","protected":false},"excerpt":{"rendered":"[fpd_module type=\"designs\"]\n","protected":false},"featured_media":19095,"template":"","meta":{"_acf_changed":false},"product_brand":[],"product_cat":[852,864],"product_tag":[],"class_list":{"0":"post-45433","1":"product","2":"type-product","3":"status-publish","4":"has-post-thumbnail","6":"product_cat-anpassen","7":"product_cat-rollerball","9":"first","10":"instock","11":"taxable","12":"shipping-taxable","13":"purchasable","14":"product-type-simple","15":"add-to-wishlist-after_add_to_cart"},"acf":[],"yoast_head":"<!-- This site is optimized with the Yoast SEO Premium plugin v27.5 (Yoast SEO v27.6) - https:\/\/yoast.com\/product\/yoast-seo-premium-wordpress\/ -->\n<title>CARAN D&#039;ACHE Rollerball-Stift Schwarz - Cartoleria Donati SA<\/title>\n<meta name=\"description\" content=\"Rollerball-Stift Caran d&#039;Ache 849. Schweizer Design, fl\u00fcssiges Schreiben, Aluminiumgeh\u00e4use, nachf\u00fcllbar. Eleganz und Qualit\u00e4t im XL-Format ohne Kappe.\" \/>\n<meta name=\"robots\" content=\"index, follow, max-snippet:-1, max-image-preview:large, max-video-preview:-1\" \/>\n<link rel=\"canonical\" href=\"https:\/\/cartoleriadonati.ch\/de\/prodotto\/caran-dache-rollerball-stift-schwarz\/\" \/>\n<meta property=\"og:locale\" content=\"de_DE\" \/>\n<meta property=\"og:type\" content=\"article\" \/>\n<meta property=\"og:title\" content=\"CARAN D&#039;ACHE Rollerball-Stift Schwarz\" \/>\n<meta property=\"og:description\" content=\"Rollerball-Stift Caran d&#039;Ache 849. Schweizer Design, fl\u00fcssiges Schreiben, Aluminiumgeh\u00e4use, nachf\u00fcllbar. Eleganz und Qualit\u00e4t im XL-Format ohne Kappe.\" \/>\n<meta property=\"og:url\" content=\"https:\/\/cartoleriadonati.ch\/de\/prodotto\/caran-dache-rollerball-stift-schwarz\/\" \/>\n<meta property=\"og:site_name\" content=\"Cartoleria Donati SA\" \/>\n<meta property=\"article:publisher\" content=\"https:\/\/www.facebook.com\/CartoleriaDonati\" \/>\n<meta property=\"article:modified_time\" content=\"2026-05-03T12:14:23+00:00\" \/>\n<meta property=\"og:image\" content=\"https:\/\/cartoleriadonati.ch\/wp-content\/uploads\/2025\/04\/CARAN-DACHE-Penna-a-sfera-849-Metall-nero.jpg\" \/>\n\t<meta property=\"og:image:width\" content=\"800\" \/>\n\t<meta property=\"og:image:height\" content=\"1200\" \/>\n\t<meta property=\"og:image:type\" content=\"image\/jpeg\" \/>\n<meta name=\"twitter:card\" content=\"summary_large_image\" \/>\n<meta name=\"twitter:label1\" content=\"Gesch\u00e4tzte Lesezeit\" \/>\n\t<meta name=\"twitter:data1\" content=\"2\u00a0Minuten\" \/>\n<script type=\"application\/ld+json\" class=\"yoast-schema-graph\">{\"@context\":\"https:\\\/\\\/schema.org\",\"@graph\":[{\"@type\":\"WebPage\",\"@id\":\"https:\\\/\\\/cartoleriadonati.ch\\\/de\\\/prodotto\\\/caran-dache-rollerball-stift-schwarz\\\/\",\"url\":\"https:\\\/\\\/cartoleriadonati.ch\\\/de\\\/prodotto\\\/caran-dache-rollerball-stift-schwarz\\\/\",\"name\":\"CARAN D'ACHE Rollerball-Stift Schwarz - Cartoleria Donati SA\",\"isPartOf\":{\"@id\":\"https:\\\/\\\/cartoleriadonati.ch\\\/de\\\/#website\"},\"primaryImageOfPage\":{\"@id\":\"https:\\\/\\\/cartoleriadonati.ch\\\/de\\\/prodotto\\\/caran-dache-rollerball-stift-schwarz\\\/#primaryimage\"},\"image\":{\"@id\":\"https:\\\/\\\/cartoleriadonati.ch\\\/de\\\/prodotto\\\/caran-dache-rollerball-stift-schwarz\\\/#primaryimage\"},\"thumbnailUrl\":\"https:\\\/\\\/cartoleriadonati.ch\\\/wp-content\\\/uploads\\\/2025\\\/04\\\/CARAN-DACHE-Penna-a-sfera-849-Metall-nero.jpg\",\"datePublished\":\"2025-04-08T07:47:03+00:00\",\"dateModified\":\"2026-05-03T12:14:23+00:00\",\"description\":\"Rollerball-Stift Caran d'Ache 849. Schweizer Design, fl\u00fcssiges Schreiben, Aluminiumgeh\u00e4use, nachf\u00fcllbar. Eleganz und Qualit\u00e4t im XL-Format ohne Kappe.\",\"breadcrumb\":{\"@id\":\"https:\\\/\\\/cartoleriadonati.ch\\\/de\\\/prodotto\\\/caran-dache-rollerball-stift-schwarz\\\/#breadcrumb\"},\"inLanguage\":\"de\",\"potentialAction\":[{\"@type\":\"ReadAction\",\"target\":[\"https:\\\/\\\/cartoleriadonati.ch\\\/de\\\/prodotto\\\/caran-dache-rollerball-stift-schwarz\\\/\"]}]},{\"@type\":\"ImageObject\",\"inLanguage\":\"de\",\"@id\":\"https:\\\/\\\/cartoleriadonati.ch\\\/de\\\/prodotto\\\/caran-dache-rollerball-stift-schwarz\\\/#primaryimage\",\"url\":\"https:\\\/\\\/cartoleriadonati.ch\\\/wp-content\\\/uploads\\\/2025\\\/04\\\/CARAN-DACHE-Penna-a-sfera-849-Metall-nero.jpg\",\"contentUrl\":\"https:\\\/\\\/cartoleriadonati.ch\\\/wp-content\\\/uploads\\\/2025\\\/04\\\/CARAN-DACHE-Penna-a-sfera-849-Metall-nero.jpg\",\"width\":800,\"height\":1200,\"caption\":\"CARAN D'ACHE Penna a sfera 849 Metall nero\"},{\"@type\":\"BreadcrumbList\",\"@id\":\"https:\\\/\\\/cartoleriadonati.ch\\\/de\\\/prodotto\\\/caran-dache-rollerball-stift-schwarz\\\/#breadcrumb\",\"itemListElement\":[{\"@type\":\"ListItem\",\"position\":1,\"name\":\"Home\",\"item\":\"https:\\\/\\\/cartoleriadonati.ch\\\/de\\\/home-page\\\/\"},{\"@type\":\"ListItem\",\"position\":2,\"name\":\"Shop\",\"item\":\"https:\\\/\\\/cartoleriadonati.ch\\\/de\\\/shop\\\/\"},{\"@type\":\"ListItem\",\"position\":3,\"name\":\"CARAN D&#8217;ACHE Rollerball-Stift Schwarz\"}]},{\"@type\":\"WebSite\",\"@id\":\"https:\\\/\\\/cartoleriadonati.ch\\\/de\\\/#website\",\"url\":\"https:\\\/\\\/cartoleriadonati.ch\\\/de\\\/\",\"name\":\"Cartoleria Donati SA\",\"description\":\"Sito internet ufficiale della Cartoleria Donati SA\",\"publisher\":{\"@id\":\"https:\\\/\\\/cartoleriadonati.ch\\\/de\\\/#organization\"},\"potentialAction\":[{\"@type\":\"SearchAction\",\"target\":{\"@type\":\"EntryPoint\",\"urlTemplate\":\"https:\\\/\\\/cartoleriadonati.ch\\\/de\\\/?s={search_term_string}\"},\"query-input\":{\"@type\":\"PropertyValueSpecification\",\"valueRequired\":true,\"valueName\":\"search_term_string\"}}],\"inLanguage\":\"de\"},{\"@type\":\"Organization\",\"@id\":\"https:\\\/\\\/cartoleriadonati.ch\\\/de\\\/#organization\",\"name\":\"Cartoleria Donati SA\",\"url\":\"https:\\\/\\\/cartoleriadonati.ch\\\/de\\\/\",\"logo\":{\"@type\":\"ImageObject\",\"inLanguage\":\"de\",\"@id\":\"https:\\\/\\\/cartoleriadonati.ch\\\/de\\\/#\\\/schema\\\/logo\\\/image\\\/\",\"url\":\"https:\\\/\\\/cartoleriadonati.ch\\\/wp-content\\\/uploads\\\/2019\\\/06\\\/DONATI_logo-1.png\",\"contentUrl\":\"https:\\\/\\\/cartoleriadonati.ch\\\/wp-content\\\/uploads\\\/2019\\\/06\\\/DONATI_logo-1.png\",\"width\":2339,\"height\":1654,\"caption\":\"Cartoleria Donati SA\"},\"image\":{\"@id\":\"https:\\\/\\\/cartoleriadonati.ch\\\/de\\\/#\\\/schema\\\/logo\\\/image\\\/\"},\"sameAs\":[\"https:\\\/\\\/www.facebook.com\\\/CartoleriaDonati\"]}]}<\/script>\n<!-- \/ Yoast SEO Premium plugin. -->","yoast_head_json":{"title":"CARAN D'ACHE Rollerball-Stift Schwarz - Cartoleria Donati SA","description":"Rollerball-Stift Caran d'Ache 849. Schweizer Design, fl\u00fcssiges Schreiben, Aluminiumgeh\u00e4use, nachf\u00fcllbar. Eleganz und Qualit\u00e4t im XL-Format ohne Kappe.","robots":{"index":"index","follow":"follow","max-snippet":"max-snippet:-1","max-image-preview":"max-image-preview:large","max-video-preview":"max-video-preview:-1"},"canonical":"https:\/\/cartoleriadonati.ch\/de\/prodotto\/caran-dache-rollerball-stift-schwarz\/","og_locale":"de_DE","og_type":"article","og_title":"CARAN D'ACHE Rollerball-Stift Schwarz","og_description":"Rollerball-Stift Caran d'Ache 849. Schweizer Design, fl\u00fcssiges Schreiben, Aluminiumgeh\u00e4use, nachf\u00fcllbar. Eleganz und Qualit\u00e4t im XL-Format ohne Kappe.","og_url":"https:\/\/cartoleriadonati.ch\/de\/prodotto\/caran-dache-rollerball-stift-schwarz\/","og_site_name":"Cartoleria Donati SA","article_publisher":"https:\/\/www.facebook.com\/CartoleriaDonati","article_modified_time":"2026-05-03T12:14:23+00:00","og_image":[{"width":800,"height":1200,"url":"https:\/\/cartoleriadonati.ch\/wp-content\/uploads\/2025\/04\/CARAN-DACHE-Penna-a-sfera-849-Metall-nero.jpg","type":"image\/jpeg"}],"twitter_card":"summary_large_image","twitter_misc":{"Gesch\u00e4tzte Lesezeit":"2\u00a0Minuten"},"schema":{"@context":"https:\/\/schema.org","@graph":[{"@type":"WebPage","@id":"https:\/\/cartoleriadonati.ch\/de\/prodotto\/caran-dache-rollerball-stift-schwarz\/","url":"https:\/\/cartoleriadonati.ch\/de\/prodotto\/caran-dache-rollerball-stift-schwarz\/","name":"CARAN D'ACHE Rollerball-Stift Schwarz - Cartoleria Donati SA","isPartOf":{"@id":"https:\/\/cartoleriadonati.ch\/de\/#website"},"primaryImageOfPage":{"@id":"https:\/\/cartoleriadonati.ch\/de\/prodotto\/caran-dache-rollerball-stift-schwarz\/#primaryimage"},"image":{"@id":"https:\/\/cartoleriadonati.ch\/de\/prodotto\/caran-dache-rollerball-stift-schwarz\/#primaryimage"},"thumbnailUrl":"https:\/\/cartoleriadonati.ch\/wp-content\/uploads\/2025\/04\/CARAN-DACHE-Penna-a-sfera-849-Metall-nero.jpg","datePublished":"2025-04-08T07:47:03+00:00","dateModified":"2026-05-03T12:14:23+00:00","description":"Rollerball-Stift Caran d'Ache 849. Schweizer Design, fl\u00fcssiges Schreiben, Aluminiumgeh\u00e4use, nachf\u00fcllbar. Eleganz und Qualit\u00e4t im XL-Format ohne Kappe.","breadcrumb":{"@id":"https:\/\/cartoleriadonati.ch\/de\/prodotto\/caran-dache-rollerball-stift-schwarz\/#breadcrumb"},"inLanguage":"de","potentialAction":[{"@type":"ReadAction","target":["https:\/\/cartoleriadonati.ch\/de\/prodotto\/caran-dache-rollerball-stift-schwarz\/"]}]},{"@type":"ImageObject","inLanguage":"de","@id":"https:\/\/cartoleriadonati.ch\/de\/prodotto\/caran-dache-rollerball-stift-schwarz\/#primaryimage","url":"https:\/\/cartoleriadonati.ch\/wp-content\/uploads\/2025\/04\/CARAN-DACHE-Penna-a-sfera-849-Metall-nero.jpg","contentUrl":"https:\/\/cartoleriadonati.ch\/wp-content\/uploads\/2025\/04\/CARAN-DACHE-Penna-a-sfera-849-Metall-nero.jpg","width":800,"height":1200,"caption":"CARAN D'ACHE Penna a sfera 849 Metall nero"},{"@type":"BreadcrumbList","@id":"https:\/\/cartoleriadonati.ch\/de\/prodotto\/caran-dache-rollerball-stift-schwarz\/#breadcrumb","itemListElement":[{"@type":"ListItem","position":1,"name":"Home","item":"https:\/\/cartoleriadonati.ch\/de\/home-page\/"},{"@type":"ListItem","position":2,"name":"Shop","item":"https:\/\/cartoleriadonati.ch\/de\/shop\/"},{"@type":"ListItem","position":3,"name":"CARAN D&#8217;ACHE Rollerball-Stift Schwarz"}]},{"@type":"WebSite","@id":"https:\/\/cartoleriadonati.ch\/de\/#website","url":"https:\/\/cartoleriadonati.ch\/de\/","name":"Cartoleria Donati SA","description":"Sito internet ufficiale della Cartoleria Donati SA","publisher":{"@id":"https:\/\/cartoleriadonati.ch\/de\/#organization"},"potentialAction":[{"@type":"SearchAction","target":{"@type":"EntryPoint","urlTemplate":"https:\/\/cartoleriadonati.ch\/de\/?s={search_term_string}"},"query-input":{"@type":"PropertyValueSpecification","valueRequired":true,"valueName":"search_term_string"}}],"inLanguage":"de"},{"@type":"Organization","@id":"https:\/\/cartoleriadonati.ch\/de\/#organization","name":"Cartoleria Donati SA","url":"https:\/\/cartoleriadonati.ch\/de\/","logo":{"@type":"ImageObject","inLanguage":"de","@id":"https:\/\/cartoleriadonati.ch\/de\/#\/schema\/logo\/image\/","url":"https:\/\/cartoleriadonati.ch\/wp-content\/uploads\/2019\/06\/DONATI_logo-1.png","contentUrl":"https:\/\/cartoleriadonati.ch\/wp-content\/uploads\/2019\/06\/DONATI_logo-1.png","width":2339,"height":1654,"caption":"Cartoleria Donati SA"},"image":{"@id":"https:\/\/cartoleriadonati.ch\/de\/#\/schema\/logo\/image\/"},"sameAs":["https:\/\/www.facebook.com\/CartoleriaDonati"]}]}},"_links":{"self":[{"href":"https:\/\/cartoleriadonati.ch\/de\/wp-json\/wp\/v2\/product\/45433","targetHints":{"allow":["GET"]}}],"collection":[{"href":"https:\/\/cartoleriadonati.ch\/de\/wp-json\/wp\/v2\/product"}],"about":[{"href":"https:\/\/cartoleriadonati.ch\/de\/wp-json\/wp\/v2\/types\/product"}],"wp:featuredmedia":[{"embeddable":true,"href":"https:\/\/cartoleriadonati.ch\/de\/wp-json\/wp\/v2\/media\/19095"}],"wp:attachment":[{"href":"https:\/\/cartoleriadonati.ch\/de\/wp-json\/wp\/v2\/media?parent=45433"}],"wp:term":[{"taxonomy":"product_brand","embeddable":true,"href":"https:\/\/cartoleriadonati.ch\/de\/wp-json\/wp\/v2\/product_brand?post=45433"},{"taxonomy":"product_cat","embeddable":true,"href":"https:\/\/cartoleriadonati.ch\/de\/wp-json\/wp\/v2\/product_cat?post=45433"},{"taxonomy":"product_tag","embeddable":true,"href":"https:\/\/cartoleriadonati.ch\/de\/wp-json\/wp\/v2\/product_tag?post=45433"}],"curies":[{"name":"wp","href":"https:\/\/api.w.org\/{rel}","templated":true}]}}