{"id":45331,"date":"2025-06-26T05:32:55","date_gmt":"2025-06-26T05:32:55","guid":{"rendered":"https:\/\/cartoleriadonati.ch\/prodotto\/personalisierte-tasse-best-mom\/"},"modified":"2026-05-03T12:09:09","modified_gmt":"2026-05-03T12:09:09","slug":"personalisierte-tasse-best-mom","status":"publish","type":"product","link":"https:\/\/cartoleriadonati.ch\/de\/prodotto\/personalisierte-tasse-best-mom\/","title":{"rendered":"Personalisierte Tasse Best Mom"},"content":{"rendered":"<h3 data-start=\"119\" data-end=\"154\">Personalisierte Tasse &#8220;Best Mom&#8221;<\/h3>\n<p data-start=\"156\" data-end=\"484\"><strong data-start=\"156\" data-end=\"214\">Ein besonderer Gedanke f\u00fcr die liebste Mama der Welt.<\/strong><br data-start=\"214\" data-end=\"217\">Diese personalisierte Tasse ist eine liebevolle Art, jeden Tag daran zu erinnern, wie besonders sie ist. Der Schriftzug &#8220;Best Mom Ever&#8221; wird durch die M\u00f6glichkeit, <strong data-start=\"404\" data-end=\"424\">3 pers\u00f6nliche Fotos<\/strong> in die Buchstaben des Wortes <strong data-start=\"476\" data-end=\"483\">MOM<\/strong> einzuf\u00fcgen, noch einzigartiger. <\/p>\n<p data-start=\"486\" data-end=\"617\">Ein perfektes Geschenk, um den Tag mit Liebe zu beginnen, ideal f\u00fcr das Fr\u00fchst\u00fcck, die Kaffeepause oder zum stolzen Ausstellen in der K\u00fcche.<\/p>\n<h4 data-start=\"619\" data-end=\"640\">Eigenschaften:<\/h4>\n<ul>\n<li data-start=\"643\" data-end=\"680\">Material: robuste weisse Keramik<\/li>\n<li data-start=\"683\" data-end=\"699\">Fassungsverm\u00f6gen: 325 ml<\/li>\n<li data-start=\"702\" data-end=\"747\">Personalisierung: 3 Fotos im Schriftzug &#8220;MUM&#8221;<\/li>\n<li data-start=\"750\" data-end=\"797\">Sp\u00fclmaschinenfest und mikrowellengeeignet<\/li>\n<li data-start=\"800\" data-end=\"824\">Langlebiger Farbdruck<\/li>\n<\/ul>\n<h4 data-start=\"826\" data-end=\"850\">Perfekter Anlass:<\/h4>\n<p data-start=\"851\" data-end=\"956\">Perfekt f\u00fcr <strong data-start=\"864\" data-end=\"885\">Muttertag<\/strong>, Geburtstage, Weihnachten oder einfach um &#8220;Danke f\u00fcr alles, Mama&#8221; zu sagen.<\/p>\n<h4 data-start=\"958\" data-end=\"983\">So personalisieren Sie:<\/h4>\n<p data-start=\"984\" data-end=\"1080\">Laden Sie 3 Bilder direkt auf der Produktseite hoch: Wir k\u00fcmmern uns um die Erstellung Ihrer einzigartigen Tasse!<\/p>\n","protected":false},"excerpt":{"rendered":"<p><span style=\"font-size: 16px;\">[fpd_module type=\"images\"]<br \/>\n[fpd_module type=\"text-layers\"]<\/span><\/p>\n<p>&nbsp;<\/p>\n","protected":false},"featured_media":34457,"template":"","meta":{"_acf_changed":false},"product_brand":[],"product_cat":[852,873,857,872],"product_tag":[],"class_list":{"0":"post-45331","1":"product","2":"type-product","3":"status-publish","4":"has-post-thumbnail","6":"product_cat-anpassen","7":"product_cat-einseitiger-druck","8":"product_cat-ideen-muttertag","9":"product_cat-personalisierte-tasse","11":"first","12":"instock","13":"taxable","14":"shipping-taxable","15":"purchasable","16":"product-type-simple","17":"add-to-wishlist-after_add_to_cart"},"acf":[],"yoast_head":"<!-- This site is optimized with the Yoast SEO Premium plugin v27.5 (Yoast SEO v27.6) - https:\/\/yoast.com\/product\/yoast-seo-premium-wordpress\/ -->\n<title>Personalisierte Tasse Best Mom - Cartoleria Donati SA<\/title>\n<meta name=\"description\" content=\"\u00dcberraschen Sie Ihre Mutter mit einer personalisierten Tasse mit 3 Fotos im Schriftzug MOM. Eine perfekte Geschenkidee f\u00fcr jeden besonderen Anlass!\" \/>\n<meta name=\"robots\" content=\"index, follow, max-snippet:-1, max-image-preview:large, max-video-preview:-1\" \/>\n<link rel=\"canonical\" href=\"https:\/\/cartoleriadonati.ch\/de\/prodotto\/personalisierte-tasse-best-mom\/\" \/>\n<meta property=\"og:locale\" content=\"de_DE\" \/>\n<meta property=\"og:type\" content=\"article\" \/>\n<meta property=\"og:title\" content=\"Personalisierte Tasse Best Mom\" \/>\n<meta property=\"og:description\" content=\"\u00dcberraschen Sie Ihre Mutter mit einer personalisierten Tasse mit 3 Fotos im Schriftzug MOM. Eine perfekte Geschenkidee f\u00fcr jeden besonderen Anlass!\" \/>\n<meta property=\"og:url\" content=\"https:\/\/cartoleriadonati.ch\/de\/prodotto\/personalisierte-tasse-best-mom\/\" \/>\n<meta property=\"og:site_name\" content=\"Cartoleria Donati SA\" \/>\n<meta property=\"article:publisher\" content=\"https:\/\/www.facebook.com\/CartoleriaDonati\" \/>\n<meta property=\"article:modified_time\" content=\"2026-05-03T12:09:09+00:00\" \/>\n<meta property=\"og:image\" content=\"https:\/\/cartoleriadonati.ch\/wp-content\/uploads\/2025\/06\/a88b3b36-df23-4b25-9d09-afadc77b307d.png\" \/>\n\t<meta property=\"og:image:width\" content=\"682\" \/>\n\t<meta property=\"og:image:height\" content=\"580\" \/>\n\t<meta property=\"og:image:type\" content=\"image\/png\" \/>\n<meta name=\"twitter:card\" content=\"summary_large_image\" \/>\n<meta name=\"twitter:label1\" content=\"Gesch\u00e4tzte Lesezeit\" \/>\n\t<meta name=\"twitter:data1\" content=\"1\u00a0Minute\" \/>\n<script type=\"application\/ld+json\" class=\"yoast-schema-graph\">{\"@context\":\"https:\\\/\\\/schema.org\",\"@graph\":[{\"@type\":\"WebPage\",\"@id\":\"https:\\\/\\\/cartoleriadonati.ch\\\/de\\\/prodotto\\\/personalisierte-tasse-best-mom\\\/\",\"url\":\"https:\\\/\\\/cartoleriadonati.ch\\\/de\\\/prodotto\\\/personalisierte-tasse-best-mom\\\/\",\"name\":\"Personalisierte Tasse Best Mom - Cartoleria Donati SA\",\"isPartOf\":{\"@id\":\"https:\\\/\\\/cartoleriadonati.ch\\\/de\\\/#website\"},\"primaryImageOfPage\":{\"@id\":\"https:\\\/\\\/cartoleriadonati.ch\\\/de\\\/prodotto\\\/personalisierte-tasse-best-mom\\\/#primaryimage\"},\"image\":{\"@id\":\"https:\\\/\\\/cartoleriadonati.ch\\\/de\\\/prodotto\\\/personalisierte-tasse-best-mom\\\/#primaryimage\"},\"thumbnailUrl\":\"https:\\\/\\\/cartoleriadonati.ch\\\/wp-content\\\/uploads\\\/2025\\\/06\\\/a88b3b36-df23-4b25-9d09-afadc77b307d.png\",\"datePublished\":\"2025-06-26T05:32:55+00:00\",\"dateModified\":\"2026-05-03T12:09:09+00:00\",\"description\":\"\u00dcberraschen Sie Ihre Mutter mit einer personalisierten Tasse mit 3 Fotos im Schriftzug MOM. Eine perfekte Geschenkidee f\u00fcr jeden besonderen Anlass!\",\"breadcrumb\":{\"@id\":\"https:\\\/\\\/cartoleriadonati.ch\\\/de\\\/prodotto\\\/personalisierte-tasse-best-mom\\\/#breadcrumb\"},\"inLanguage\":\"de\",\"potentialAction\":[{\"@type\":\"ReadAction\",\"target\":[\"https:\\\/\\\/cartoleriadonati.ch\\\/de\\\/prodotto\\\/personalisierte-tasse-best-mom\\\/\"]}]},{\"@type\":\"ImageObject\",\"inLanguage\":\"de\",\"@id\":\"https:\\\/\\\/cartoleriadonati.ch\\\/de\\\/prodotto\\\/personalisierte-tasse-best-mom\\\/#primaryimage\",\"url\":\"https:\\\/\\\/cartoleriadonati.ch\\\/wp-content\\\/uploads\\\/2025\\\/06\\\/a88b3b36-df23-4b25-9d09-afadc77b307d.png\",\"contentUrl\":\"https:\\\/\\\/cartoleriadonati.ch\\\/wp-content\\\/uploads\\\/2025\\\/06\\\/a88b3b36-df23-4b25-9d09-afadc77b307d.png\",\"width\":682,\"height\":580},{\"@type\":\"BreadcrumbList\",\"@id\":\"https:\\\/\\\/cartoleriadonati.ch\\\/de\\\/prodotto\\\/personalisierte-tasse-best-mom\\\/#breadcrumb\",\"itemListElement\":[{\"@type\":\"ListItem\",\"position\":1,\"name\":\"Home\",\"item\":\"https:\\\/\\\/cartoleriadonati.ch\\\/de\\\/home-page\\\/\"},{\"@type\":\"ListItem\",\"position\":2,\"name\":\"Shop\",\"item\":\"https:\\\/\\\/cartoleriadonati.ch\\\/de\\\/shop\\\/\"},{\"@type\":\"ListItem\",\"position\":3,\"name\":\"Personalisierte Tasse Best Mom\"}]},{\"@type\":\"WebSite\",\"@id\":\"https:\\\/\\\/cartoleriadonati.ch\\\/de\\\/#website\",\"url\":\"https:\\\/\\\/cartoleriadonati.ch\\\/de\\\/\",\"name\":\"Cartoleria Donati SA\",\"description\":\"Sito internet ufficiale della Cartoleria Donati SA\",\"publisher\":{\"@id\":\"https:\\\/\\\/cartoleriadonati.ch\\\/de\\\/#organization\"},\"potentialAction\":[{\"@type\":\"SearchAction\",\"target\":{\"@type\":\"EntryPoint\",\"urlTemplate\":\"https:\\\/\\\/cartoleriadonati.ch\\\/de\\\/?s={search_term_string}\"},\"query-input\":{\"@type\":\"PropertyValueSpecification\",\"valueRequired\":true,\"valueName\":\"search_term_string\"}}],\"inLanguage\":\"de\"},{\"@type\":\"Organization\",\"@id\":\"https:\\\/\\\/cartoleriadonati.ch\\\/de\\\/#organization\",\"name\":\"Cartoleria Donati SA\",\"url\":\"https:\\\/\\\/cartoleriadonati.ch\\\/de\\\/\",\"logo\":{\"@type\":\"ImageObject\",\"inLanguage\":\"de\",\"@id\":\"https:\\\/\\\/cartoleriadonati.ch\\\/de\\\/#\\\/schema\\\/logo\\\/image\\\/\",\"url\":\"https:\\\/\\\/cartoleriadonati.ch\\\/wp-content\\\/uploads\\\/2019\\\/06\\\/DONATI_logo-1.png\",\"contentUrl\":\"https:\\\/\\\/cartoleriadonati.ch\\\/wp-content\\\/uploads\\\/2019\\\/06\\\/DONATI_logo-1.png\",\"width\":2339,\"height\":1654,\"caption\":\"Cartoleria Donati SA\"},\"image\":{\"@id\":\"https:\\\/\\\/cartoleriadonati.ch\\\/de\\\/#\\\/schema\\\/logo\\\/image\\\/\"},\"sameAs\":[\"https:\\\/\\\/www.facebook.com\\\/CartoleriaDonati\"]}]}<\/script>\n<!-- \/ Yoast SEO Premium plugin. -->","yoast_head_json":{"title":"Personalisierte Tasse Best Mom - Cartoleria Donati SA","description":"\u00dcberraschen Sie Ihre Mutter mit einer personalisierten Tasse mit 3 Fotos im Schriftzug MOM. Eine perfekte Geschenkidee f\u00fcr jeden besonderen Anlass!","robots":{"index":"index","follow":"follow","max-snippet":"max-snippet:-1","max-image-preview":"max-image-preview:large","max-video-preview":"max-video-preview:-1"},"canonical":"https:\/\/cartoleriadonati.ch\/de\/prodotto\/personalisierte-tasse-best-mom\/","og_locale":"de_DE","og_type":"article","og_title":"Personalisierte Tasse Best Mom","og_description":"\u00dcberraschen Sie Ihre Mutter mit einer personalisierten Tasse mit 3 Fotos im Schriftzug MOM. Eine perfekte Geschenkidee f\u00fcr jeden besonderen Anlass!","og_url":"https:\/\/cartoleriadonati.ch\/de\/prodotto\/personalisierte-tasse-best-mom\/","og_site_name":"Cartoleria Donati SA","article_publisher":"https:\/\/www.facebook.com\/CartoleriaDonati","article_modified_time":"2026-05-03T12:09:09+00:00","og_image":[{"width":682,"height":580,"url":"https:\/\/cartoleriadonati.ch\/wp-content\/uploads\/2025\/06\/a88b3b36-df23-4b25-9d09-afadc77b307d.png","type":"image\/png"}],"twitter_card":"summary_large_image","twitter_misc":{"Gesch\u00e4tzte Lesezeit":"1\u00a0Minute"},"schema":{"@context":"https:\/\/schema.org","@graph":[{"@type":"WebPage","@id":"https:\/\/cartoleriadonati.ch\/de\/prodotto\/personalisierte-tasse-best-mom\/","url":"https:\/\/cartoleriadonati.ch\/de\/prodotto\/personalisierte-tasse-best-mom\/","name":"Personalisierte Tasse Best Mom - Cartoleria Donati SA","isPartOf":{"@id":"https:\/\/cartoleriadonati.ch\/de\/#website"},"primaryImageOfPage":{"@id":"https:\/\/cartoleriadonati.ch\/de\/prodotto\/personalisierte-tasse-best-mom\/#primaryimage"},"image":{"@id":"https:\/\/cartoleriadonati.ch\/de\/prodotto\/personalisierte-tasse-best-mom\/#primaryimage"},"thumbnailUrl":"https:\/\/cartoleriadonati.ch\/wp-content\/uploads\/2025\/06\/a88b3b36-df23-4b25-9d09-afadc77b307d.png","datePublished":"2025-06-26T05:32:55+00:00","dateModified":"2026-05-03T12:09:09+00:00","description":"\u00dcberraschen Sie Ihre Mutter mit einer personalisierten Tasse mit 3 Fotos im Schriftzug MOM. Eine perfekte Geschenkidee f\u00fcr jeden besonderen Anlass!","breadcrumb":{"@id":"https:\/\/cartoleriadonati.ch\/de\/prodotto\/personalisierte-tasse-best-mom\/#breadcrumb"},"inLanguage":"de","potentialAction":[{"@type":"ReadAction","target":["https:\/\/cartoleriadonati.ch\/de\/prodotto\/personalisierte-tasse-best-mom\/"]}]},{"@type":"ImageObject","inLanguage":"de","@id":"https:\/\/cartoleriadonati.ch\/de\/prodotto\/personalisierte-tasse-best-mom\/#primaryimage","url":"https:\/\/cartoleriadonati.ch\/wp-content\/uploads\/2025\/06\/a88b3b36-df23-4b25-9d09-afadc77b307d.png","contentUrl":"https:\/\/cartoleriadonati.ch\/wp-content\/uploads\/2025\/06\/a88b3b36-df23-4b25-9d09-afadc77b307d.png","width":682,"height":580},{"@type":"BreadcrumbList","@id":"https:\/\/cartoleriadonati.ch\/de\/prodotto\/personalisierte-tasse-best-mom\/#breadcrumb","itemListElement":[{"@type":"ListItem","position":1,"name":"Home","item":"https:\/\/cartoleriadonati.ch\/de\/home-page\/"},{"@type":"ListItem","position":2,"name":"Shop","item":"https:\/\/cartoleriadonati.ch\/de\/shop\/"},{"@type":"ListItem","position":3,"name":"Personalisierte Tasse Best Mom"}]},{"@type":"WebSite","@id":"https:\/\/cartoleriadonati.ch\/de\/#website","url":"https:\/\/cartoleriadonati.ch\/de\/","name":"Cartoleria Donati SA","description":"Sito internet ufficiale della Cartoleria Donati SA","publisher":{"@id":"https:\/\/cartoleriadonati.ch\/de\/#organization"},"potentialAction":[{"@type":"SearchAction","target":{"@type":"EntryPoint","urlTemplate":"https:\/\/cartoleriadonati.ch\/de\/?s={search_term_string}"},"query-input":{"@type":"PropertyValueSpecification","valueRequired":true,"valueName":"search_term_string"}}],"inLanguage":"de"},{"@type":"Organization","@id":"https:\/\/cartoleriadonati.ch\/de\/#organization","name":"Cartoleria Donati SA","url":"https:\/\/cartoleriadonati.ch\/de\/","logo":{"@type":"ImageObject","inLanguage":"de","@id":"https:\/\/cartoleriadonati.ch\/de\/#\/schema\/logo\/image\/","url":"https:\/\/cartoleriadonati.ch\/wp-content\/uploads\/2019\/06\/DONATI_logo-1.png","contentUrl":"https:\/\/cartoleriadonati.ch\/wp-content\/uploads\/2019\/06\/DONATI_logo-1.png","width":2339,"height":1654,"caption":"Cartoleria Donati SA"},"image":{"@id":"https:\/\/cartoleriadonati.ch\/de\/#\/schema\/logo\/image\/"},"sameAs":["https:\/\/www.facebook.com\/CartoleriaDonati"]}]}},"_links":{"self":[{"href":"https:\/\/cartoleriadonati.ch\/de\/wp-json\/wp\/v2\/product\/45331","targetHints":{"allow":["GET"]}}],"collection":[{"href":"https:\/\/cartoleriadonati.ch\/de\/wp-json\/wp\/v2\/product"}],"about":[{"href":"https:\/\/cartoleriadonati.ch\/de\/wp-json\/wp\/v2\/types\/product"}],"wp:featuredmedia":[{"embeddable":true,"href":"https:\/\/cartoleriadonati.ch\/de\/wp-json\/wp\/v2\/media\/34457"}],"wp:attachment":[{"href":"https:\/\/cartoleriadonati.ch\/de\/wp-json\/wp\/v2\/media?parent=45331"}],"wp:term":[{"taxonomy":"product_brand","embeddable":true,"href":"https:\/\/cartoleriadonati.ch\/de\/wp-json\/wp\/v2\/product_brand?post=45331"},{"taxonomy":"product_cat","embeddable":true,"href":"https:\/\/cartoleriadonati.ch\/de\/wp-json\/wp\/v2\/product_cat?post=45331"},{"taxonomy":"product_tag","embeddable":true,"href":"https:\/\/cartoleriadonati.ch\/de\/wp-json\/wp\/v2\/product_tag?post=45331"}],"curies":[{"name":"wp","href":"https:\/\/api.w.org\/{rel}","templated":true}]}}