{"id":45202,"date":"2025-10-14T10:49:46","date_gmt":"2025-10-14T10:49:46","guid":{"rendered":"https:\/\/cartoleriadonati.ch\/prodotto\/personalisiertes-notizbuch-a5-liniert-rot\/"},"modified":"2026-05-03T12:07:38","modified_gmt":"2026-05-03T12:07:38","slug":"personalisiertes-notizbuch-a5-liniert-rot","status":"publish","type":"product","link":"https:\/\/cartoleriadonati.ch\/de\/prodotto\/personalisiertes-notizbuch-a5-liniert-rot\/","title":{"rendered":"Personalisiertes Notizbuch A5 liniert, rot"},"content":{"rendered":"<h3 data-start=\"444\" data-end=\"536\">Personalisiertes Notizbuch A5 liniert in Rot \u2013 Farbe, Stil und Inspiration auf jeder Seite<\/h3>\n<p data-start=\"538\" data-end=\"853\">Das <strong data-start=\"541\" data-end=\"586\">personalisierte Notizbuch A5 liniert in Rot<\/strong> ist der perfekte Begleiter f\u00fcr alle, die gerne schreiben, zeichnen oder ihre Ideen mit einem Hauch von Stil organisieren.<br data-start=\"694\" data-end=\"697\">Mit seinem eleganten und lebendigen Design vereint dieses Notizbuch Funktionalit\u00e4t und Pers\u00f6nlichkeit und bringt einen Farbtupfer auf den Schreibtisch oder in die t\u00e4gliche Tasche.<\/p>\n<p data-start=\"855\" data-end=\"1249\">Gefertigt mit einem <strong data-start=\"870\" data-end=\"920\">Hardcover aus hochwertigem Kunstleder<\/strong>, bietet es eine angenehme Haptik und eine langlebige Struktur.<br data-start=\"999\" data-end=\"1002\">Das Innere besteht aus <strong data-start=\"1021\" data-end=\"1062\">linierten Seiten auf glattem wei\u00dfem Papier<\/strong>, ideal f\u00fcr Notizen, Besprechungen, Listen, Reflexionen oder kreative Projekte.<br data-start=\"1133\" data-end=\"1136\">Das A5-Format macht es kompakt und praktisch, perfekt zum Mitnehmen in die Schule, ins B\u00fcro oder auf Reisen.<\/p>\n<hr data-start=\"1251\" data-end=\"1254\">\n<h3 data-start=\"1256\" data-end=\"1309\">Exklusive Personalisierung mit Lasergravur<\/h3>\n<p data-start=\"1311\" data-end=\"1524\">Machen Sie Ihr Notizbuch mit einer <strong data-start=\"1346\" data-end=\"1391\">Personalisierung durch Lasergravur<\/strong> zu einem Unikat.<br data-start=\"1392\" data-end=\"1395\">Sie k\u00f6nnen <strong data-start=\"1409\" data-end=\"1447\">Namen, Initialen, Daten oder kurze S\u00e4tze<\/strong> direkt auf den Einband gravieren lassen, was einen eleganten und professionellen Effekt erzielt.<\/p>\n<p data-start=\"1526\" data-end=\"1860\">W\u00e4hrend der Online-Personalisierung werden der Schriftzug oder das Design nur zur besseren Ansicht in der Vorschau in <strong data-start=\"1615\" data-end=\"1630\">wei\u00dfer Farbe<\/strong> angezeigt.<br data-start=\"1677\" data-end=\"1680\">Das tats\u00e4chliche Ergebnis weist hingegen eine <strong data-start=\"1730\" data-end=\"1752\">tonale und raffinierte<\/strong> Gravur auf, bei der der Laser die Oberfl\u00e4chenschicht des Einbands abtr\u00e4gt und eine dauerhafte, pr\u00e4zise Markierung hinterl\u00e4sst.<\/p>\n<p data-start=\"1862\" data-end=\"2007\">Diese Art der Gravur garantiert einen <strong data-start=\"1909\" data-end=\"1942\">dezenten, widerstandsf\u00e4higen und langlebigen<\/strong> Effekt, perfekt f\u00fcr einen Gegenstand, der t\u00e4glich im Einsatz ist.<\/p>\n<hr data-start=\"2009\" data-end=\"2012\">\n<h3 data-start=\"2014\" data-end=\"2054\">Ein elegantes und bedeutungsvolles Geschenk<\/h3>\n<p data-start=\"2056\" data-end=\"2363\">Das <strong data-start=\"2059\" data-end=\"2096\">personalisierte rote Notizbuch A5<\/strong> ist eine originelle und farbenfrohe Geschenkidee f\u00fcr <strong data-start=\"2139\" data-end=\"2180\">Kollegen, Studenten, Freunde oder Familienmitglieder<\/strong>.<br data-start=\"2181\" data-end=\"2184\">Ideal f\u00fcr alle, die gerne schreiben, oder einfach f\u00fcr diejenigen, die einen n\u00fctzlichen und detailgetreuen Gegenstand suchen \u2013 dieses Notizbuch verwandelt eine einfache Geste in ein Geschenk von pers\u00f6nlichem Wert.<\/p>\n<p data-start=\"2365\" data-end=\"2444\">Ein Hauch von Sonne f\u00fcr Ihre Tage, ein treuer Begleiter f\u00fcr Ihre Gedanken.<\/p>\n","protected":false},"excerpt":{"rendered":"<p>[fpd_module type=\"text\"]<br \/>\n[fpd_module type=\"designs\"]<\/p>\n","protected":false},"featured_media":38360,"template":"","meta":{"_acf_changed":false},"product_brand":[],"product_cat":[852,865,858,884,868,862],"product_tag":[],"class_list":{"0":"post-45202","1":"product","2":"type-product","3":"status-publish","4":"has-post-thumbnail","6":"product_cat-anpassen","7":"product_cat-geschaftsideen","8":"product_cat-ideen-weihnachten","9":"product_cat-linierte-seiten","10":"product_cat-personalisierte-notizbucher","11":"product_cat-valentinstagsideen","13":"first","14":"instock","15":"taxable","16":"shipping-taxable","17":"purchasable","18":"product-type-simple","19":"add-to-wishlist-after_add_to_cart"},"acf":[],"yoast_head":"<!-- This site is optimized with the Yoast SEO Premium plugin v27.5 (Yoast SEO v27.6) - https:\/\/yoast.com\/product\/yoast-seo-premium-wordpress\/ -->\n<title>Personalisiertes Notizbuch A5 liniert, rot - Cartoleria Donati SA<\/title>\n<meta name=\"description\" content=\"Personalisiertes Notizbuch A5 liniert in Rot mit Lasergravur. Elegant, praktisch und einzigartig: ideal f\u00fcr Notizen, die Arbeit oder als originelles Geschenk.\" \/>\n<meta name=\"robots\" content=\"index, follow, max-snippet:-1, max-image-preview:large, max-video-preview:-1\" \/>\n<link rel=\"canonical\" href=\"https:\/\/cartoleriadonati.ch\/de\/prodotto\/personalisiertes-notizbuch-a5-liniert-rot\/\" \/>\n<meta property=\"og:locale\" content=\"de_DE\" \/>\n<meta property=\"og:type\" content=\"article\" \/>\n<meta property=\"og:title\" content=\"Personalisiertes Notizbuch A5 liniert, rot\" \/>\n<meta property=\"og:description\" content=\"Personalisiertes Notizbuch A5 liniert in Rot mit Lasergravur. Elegant, praktisch und einzigartig: ideal f\u00fcr Notizen, die Arbeit oder als originelles Geschenk.\" \/>\n<meta property=\"og:url\" content=\"https:\/\/cartoleriadonati.ch\/de\/prodotto\/personalisiertes-notizbuch-a5-liniert-rot\/\" \/>\n<meta property=\"og:site_name\" content=\"Cartoleria Donati SA\" \/>\n<meta property=\"article:publisher\" content=\"https:\/\/www.facebook.com\/CartoleriaDonati\" \/>\n<meta property=\"article:modified_time\" content=\"2026-05-03T12:07:38+00:00\" \/>\n<meta property=\"og:image\" content=\"https:\/\/cartoleriadonati.ch\/wp-content\/uploads\/2025\/10\/Taccuino-rosso.jpg\" \/>\n\t<meta property=\"og:image:width\" content=\"1200\" \/>\n\t<meta property=\"og:image:height\" content=\"1500\" \/>\n\t<meta property=\"og:image:type\" content=\"image\/jpeg\" \/>\n<meta name=\"twitter:card\" content=\"summary_large_image\" \/>\n<meta name=\"twitter:label1\" content=\"Gesch\u00e4tzte Lesezeit\" \/>\n\t<meta name=\"twitter:data1\" content=\"2\u00a0Minuten\" \/>\n<script type=\"application\/ld+json\" class=\"yoast-schema-graph\">{\"@context\":\"https:\\\/\\\/schema.org\",\"@graph\":[{\"@type\":\"WebPage\",\"@id\":\"https:\\\/\\\/cartoleriadonati.ch\\\/de\\\/prodotto\\\/personalisiertes-notizbuch-a5-liniert-rot\\\/\",\"url\":\"https:\\\/\\\/cartoleriadonati.ch\\\/de\\\/prodotto\\\/personalisiertes-notizbuch-a5-liniert-rot\\\/\",\"name\":\"Personalisiertes Notizbuch A5 liniert, rot - Cartoleria Donati SA\",\"isPartOf\":{\"@id\":\"https:\\\/\\\/cartoleriadonati.ch\\\/de\\\/#website\"},\"primaryImageOfPage\":{\"@id\":\"https:\\\/\\\/cartoleriadonati.ch\\\/de\\\/prodotto\\\/personalisiertes-notizbuch-a5-liniert-rot\\\/#primaryimage\"},\"image\":{\"@id\":\"https:\\\/\\\/cartoleriadonati.ch\\\/de\\\/prodotto\\\/personalisiertes-notizbuch-a5-liniert-rot\\\/#primaryimage\"},\"thumbnailUrl\":\"https:\\\/\\\/cartoleriadonati.ch\\\/wp-content\\\/uploads\\\/2025\\\/10\\\/Taccuino-rosso.jpg\",\"datePublished\":\"2025-10-14T10:49:46+00:00\",\"dateModified\":\"2026-05-03T12:07:38+00:00\",\"description\":\"Personalisiertes Notizbuch A5 liniert in Rot mit Lasergravur. Elegant, praktisch und einzigartig: ideal f\u00fcr Notizen, die Arbeit oder als originelles Geschenk.\",\"breadcrumb\":{\"@id\":\"https:\\\/\\\/cartoleriadonati.ch\\\/de\\\/prodotto\\\/personalisiertes-notizbuch-a5-liniert-rot\\\/#breadcrumb\"},\"inLanguage\":\"de\",\"potentialAction\":[{\"@type\":\"ReadAction\",\"target\":[\"https:\\\/\\\/cartoleriadonati.ch\\\/de\\\/prodotto\\\/personalisiertes-notizbuch-a5-liniert-rot\\\/\"]}]},{\"@type\":\"ImageObject\",\"inLanguage\":\"de\",\"@id\":\"https:\\\/\\\/cartoleriadonati.ch\\\/de\\\/prodotto\\\/personalisiertes-notizbuch-a5-liniert-rot\\\/#primaryimage\",\"url\":\"https:\\\/\\\/cartoleriadonati.ch\\\/wp-content\\\/uploads\\\/2025\\\/10\\\/Taccuino-rosso.jpg\",\"contentUrl\":\"https:\\\/\\\/cartoleriadonati.ch\\\/wp-content\\\/uploads\\\/2025\\\/10\\\/Taccuino-rosso.jpg\",\"width\":1200,\"height\":1500},{\"@type\":\"BreadcrumbList\",\"@id\":\"https:\\\/\\\/cartoleriadonati.ch\\\/de\\\/prodotto\\\/personalisiertes-notizbuch-a5-liniert-rot\\\/#breadcrumb\",\"itemListElement\":[{\"@type\":\"ListItem\",\"position\":1,\"name\":\"Home\",\"item\":\"https:\\\/\\\/cartoleriadonati.ch\\\/de\\\/home-page\\\/\"},{\"@type\":\"ListItem\",\"position\":2,\"name\":\"Shop\",\"item\":\"https:\\\/\\\/cartoleriadonati.ch\\\/de\\\/shop\\\/\"},{\"@type\":\"ListItem\",\"position\":3,\"name\":\"Personalisiertes Notizbuch A5 liniert, rot\"}]},{\"@type\":\"WebSite\",\"@id\":\"https:\\\/\\\/cartoleriadonati.ch\\\/de\\\/#website\",\"url\":\"https:\\\/\\\/cartoleriadonati.ch\\\/de\\\/\",\"name\":\"Cartoleria Donati SA\",\"description\":\"Sito internet ufficiale della Cartoleria Donati SA\",\"publisher\":{\"@id\":\"https:\\\/\\\/cartoleriadonati.ch\\\/de\\\/#organization\"},\"potentialAction\":[{\"@type\":\"SearchAction\",\"target\":{\"@type\":\"EntryPoint\",\"urlTemplate\":\"https:\\\/\\\/cartoleriadonati.ch\\\/de\\\/?s={search_term_string}\"},\"query-input\":{\"@type\":\"PropertyValueSpecification\",\"valueRequired\":true,\"valueName\":\"search_term_string\"}}],\"inLanguage\":\"de\"},{\"@type\":\"Organization\",\"@id\":\"https:\\\/\\\/cartoleriadonati.ch\\\/de\\\/#organization\",\"name\":\"Cartoleria Donati SA\",\"url\":\"https:\\\/\\\/cartoleriadonati.ch\\\/de\\\/\",\"logo\":{\"@type\":\"ImageObject\",\"inLanguage\":\"de\",\"@id\":\"https:\\\/\\\/cartoleriadonati.ch\\\/de\\\/#\\\/schema\\\/logo\\\/image\\\/\",\"url\":\"https:\\\/\\\/cartoleriadonati.ch\\\/wp-content\\\/uploads\\\/2019\\\/06\\\/DONATI_logo-1.png\",\"contentUrl\":\"https:\\\/\\\/cartoleriadonati.ch\\\/wp-content\\\/uploads\\\/2019\\\/06\\\/DONATI_logo-1.png\",\"width\":2339,\"height\":1654,\"caption\":\"Cartoleria Donati SA\"},\"image\":{\"@id\":\"https:\\\/\\\/cartoleriadonati.ch\\\/de\\\/#\\\/schema\\\/logo\\\/image\\\/\"},\"sameAs\":[\"https:\\\/\\\/www.facebook.com\\\/CartoleriaDonati\"]}]}<\/script>\n<!-- \/ Yoast SEO Premium plugin. -->","yoast_head_json":{"title":"Personalisiertes Notizbuch A5 liniert, rot - Cartoleria Donati SA","description":"Personalisiertes Notizbuch A5 liniert in Rot mit Lasergravur. Elegant, praktisch und einzigartig: ideal f\u00fcr Notizen, die Arbeit oder als originelles Geschenk.","robots":{"index":"index","follow":"follow","max-snippet":"max-snippet:-1","max-image-preview":"max-image-preview:large","max-video-preview":"max-video-preview:-1"},"canonical":"https:\/\/cartoleriadonati.ch\/de\/prodotto\/personalisiertes-notizbuch-a5-liniert-rot\/","og_locale":"de_DE","og_type":"article","og_title":"Personalisiertes Notizbuch A5 liniert, rot","og_description":"Personalisiertes Notizbuch A5 liniert in Rot mit Lasergravur. Elegant, praktisch und einzigartig: ideal f\u00fcr Notizen, die Arbeit oder als originelles Geschenk.","og_url":"https:\/\/cartoleriadonati.ch\/de\/prodotto\/personalisiertes-notizbuch-a5-liniert-rot\/","og_site_name":"Cartoleria Donati SA","article_publisher":"https:\/\/www.facebook.com\/CartoleriaDonati","article_modified_time":"2026-05-03T12:07:38+00:00","og_image":[{"width":1200,"height":1500,"url":"https:\/\/cartoleriadonati.ch\/wp-content\/uploads\/2025\/10\/Taccuino-rosso.jpg","type":"image\/jpeg"}],"twitter_card":"summary_large_image","twitter_misc":{"Gesch\u00e4tzte Lesezeit":"2\u00a0Minuten"},"schema":{"@context":"https:\/\/schema.org","@graph":[{"@type":"WebPage","@id":"https:\/\/cartoleriadonati.ch\/de\/prodotto\/personalisiertes-notizbuch-a5-liniert-rot\/","url":"https:\/\/cartoleriadonati.ch\/de\/prodotto\/personalisiertes-notizbuch-a5-liniert-rot\/","name":"Personalisiertes Notizbuch A5 liniert, rot - Cartoleria Donati SA","isPartOf":{"@id":"https:\/\/cartoleriadonati.ch\/de\/#website"},"primaryImageOfPage":{"@id":"https:\/\/cartoleriadonati.ch\/de\/prodotto\/personalisiertes-notizbuch-a5-liniert-rot\/#primaryimage"},"image":{"@id":"https:\/\/cartoleriadonati.ch\/de\/prodotto\/personalisiertes-notizbuch-a5-liniert-rot\/#primaryimage"},"thumbnailUrl":"https:\/\/cartoleriadonati.ch\/wp-content\/uploads\/2025\/10\/Taccuino-rosso.jpg","datePublished":"2025-10-14T10:49:46+00:00","dateModified":"2026-05-03T12:07:38+00:00","description":"Personalisiertes Notizbuch A5 liniert in Rot mit Lasergravur. Elegant, praktisch und einzigartig: ideal f\u00fcr Notizen, die Arbeit oder als originelles Geschenk.","breadcrumb":{"@id":"https:\/\/cartoleriadonati.ch\/de\/prodotto\/personalisiertes-notizbuch-a5-liniert-rot\/#breadcrumb"},"inLanguage":"de","potentialAction":[{"@type":"ReadAction","target":["https:\/\/cartoleriadonati.ch\/de\/prodotto\/personalisiertes-notizbuch-a5-liniert-rot\/"]}]},{"@type":"ImageObject","inLanguage":"de","@id":"https:\/\/cartoleriadonati.ch\/de\/prodotto\/personalisiertes-notizbuch-a5-liniert-rot\/#primaryimage","url":"https:\/\/cartoleriadonati.ch\/wp-content\/uploads\/2025\/10\/Taccuino-rosso.jpg","contentUrl":"https:\/\/cartoleriadonati.ch\/wp-content\/uploads\/2025\/10\/Taccuino-rosso.jpg","width":1200,"height":1500},{"@type":"BreadcrumbList","@id":"https:\/\/cartoleriadonati.ch\/de\/prodotto\/personalisiertes-notizbuch-a5-liniert-rot\/#breadcrumb","itemListElement":[{"@type":"ListItem","position":1,"name":"Home","item":"https:\/\/cartoleriadonati.ch\/de\/home-page\/"},{"@type":"ListItem","position":2,"name":"Shop","item":"https:\/\/cartoleriadonati.ch\/de\/shop\/"},{"@type":"ListItem","position":3,"name":"Personalisiertes Notizbuch A5 liniert, rot"}]},{"@type":"WebSite","@id":"https:\/\/cartoleriadonati.ch\/de\/#website","url":"https:\/\/cartoleriadonati.ch\/de\/","name":"Cartoleria Donati SA","description":"Sito internet ufficiale della Cartoleria Donati SA","publisher":{"@id":"https:\/\/cartoleriadonati.ch\/de\/#organization"},"potentialAction":[{"@type":"SearchAction","target":{"@type":"EntryPoint","urlTemplate":"https:\/\/cartoleriadonati.ch\/de\/?s={search_term_string}"},"query-input":{"@type":"PropertyValueSpecification","valueRequired":true,"valueName":"search_term_string"}}],"inLanguage":"de"},{"@type":"Organization","@id":"https:\/\/cartoleriadonati.ch\/de\/#organization","name":"Cartoleria Donati SA","url":"https:\/\/cartoleriadonati.ch\/de\/","logo":{"@type":"ImageObject","inLanguage":"de","@id":"https:\/\/cartoleriadonati.ch\/de\/#\/schema\/logo\/image\/","url":"https:\/\/cartoleriadonati.ch\/wp-content\/uploads\/2019\/06\/DONATI_logo-1.png","contentUrl":"https:\/\/cartoleriadonati.ch\/wp-content\/uploads\/2019\/06\/DONATI_logo-1.png","width":2339,"height":1654,"caption":"Cartoleria Donati SA"},"image":{"@id":"https:\/\/cartoleriadonati.ch\/de\/#\/schema\/logo\/image\/"},"sameAs":["https:\/\/www.facebook.com\/CartoleriaDonati"]}]}},"_links":{"self":[{"href":"https:\/\/cartoleriadonati.ch\/de\/wp-json\/wp\/v2\/product\/45202","targetHints":{"allow":["GET"]}}],"collection":[{"href":"https:\/\/cartoleriadonati.ch\/de\/wp-json\/wp\/v2\/product"}],"about":[{"href":"https:\/\/cartoleriadonati.ch\/de\/wp-json\/wp\/v2\/types\/product"}],"wp:featuredmedia":[{"embeddable":true,"href":"https:\/\/cartoleriadonati.ch\/de\/wp-json\/wp\/v2\/media\/38360"}],"wp:attachment":[{"href":"https:\/\/cartoleriadonati.ch\/de\/wp-json\/wp\/v2\/media?parent=45202"}],"wp:term":[{"taxonomy":"product_brand","embeddable":true,"href":"https:\/\/cartoleriadonati.ch\/de\/wp-json\/wp\/v2\/product_brand?post=45202"},{"taxonomy":"product_cat","embeddable":true,"href":"https:\/\/cartoleriadonati.ch\/de\/wp-json\/wp\/v2\/product_cat?post=45202"},{"taxonomy":"product_tag","embeddable":true,"href":"https:\/\/cartoleriadonati.ch\/de\/wp-json\/wp\/v2\/product_tag?post=45202"}],"curies":[{"name":"wp","href":"https:\/\/api.w.org\/{rel}","templated":true}]}}