{"id":45197,"date":"2025-10-10T15:20:58","date_gmt":"2025-10-10T15:20:58","guid":{"rendered":"https:\/\/cartoleriadonati.ch\/prodotto\/caran-dache-swisscolor-set-mit-18-personalisierten-farbstiften\/"},"modified":"2026-05-03T12:07:35","modified_gmt":"2026-05-03T12:07:35","slug":"caran-dache-swisscolor-set-mit-18-personalisierten-farbstiften","status":"publish","type":"product","link":"https:\/\/cartoleriadonati.ch\/de\/prodotto\/caran-dache-swisscolor-set-mit-18-personalisierten-farbstiften\/","title":{"rendered":"CARAN D&#8217;ACHE Swisscolor \u2013 Set mit 18 personalisierten Farbstiften"},"content":{"rendered":"<h3 data-start=\"783\" data-end=\"849\">CARAN D&#8217;ACHE Swisscolor \u2013 Exzellenz der Farbe Swiss Made<\/h3>\n<p data-start=\"851\" data-end=\"1158\">Die <strong data-start=\"854\" data-end=\"888\">Caran d&#8217;Ache Swisscolor Farbstifte<\/strong> vereinen perfekt <strong data-start=\"930\" data-end=\"966\">Qualit\u00e4t, Tradition und Kreativit\u00e4t<\/strong>. Dieses Set mit 18 <strong data-start=\"982\" data-end=\"1019\">wasservermalbaren Farbstiften<\/strong> ist f\u00fcr K\u00fcnstler, Studenten und Zeichenbegeisterte konzipiert, die lebendige Farben, pr\u00e4zise Striche und ein tadelloses Ergebnis auf Papier w\u00fcnschen. <\/p>\n<p data-start=\"1160\" data-end=\"1564\">In den Werkst\u00e4tten von <strong data-start=\"1189\" data-end=\"1200\">Genf<\/strong> gefertigt, verk\u00f6rpern die Swisscolor die f\u00fcr das Haus Caran d\u2019Ache typische <strong data-start=\"1239\" data-end=\"1260\">\u201e100 % Swiss Made\u201c<\/strong>-Exzellenz. Jeder Stift verf\u00fcgt \u00fcber eine widerstandsf\u00e4hige und weiche <strong data-start=\"1323\" data-end=\"1341\">2,8-mm-Mine<\/strong>, die einen fl\u00fcssigen, gleichm\u00e4\u00dfigen und leicht zu verblendenden Farbauftrag garantiert. Die hochwertigen Pigmente sorgen f\u00fcr <strong data-start=\"1467\" data-end=\"1496\">intensive und leuchtende Farben<\/strong>, die sich ideal f\u00fcr Trockenzeichnungen sowie f\u00fcr Aquarelltechniken eignen.  <\/p>\n<p data-start=\"1566\" data-end=\"1837\">Dank ihrer <strong data-start=\"1583\" data-end=\"1603\">Wasservermalbarkeit<\/strong> erm\u00f6glichen die Swisscolor, Bleistiftstriche in wundersch\u00f6ne Pinselstriche zu verwandeln: Mit etwas Wasser entstehen weiche und transparente Effekte, ideal f\u00fcr Schattierungen, Verl\u00e4ufe und k\u00fcnstlerische Details mit gro\u00dfer Wirkung.<\/p>\n<p data-start=\"1839\" data-end=\"1995\">Das Set ist in einem <strong data-start=\"1864\" data-end=\"1896\">eleganten Metalletui<\/strong> verpackt, kompakt und robust, ideal zum geordneten und sicheren Aufbewahren und Transportieren der Stifte.<\/p>\n<h3 data-start=\"1997\" data-end=\"2050\">Exklusive Personalisierung mit Lasergravur<\/h3>\n<p data-start=\"2052\" data-end=\"2301\">Ein besonderes Merkmal, das dieses Set einzigartig macht, ist die M\u00f6glichkeit, <strong data-start=\"2119\" data-end=\"2167\">die Stifte und das Innere der Schachtel mit Lasergravur zu personalisieren<\/strong>. Sie k\u00f6nnen <strong data-start=\"2183\" data-end=\"2216\">Namen, Widmungen oder kurze S\u00e4tze<\/strong> direkt auf den K\u00f6rper jedes Stifts gravieren lassen, um ein wirklich exklusives Geschenk zu schaffen. <\/p>\n<p data-start=\"2303\" data-end=\"2557\">Auf der Website k\u00f6nnen Sie den zu gravierenden Text eingeben und die Vorschau anzeigen. Online erscheint die Schrift in <strong data-start=\"2403\" data-end=\"2418\">schwarzer Farbe<\/strong> zur besseren Sichtbarkeit, aber die <strong data-start=\"2451\" data-end=\"2470\">Lasergravur<\/strong> entfernt die oberfl\u00e4chliche Holzschicht und erzeugt einen nat\u00fcrlichen und eleganten Effekt. <\/p>\n<h3 data-start=\"2559\" data-end=\"2605\">Das perfekte Geschenk f\u00fcr Zeichenliebhaber<\/h3>\n<p data-start=\"2607\" data-end=\"2815\">Die <strong data-start=\"2610\" data-end=\"2637\">Caran d&#8217;Ache Swisscolor<\/strong> sind nicht nur Stifte von h\u00f6chster Qualit\u00e4t, sondern auch ein <strong data-start=\"2693\" data-end=\"2718\">personalisiertes Geschenk<\/strong>, das Pr\u00e4zision, Kunst und Einzigartigkeit vereint. Perfekt f\u00fcr Studenten, Kreative und K\u00fcnstler jeden Alters. <\/p>\n","protected":false},"excerpt":{"rendered":"<p>[fpd_view_thumbnails]<br \/>\n[fpd_module type=\"text-layers\"]<br \/>\n[fpd_module type=\"text\"]<br \/>\n[fpd_module type=\"designs\"]<\/p>\n","protected":false},"featured_media":26299,"template":"","meta":{"_acf_changed":false},"product_brand":[],"product_cat":[852,858,860,890],"product_tag":[],"class_list":{"0":"post-45197","1":"product","2":"type-product","3":"status-publish","4":"has-post-thumbnail","6":"product_cat-anpassen","7":"product_cat-ideen-weihnachten","8":"product_cat-personalisierte-farbstifte","9":"product_cat-stifte-personalisierte-box","11":"first","12":"instock","13":"taxable","14":"shipping-taxable","15":"purchasable","16":"product-type-simple","17":"add-to-wishlist-after_add_to_cart"},"acf":[],"yoast_head":"<!-- This site is optimized with the Yoast SEO Premium plugin v27.5 (Yoast SEO v27.6) - https:\/\/yoast.com\/product\/yoast-seo-premium-wordpress\/ -->\n<title>CARAN D&#039;ACHE Swisscolor \u2013 Set mit 18 personalisierten Farbstiften - Cartoleria Donati SA<\/title>\n<meta name=\"description\" content=\"Caran d&#039;Ache Swisscolor Farbstifte, 18 wasservermalbare Farben. H\u00f6chste Qualit\u00e4t Swiss Made, intensive Pigmente und Pr\u00e4zision. Mit Lasergravur personalisierbar.\" \/>\n<meta name=\"robots\" content=\"index, follow, max-snippet:-1, max-image-preview:large, max-video-preview:-1\" \/>\n<link rel=\"canonical\" href=\"https:\/\/cartoleriadonati.ch\/de\/prodotto\/caran-dache-swisscolor-set-mit-18-personalisierten-farbstiften\/\" \/>\n<meta property=\"og:locale\" content=\"de_DE\" \/>\n<meta property=\"og:type\" content=\"article\" \/>\n<meta property=\"og:title\" content=\"CARAN D&#039;ACHE Swisscolor \u2013 Set mit 18 personalisierten Farbstiften\" \/>\n<meta property=\"og:description\" content=\"Caran d&#039;Ache Swisscolor Farbstifte, 18 wasservermalbare Farben. H\u00f6chste Qualit\u00e4t Swiss Made, intensive Pigmente und Pr\u00e4zision. Mit Lasergravur personalisierbar.\" \/>\n<meta property=\"og:url\" content=\"https:\/\/cartoleriadonati.ch\/de\/prodotto\/caran-dache-swisscolor-set-mit-18-personalisierten-farbstiften\/\" \/>\n<meta property=\"og:site_name\" content=\"Cartoleria Donati SA\" \/>\n<meta property=\"article:publisher\" content=\"https:\/\/www.facebook.com\/CartoleriaDonati\" \/>\n<meta property=\"article:modified_time\" content=\"2026-05-03T12:07:35+00:00\" \/>\n<meta property=\"og:image\" content=\"https:\/\/cartoleriadonati.ch\/wp-content\/uploads\/2025\/04\/CARAN-DACHE-1285.718-7610186018329.jpg\" \/>\n\t<meta property=\"og:image:width\" content=\"1592\" \/>\n\t<meta property=\"og:image:height\" content=\"1920\" \/>\n\t<meta property=\"og:image:type\" content=\"image\/jpeg\" \/>\n<meta name=\"twitter:card\" content=\"summary_large_image\" \/>\n<meta name=\"twitter:label1\" content=\"Gesch\u00e4tzte Lesezeit\" \/>\n\t<meta name=\"twitter:data1\" content=\"2\u00a0Minuten\" \/>\n<script type=\"application\/ld+json\" class=\"yoast-schema-graph\">{\"@context\":\"https:\\\/\\\/schema.org\",\"@graph\":[{\"@type\":\"WebPage\",\"@id\":\"https:\\\/\\\/cartoleriadonati.ch\\\/de\\\/prodotto\\\/caran-dache-swisscolor-set-mit-18-personalisierten-farbstiften\\\/\",\"url\":\"https:\\\/\\\/cartoleriadonati.ch\\\/de\\\/prodotto\\\/caran-dache-swisscolor-set-mit-18-personalisierten-farbstiften\\\/\",\"name\":\"CARAN D'ACHE Swisscolor \u2013 Set mit 18 personalisierten Farbstiften - Cartoleria Donati SA\",\"isPartOf\":{\"@id\":\"https:\\\/\\\/cartoleriadonati.ch\\\/de\\\/#website\"},\"primaryImageOfPage\":{\"@id\":\"https:\\\/\\\/cartoleriadonati.ch\\\/de\\\/prodotto\\\/caran-dache-swisscolor-set-mit-18-personalisierten-farbstiften\\\/#primaryimage\"},\"image\":{\"@id\":\"https:\\\/\\\/cartoleriadonati.ch\\\/de\\\/prodotto\\\/caran-dache-swisscolor-set-mit-18-personalisierten-farbstiften\\\/#primaryimage\"},\"thumbnailUrl\":\"https:\\\/\\\/cartoleriadonati.ch\\\/wp-content\\\/uploads\\\/2025\\\/04\\\/CARAN-DACHE-1285.718-7610186018329.jpg\",\"datePublished\":\"2025-10-10T15:20:58+00:00\",\"dateModified\":\"2026-05-03T12:07:35+00:00\",\"description\":\"Caran d'Ache Swisscolor Farbstifte, 18 wasservermalbare Farben. H\u00f6chste Qualit\u00e4t Swiss Made, intensive Pigmente und Pr\u00e4zision. Mit Lasergravur personalisierbar.\",\"breadcrumb\":{\"@id\":\"https:\\\/\\\/cartoleriadonati.ch\\\/de\\\/prodotto\\\/caran-dache-swisscolor-set-mit-18-personalisierten-farbstiften\\\/#breadcrumb\"},\"inLanguage\":\"de\",\"potentialAction\":[{\"@type\":\"ReadAction\",\"target\":[\"https:\\\/\\\/cartoleriadonati.ch\\\/de\\\/prodotto\\\/caran-dache-swisscolor-set-mit-18-personalisierten-farbstiften\\\/\"]}]},{\"@type\":\"ImageObject\",\"inLanguage\":\"de\",\"@id\":\"https:\\\/\\\/cartoleriadonati.ch\\\/de\\\/prodotto\\\/caran-dache-swisscolor-set-mit-18-personalisierten-farbstiften\\\/#primaryimage\",\"url\":\"https:\\\/\\\/cartoleriadonati.ch\\\/wp-content\\\/uploads\\\/2025\\\/04\\\/CARAN-DACHE-1285.718-7610186018329.jpg\",\"contentUrl\":\"https:\\\/\\\/cartoleriadonati.ch\\\/wp-content\\\/uploads\\\/2025\\\/04\\\/CARAN-DACHE-1285.718-7610186018329.jpg\",\"width\":1592,\"height\":1920},{\"@type\":\"BreadcrumbList\",\"@id\":\"https:\\\/\\\/cartoleriadonati.ch\\\/de\\\/prodotto\\\/caran-dache-swisscolor-set-mit-18-personalisierten-farbstiften\\\/#breadcrumb\",\"itemListElement\":[{\"@type\":\"ListItem\",\"position\":1,\"name\":\"Home\",\"item\":\"https:\\\/\\\/cartoleriadonati.ch\\\/de\\\/home-page\\\/\"},{\"@type\":\"ListItem\",\"position\":2,\"name\":\"Shop\",\"item\":\"https:\\\/\\\/cartoleriadonati.ch\\\/de\\\/shop\\\/\"},{\"@type\":\"ListItem\",\"position\":3,\"name\":\"CARAN D&#8217;ACHE Swisscolor \u2013 Set mit 18 personalisierten Farbstiften\"}]},{\"@type\":\"WebSite\",\"@id\":\"https:\\\/\\\/cartoleriadonati.ch\\\/de\\\/#website\",\"url\":\"https:\\\/\\\/cartoleriadonati.ch\\\/de\\\/\",\"name\":\"Cartoleria Donati SA\",\"description\":\"Sito internet ufficiale della Cartoleria Donati SA\",\"publisher\":{\"@id\":\"https:\\\/\\\/cartoleriadonati.ch\\\/de\\\/#organization\"},\"potentialAction\":[{\"@type\":\"SearchAction\",\"target\":{\"@type\":\"EntryPoint\",\"urlTemplate\":\"https:\\\/\\\/cartoleriadonati.ch\\\/de\\\/?s={search_term_string}\"},\"query-input\":{\"@type\":\"PropertyValueSpecification\",\"valueRequired\":true,\"valueName\":\"search_term_string\"}}],\"inLanguage\":\"de\"},{\"@type\":\"Organization\",\"@id\":\"https:\\\/\\\/cartoleriadonati.ch\\\/de\\\/#organization\",\"name\":\"Cartoleria Donati SA\",\"url\":\"https:\\\/\\\/cartoleriadonati.ch\\\/de\\\/\",\"logo\":{\"@type\":\"ImageObject\",\"inLanguage\":\"de\",\"@id\":\"https:\\\/\\\/cartoleriadonati.ch\\\/de\\\/#\\\/schema\\\/logo\\\/image\\\/\",\"url\":\"https:\\\/\\\/cartoleriadonati.ch\\\/wp-content\\\/uploads\\\/2019\\\/06\\\/DONATI_logo-1.png\",\"contentUrl\":\"https:\\\/\\\/cartoleriadonati.ch\\\/wp-content\\\/uploads\\\/2019\\\/06\\\/DONATI_logo-1.png\",\"width\":2339,\"height\":1654,\"caption\":\"Cartoleria Donati SA\"},\"image\":{\"@id\":\"https:\\\/\\\/cartoleriadonati.ch\\\/de\\\/#\\\/schema\\\/logo\\\/image\\\/\"},\"sameAs\":[\"https:\\\/\\\/www.facebook.com\\\/CartoleriaDonati\"]}]}<\/script>\n<!-- \/ Yoast SEO Premium plugin. -->","yoast_head_json":{"title":"CARAN D'ACHE Swisscolor \u2013 Set mit 18 personalisierten Farbstiften - Cartoleria Donati SA","description":"Caran d'Ache Swisscolor Farbstifte, 18 wasservermalbare Farben. H\u00f6chste Qualit\u00e4t Swiss Made, intensive Pigmente und Pr\u00e4zision. Mit Lasergravur personalisierbar.","robots":{"index":"index","follow":"follow","max-snippet":"max-snippet:-1","max-image-preview":"max-image-preview:large","max-video-preview":"max-video-preview:-1"},"canonical":"https:\/\/cartoleriadonati.ch\/de\/prodotto\/caran-dache-swisscolor-set-mit-18-personalisierten-farbstiften\/","og_locale":"de_DE","og_type":"article","og_title":"CARAN D'ACHE Swisscolor \u2013 Set mit 18 personalisierten Farbstiften","og_description":"Caran d'Ache Swisscolor Farbstifte, 18 wasservermalbare Farben. H\u00f6chste Qualit\u00e4t Swiss Made, intensive Pigmente und Pr\u00e4zision. Mit Lasergravur personalisierbar.","og_url":"https:\/\/cartoleriadonati.ch\/de\/prodotto\/caran-dache-swisscolor-set-mit-18-personalisierten-farbstiften\/","og_site_name":"Cartoleria Donati SA","article_publisher":"https:\/\/www.facebook.com\/CartoleriaDonati","article_modified_time":"2026-05-03T12:07:35+00:00","og_image":[{"width":1592,"height":1920,"url":"https:\/\/cartoleriadonati.ch\/wp-content\/uploads\/2025\/04\/CARAN-DACHE-1285.718-7610186018329.jpg","type":"image\/jpeg"}],"twitter_card":"summary_large_image","twitter_misc":{"Gesch\u00e4tzte Lesezeit":"2\u00a0Minuten"},"schema":{"@context":"https:\/\/schema.org","@graph":[{"@type":"WebPage","@id":"https:\/\/cartoleriadonati.ch\/de\/prodotto\/caran-dache-swisscolor-set-mit-18-personalisierten-farbstiften\/","url":"https:\/\/cartoleriadonati.ch\/de\/prodotto\/caran-dache-swisscolor-set-mit-18-personalisierten-farbstiften\/","name":"CARAN D'ACHE Swisscolor \u2013 Set mit 18 personalisierten Farbstiften - Cartoleria Donati SA","isPartOf":{"@id":"https:\/\/cartoleriadonati.ch\/de\/#website"},"primaryImageOfPage":{"@id":"https:\/\/cartoleriadonati.ch\/de\/prodotto\/caran-dache-swisscolor-set-mit-18-personalisierten-farbstiften\/#primaryimage"},"image":{"@id":"https:\/\/cartoleriadonati.ch\/de\/prodotto\/caran-dache-swisscolor-set-mit-18-personalisierten-farbstiften\/#primaryimage"},"thumbnailUrl":"https:\/\/cartoleriadonati.ch\/wp-content\/uploads\/2025\/04\/CARAN-DACHE-1285.718-7610186018329.jpg","datePublished":"2025-10-10T15:20:58+00:00","dateModified":"2026-05-03T12:07:35+00:00","description":"Caran d'Ache Swisscolor Farbstifte, 18 wasservermalbare Farben. H\u00f6chste Qualit\u00e4t Swiss Made, intensive Pigmente und Pr\u00e4zision. Mit Lasergravur personalisierbar.","breadcrumb":{"@id":"https:\/\/cartoleriadonati.ch\/de\/prodotto\/caran-dache-swisscolor-set-mit-18-personalisierten-farbstiften\/#breadcrumb"},"inLanguage":"de","potentialAction":[{"@type":"ReadAction","target":["https:\/\/cartoleriadonati.ch\/de\/prodotto\/caran-dache-swisscolor-set-mit-18-personalisierten-farbstiften\/"]}]},{"@type":"ImageObject","inLanguage":"de","@id":"https:\/\/cartoleriadonati.ch\/de\/prodotto\/caran-dache-swisscolor-set-mit-18-personalisierten-farbstiften\/#primaryimage","url":"https:\/\/cartoleriadonati.ch\/wp-content\/uploads\/2025\/04\/CARAN-DACHE-1285.718-7610186018329.jpg","contentUrl":"https:\/\/cartoleriadonati.ch\/wp-content\/uploads\/2025\/04\/CARAN-DACHE-1285.718-7610186018329.jpg","width":1592,"height":1920},{"@type":"BreadcrumbList","@id":"https:\/\/cartoleriadonati.ch\/de\/prodotto\/caran-dache-swisscolor-set-mit-18-personalisierten-farbstiften\/#breadcrumb","itemListElement":[{"@type":"ListItem","position":1,"name":"Home","item":"https:\/\/cartoleriadonati.ch\/de\/home-page\/"},{"@type":"ListItem","position":2,"name":"Shop","item":"https:\/\/cartoleriadonati.ch\/de\/shop\/"},{"@type":"ListItem","position":3,"name":"CARAN D&#8217;ACHE Swisscolor \u2013 Set mit 18 personalisierten Farbstiften"}]},{"@type":"WebSite","@id":"https:\/\/cartoleriadonati.ch\/de\/#website","url":"https:\/\/cartoleriadonati.ch\/de\/","name":"Cartoleria Donati SA","description":"Sito internet ufficiale della Cartoleria Donati SA","publisher":{"@id":"https:\/\/cartoleriadonati.ch\/de\/#organization"},"potentialAction":[{"@type":"SearchAction","target":{"@type":"EntryPoint","urlTemplate":"https:\/\/cartoleriadonati.ch\/de\/?s={search_term_string}"},"query-input":{"@type":"PropertyValueSpecification","valueRequired":true,"valueName":"search_term_string"}}],"inLanguage":"de"},{"@type":"Organization","@id":"https:\/\/cartoleriadonati.ch\/de\/#organization","name":"Cartoleria Donati SA","url":"https:\/\/cartoleriadonati.ch\/de\/","logo":{"@type":"ImageObject","inLanguage":"de","@id":"https:\/\/cartoleriadonati.ch\/de\/#\/schema\/logo\/image\/","url":"https:\/\/cartoleriadonati.ch\/wp-content\/uploads\/2019\/06\/DONATI_logo-1.png","contentUrl":"https:\/\/cartoleriadonati.ch\/wp-content\/uploads\/2019\/06\/DONATI_logo-1.png","width":2339,"height":1654,"caption":"Cartoleria Donati SA"},"image":{"@id":"https:\/\/cartoleriadonati.ch\/de\/#\/schema\/logo\/image\/"},"sameAs":["https:\/\/www.facebook.com\/CartoleriaDonati"]}]}},"_links":{"self":[{"href":"https:\/\/cartoleriadonati.ch\/de\/wp-json\/wp\/v2\/product\/45197","targetHints":{"allow":["GET"]}}],"collection":[{"href":"https:\/\/cartoleriadonati.ch\/de\/wp-json\/wp\/v2\/product"}],"about":[{"href":"https:\/\/cartoleriadonati.ch\/de\/wp-json\/wp\/v2\/types\/product"}],"wp:featuredmedia":[{"embeddable":true,"href":"https:\/\/cartoleriadonati.ch\/de\/wp-json\/wp\/v2\/media\/26299"}],"wp:attachment":[{"href":"https:\/\/cartoleriadonati.ch\/de\/wp-json\/wp\/v2\/media?parent=45197"}],"wp:term":[{"taxonomy":"product_brand","embeddable":true,"href":"https:\/\/cartoleriadonati.ch\/de\/wp-json\/wp\/v2\/product_brand?post=45197"},{"taxonomy":"product_cat","embeddable":true,"href":"https:\/\/cartoleriadonati.ch\/de\/wp-json\/wp\/v2\/product_cat?post=45197"},{"taxonomy":"product_tag","embeddable":true,"href":"https:\/\/cartoleriadonati.ch\/de\/wp-json\/wp\/v2\/product_tag?post=45197"}],"curies":[{"name":"wp","href":"https:\/\/api.w.org\/{rel}","templated":true}]}}