{"id":45025,"date":"2025-10-23T13:33:05","date_gmt":"2025-10-23T13:33:05","guid":{"rendered":"https:\/\/cartoleriadonati.ch\/prodotto\/waterman-kugelschreiber-hemisphere-metal-grey\/"},"modified":"2026-05-03T12:00:54","modified_gmt":"2026-05-03T12:00:54","slug":"waterman-kugelschreiber-hemisphere-metal-grey","status":"publish","type":"product","link":"https:\/\/cartoleriadonati.ch\/de\/prodotto\/waterman-kugelschreiber-hemisphere-metal-grey\/","title":{"rendered":"WATERMAN Kugelschreiber H\u00e9misph\u00e8re Metal Grey"},"content":{"rendered":"<p>Inspiriert vom wachsenden Modetrend des dezenten Luxus, bietet der H\u00e9misph\u00e8re Understated Edit Kugelschreiber in Steingrau die perfekte neutrale Erg\u00e4nzung zu den Klassikern Ihrer Garderobe, Saison f\u00fcr Saison. Er besticht durch eine elegante, schlanke Silhouette, wobei Schaft und Kappe in einem luxuri\u00f6sen Metalliclack mit einer edlen Hellgold-Beschichtung veredelt sind. Das saison\u00fcbergreifende Design wird durch den leicht vergoldeten Waterman-Clip mit Doppelverzweigung abgerundet. Die fachm\u00e4nnisch entwickelte Kugelschreiberspitze mit schnelltrocknender Tinte garantiert ein fl\u00fcssiges Schreiben. Der H\u00e9misph\u00e8re Understated Edit Kugelschreiber ist ein Accessoire, an dem Sie viele Jahre lang Freude haben werden.    <\/p>\n<ul>\n<li>ausgestattet mit Waterman Standard Maxima M Mine in Blau<\/li>\n<\/ul>\n<p data-start=\"353\" data-end=\"544\"><strong>So personalisieren Sie Ihr Produkt:  <\/strong><\/p>\n<ol>\n<li><strong data-start=\"357\" data-end=\"383\">Design personalisieren<\/strong><br data-start=\"383\" data-end=\"386\">Auf der rechten Seite k\u00f6nnen Sie den zu gravierenden Text eingeben. Sobald der Text geschrieben ist, k\u00f6nnen Sie zwischen Druck- oder Schreibschrift w\u00e4hlen. <\/li>\n<li data-start=\"546\" data-end=\"660\"><strong data-start=\"550\" data-end=\"571\">Bestellung abschlie\u00dfen<\/strong><br data-start=\"571\" data-end=\"574\">Wenn das Design fertig ist, legen Sie das Produkt in den Warenkorb und fahren Sie mit dem Checkout fort.<\/li>\n<li data-start=\"662\" data-end=\"797\"><strong data-start=\"666\" data-end=\"688\">Dateipr\u00fcfung<\/strong><br data-start=\"688\" data-end=\"691\">Vor der Gravur pr\u00fcfen wir die Datei stets. Bei Zweifeln oder ungeeignetem Design werden wir Sie kontaktieren. <\/li>\n<li data-start=\"799\" data-end=\"919\"><strong data-start=\"803\" data-end=\"840\">Produktion in unserer Schreibwarenhandlung<\/strong><br data-start=\"840\" data-end=\"843\">Das Produkt wird bei der Cartoleria Donati SA graviert und personalisiert.<\/li>\n<\/ol>\n<p><strong data-start=\"923\" data-end=\"947\">Produktionszeit:<\/strong> ca. <strong data-start=\"954\" data-end=\"979\">1\u20132 Werktage<\/strong>.<\/p>\n","protected":false},"excerpt":{"rendered":"<p>Inspiriert vom wachsenden Modetrend des dezenten Luxus, bietet der H\u00e9misph\u00e8re Understated Edit Kugelschreiber in Steingrau die perfekte neutrale Erg\u00e4nzung zu den Klassikern Ihrer Garderobe, Saison f\u00fcr Saison. Er besticht durch eine elegante, schlanke Silhouette, wobei Schaft und Kappe in einem luxuri\u00f6sen Metalliclack mit einer&#8230;<\/p>\n","protected":false},"featured_media":38505,"template":"","meta":{"_acf_changed":false},"product_brand":[],"product_cat":[863],"product_tag":[],"class_list":{"0":"post-45025","1":"product","2":"type-product","3":"status-publish","4":"has-post-thumbnail","6":"product_cat-kugelschreiber","7":"wcpa_has_options","9":"first","10":"instock","11":"taxable","12":"shipping-taxable","13":"purchasable","14":"product-type-simple","15":"add-to-wishlist-after_add_to_cart"},"acf":[],"yoast_head":"<!-- This site is optimized with the Yoast SEO Premium plugin v27.5 (Yoast SEO v27.6) - https:\/\/yoast.com\/product\/yoast-seo-premium-wordpress\/ -->\n<title>WATERMAN Kugelschreiber H\u00e9misph\u00e8re Metal Grey - Cartoleria Donati SA<\/title>\n<meta name=\"robots\" content=\"index, follow, max-snippet:-1, max-image-preview:large, max-video-preview:-1\" \/>\n<link rel=\"canonical\" href=\"https:\/\/cartoleriadonati.ch\/de\/prodotto\/waterman-kugelschreiber-hemisphere-metal-grey\/\" \/>\n<meta property=\"og:locale\" content=\"de_DE\" \/>\n<meta property=\"og:type\" content=\"article\" \/>\n<meta property=\"og:title\" content=\"WATERMAN Kugelschreiber H\u00e9misph\u00e8re Metal Grey\" \/>\n<meta property=\"og:description\" content=\"Inspiriert vom wachsenden Modetrend des dezenten Luxus, bietet der H\u00e9misph\u00e8re Understated Edit Kugelschreiber in Steingrau die perfekte neutrale Erg\u00e4nzung zu den Klassikern Ihrer Garderobe, Saison f\u00fcr Saison. Er besticht durch eine elegante, schlanke Silhouette, wobei Schaft und Kappe in einem luxuri\u00f6sen Metalliclack mit einer...\" \/>\n<meta property=\"og:url\" content=\"https:\/\/cartoleriadonati.ch\/de\/prodotto\/waterman-kugelschreiber-hemisphere-metal-grey\/\" \/>\n<meta property=\"og:site_name\" content=\"Cartoleria Donati SA\" \/>\n<meta property=\"article:publisher\" content=\"https:\/\/www.facebook.com\/CartoleriaDonati\" \/>\n<meta property=\"article:modified_time\" content=\"2026-05-03T12:00:54+00:00\" \/>\n<meta property=\"og:image\" content=\"https:\/\/cartoleriadonati.ch\/wp-content\/uploads\/2025\/10\/Waterman-sfera-heisphere-metal-grey.png\" \/>\n\t<meta property=\"og:image:width\" content=\"1200\" \/>\n\t<meta property=\"og:image:height\" content=\"1500\" \/>\n\t<meta property=\"og:image:type\" content=\"image\/png\" \/>\n<meta name=\"twitter:card\" content=\"summary_large_image\" \/>\n<meta name=\"twitter:label1\" content=\"Gesch\u00e4tzte Lesezeit\" \/>\n\t<meta name=\"twitter:data1\" content=\"1\u00a0Minute\" \/>\n<script type=\"application\/ld+json\" class=\"yoast-schema-graph\">{\"@context\":\"https:\\\/\\\/schema.org\",\"@graph\":[{\"@type\":\"WebPage\",\"@id\":\"https:\\\/\\\/cartoleriadonati.ch\\\/de\\\/prodotto\\\/waterman-kugelschreiber-hemisphere-metal-grey\\\/\",\"url\":\"https:\\\/\\\/cartoleriadonati.ch\\\/de\\\/prodotto\\\/waterman-kugelschreiber-hemisphere-metal-grey\\\/\",\"name\":\"WATERMAN Kugelschreiber H\u00e9misph\u00e8re Metal Grey - Cartoleria Donati SA\",\"isPartOf\":{\"@id\":\"https:\\\/\\\/cartoleriadonati.ch\\\/de\\\/#website\"},\"primaryImageOfPage\":{\"@id\":\"https:\\\/\\\/cartoleriadonati.ch\\\/de\\\/prodotto\\\/waterman-kugelschreiber-hemisphere-metal-grey\\\/#primaryimage\"},\"image\":{\"@id\":\"https:\\\/\\\/cartoleriadonati.ch\\\/de\\\/prodotto\\\/waterman-kugelschreiber-hemisphere-metal-grey\\\/#primaryimage\"},\"thumbnailUrl\":\"https:\\\/\\\/cartoleriadonati.ch\\\/wp-content\\\/uploads\\\/2025\\\/10\\\/Waterman-sfera-heisphere-metal-grey.png\",\"datePublished\":\"2025-10-23T13:33:05+00:00\",\"dateModified\":\"2026-05-03T12:00:54+00:00\",\"breadcrumb\":{\"@id\":\"https:\\\/\\\/cartoleriadonati.ch\\\/de\\\/prodotto\\\/waterman-kugelschreiber-hemisphere-metal-grey\\\/#breadcrumb\"},\"inLanguage\":\"de\",\"potentialAction\":[{\"@type\":\"ReadAction\",\"target\":[\"https:\\\/\\\/cartoleriadonati.ch\\\/de\\\/prodotto\\\/waterman-kugelschreiber-hemisphere-metal-grey\\\/\"]}]},{\"@type\":\"ImageObject\",\"inLanguage\":\"de\",\"@id\":\"https:\\\/\\\/cartoleriadonati.ch\\\/de\\\/prodotto\\\/waterman-kugelschreiber-hemisphere-metal-grey\\\/#primaryimage\",\"url\":\"https:\\\/\\\/cartoleriadonati.ch\\\/wp-content\\\/uploads\\\/2025\\\/10\\\/Waterman-sfera-heisphere-metal-grey.png\",\"contentUrl\":\"https:\\\/\\\/cartoleriadonati.ch\\\/wp-content\\\/uploads\\\/2025\\\/10\\\/Waterman-sfera-heisphere-metal-grey.png\",\"width\":1200,\"height\":1500},{\"@type\":\"BreadcrumbList\",\"@id\":\"https:\\\/\\\/cartoleriadonati.ch\\\/de\\\/prodotto\\\/waterman-kugelschreiber-hemisphere-metal-grey\\\/#breadcrumb\",\"itemListElement\":[{\"@type\":\"ListItem\",\"position\":1,\"name\":\"Home\",\"item\":\"https:\\\/\\\/cartoleriadonati.ch\\\/de\\\/home-page\\\/\"},{\"@type\":\"ListItem\",\"position\":2,\"name\":\"Shop\",\"item\":\"https:\\\/\\\/cartoleriadonati.ch\\\/de\\\/shop\\\/\"},{\"@type\":\"ListItem\",\"position\":3,\"name\":\"WATERMAN Kugelschreiber H\u00e9misph\u00e8re Metal Grey\"}]},{\"@type\":\"WebSite\",\"@id\":\"https:\\\/\\\/cartoleriadonati.ch\\\/de\\\/#website\",\"url\":\"https:\\\/\\\/cartoleriadonati.ch\\\/de\\\/\",\"name\":\"Cartoleria Donati SA\",\"description\":\"Sito internet ufficiale della Cartoleria Donati SA\",\"publisher\":{\"@id\":\"https:\\\/\\\/cartoleriadonati.ch\\\/de\\\/#organization\"},\"potentialAction\":[{\"@type\":\"SearchAction\",\"target\":{\"@type\":\"EntryPoint\",\"urlTemplate\":\"https:\\\/\\\/cartoleriadonati.ch\\\/de\\\/?s={search_term_string}\"},\"query-input\":{\"@type\":\"PropertyValueSpecification\",\"valueRequired\":true,\"valueName\":\"search_term_string\"}}],\"inLanguage\":\"de\"},{\"@type\":\"Organization\",\"@id\":\"https:\\\/\\\/cartoleriadonati.ch\\\/de\\\/#organization\",\"name\":\"Cartoleria Donati SA\",\"url\":\"https:\\\/\\\/cartoleriadonati.ch\\\/de\\\/\",\"logo\":{\"@type\":\"ImageObject\",\"inLanguage\":\"de\",\"@id\":\"https:\\\/\\\/cartoleriadonati.ch\\\/de\\\/#\\\/schema\\\/logo\\\/image\\\/\",\"url\":\"https:\\\/\\\/cartoleriadonati.ch\\\/wp-content\\\/uploads\\\/2019\\\/06\\\/DONATI_logo-1.png\",\"contentUrl\":\"https:\\\/\\\/cartoleriadonati.ch\\\/wp-content\\\/uploads\\\/2019\\\/06\\\/DONATI_logo-1.png\",\"width\":2339,\"height\":1654,\"caption\":\"Cartoleria Donati SA\"},\"image\":{\"@id\":\"https:\\\/\\\/cartoleriadonati.ch\\\/de\\\/#\\\/schema\\\/logo\\\/image\\\/\"},\"sameAs\":[\"https:\\\/\\\/www.facebook.com\\\/CartoleriaDonati\"]}]}<\/script>\n<!-- \/ Yoast SEO Premium plugin. -->","yoast_head_json":{"title":"WATERMAN Kugelschreiber H\u00e9misph\u00e8re Metal Grey - Cartoleria Donati SA","robots":{"index":"index","follow":"follow","max-snippet":"max-snippet:-1","max-image-preview":"max-image-preview:large","max-video-preview":"max-video-preview:-1"},"canonical":"https:\/\/cartoleriadonati.ch\/de\/prodotto\/waterman-kugelschreiber-hemisphere-metal-grey\/","og_locale":"de_DE","og_type":"article","og_title":"WATERMAN Kugelschreiber H\u00e9misph\u00e8re Metal Grey","og_description":"Inspiriert vom wachsenden Modetrend des dezenten Luxus, bietet der H\u00e9misph\u00e8re Understated Edit Kugelschreiber in Steingrau die perfekte neutrale Erg\u00e4nzung zu den Klassikern Ihrer Garderobe, Saison f\u00fcr Saison. Er besticht durch eine elegante, schlanke Silhouette, wobei Schaft und Kappe in einem luxuri\u00f6sen Metalliclack mit einer...","og_url":"https:\/\/cartoleriadonati.ch\/de\/prodotto\/waterman-kugelschreiber-hemisphere-metal-grey\/","og_site_name":"Cartoleria Donati SA","article_publisher":"https:\/\/www.facebook.com\/CartoleriaDonati","article_modified_time":"2026-05-03T12:00:54+00:00","og_image":[{"width":1200,"height":1500,"url":"https:\/\/cartoleriadonati.ch\/wp-content\/uploads\/2025\/10\/Waterman-sfera-heisphere-metal-grey.png","type":"image\/png"}],"twitter_card":"summary_large_image","twitter_misc":{"Gesch\u00e4tzte Lesezeit":"1\u00a0Minute"},"schema":{"@context":"https:\/\/schema.org","@graph":[{"@type":"WebPage","@id":"https:\/\/cartoleriadonati.ch\/de\/prodotto\/waterman-kugelschreiber-hemisphere-metal-grey\/","url":"https:\/\/cartoleriadonati.ch\/de\/prodotto\/waterman-kugelschreiber-hemisphere-metal-grey\/","name":"WATERMAN Kugelschreiber H\u00e9misph\u00e8re Metal Grey - Cartoleria Donati SA","isPartOf":{"@id":"https:\/\/cartoleriadonati.ch\/de\/#website"},"primaryImageOfPage":{"@id":"https:\/\/cartoleriadonati.ch\/de\/prodotto\/waterman-kugelschreiber-hemisphere-metal-grey\/#primaryimage"},"image":{"@id":"https:\/\/cartoleriadonati.ch\/de\/prodotto\/waterman-kugelschreiber-hemisphere-metal-grey\/#primaryimage"},"thumbnailUrl":"https:\/\/cartoleriadonati.ch\/wp-content\/uploads\/2025\/10\/Waterman-sfera-heisphere-metal-grey.png","datePublished":"2025-10-23T13:33:05+00:00","dateModified":"2026-05-03T12:00:54+00:00","breadcrumb":{"@id":"https:\/\/cartoleriadonati.ch\/de\/prodotto\/waterman-kugelschreiber-hemisphere-metal-grey\/#breadcrumb"},"inLanguage":"de","potentialAction":[{"@type":"ReadAction","target":["https:\/\/cartoleriadonati.ch\/de\/prodotto\/waterman-kugelschreiber-hemisphere-metal-grey\/"]}]},{"@type":"ImageObject","inLanguage":"de","@id":"https:\/\/cartoleriadonati.ch\/de\/prodotto\/waterman-kugelschreiber-hemisphere-metal-grey\/#primaryimage","url":"https:\/\/cartoleriadonati.ch\/wp-content\/uploads\/2025\/10\/Waterman-sfera-heisphere-metal-grey.png","contentUrl":"https:\/\/cartoleriadonati.ch\/wp-content\/uploads\/2025\/10\/Waterman-sfera-heisphere-metal-grey.png","width":1200,"height":1500},{"@type":"BreadcrumbList","@id":"https:\/\/cartoleriadonati.ch\/de\/prodotto\/waterman-kugelschreiber-hemisphere-metal-grey\/#breadcrumb","itemListElement":[{"@type":"ListItem","position":1,"name":"Home","item":"https:\/\/cartoleriadonati.ch\/de\/home-page\/"},{"@type":"ListItem","position":2,"name":"Shop","item":"https:\/\/cartoleriadonati.ch\/de\/shop\/"},{"@type":"ListItem","position":3,"name":"WATERMAN Kugelschreiber H\u00e9misph\u00e8re Metal Grey"}]},{"@type":"WebSite","@id":"https:\/\/cartoleriadonati.ch\/de\/#website","url":"https:\/\/cartoleriadonati.ch\/de\/","name":"Cartoleria Donati SA","description":"Sito internet ufficiale della Cartoleria Donati SA","publisher":{"@id":"https:\/\/cartoleriadonati.ch\/de\/#organization"},"potentialAction":[{"@type":"SearchAction","target":{"@type":"EntryPoint","urlTemplate":"https:\/\/cartoleriadonati.ch\/de\/?s={search_term_string}"},"query-input":{"@type":"PropertyValueSpecification","valueRequired":true,"valueName":"search_term_string"}}],"inLanguage":"de"},{"@type":"Organization","@id":"https:\/\/cartoleriadonati.ch\/de\/#organization","name":"Cartoleria Donati SA","url":"https:\/\/cartoleriadonati.ch\/de\/","logo":{"@type":"ImageObject","inLanguage":"de","@id":"https:\/\/cartoleriadonati.ch\/de\/#\/schema\/logo\/image\/","url":"https:\/\/cartoleriadonati.ch\/wp-content\/uploads\/2019\/06\/DONATI_logo-1.png","contentUrl":"https:\/\/cartoleriadonati.ch\/wp-content\/uploads\/2019\/06\/DONATI_logo-1.png","width":2339,"height":1654,"caption":"Cartoleria Donati SA"},"image":{"@id":"https:\/\/cartoleriadonati.ch\/de\/#\/schema\/logo\/image\/"},"sameAs":["https:\/\/www.facebook.com\/CartoleriaDonati"]}]}},"_links":{"self":[{"href":"https:\/\/cartoleriadonati.ch\/de\/wp-json\/wp\/v2\/product\/45025","targetHints":{"allow":["GET"]}}],"collection":[{"href":"https:\/\/cartoleriadonati.ch\/de\/wp-json\/wp\/v2\/product"}],"about":[{"href":"https:\/\/cartoleriadonati.ch\/de\/wp-json\/wp\/v2\/types\/product"}],"wp:featuredmedia":[{"embeddable":true,"href":"https:\/\/cartoleriadonati.ch\/de\/wp-json\/wp\/v2\/media\/38505"}],"wp:attachment":[{"href":"https:\/\/cartoleriadonati.ch\/de\/wp-json\/wp\/v2\/media?parent=45025"}],"wp:term":[{"taxonomy":"product_brand","embeddable":true,"href":"https:\/\/cartoleriadonati.ch\/de\/wp-json\/wp\/v2\/product_brand?post=45025"},{"taxonomy":"product_cat","embeddable":true,"href":"https:\/\/cartoleriadonati.ch\/de\/wp-json\/wp\/v2\/product_cat?post=45025"},{"taxonomy":"product_tag","embeddable":true,"href":"https:\/\/cartoleriadonati.ch\/de\/wp-json\/wp\/v2\/product_tag?post=45025"}],"curies":[{"name":"wp","href":"https:\/\/api.w.org\/{rel}","templated":true}]}}