{"id":47489,"date":"2024-07-07T10:29:59","date_gmt":"2024-07-07T10:29:59","guid":{"rendered":"https:\/\/cartoleriadonati.ch\/plastificazione\/"},"modified":"2026-05-03T16:45:48","modified_gmt":"2026-05-03T16:45:48","slug":"plastificazione","status":"publish","type":"page","link":"https:\/\/cartoleriadonati.ch\/de\/plastificazione\/","title":{"rendered":"Laminierung"},"content":{"rendered":"\t\t<div data-elementor-type=\"wp-page\" data-elementor-id=\"47489\" class=\"elementor elementor-47489 elementor-10242\" data-elementor-post-type=\"page\">\n\t\t\t\t<div class=\"elementor-element elementor-element-7d9b89d e-flex e-con-boxed e-con e-parent\" data-id=\"7d9b89d\" data-element_type=\"container\" data-e-type=\"container\">\n\t\t\t\t\t<div class=\"e-con-inner\">\n\t\t\t\t<div class=\"elementor-element elementor-element-45a164a elementor-widget elementor-widget-image\" data-id=\"45a164a\" data-element_type=\"widget\" data-e-type=\"widget\" data-widget_type=\"image.default\">\n\t\t\t\t<div class=\"elementor-widget-container\">\n\t\t\t\t\t\t\t\t\t\t\t\t\t\t\t<img decoding=\"async\" src=\"https:\/\/cartoleriadonati.ch\/wp-content\/uploads\/elementor\/thumbs\/Banner-plastificazione-qr8h0gcesel3qhnxwxxpfyodimf74kj4lp4blnn3co.webp\" title=\"Banner Laminierung\" alt=\"Banner Laminierung\" loading=\"lazy\" \/>\t\t\t\t\t\t\t\t\t\t\t\t\t\t\t<\/div>\n\t\t\t\t<\/div>\n\t\t\t\t\t<\/div>\n\t\t\t\t<\/div>\n\t\t<div class=\"elementor-element elementor-element-8a6654b e-flex e-con-boxed e-con e-parent\" data-id=\"8a6654b\" data-element_type=\"container\" data-e-type=\"container\">\n\t\t\t\t\t<div class=\"e-con-inner\">\n\t\t\t\t<div class=\"elementor-element elementor-element-3b07f61 elementor-widget elementor-widget-heading\" data-id=\"3b07f61\" data-element_type=\"widget\" data-e-type=\"widget\" data-widget_type=\"heading.default\">\n\t\t\t\t<div class=\"elementor-widget-container\">\n\t\t\t\t\t<h2 class=\"elementor-heading-title elementor-size-default\">Laminierung von Dokumenten<\/h2>\t\t\t\t<\/div>\n\t\t\t\t<\/div>\n\t\t\t\t\t<\/div>\n\t\t\t\t<\/div>\n\t\t<div class=\"elementor-element elementor-element-e7cf365 e-flex e-con-boxed e-con e-parent\" data-id=\"e7cf365\" data-element_type=\"container\" data-e-type=\"container\">\n\t\t\t\t\t<div class=\"e-con-inner\">\n\t\t<div class=\"elementor-element elementor-element-3fe4a4f e-con-full e-flex e-con e-child\" data-id=\"3fe4a4f\" data-element_type=\"container\" data-e-type=\"container\">\n\t\t\t\t<div class=\"elementor-element elementor-element-a32e64d elementor-widget elementor-widget-text-editor\" data-id=\"a32e64d\" data-element_type=\"widget\" data-e-type=\"widget\" data-widget_type=\"text-editor.default\">\n\t\t\t\t<div class=\"elementor-widget-container\">\n\t\t\t\t\t\t\t\t\t<p>Willkommen auf unserer Seite zum Laminierservice, auf der Sie alle n\u00fctzlichen Informationen zu diesem wichtigen Service finden. <a href=\"https:\/\/136500.500.offix.ch\/it\/catalog\/accessori-per-plastificatrice-aEVe3OvwXGr\">Die Laminierung<\/a> ist ein Verfahren, bei dem Papierdokumente mit einer transparenten Kunststofffolie \u00fcberzogen werden, um sie zu sch\u00fctzen und widerstandsf\u00e4higer zu machen. In unserem Gesch\u00e4ft bieten wir einen schnellen und professionellen Laminierservice, der sich perfekt eignet, um Ihre wichtigsten Dokumente zu bewahren. <\/p><p><a href=\"https:\/\/136500.500.offix.ch\/it\/catalog\/accessori-per-plastificatrice-aEVe3OvwXGr\">Die Laminierung<\/a> ist ideal f\u00fcr eine Vielzahl von Dokumenten, darunter Zertifikate, Diplome, Fotografien, Speisekarten, Ausweise, Beschilderungen und vieles mehr. Dieses Verfahren sch\u00fctzt die Dokumente nicht nur vor Abnutzung, Knicken und Rissen, sondern macht sie auch wasserfest und sch\u00fctzt sie vor m\u00f6glichen Wassersch\u00e4den. Dar\u00fcber hinaus verst\u00e4rkt die Laminierung die Farben und die Sch\u00e4rfe des Dokuments und verleiht ihm ein professionelleres und gepflegteres Aussehen.  <\/p><p>In unserem Gesch\u00e4ft k\u00f6nnen wir Ihre Dokumente sofort laminieren und bieten Ihnen so einen schnellen und bequemen Service. Bringen Sie einfach Ihre Unterlagen mit, und wir k\u00fcmmern uns um den Rest. In Verbindung mit dem <a href=\"https:\/\/cartoleriadonati.ch\/stampa-fotocopie\/\">Online-Datei-Druckservice<\/a> k\u00f6nnen Sie die zu druckende und zu laminierende Datei hochladen, indem Sie die Option \u201eDatei laminieren\u201c ausw\u00e4hlen.  <\/p>\t\t\t\t\t\t\t\t<\/div>\n\t\t\t\t<\/div>\n\t\t\t\t<\/div>\n\t\t<div class=\"elementor-element elementor-element-6c3e556 e-con-full e-flex e-con e-child\" data-id=\"6c3e556\" data-element_type=\"container\" data-e-type=\"container\">\n\t\t\t\t<div class=\"elementor-element elementor-element-3cda4e9 elementor-widget elementor-widget-image\" data-id=\"3cda4e9\" data-element_type=\"widget\" data-e-type=\"widget\" data-widget_type=\"image.default\">\n\t\t\t\t<div class=\"elementor-widget-container\">\n\t\t\t\t\t\t\t\t\t\t\t\t\t\t\t<img fetchpriority=\"high\" decoding=\"async\" width=\"1024\" height=\"1024\" src=\"https:\/\/cartoleriadonati.ch\/wp-content\/uploads\/2024\/07\/Foto-plastificazione.webp\" class=\"attachment-large size-large wp-image-47491\" alt=\"\" srcset=\"https:\/\/cartoleriadonati.ch\/wp-content\/uploads\/2024\/07\/Foto-plastificazione.webp 1024w, https:\/\/cartoleriadonati.ch\/wp-content\/uploads\/2024\/07\/Foto-plastificazione-360x360.webp 360w, https:\/\/cartoleriadonati.ch\/wp-content\/uploads\/2024\/07\/Foto-plastificazione-100x100.webp 100w, https:\/\/cartoleriadonati.ch\/wp-content\/uploads\/2024\/07\/Foto-plastificazione-468x468.webp 468w, https:\/\/cartoleriadonati.ch\/wp-content\/uploads\/2024\/07\/Foto-plastificazione-300x300.webp 300w, https:\/\/cartoleriadonati.ch\/wp-content\/uploads\/2024\/07\/Foto-plastificazione-150x150.webp 150w, https:\/\/cartoleriadonati.ch\/wp-content\/uploads\/2024\/07\/Foto-plastificazione-768x768.webp 768w\" sizes=\"(max-width: 1024px) 100vw, 1024px\" \/>\t\t\t\t\t\t\t\t\t\t\t\t\t\t\t<\/div>\n\t\t\t\t<\/div>\n\t\t\t\t<\/div>\n\t\t\t\t\t<\/div>\n\t\t\t\t<\/div>\n\t\t<div class=\"elementor-element elementor-element-d2d8c2c e-flex e-con-boxed e-con e-parent\" data-id=\"d2d8c2c\" data-element_type=\"container\" data-e-type=\"container\">\n\t\t\t\t\t<div class=\"e-con-inner\">\n\t\t\t\t<div class=\"elementor-element elementor-element-ccf3c03 elementor-widget elementor-widget-heading\" data-id=\"ccf3c03\" data-element_type=\"widget\" data-e-type=\"widget\" data-widget_type=\"heading.default\">\n\t\t\t\t<div class=\"elementor-widget-container\">\n\t\t\t\t\t<h2 class=\"elementor-heading-title elementor-size-default\">Warum sollten Sie sich f\u00fcr die Laminierung von Dokumenten entscheiden?<\/h2>\t\t\t\t<\/div>\n\t\t\t\t<\/div>\n\t\t\t\t\t<\/div>\n\t\t\t\t<\/div>\n\t\t<div class=\"elementor-element elementor-element-e14d083 e-flex e-con-boxed e-con e-parent\" data-id=\"e14d083\" data-element_type=\"container\" data-e-type=\"container\">\n\t\t\t\t\t<div class=\"e-con-inner\">\n\t\t<div class=\"elementor-element elementor-element-2bcb883 e-con-full e-flex e-con e-child\" data-id=\"2bcb883\" data-element_type=\"container\" data-e-type=\"container\">\n\t\t\t\t<div class=\"elementor-element elementor-element-691b36e elementor-widget elementor-widget-text-editor\" data-id=\"691b36e\" data-element_type=\"widget\" data-e-type=\"widget\" data-widget_type=\"text-editor.default\">\n\t\t\t\t<div class=\"elementor-widget-container\">\n\t\t\t\t\t\t\t\t\t<p><strong>Schutz<\/strong><\/p><p>Die Laminierung sch\u00fctzt Ihre Dokumente vor Sch\u00e4den durch Wasser, Staub, Schmutz und Knicke.<\/p>\t\t\t\t\t\t\t\t<\/div>\n\t\t\t\t<\/div>\n\t\t\t\t<\/div>\n\t\t<div class=\"elementor-element elementor-element-870cee9 e-con-full e-flex e-con e-child\" data-id=\"870cee9\" data-element_type=\"container\" data-e-type=\"container\">\n\t\t\t\t<div class=\"elementor-element elementor-element-d0cbb78 elementor-widget elementor-widget-text-editor\" data-id=\"d0cbb78\" data-element_type=\"widget\" data-e-type=\"widget\" data-widget_type=\"text-editor.default\">\n\t\t\t\t<div class=\"elementor-widget-container\">\n\t\t\t\t\t\t\t\t\t<p><b>Haltbarkeit<\/b><\/p><p>Laminierte Dokumente sind wesentlich langlebiger und widerstandsf\u00e4higer als nicht laminierte Dokumente.<\/p>\t\t\t\t\t\t\t\t<\/div>\n\t\t\t\t<\/div>\n\t\t\t\t<\/div>\n\t\t<div class=\"elementor-element elementor-element-7e5887a e-con-full e-flex e-con e-child\" data-id=\"7e5887a\" data-element_type=\"container\" data-e-type=\"container\">\n\t\t\t\t<div class=\"elementor-element elementor-element-7e67f44 elementor-widget elementor-widget-text-editor\" data-id=\"7e67f44\" data-element_type=\"widget\" data-e-type=\"widget\" data-widget_type=\"text-editor.default\">\n\t\t\t\t<div class=\"elementor-widget-container\">\n\t\t\t\t\t\t\t\t\t<p><strong>Pr\u00e4sentation<\/strong><\/p><p>Verleiht Ihren Dokumenten ein professionelles und sauberes Aussehen und verbessert deren Pr\u00e4sentation.<\/p>\t\t\t\t\t\t\t\t<\/div>\n\t\t\t\t<\/div>\n\t\t\t\t<\/div>\n\t\t<div class=\"elementor-element elementor-element-7e979b0 e-con-full e-flex e-con e-child\" data-id=\"7e979b0\" data-element_type=\"container\" data-e-type=\"container\">\n\t\t\t\t<div class=\"elementor-element elementor-element-3535cc5 elementor-widget elementor-widget-text-editor\" data-id=\"3535cc5\" data-element_type=\"widget\" data-e-type=\"widget\" data-widget_type=\"text-editor.default\">\n\t\t\t\t<div class=\"elementor-widget-container\">\n\t\t\t\t\t\t\t\t\t<p><strong>Vielseitigkeit<\/strong><\/p><p>Geeignet f\u00fcr eine Vielzahl von Materialien, einschlie\u00dflich Poster, Speisekarten, Ausweise, Fotos, Karten und vieles mehr.<\/p>\t\t\t\t\t\t\t\t<\/div>\n\t\t\t\t<\/div>\n\t\t\t\t<\/div>\n\t\t\t\t\t<\/div>\n\t\t\t\t<\/div>\n\t\t<div class=\"elementor-element elementor-element-b01215e e-flex e-con-boxed e-con e-parent\" data-id=\"b01215e\" data-element_type=\"container\" data-e-type=\"container\">\n\t\t\t\t\t<div class=\"e-con-inner\">\n\t\t\t\t<div class=\"elementor-element elementor-element-5bf344b elementor-widget elementor-widget-heading\" data-id=\"5bf344b\" data-element_type=\"widget\" data-e-type=\"widget\" data-widget_type=\"heading.default\">\n\t\t\t\t<div class=\"elementor-widget-container\">\n\t\t\t\t\t<h2 class=\"elementor-heading-title elementor-size-default\">Dokumente, die laminiert werden:<\/h2>\t\t\t\t<\/div>\n\t\t\t\t<\/div>\n\t\t\t\t\t<\/div>\n\t\t\t\t<\/div>\n\t\t<div class=\"elementor-element elementor-element-f0aad23 e-flex e-con-boxed e-con e-parent\" data-id=\"f0aad23\" data-element_type=\"container\" data-e-type=\"container\">\n\t\t\t\t\t<div class=\"e-con-inner\">\n\t\t<div class=\"elementor-element elementor-element-3e116f2 e-con-full e-flex e-con e-child\" data-id=\"3e116f2\" data-element_type=\"container\" data-e-type=\"container\">\n\t\t\t\t<div class=\"elementor-element elementor-element-91f12f9 elementor-widget elementor-widget-text-editor\" data-id=\"91f12f9\" data-element_type=\"widget\" data-e-type=\"widget\" data-widget_type=\"text-editor.default\">\n\t\t\t\t<div class=\"elementor-widget-container\">\n\t\t\t\t\t\t\t\t\t<p><strong>Speisekarten und Preislisten<\/strong><\/p><p>Sch\u00fctzen Sie Ihre Speisekarten mit der Laminierung, ideal f\u00fcr Restaurants und Bars. Die Laminierung macht die Speisekarten widerstandsf\u00e4hig gegen Abnutzung, Flecken und Fl\u00fcssigkeiten und h\u00e4lt sie langfristig sauber und professionell. <\/p>\t\t\t\t\t\t\t\t<\/div>\n\t\t\t\t<\/div>\n\t\t\t\t<\/div>\n\t\t<div class=\"elementor-element elementor-element-d45f9e3 e-con-full e-flex e-con e-child\" data-id=\"d45f9e3\" data-element_type=\"container\" data-e-type=\"container\">\n\t\t\t\t<div class=\"elementor-element elementor-element-de7314f elementor-widget elementor-widget-text-editor\" data-id=\"de7314f\" data-element_type=\"widget\" data-e-type=\"widget\" data-widget_type=\"text-editor.default\">\n\t\t\t\t<div class=\"elementor-widget-container\">\n\t\t\t\t\t\t\t\t\t<p><strong>Zertifikate und Diplome<\/strong><\/p><p>Bewahren Sie Ihre Zertifikate und Diplome mit der Laminierung auf. Diese L\u00f6sung sch\u00fctzt wichtige Dokumente vor Besch\u00e4digungen und Alterung und erh\u00e4lt ihren Wert langfristig. <\/p>\t\t\t\t\t\t\t\t<\/div>\n\t\t\t\t<\/div>\n\t\t\t\t<\/div>\n\t\t<div class=\"elementor-element elementor-element-8e179cc e-con-full e-flex e-con e-child\" data-id=\"8e179cc\" data-element_type=\"container\" data-e-type=\"container\">\n\t\t\t\t<div class=\"elementor-element elementor-element-e4daed3 elementor-widget elementor-widget-text-editor\" data-id=\"e4daed3\" data-element_type=\"widget\" data-e-type=\"widget\" data-widget_type=\"text-editor.default\">\n\t\t\t\t<div class=\"elementor-widget-container\">\n\t\t\t\t\t\t\t\t\t<p><strong>Informationsschilder<\/strong><\/p><p>Laminierte Informationsschilder sind perfekt, um Witterungseinfl\u00fcssen und Abnutzung standzuhalten. Ideal f\u00fcr B\u00fcros, Schulen, Gesch\u00e4fte und Au\u00dfenbereiche, halten sie die Informationen klar und lesbar. <\/p>\t\t\t\t\t\t\t\t<\/div>\n\t\t\t\t<\/div>\n\t\t\t\t<\/div>\n\t\t<div class=\"elementor-element elementor-element-69ec3e6 e-con-full e-flex e-con e-child\" data-id=\"69ec3e6\" data-element_type=\"container\" data-e-type=\"container\">\n\t\t\t\t<div class=\"elementor-element elementor-element-d213e0a elementor-widget elementor-widget-text-editor\" data-id=\"d213e0a\" data-element_type=\"widget\" data-e-type=\"widget\" data-widget_type=\"text-editor.default\">\n\t\t\t\t<div class=\"elementor-widget-container\">\n\t\t\t\t\t\t\t\t\t<p><strong>Plakate<\/strong><\/p><p>Laminierte Plakate sind die ideale Wahl zur Bewerbung von Veranstaltungen oder Sonderangeboten. Die Laminierung macht sie langlebiger und eignet sich f\u00fcr l\u00e4ngere Ausstellungen, sowohl im Innen- als auch im Au\u00dfenbereich. <\/p>\t\t\t\t\t\t\t\t<\/div>\n\t\t\t\t<\/div>\n\t\t\t\t<\/div>\n\t\t\t\t\t<\/div>\n\t\t\t\t<\/div>\n\t\t\t\t<\/div>\n\t\t","protected":false},"excerpt":{"rendered":"<p>Laminierung von Dokumenten Willkommen auf unserer Seite zum Laminierservice, auf der Sie alle n\u00fctzlichen Informationen zu diesem wichtigen Service finden. Die Laminierung ist ein Verfahren, bei dem Papierdokumente mit einer transparenten Kunststofffolie \u00fcberzogen werden, um sie zu sch\u00fctzen und widerstandsf\u00e4higer zu machen. In unserem&#8230;<\/p>\n","protected":false},"author":1,"featured_media":47492,"parent":0,"menu_order":0,"comment_status":"closed","ping_status":"closed","template":"","meta":{"_acf_changed":false,"footnotes":""},"class_list":["post-47489","page","type-page","status-publish","has-post-thumbnail","hentry"],"acf":[],"yoast_head":"<!-- This site is optimized with the Yoast SEO Premium plugin v27.5 (Yoast SEO v27.6) - https:\/\/yoast.com\/product\/yoast-seo-premium-wordpress\/ -->\n<title>Laminierung - Cartoleria Donati SA<\/title>\n<meta name=\"description\" content=\"Sch\u00fctzen Sie Ihre Dokumente mit unserem Laminierservice. Laden Sie Ihre Dateien online hoch und erhalten Sie die laminierten Dokumente.\" \/>\n<meta name=\"robots\" content=\"index, follow, max-snippet:-1, max-image-preview:large, max-video-preview:-1\" \/>\n<link rel=\"canonical\" href=\"https:\/\/cartoleriadonati.ch\/de\/plastificazione\/\" \/>\n<meta property=\"og:locale\" content=\"de_DE\" \/>\n<meta property=\"og:type\" content=\"article\" \/>\n<meta property=\"og:title\" content=\"Laminierung\" \/>\n<meta property=\"og:description\" content=\"Sch\u00fctzen Sie Ihre Dokumente mit unserem Laminierservice. Laden Sie Ihre Dateien online hoch und erhalten Sie die laminierten Dokumente.\" \/>\n<meta property=\"og:url\" content=\"https:\/\/cartoleriadonati.ch\/de\/plastificazione\/\" \/>\n<meta property=\"og:site_name\" content=\"Cartoleria Donati SA\" \/>\n<meta property=\"article:publisher\" content=\"https:\/\/www.facebook.com\/CartoleriaDonati\" \/>\n<meta property=\"article:modified_time\" content=\"2026-05-03T16:45:48+00:00\" \/>\n<meta property=\"og:image\" content=\"https:\/\/cartoleriadonati.ch\/wp-content\/uploads\/2024\/07\/Banner-plastificazione.webp\" \/>\n\t<meta property=\"og:image:width\" content=\"1024\" \/>\n\t<meta property=\"og:image:height\" content=\"300\" \/>\n\t<meta property=\"og:image:type\" content=\"image\/webp\" \/>\n<meta name=\"twitter:card\" content=\"summary_large_image\" \/>\n<meta name=\"twitter:label1\" content=\"Gesch\u00e4tzte Lesezeit\" \/>\n\t<meta name=\"twitter:data1\" content=\"2\u00a0Minuten\" \/>\n<script type=\"application\/ld+json\" class=\"yoast-schema-graph\">{\"@context\":\"https:\\\/\\\/schema.org\",\"@graph\":[{\"@type\":\"WebPage\",\"@id\":\"https:\\\/\\\/cartoleriadonati.ch\\\/de\\\/plastificazione\\\/\",\"url\":\"https:\\\/\\\/cartoleriadonati.ch\\\/de\\\/plastificazione\\\/\",\"name\":\"Laminierung - Cartoleria Donati SA\",\"isPartOf\":{\"@id\":\"https:\\\/\\\/cartoleriadonati.ch\\\/de\\\/#website\"},\"primaryImageOfPage\":{\"@id\":\"https:\\\/\\\/cartoleriadonati.ch\\\/de\\\/plastificazione\\\/#primaryimage\"},\"image\":{\"@id\":\"https:\\\/\\\/cartoleriadonati.ch\\\/de\\\/plastificazione\\\/#primaryimage\"},\"thumbnailUrl\":\"https:\\\/\\\/cartoleriadonati.ch\\\/wp-content\\\/uploads\\\/2024\\\/07\\\/Banner-plastificazione.webp\",\"datePublished\":\"2024-07-07T10:29:59+00:00\",\"dateModified\":\"2026-05-03T16:45:48+00:00\",\"description\":\"Sch\u00fctzen Sie Ihre Dokumente mit unserem Laminierservice. Laden Sie Ihre Dateien online hoch und erhalten Sie die laminierten Dokumente.\",\"breadcrumb\":{\"@id\":\"https:\\\/\\\/cartoleriadonati.ch\\\/de\\\/plastificazione\\\/#breadcrumb\"},\"inLanguage\":\"de\",\"potentialAction\":[{\"@type\":\"ReadAction\",\"target\":[\"https:\\\/\\\/cartoleriadonati.ch\\\/de\\\/plastificazione\\\/\"]}]},{\"@type\":\"ImageObject\",\"inLanguage\":\"de\",\"@id\":\"https:\\\/\\\/cartoleriadonati.ch\\\/de\\\/plastificazione\\\/#primaryimage\",\"url\":\"https:\\\/\\\/cartoleriadonati.ch\\\/wp-content\\\/uploads\\\/2024\\\/07\\\/Banner-plastificazione.webp\",\"contentUrl\":\"https:\\\/\\\/cartoleriadonati.ch\\\/wp-content\\\/uploads\\\/2024\\\/07\\\/Banner-plastificazione.webp\",\"width\":1024,\"height\":300,\"caption\":\"Banner Laminierung\"},{\"@type\":\"BreadcrumbList\",\"@id\":\"https:\\\/\\\/cartoleriadonati.ch\\\/de\\\/plastificazione\\\/#breadcrumb\",\"itemListElement\":[{\"@type\":\"ListItem\",\"position\":1,\"name\":\"Home\",\"item\":\"https:\\\/\\\/cartoleriadonati.ch\\\/de\\\/home-page\\\/\"},{\"@type\":\"ListItem\",\"position\":2,\"name\":\"Laminierung\"}]},{\"@type\":\"WebSite\",\"@id\":\"https:\\\/\\\/cartoleriadonati.ch\\\/de\\\/#website\",\"url\":\"https:\\\/\\\/cartoleriadonati.ch\\\/de\\\/\",\"name\":\"Cartoleria Donati SA\",\"description\":\"Sito internet ufficiale della Cartoleria Donati SA\",\"publisher\":{\"@id\":\"https:\\\/\\\/cartoleriadonati.ch\\\/de\\\/#organization\"},\"potentialAction\":[{\"@type\":\"SearchAction\",\"target\":{\"@type\":\"EntryPoint\",\"urlTemplate\":\"https:\\\/\\\/cartoleriadonati.ch\\\/de\\\/?s={search_term_string}\"},\"query-input\":{\"@type\":\"PropertyValueSpecification\",\"valueRequired\":true,\"valueName\":\"search_term_string\"}}],\"inLanguage\":\"de\"},{\"@type\":\"Organization\",\"@id\":\"https:\\\/\\\/cartoleriadonati.ch\\\/de\\\/#organization\",\"name\":\"Cartoleria Donati SA\",\"url\":\"https:\\\/\\\/cartoleriadonati.ch\\\/de\\\/\",\"logo\":{\"@type\":\"ImageObject\",\"inLanguage\":\"de\",\"@id\":\"https:\\\/\\\/cartoleriadonati.ch\\\/de\\\/#\\\/schema\\\/logo\\\/image\\\/\",\"url\":\"https:\\\/\\\/cartoleriadonati.ch\\\/wp-content\\\/uploads\\\/2019\\\/06\\\/DONATI_logo-1.png\",\"contentUrl\":\"https:\\\/\\\/cartoleriadonati.ch\\\/wp-content\\\/uploads\\\/2019\\\/06\\\/DONATI_logo-1.png\",\"width\":2339,\"height\":1654,\"caption\":\"Cartoleria Donati SA\"},\"image\":{\"@id\":\"https:\\\/\\\/cartoleriadonati.ch\\\/de\\\/#\\\/schema\\\/logo\\\/image\\\/\"},\"sameAs\":[\"https:\\\/\\\/www.facebook.com\\\/CartoleriaDonati\"]}]}<\/script>\n<!-- \/ Yoast SEO Premium plugin. -->","yoast_head_json":{"title":"Laminierung - Cartoleria Donati SA","description":"Sch\u00fctzen Sie Ihre Dokumente mit unserem Laminierservice. Laden Sie Ihre Dateien online hoch und erhalten Sie die laminierten Dokumente.","robots":{"index":"index","follow":"follow","max-snippet":"max-snippet:-1","max-image-preview":"max-image-preview:large","max-video-preview":"max-video-preview:-1"},"canonical":"https:\/\/cartoleriadonati.ch\/de\/plastificazione\/","og_locale":"de_DE","og_type":"article","og_title":"Laminierung","og_description":"Sch\u00fctzen Sie Ihre Dokumente mit unserem Laminierservice. Laden Sie Ihre Dateien online hoch und erhalten Sie die laminierten Dokumente.","og_url":"https:\/\/cartoleriadonati.ch\/de\/plastificazione\/","og_site_name":"Cartoleria Donati SA","article_publisher":"https:\/\/www.facebook.com\/CartoleriaDonati","article_modified_time":"2026-05-03T16:45:48+00:00","og_image":[{"width":1024,"height":300,"url":"https:\/\/cartoleriadonati.ch\/wp-content\/uploads\/2024\/07\/Banner-plastificazione.webp","type":"image\/webp"}],"twitter_card":"summary_large_image","twitter_misc":{"Gesch\u00e4tzte Lesezeit":"2\u00a0Minuten"},"schema":{"@context":"https:\/\/schema.org","@graph":[{"@type":"WebPage","@id":"https:\/\/cartoleriadonati.ch\/de\/plastificazione\/","url":"https:\/\/cartoleriadonati.ch\/de\/plastificazione\/","name":"Laminierung - Cartoleria Donati SA","isPartOf":{"@id":"https:\/\/cartoleriadonati.ch\/de\/#website"},"primaryImageOfPage":{"@id":"https:\/\/cartoleriadonati.ch\/de\/plastificazione\/#primaryimage"},"image":{"@id":"https:\/\/cartoleriadonati.ch\/de\/plastificazione\/#primaryimage"},"thumbnailUrl":"https:\/\/cartoleriadonati.ch\/wp-content\/uploads\/2024\/07\/Banner-plastificazione.webp","datePublished":"2024-07-07T10:29:59+00:00","dateModified":"2026-05-03T16:45:48+00:00","description":"Sch\u00fctzen Sie Ihre Dokumente mit unserem Laminierservice. Laden Sie Ihre Dateien online hoch und erhalten Sie die laminierten Dokumente.","breadcrumb":{"@id":"https:\/\/cartoleriadonati.ch\/de\/plastificazione\/#breadcrumb"},"inLanguage":"de","potentialAction":[{"@type":"ReadAction","target":["https:\/\/cartoleriadonati.ch\/de\/plastificazione\/"]}]},{"@type":"ImageObject","inLanguage":"de","@id":"https:\/\/cartoleriadonati.ch\/de\/plastificazione\/#primaryimage","url":"https:\/\/cartoleriadonati.ch\/wp-content\/uploads\/2024\/07\/Banner-plastificazione.webp","contentUrl":"https:\/\/cartoleriadonati.ch\/wp-content\/uploads\/2024\/07\/Banner-plastificazione.webp","width":1024,"height":300,"caption":"Banner Laminierung"},{"@type":"BreadcrumbList","@id":"https:\/\/cartoleriadonati.ch\/de\/plastificazione\/#breadcrumb","itemListElement":[{"@type":"ListItem","position":1,"name":"Home","item":"https:\/\/cartoleriadonati.ch\/de\/home-page\/"},{"@type":"ListItem","position":2,"name":"Laminierung"}]},{"@type":"WebSite","@id":"https:\/\/cartoleriadonati.ch\/de\/#website","url":"https:\/\/cartoleriadonati.ch\/de\/","name":"Cartoleria Donati SA","description":"Sito internet ufficiale della Cartoleria Donati SA","publisher":{"@id":"https:\/\/cartoleriadonati.ch\/de\/#organization"},"potentialAction":[{"@type":"SearchAction","target":{"@type":"EntryPoint","urlTemplate":"https:\/\/cartoleriadonati.ch\/de\/?s={search_term_string}"},"query-input":{"@type":"PropertyValueSpecification","valueRequired":true,"valueName":"search_term_string"}}],"inLanguage":"de"},{"@type":"Organization","@id":"https:\/\/cartoleriadonati.ch\/de\/#organization","name":"Cartoleria Donati SA","url":"https:\/\/cartoleriadonati.ch\/de\/","logo":{"@type":"ImageObject","inLanguage":"de","@id":"https:\/\/cartoleriadonati.ch\/de\/#\/schema\/logo\/image\/","url":"https:\/\/cartoleriadonati.ch\/wp-content\/uploads\/2019\/06\/DONATI_logo-1.png","contentUrl":"https:\/\/cartoleriadonati.ch\/wp-content\/uploads\/2019\/06\/DONATI_logo-1.png","width":2339,"height":1654,"caption":"Cartoleria Donati SA"},"image":{"@id":"https:\/\/cartoleriadonati.ch\/de\/#\/schema\/logo\/image\/"},"sameAs":["https:\/\/www.facebook.com\/CartoleriaDonati"]}]}},"_links":{"self":[{"href":"https:\/\/cartoleriadonati.ch\/de\/wp-json\/wp\/v2\/pages\/47489","targetHints":{"allow":["GET"]}}],"collection":[{"href":"https:\/\/cartoleriadonati.ch\/de\/wp-json\/wp\/v2\/pages"}],"about":[{"href":"https:\/\/cartoleriadonati.ch\/de\/wp-json\/wp\/v2\/types\/page"}],"author":[{"embeddable":true,"href":"https:\/\/cartoleriadonati.ch\/de\/wp-json\/wp\/v2\/users\/1"}],"replies":[{"embeddable":true,"href":"https:\/\/cartoleriadonati.ch\/de\/wp-json\/wp\/v2\/comments?post=47489"}],"version-history":[{"count":1,"href":"https:\/\/cartoleriadonati.ch\/de\/wp-json\/wp\/v2\/pages\/47489\/revisions"}],"predecessor-version":[{"id":47493,"href":"https:\/\/cartoleriadonati.ch\/de\/wp-json\/wp\/v2\/pages\/47489\/revisions\/47493"}],"wp:featuredmedia":[{"embeddable":true,"href":"https:\/\/cartoleriadonati.ch\/de\/wp-json\/wp\/v2\/media\/47492"}],"wp:attachment":[{"href":"https:\/\/cartoleriadonati.ch\/de\/wp-json\/wp\/v2\/media?parent=47489"}],"curies":[{"name":"wp","href":"https:\/\/api.w.org\/{rel}","templated":true}]}}