{"id":46545,"date":"2024-11-06T15:24:08","date_gmt":"2024-11-06T15:24:08","guid":{"rendered":"https:\/\/cartoleriadonati.ch\/allgemeine-geschaeftsbedingungen-agb\/"},"modified":"2026-05-03T13:32:28","modified_gmt":"2026-05-03T13:32:28","slug":"allgemeine-geschaeftsbedingungen-agb","status":"publish","type":"page","link":"https:\/\/cartoleriadonati.ch\/de\/allgemeine-geschaeftsbedingungen-agb\/","title":{"rendered":"Allgemeine Gesch\u00e4ftsbedingungen (AGB)"},"content":{"rendered":"\n<p><strong>Allgemeine Gesch\u00e4ftsbedingungen (AGB)<\/strong><\/p>\n\n<p><strong>Website-Inhaber<\/strong>: Cartoleria Donati SA<br\/>Via Locarno 32<br\/>6616 Losone \u2013 Schweiz<br\/>E-Mail: <a>info@cartoleriadonati.ch<\/a><br\/>Tel: 091 751 17 88<br\/><strong>Annahme der Bedingungen<\/strong> <br\/>Mit der Aufgabe einer Bestellung auf unserer Website akzeptiert der Kunde diese Allgemeinen Gesch\u00e4ftsbedingungen vollumf\u00e4nglich.<\/p>\n\n<p><strong>Produkte und Verf\u00fcgbarkeit<\/strong> <br\/>Die verf\u00fcgbaren Produkte sind in unserem Online-Katalog ersichtlich. Die Abbildungen dienen der Veranschaulichung und k\u00f6nnen geringf\u00fcgig vom tats\u00e4chlichen Produkt abweichen. <\/p>\n\n<p><strong>Preise und Zahlungen<\/strong> <br\/>Alle Preise sind in CHF angegeben und enthalten die Mehrwertsteuer. Die Zahlung kann per Kreditkarte, TWINT, PayPal oder Bank\u00fcberweisung erfolgen. <\/p>\n\n<p><strong>Versand und Lieferung<\/strong> <br\/>Wir liefern in die ganze Schweiz. Die Lieferzeiten variieren je nach Verf\u00fcgbarkeit und Produktart (Standard oder personalisiert). <\/p>\n\n<p><strong>Personalisierte Produkte<\/strong> <br\/>Personalisierte Produkte werden individuell f\u00fcr den Kunden angefertigt. Sobald die Bestellung best\u00e4tigt wurde, kann sie weder storniert noch zur\u00fcckgegeben werden, au\u00dfer im Falle von M\u00e4ngeln. <\/p>\n\n<p><strong>Verantwortung f\u00fcr hochgeladene Inhalte<\/strong><br\/>Der Kunde garantiert, dass er \u00fcber die Rechte zur Nutzung der hochgeladenen Bilder, Texte oder Logos verf\u00fcgt. Cartoleria Donati SA haftet nicht f\u00fcr etwaige Urheberrechts- oder Datenschutzverletzungen. <\/p>\n","protected":false},"excerpt":{"rendered":"<p>Allgemeine Gesch\u00e4ftsbedingungen (AGB) Website-Inhaber: Cartoleria Donati SAVia Locarno 326616 Losone \u2013 SchweizE-Mail: info@cartoleriadonati.chTel: 091 751 17 88Annahme der Bedingungen Mit der Aufgabe einer Bestellung auf unserer Website akzeptiert der Kunde diese Allgemeinen Gesch\u00e4ftsbedingungen vollumf\u00e4nglich. Produkte und Verf\u00fcgbarkeit Die verf\u00fcgbaren Produkte sind in unserem Online-Katalog&#8230;<\/p>\n","protected":false},"author":1,"featured_media":0,"parent":0,"menu_order":0,"comment_status":"closed","ping_status":"closed","template":"","meta":{"_acf_changed":false,"footnotes":""},"class_list":["post-46545","page","type-page","status-publish","hentry"],"acf":[],"yoast_head":"<!-- This site is optimized with the Yoast SEO Premium plugin v27.5 (Yoast SEO v27.6) - https:\/\/yoast.com\/product\/yoast-seo-premium-wordpress\/ -->\n<title>Allgemeine Gesch\u00e4ftsbedingungen (AGB) - Cartoleria Donati SA<\/title>\n<meta name=\"robots\" content=\"index, follow, max-snippet:-1, max-image-preview:large, max-video-preview:-1\" \/>\n<link rel=\"canonical\" href=\"https:\/\/cartoleriadonati.ch\/de\/allgemeine-geschaeftsbedingungen-agb\/\" \/>\n<meta property=\"og:locale\" content=\"de_DE\" \/>\n<meta property=\"og:type\" content=\"article\" \/>\n<meta property=\"og:title\" content=\"Allgemeine Gesch\u00e4ftsbedingungen (AGB)\" \/>\n<meta property=\"og:description\" content=\"Allgemeine Gesch\u00e4ftsbedingungen (AGB) Website-Inhaber: Cartoleria Donati SAVia Locarno 326616 Losone \u2013 SchweizE-Mail: info@cartoleriadonati.chTel: 091 751 17 88Annahme der Bedingungen Mit der Aufgabe einer Bestellung auf unserer Website akzeptiert der Kunde diese Allgemeinen Gesch\u00e4ftsbedingungen vollumf\u00e4nglich. Produkte und Verf\u00fcgbarkeit Die verf\u00fcgbaren Produkte sind in unserem Online-Katalog...\" \/>\n<meta property=\"og:url\" content=\"https:\/\/cartoleriadonati.ch\/de\/allgemeine-geschaeftsbedingungen-agb\/\" \/>\n<meta property=\"og:site_name\" content=\"Cartoleria Donati SA\" \/>\n<meta property=\"article:publisher\" content=\"https:\/\/www.facebook.com\/CartoleriaDonati\" \/>\n<meta property=\"article:modified_time\" content=\"2026-05-03T13:32:28+00:00\" \/>\n<meta property=\"og:image\" content=\"https:\/\/cartoleriadonati.ch\/wp-content\/uploads\/2024\/11\/DONATI_logo-1.png\" \/>\n\t<meta property=\"og:image:width\" content=\"2339\" \/>\n\t<meta property=\"og:image:height\" content=\"1654\" \/>\n\t<meta property=\"og:image:type\" content=\"image\/png\" \/>\n<meta name=\"twitter:card\" content=\"summary_large_image\" \/>\n<meta name=\"twitter:label1\" content=\"Gesch\u00e4tzte Lesezeit\" \/>\n\t<meta name=\"twitter:data1\" content=\"1\u00a0Minute\" \/>\n<script type=\"application\/ld+json\" class=\"yoast-schema-graph\">{\"@context\":\"https:\\\/\\\/schema.org\",\"@graph\":[{\"@type\":\"WebPage\",\"@id\":\"https:\\\/\\\/cartoleriadonati.ch\\\/de\\\/allgemeine-geschaeftsbedingungen-agb\\\/\",\"url\":\"https:\\\/\\\/cartoleriadonati.ch\\\/de\\\/allgemeine-geschaeftsbedingungen-agb\\\/\",\"name\":\"Allgemeine Gesch\u00e4ftsbedingungen (AGB) - Cartoleria Donati SA\",\"isPartOf\":{\"@id\":\"https:\\\/\\\/cartoleriadonati.ch\\\/de\\\/#website\"},\"datePublished\":\"2024-11-06T15:24:08+00:00\",\"dateModified\":\"2026-05-03T13:32:28+00:00\",\"breadcrumb\":{\"@id\":\"https:\\\/\\\/cartoleriadonati.ch\\\/de\\\/allgemeine-geschaeftsbedingungen-agb\\\/#breadcrumb\"},\"inLanguage\":\"de\",\"potentialAction\":[{\"@type\":\"ReadAction\",\"target\":[\"https:\\\/\\\/cartoleriadonati.ch\\\/de\\\/allgemeine-geschaeftsbedingungen-agb\\\/\"]}]},{\"@type\":\"BreadcrumbList\",\"@id\":\"https:\\\/\\\/cartoleriadonati.ch\\\/de\\\/allgemeine-geschaeftsbedingungen-agb\\\/#breadcrumb\",\"itemListElement\":[{\"@type\":\"ListItem\",\"position\":1,\"name\":\"Home\",\"item\":\"https:\\\/\\\/cartoleriadonati.ch\\\/de\\\/home-page\\\/\"},{\"@type\":\"ListItem\",\"position\":2,\"name\":\"Allgemeine Gesch\u00e4ftsbedingungen (AGB)\"}]},{\"@type\":\"WebSite\",\"@id\":\"https:\\\/\\\/cartoleriadonati.ch\\\/de\\\/#website\",\"url\":\"https:\\\/\\\/cartoleriadonati.ch\\\/de\\\/\",\"name\":\"Cartoleria Donati SA\",\"description\":\"Sito internet ufficiale della Cartoleria Donati SA\",\"publisher\":{\"@id\":\"https:\\\/\\\/cartoleriadonati.ch\\\/de\\\/#organization\"},\"potentialAction\":[{\"@type\":\"SearchAction\",\"target\":{\"@type\":\"EntryPoint\",\"urlTemplate\":\"https:\\\/\\\/cartoleriadonati.ch\\\/de\\\/?s={search_term_string}\"},\"query-input\":{\"@type\":\"PropertyValueSpecification\",\"valueRequired\":true,\"valueName\":\"search_term_string\"}}],\"inLanguage\":\"de\"},{\"@type\":\"Organization\",\"@id\":\"https:\\\/\\\/cartoleriadonati.ch\\\/de\\\/#organization\",\"name\":\"Cartoleria Donati SA\",\"url\":\"https:\\\/\\\/cartoleriadonati.ch\\\/de\\\/\",\"logo\":{\"@type\":\"ImageObject\",\"inLanguage\":\"de\",\"@id\":\"https:\\\/\\\/cartoleriadonati.ch\\\/de\\\/#\\\/schema\\\/logo\\\/image\\\/\",\"url\":\"https:\\\/\\\/cartoleriadonati.ch\\\/wp-content\\\/uploads\\\/2019\\\/06\\\/DONATI_logo-1.png\",\"contentUrl\":\"https:\\\/\\\/cartoleriadonati.ch\\\/wp-content\\\/uploads\\\/2019\\\/06\\\/DONATI_logo-1.png\",\"width\":2339,\"height\":1654,\"caption\":\"Cartoleria Donati SA\"},\"image\":{\"@id\":\"https:\\\/\\\/cartoleriadonati.ch\\\/de\\\/#\\\/schema\\\/logo\\\/image\\\/\"},\"sameAs\":[\"https:\\\/\\\/www.facebook.com\\\/CartoleriaDonati\"]}]}<\/script>\n<!-- \/ Yoast SEO Premium plugin. -->","yoast_head_json":{"title":"Allgemeine Gesch\u00e4ftsbedingungen (AGB) - Cartoleria Donati SA","robots":{"index":"index","follow":"follow","max-snippet":"max-snippet:-1","max-image-preview":"max-image-preview:large","max-video-preview":"max-video-preview:-1"},"canonical":"https:\/\/cartoleriadonati.ch\/de\/allgemeine-geschaeftsbedingungen-agb\/","og_locale":"de_DE","og_type":"article","og_title":"Allgemeine Gesch\u00e4ftsbedingungen (AGB)","og_description":"Allgemeine Gesch\u00e4ftsbedingungen (AGB) Website-Inhaber: Cartoleria Donati SAVia Locarno 326616 Losone \u2013 SchweizE-Mail: info@cartoleriadonati.chTel: 091 751 17 88Annahme der Bedingungen Mit der Aufgabe einer Bestellung auf unserer Website akzeptiert der Kunde diese Allgemeinen Gesch\u00e4ftsbedingungen vollumf\u00e4nglich. Produkte und Verf\u00fcgbarkeit Die verf\u00fcgbaren Produkte sind in unserem Online-Katalog...","og_url":"https:\/\/cartoleriadonati.ch\/de\/allgemeine-geschaeftsbedingungen-agb\/","og_site_name":"Cartoleria Donati SA","article_publisher":"https:\/\/www.facebook.com\/CartoleriaDonati","article_modified_time":"2026-05-03T13:32:28+00:00","og_image":[{"width":2339,"height":1654,"url":"https:\/\/cartoleriadonati.ch\/wp-content\/uploads\/2024\/11\/DONATI_logo-1.png","type":"image\/png"}],"twitter_card":"summary_large_image","twitter_misc":{"Gesch\u00e4tzte Lesezeit":"1\u00a0Minute"},"schema":{"@context":"https:\/\/schema.org","@graph":[{"@type":"WebPage","@id":"https:\/\/cartoleriadonati.ch\/de\/allgemeine-geschaeftsbedingungen-agb\/","url":"https:\/\/cartoleriadonati.ch\/de\/allgemeine-geschaeftsbedingungen-agb\/","name":"Allgemeine Gesch\u00e4ftsbedingungen (AGB) - Cartoleria Donati SA","isPartOf":{"@id":"https:\/\/cartoleriadonati.ch\/de\/#website"},"datePublished":"2024-11-06T15:24:08+00:00","dateModified":"2026-05-03T13:32:28+00:00","breadcrumb":{"@id":"https:\/\/cartoleriadonati.ch\/de\/allgemeine-geschaeftsbedingungen-agb\/#breadcrumb"},"inLanguage":"de","potentialAction":[{"@type":"ReadAction","target":["https:\/\/cartoleriadonati.ch\/de\/allgemeine-geschaeftsbedingungen-agb\/"]}]},{"@type":"BreadcrumbList","@id":"https:\/\/cartoleriadonati.ch\/de\/allgemeine-geschaeftsbedingungen-agb\/#breadcrumb","itemListElement":[{"@type":"ListItem","position":1,"name":"Home","item":"https:\/\/cartoleriadonati.ch\/de\/home-page\/"},{"@type":"ListItem","position":2,"name":"Allgemeine Gesch\u00e4ftsbedingungen (AGB)"}]},{"@type":"WebSite","@id":"https:\/\/cartoleriadonati.ch\/de\/#website","url":"https:\/\/cartoleriadonati.ch\/de\/","name":"Cartoleria Donati SA","description":"Sito internet ufficiale della Cartoleria Donati SA","publisher":{"@id":"https:\/\/cartoleriadonati.ch\/de\/#organization"},"potentialAction":[{"@type":"SearchAction","target":{"@type":"EntryPoint","urlTemplate":"https:\/\/cartoleriadonati.ch\/de\/?s={search_term_string}"},"query-input":{"@type":"PropertyValueSpecification","valueRequired":true,"valueName":"search_term_string"}}],"inLanguage":"de"},{"@type":"Organization","@id":"https:\/\/cartoleriadonati.ch\/de\/#organization","name":"Cartoleria Donati SA","url":"https:\/\/cartoleriadonati.ch\/de\/","logo":{"@type":"ImageObject","inLanguage":"de","@id":"https:\/\/cartoleriadonati.ch\/de\/#\/schema\/logo\/image\/","url":"https:\/\/cartoleriadonati.ch\/wp-content\/uploads\/2019\/06\/DONATI_logo-1.png","contentUrl":"https:\/\/cartoleriadonati.ch\/wp-content\/uploads\/2019\/06\/DONATI_logo-1.png","width":2339,"height":1654,"caption":"Cartoleria Donati SA"},"image":{"@id":"https:\/\/cartoleriadonati.ch\/de\/#\/schema\/logo\/image\/"},"sameAs":["https:\/\/www.facebook.com\/CartoleriaDonati"]}]}},"_links":{"self":[{"href":"https:\/\/cartoleriadonati.ch\/de\/wp-json\/wp\/v2\/pages\/46545","targetHints":{"allow":["GET"]}}],"collection":[{"href":"https:\/\/cartoleriadonati.ch\/de\/wp-json\/wp\/v2\/pages"}],"about":[{"href":"https:\/\/cartoleriadonati.ch\/de\/wp-json\/wp\/v2\/types\/page"}],"author":[{"embeddable":true,"href":"https:\/\/cartoleriadonati.ch\/de\/wp-json\/wp\/v2\/users\/1"}],"replies":[{"embeddable":true,"href":"https:\/\/cartoleriadonati.ch\/de\/wp-json\/wp\/v2\/comments?post=46545"}],"version-history":[{"count":2,"href":"https:\/\/cartoleriadonati.ch\/de\/wp-json\/wp\/v2\/pages\/46545\/revisions"}],"predecessor-version":[{"id":46547,"href":"https:\/\/cartoleriadonati.ch\/de\/wp-json\/wp\/v2\/pages\/46545\/revisions\/46547"}],"wp:attachment":[{"href":"https:\/\/cartoleriadonati.ch\/de\/wp-json\/wp\/v2\/media?parent=46545"}],"curies":[{"name":"wp","href":"https:\/\/api.w.org\/{rel}","templated":true}]}}