{"id":45802,"date":"2024-09-10T12:48:33","date_gmt":"2024-09-10T12:48:33","guid":{"rendered":"https:\/\/cartoleriadonati.ch\/dateien-online-drucken\/"},"modified":"2026-05-03T12:28:03","modified_gmt":"2026-05-03T12:28:03","slug":"dateien-online-drucken","status":"publish","type":"page","link":"https:\/\/cartoleriadonati.ch\/de\/dateien-online-drucken\/","title":{"rendered":"Dateien online drucken"},"content":{"rendered":"\t\t<div data-elementor-type=\"wp-page\" data-elementor-id=\"45802\" class=\"elementor elementor-45802 elementor-13055\" data-elementor-post-type=\"page\">\n\t\t\t\t<div class=\"elementor-element elementor-element-dd1a23d e-flex e-con-boxed e-con e-parent\" data-id=\"dd1a23d\" data-element_type=\"container\" data-e-type=\"container\">\n\t\t\t\t\t<div class=\"e-con-inner\">\n\t\t\t\t<div class=\"elementor-element elementor-element-b2c913b elementor-widget elementor-widget-image\" data-id=\"b2c913b\" data-element_type=\"widget\" data-e-type=\"widget\" data-widget_type=\"image.default\">\n\t\t\t\t<div class=\"elementor-widget-container\">\n\t\t\t\t\t\t\t\t\t\t\t\t\t\t\t<img fetchpriority=\"high\" decoding=\"async\" width=\"1024\" height=\"300\" src=\"https:\/\/cartoleriadonati.ch\/wp-content\/uploads\/2024\/09\/Servizi-1.png\" class=\"attachment-large size-large wp-image-45762\" alt=\"\" srcset=\"https:\/\/cartoleriadonati.ch\/wp-content\/uploads\/2024\/09\/Servizi-1.png 1024w, https:\/\/cartoleriadonati.ch\/wp-content\/uploads\/2024\/09\/Servizi-1-360x105.png 360w, https:\/\/cartoleriadonati.ch\/wp-content\/uploads\/2024\/09\/Servizi-1-468x137.png 468w, https:\/\/cartoleriadonati.ch\/wp-content\/uploads\/2024\/09\/Servizi-1-300x88.png 300w, https:\/\/cartoleriadonati.ch\/wp-content\/uploads\/2024\/09\/Servizi-1-768x225.png 768w, https:\/\/cartoleriadonati.ch\/wp-content\/uploads\/2024\/09\/Servizi-1-18x5.png 18w\" sizes=\"(max-width: 1024px) 100vw, 1024px\" \/>\t\t\t\t\t\t\t\t\t\t\t\t\t\t\t<\/div>\n\t\t\t\t<\/div>\n\t\t\t\t\t<\/div>\n\t\t\t\t<\/div>\n\t\t<div class=\"elementor-element elementor-element-d9ea50f e-flex e-con-boxed e-con e-parent\" data-id=\"d9ea50f\" data-element_type=\"container\" data-e-type=\"container\">\n\t\t\t\t\t<div class=\"e-con-inner\">\n\t\t\t\t<div class=\"elementor-element elementor-element-0bcd974 elementor-widget elementor-widget-heading\" data-id=\"0bcd974\" data-element_type=\"widget\" data-e-type=\"widget\" data-widget_type=\"heading.default\">\n\t\t\t\t<div class=\"elementor-widget-container\">\n\t\t\t\t\t<h2 class=\"elementor-heading-title elementor-size-default\">Dateien online drucken<\/h2>\t\t\t\t<\/div>\n\t\t\t\t<\/div>\n\t\t\t\t\t<\/div>\n\t\t\t\t<\/div>\n\t\t<div class=\"elementor-element elementor-element-976843a e-flex e-con-boxed e-con e-parent\" data-id=\"976843a\" data-element_type=\"container\" data-e-type=\"container\">\n\t\t\t\t\t<div class=\"e-con-inner\">\n\t\t<div class=\"elementor-element elementor-element-8dee358 e-con-full e-flex e-con e-child\" data-id=\"8dee358\" data-element_type=\"container\" data-e-type=\"container\">\n\t\t\t\t<div class=\"elementor-element elementor-element-9d980b3 elementor-widget elementor-widget-text-editor\" data-id=\"9d980b3\" data-element_type=\"widget\" data-e-type=\"widget\" data-widget_type=\"text-editor.default\">\n\t\t\t\t<div class=\"elementor-widget-container\">\n\t\t\t\t\t\t\t\t\t<p>Willkommen bei unserem Online-Druckservice \u2013 die perfekte L\u00f6sung f\u00fcr alle, die Dokumente, Fotos oder Materialien drucken m\u00f6chten, ohne das Haus verlassen zu m\u00fcssen. Mit wenigen einfachen Schritten k\u00f6nnen Sie Ihre Dateien hochladen, die gew\u00fcnschten Druckeinstellungen w\u00e4hlen und alles direkt nach Hause geliefert bekommen. Unser Service ist ideal f\u00fcr hochwertige Ausdrucke von Pr\u00e4sentationen, Schulprojekten, Gesch\u00e4ftsdokumenten oder Erinnerungsfotos.  <\/p><p>Wie funktioniert es? Ganz einfach! W\u00e4hlen Sie die Dateien aus, die Sie drucken m\u00f6chten, und laden Sie diese auf unsere Plattform hoch. Sie k\u00f6nnen zwischen verschiedenen Druckoptionen w\u00e4hlen: farbig oder schwarz-wei\u00df, auf einfachem oder dickerem Papier, mit oder ohne Bindung. Unser System erm\u00f6glicht Ihnen eine Vorschau des Dokuments und die Anpassung der Einstellungen, um das gew\u00fcnschte Ergebnis zu erzielen.    <\/p><p>Nach Best\u00e4tigung Ihrer Bestellung \u00fcbernehmen wir den Druck und die Lieferung. Dank unseres schnellen Versandservices erhalten Sie Ihre Ausdrucke bequem nach Hause, ins B\u00fcro oder wohin Sie m\u00f6chten. Der gesamte Prozess ist sicher und garantiert h\u00f6chste Qualit\u00e4t durch die Verwendung erstklassiger Materialien und professioneller Drucker.  <\/p>\t\t\t\t\t\t\t\t<\/div>\n\t\t\t\t<\/div>\n\t\t\t\t<\/div>\n\t\t<div class=\"elementor-element elementor-element-3f7e644 e-con-full e-flex e-con e-child\" data-id=\"3f7e644\" data-element_type=\"container\" data-e-type=\"container\">\n\t\t\t\t<div class=\"elementor-element elementor-element-1234fb5 elementor-widget elementor-widget-image\" data-id=\"1234fb5\" data-element_type=\"widget\" data-e-type=\"widget\" data-widget_type=\"image.default\">\n\t\t\t\t<div class=\"elementor-widget-container\">\n\t\t\t\t\t\t\t\t\t\t\t\t\t\t\t<img decoding=\"async\" width=\"1024\" height=\"1024\" src=\"https:\/\/cartoleriadonati.ch\/wp-content\/uploads\/2024\/09\/Testo-del-paragrafo-2.png\" class=\"attachment-large size-large wp-image-45763\" alt=\"Dateien online drucken\" srcset=\"https:\/\/cartoleriadonati.ch\/wp-content\/uploads\/2024\/09\/Testo-del-paragrafo-2.png 1024w, https:\/\/cartoleriadonati.ch\/wp-content\/uploads\/2024\/09\/Testo-del-paragrafo-2-360x360.png 360w, https:\/\/cartoleriadonati.ch\/wp-content\/uploads\/2024\/09\/Testo-del-paragrafo-2-100x100.png 100w, https:\/\/cartoleriadonati.ch\/wp-content\/uploads\/2024\/09\/Testo-del-paragrafo-2-468x468.png 468w, https:\/\/cartoleriadonati.ch\/wp-content\/uploads\/2024\/09\/Testo-del-paragrafo-2-300x300.png 300w, https:\/\/cartoleriadonati.ch\/wp-content\/uploads\/2024\/09\/Testo-del-paragrafo-2-150x150.png 150w, https:\/\/cartoleriadonati.ch\/wp-content\/uploads\/2024\/09\/Testo-del-paragrafo-2-768x768.png 768w, https:\/\/cartoleriadonati.ch\/wp-content\/uploads\/2024\/09\/Testo-del-paragrafo-2-12x12.png 12w\" sizes=\"(max-width: 1024px) 100vw, 1024px\" \/>\t\t\t\t\t\t\t\t\t\t\t\t\t\t\t<\/div>\n\t\t\t\t<\/div>\n\t\t\t\t<\/div>\n\t\t\t\t\t<\/div>\n\t\t\t\t<\/div>\n\t\t<div class=\"elementor-element elementor-element-0590e57 e-flex e-con-boxed e-con e-parent\" data-id=\"0590e57\" data-element_type=\"container\" data-e-type=\"container\">\n\t\t\t\t\t<div class=\"e-con-inner\">\n\t\t\t\t<div class=\"elementor-element elementor-element-dd69b22 elementor-widget elementor-widget-heading\" data-id=\"dd69b22\" data-element_type=\"widget\" data-e-type=\"widget\" data-widget_type=\"heading.default\">\n\t\t\t\t<div class=\"elementor-widget-container\">\n\t\t\t\t\t<h2 class=\"elementor-heading-title elementor-size-default\">Verf\u00fcgbare Formate und wann sie verwendet werden:<\/h2>\t\t\t\t<\/div>\n\t\t\t\t<\/div>\n\t\t\t\t\t<\/div>\n\t\t\t\t<\/div>\n\t\t<div class=\"elementor-element elementor-element-bd7bc07 e-flex e-con-boxed e-con e-parent\" data-id=\"bd7bc07\" data-element_type=\"container\" data-e-type=\"container\">\n\t\t\t\t\t<div class=\"e-con-inner\">\n\t\t<div class=\"elementor-element elementor-element-bc61ffb e-con-full e-flex e-con e-child\" data-id=\"bc61ffb\" data-element_type=\"container\" data-e-type=\"container\">\n\t\t\t\t<div class=\"elementor-element elementor-element-83e5343 elementor-widget elementor-widget-text-editor\" data-id=\"83e5343\" data-element_type=\"widget\" data-e-type=\"widget\" data-widget_type=\"text-editor.default\">\n\t\t\t\t<div class=\"elementor-widget-container\">\n\t\t\t\t\t\t\t\t\t<p><strong>A4 (21 x 29,7 cm)<\/strong><\/p><p>Perfekt f\u00fcr offizielle Dokumente, Berichte und Gesch\u00e4ftsunterlagen.<\/p>\t\t\t\t\t\t\t\t<\/div>\n\t\t\t\t<\/div>\n\t\t\t\t<\/div>\n\t\t<div class=\"elementor-element elementor-element-64b1dcc e-con-full e-flex e-con e-child\" data-id=\"64b1dcc\" data-element_type=\"container\" data-e-type=\"container\">\n\t\t\t\t<div class=\"elementor-element elementor-element-b191946 elementor-widget elementor-widget-text-editor\" data-id=\"b191946\" data-element_type=\"widget\" data-e-type=\"widget\" data-widget_type=\"text-editor.default\">\n\t\t\t\t<div class=\"elementor-widget-container\">\n\t\t\t\t\t\t\t\t\t<p><strong>A3 (29,7 x 42 cm)<\/strong><\/p><p>Ideal f\u00fcr Pr\u00e4sentationen, Poster und visuelle Materialien.<\/p>\t\t\t\t\t\t\t\t<\/div>\n\t\t\t\t<\/div>\n\t\t\t\t<\/div>\n\t\t<div class=\"elementor-element elementor-element-f037ea5 e-con-full e-flex e-con e-child\" data-id=\"f037ea5\" data-element_type=\"container\" data-e-type=\"container\">\n\t\t\t\t<div class=\"elementor-element elementor-element-7e0b085 elementor-widget elementor-widget-text-editor\" data-id=\"7e0b085\" data-element_type=\"widget\" data-e-type=\"widget\" data-widget_type=\"text-editor.default\">\n\t\t\t\t<div class=\"elementor-widget-container\">\n\t\t\t\t\t\t\t\t\t<p><strong>A5 (14,8 x 21 cm) und A6 (10,5 x 14,8 cm)<\/strong><\/p>\n<p>Hervorragend f\u00fcr Flyer und Werbematerialien, Gru\u00dfkarten, Gutscheine.<\/p>\t\t\t\t\t\t\t\t<\/div>\n\t\t\t\t<\/div>\n\t\t\t\t<\/div>\n\t\t\t\t\t<\/div>\n\t\t\t\t<\/div>\n\t\t<div class=\"elementor-element elementor-element-a2ff6dd e-flex e-con-boxed e-con e-parent\" data-id=\"a2ff6dd\" data-element_type=\"container\" data-e-type=\"container\">\n\t\t\t\t\t<div class=\"e-con-inner\">\n\t\t\t\t<div class=\"elementor-element elementor-element-b925015 elementor-widget elementor-widget-heading\" data-id=\"b925015\" data-element_type=\"widget\" data-e-type=\"widget\" data-widget_type=\"heading.default\">\n\t\t\t\t<div class=\"elementor-widget-container\">\n\t\t\t\t\t<h2 class=\"elementor-heading-title elementor-size-default\">Die verschiedenen Grammaturen:<\/h2>\t\t\t\t<\/div>\n\t\t\t\t<\/div>\n\t\t\t\t\t<\/div>\n\t\t\t\t<\/div>\n\t\t<div class=\"elementor-element elementor-element-7bdd5fd e-flex e-con-boxed e-con e-parent\" data-id=\"7bdd5fd\" data-element_type=\"container\" data-e-type=\"container\">\n\t\t\t\t\t<div class=\"e-con-inner\">\n\t\t<div class=\"elementor-element elementor-element-9ee7701 e-con-full e-flex e-con e-child\" data-id=\"9ee7701\" data-element_type=\"container\" data-e-type=\"container\">\n\t\t\t\t<div class=\"elementor-element elementor-element-9971ae6 elementor-widget elementor-widget-text-editor\" data-id=\"9971ae6\" data-element_type=\"widget\" data-e-type=\"widget\" data-widget_type=\"text-editor.default\">\n\t\t\t\t<div class=\"elementor-widget-container\">\n\t\t\t\t\t\t\t\t\t<p><strong>80 Gramm<\/strong><br>Papier mit 80 g\/m\u00b2 ist die g\u00e4ngigste Grammatur, ideal f\u00fcr allt\u00e4gliche Ausdrucke wie interne Dokumente, Korrespondenz und Entw\u00fcrfe. <\/p>\t\t\t\t\t\t\t\t<\/div>\n\t\t\t\t<\/div>\n\t\t\t\t<\/div>\n\t\t<div class=\"elementor-element elementor-element-3eec2fb e-con-full e-flex e-con e-child\" data-id=\"3eec2fb\" data-element_type=\"container\" data-e-type=\"container\">\n\t\t\t\t<div class=\"elementor-element elementor-element-12682bd elementor-widget elementor-widget-text-editor\" data-id=\"12682bd\" data-element_type=\"widget\" data-e-type=\"widget\" data-widget_type=\"text-editor.default\">\n\t\t\t\t<div class=\"elementor-widget-container\">\n\t\t\t\t\t\t\t\t\t<p><strong>100 Gramm<\/strong><br>Papier mit 100 g\/m\u00b2 bietet eine etwas robustere Haptik als Standardpapier. Es ist ideal f\u00fcr gesch\u00e4ftliche Ausdrucke wie formelle Briefe, einseitige Brosch\u00fcren und Kommunikationsmaterialien, die eine bessere Qualit\u00e4t erfordern. <\/p>\t\t\t\t\t\t\t\t<\/div>\n\t\t\t\t<\/div>\n\t\t\t\t<\/div>\n\t\t<div class=\"elementor-element elementor-element-3efb293 e-con-full e-flex e-con e-child\" data-id=\"3efb293\" data-element_type=\"container\" data-e-type=\"container\">\n\t\t\t\t<div class=\"elementor-element elementor-element-5c7c2ea elementor-widget elementor-widget-text-editor\" data-id=\"5c7c2ea\" data-element_type=\"widget\" data-e-type=\"widget\" data-widget_type=\"text-editor.default\">\n\t\t\t\t<div class=\"elementor-widget-container\">\n\t\t\t\t\t\t\t\t\t<p><strong>120 Gramm<\/strong><br>Die Grammatur von 120 g\/m\u00b2 ist eine beliebte Wahl f\u00fcr Werbematerialien wie Flyer und Faltbl\u00e4tter, die eine substanziellere Optik erfordern. Widerstandsf\u00e4higer und langlebiger ist dieses Papier ideal, wenn Sie einen Eindruck von h\u00f6herer Sorgfalt vermitteln m\u00f6chten. <\/p>\t\t\t\t\t\t\t\t<\/div>\n\t\t\t\t<\/div>\n\t\t\t\t<\/div>\n\t\t<div class=\"elementor-element elementor-element-3036146 e-con-full e-flex e-con e-child\" data-id=\"3036146\" data-element_type=\"container\" data-e-type=\"container\">\n\t\t\t\t<div class=\"elementor-element elementor-element-f8301a5 elementor-widget elementor-widget-text-editor\" data-id=\"f8301a5\" data-element_type=\"widget\" data-e-type=\"widget\" data-widget_type=\"text-editor.default\">\n\t\t\t\t<div class=\"elementor-widget-container\">\n\t\t\t\t\t\t\t\t\t<p><strong>160 Gramm<\/strong><br>Papier mit 160 g\/m\u00b2 ist eine hochwertige Wahl, die dem Dokument eine Premium-Haptik verleiht. Diese Grammatur ist perfekt f\u00fcr Dokumentenumschl\u00e4ge, Mappen, Einladungen und Pr\u00e4sentationsmaterialien, die eine gewisse Festigkeit und Robustheit erfordern. <\/p>\t\t\t\t\t\t\t\t<\/div>\n\t\t\t\t<\/div>\n\t\t\t\t<\/div>\n\t\t\t\t\t<\/div>\n\t\t\t\t<\/div>\n\t\t\t\t<\/div>\n\t\t","protected":false},"excerpt":{"rendered":"<p>Dateien online drucken Willkommen bei unserem Online-Druckservice \u2013 die perfekte L\u00f6sung f\u00fcr alle, die Dokumente, Fotos oder Materialien drucken m\u00f6chten, ohne das Haus verlassen zu m\u00fcssen. Mit wenigen einfachen Schritten k\u00f6nnen Sie Ihre Dateien hochladen, die gew\u00fcnschten Druckeinstellungen w\u00e4hlen und alles direkt nach Hause&#8230;<\/p>\n","protected":false},"author":1,"featured_media":0,"parent":0,"menu_order":0,"comment_status":"closed","ping_status":"closed","template":"","meta":{"_acf_changed":false,"footnotes":""},"class_list":["post-45802","page","type-page","status-publish","hentry"],"acf":[],"yoast_head":"<!-- This site is optimized with the Yoast SEO Premium plugin v27.5 (Yoast SEO v27.6) - https:\/\/yoast.com\/product\/yoast-seo-premium-wordpress\/ -->\n<title>Dateien online drucken - Cartoleria Donati SA<\/title>\n<meta name=\"description\" content=\"Drucken Sie Ihre Dateien einfach und schnell online. Laden Sie Ihre Dokumente hoch, passen Sie den Druck an und erhalten Sie alles bequem nach Hause geliefert. Lieferung im Tessin.\" \/>\n<meta name=\"robots\" content=\"index, follow, max-snippet:-1, max-image-preview:large, max-video-preview:-1\" \/>\n<link rel=\"canonical\" href=\"https:\/\/cartoleriadonati.ch\/de\/dateien-online-drucken\/\" \/>\n<meta property=\"og:locale\" content=\"de_DE\" \/>\n<meta property=\"og:type\" content=\"article\" \/>\n<meta property=\"og:title\" content=\"Dateien online drucken\" \/>\n<meta property=\"og:description\" content=\"Drucken Sie Ihre Dateien einfach und schnell online. Laden Sie Ihre Dokumente hoch, passen Sie den Druck an und erhalten Sie alles bequem nach Hause geliefert. Lieferung im Tessin.\" \/>\n<meta property=\"og:url\" content=\"https:\/\/cartoleriadonati.ch\/de\/dateien-online-drucken\/\" \/>\n<meta property=\"og:site_name\" content=\"Cartoleria Donati SA\" \/>\n<meta property=\"article:publisher\" content=\"https:\/\/www.facebook.com\/CartoleriaDonati\" \/>\n<meta property=\"article:modified_time\" content=\"2026-05-03T12:28:03+00:00\" \/>\n<meta property=\"og:image\" content=\"https:\/\/cartoleriadonati.ch\/wp-content\/uploads\/2024\/09\/Servizi-1.png\" \/>\n<meta name=\"twitter:card\" content=\"summary_large_image\" \/>\n<meta name=\"twitter:label1\" content=\"Gesch\u00e4tzte Lesezeit\" \/>\n\t<meta name=\"twitter:data1\" content=\"2\u00a0Minuten\" \/>\n<script type=\"application\/ld+json\" class=\"yoast-schema-graph\">{\"@context\":\"https:\\\/\\\/schema.org\",\"@graph\":[{\"@type\":\"WebPage\",\"@id\":\"https:\\\/\\\/cartoleriadonati.ch\\\/de\\\/dateien-online-drucken\\\/\",\"url\":\"https:\\\/\\\/cartoleriadonati.ch\\\/de\\\/dateien-online-drucken\\\/\",\"name\":\"Dateien online drucken - Cartoleria Donati SA\",\"isPartOf\":{\"@id\":\"https:\\\/\\\/cartoleriadonati.ch\\\/de\\\/#website\"},\"primaryImageOfPage\":{\"@id\":\"https:\\\/\\\/cartoleriadonati.ch\\\/de\\\/dateien-online-drucken\\\/#primaryimage\"},\"image\":{\"@id\":\"https:\\\/\\\/cartoleriadonati.ch\\\/de\\\/dateien-online-drucken\\\/#primaryimage\"},\"thumbnailUrl\":\"https:\\\/\\\/cartoleriadonati.ch\\\/wp-content\\\/uploads\\\/2024\\\/09\\\/Servizi-1.png\",\"datePublished\":\"2024-09-10T12:48:33+00:00\",\"dateModified\":\"2026-05-03T12:28:03+00:00\",\"description\":\"Drucken Sie Ihre Dateien einfach und schnell online. Laden Sie Ihre Dokumente hoch, passen Sie den Druck an und erhalten Sie alles bequem nach Hause geliefert. Lieferung im Tessin.\",\"breadcrumb\":{\"@id\":\"https:\\\/\\\/cartoleriadonati.ch\\\/de\\\/dateien-online-drucken\\\/#breadcrumb\"},\"inLanguage\":\"de\",\"potentialAction\":[{\"@type\":\"ReadAction\",\"target\":[\"https:\\\/\\\/cartoleriadonati.ch\\\/de\\\/dateien-online-drucken\\\/\"]}]},{\"@type\":\"ImageObject\",\"inLanguage\":\"de\",\"@id\":\"https:\\\/\\\/cartoleriadonati.ch\\\/de\\\/dateien-online-drucken\\\/#primaryimage\",\"url\":\"https:\\\/\\\/cartoleriadonati.ch\\\/wp-content\\\/uploads\\\/2024\\\/09\\\/Servizi-1.png\",\"contentUrl\":\"https:\\\/\\\/cartoleriadonati.ch\\\/wp-content\\\/uploads\\\/2024\\\/09\\\/Servizi-1.png\"},{\"@type\":\"BreadcrumbList\",\"@id\":\"https:\\\/\\\/cartoleriadonati.ch\\\/de\\\/dateien-online-drucken\\\/#breadcrumb\",\"itemListElement\":[{\"@type\":\"ListItem\",\"position\":1,\"name\":\"Home\",\"item\":\"https:\\\/\\\/cartoleriadonati.ch\\\/de\\\/home-page\\\/\"},{\"@type\":\"ListItem\",\"position\":2,\"name\":\"Dateien online drucken\"}]},{\"@type\":\"WebSite\",\"@id\":\"https:\\\/\\\/cartoleriadonati.ch\\\/de\\\/#website\",\"url\":\"https:\\\/\\\/cartoleriadonati.ch\\\/de\\\/\",\"name\":\"Cartoleria Donati SA\",\"description\":\"Sito internet ufficiale della Cartoleria Donati SA\",\"publisher\":{\"@id\":\"https:\\\/\\\/cartoleriadonati.ch\\\/de\\\/#organization\"},\"potentialAction\":[{\"@type\":\"SearchAction\",\"target\":{\"@type\":\"EntryPoint\",\"urlTemplate\":\"https:\\\/\\\/cartoleriadonati.ch\\\/de\\\/?s={search_term_string}\"},\"query-input\":{\"@type\":\"PropertyValueSpecification\",\"valueRequired\":true,\"valueName\":\"search_term_string\"}}],\"inLanguage\":\"de\"},{\"@type\":\"Organization\",\"@id\":\"https:\\\/\\\/cartoleriadonati.ch\\\/de\\\/#organization\",\"name\":\"Cartoleria Donati SA\",\"url\":\"https:\\\/\\\/cartoleriadonati.ch\\\/de\\\/\",\"logo\":{\"@type\":\"ImageObject\",\"inLanguage\":\"de\",\"@id\":\"https:\\\/\\\/cartoleriadonati.ch\\\/de\\\/#\\\/schema\\\/logo\\\/image\\\/\",\"url\":\"https:\\\/\\\/cartoleriadonati.ch\\\/wp-content\\\/uploads\\\/2019\\\/06\\\/DONATI_logo-1.png\",\"contentUrl\":\"https:\\\/\\\/cartoleriadonati.ch\\\/wp-content\\\/uploads\\\/2019\\\/06\\\/DONATI_logo-1.png\",\"width\":2339,\"height\":1654,\"caption\":\"Cartoleria Donati SA\"},\"image\":{\"@id\":\"https:\\\/\\\/cartoleriadonati.ch\\\/de\\\/#\\\/schema\\\/logo\\\/image\\\/\"},\"sameAs\":[\"https:\\\/\\\/www.facebook.com\\\/CartoleriaDonati\"]}]}<\/script>\n<!-- \/ Yoast SEO Premium plugin. -->","yoast_head_json":{"title":"Dateien online drucken - Cartoleria Donati SA","description":"Drucken Sie Ihre Dateien einfach und schnell online. Laden Sie Ihre Dokumente hoch, passen Sie den Druck an und erhalten Sie alles bequem nach Hause geliefert. Lieferung im Tessin.","robots":{"index":"index","follow":"follow","max-snippet":"max-snippet:-1","max-image-preview":"max-image-preview:large","max-video-preview":"max-video-preview:-1"},"canonical":"https:\/\/cartoleriadonati.ch\/de\/dateien-online-drucken\/","og_locale":"de_DE","og_type":"article","og_title":"Dateien online drucken","og_description":"Drucken Sie Ihre Dateien einfach und schnell online. Laden Sie Ihre Dokumente hoch, passen Sie den Druck an und erhalten Sie alles bequem nach Hause geliefert. Lieferung im Tessin.","og_url":"https:\/\/cartoleriadonati.ch\/de\/dateien-online-drucken\/","og_site_name":"Cartoleria Donati SA","article_publisher":"https:\/\/www.facebook.com\/CartoleriaDonati","article_modified_time":"2026-05-03T12:28:03+00:00","og_image":[{"url":"https:\/\/cartoleriadonati.ch\/wp-content\/uploads\/2024\/09\/Servizi-1.png","type":"","width":"","height":""}],"twitter_card":"summary_large_image","twitter_misc":{"Gesch\u00e4tzte Lesezeit":"2\u00a0Minuten"},"schema":{"@context":"https:\/\/schema.org","@graph":[{"@type":"WebPage","@id":"https:\/\/cartoleriadonati.ch\/de\/dateien-online-drucken\/","url":"https:\/\/cartoleriadonati.ch\/de\/dateien-online-drucken\/","name":"Dateien online drucken - Cartoleria Donati SA","isPartOf":{"@id":"https:\/\/cartoleriadonati.ch\/de\/#website"},"primaryImageOfPage":{"@id":"https:\/\/cartoleriadonati.ch\/de\/dateien-online-drucken\/#primaryimage"},"image":{"@id":"https:\/\/cartoleriadonati.ch\/de\/dateien-online-drucken\/#primaryimage"},"thumbnailUrl":"https:\/\/cartoleriadonati.ch\/wp-content\/uploads\/2024\/09\/Servizi-1.png","datePublished":"2024-09-10T12:48:33+00:00","dateModified":"2026-05-03T12:28:03+00:00","description":"Drucken Sie Ihre Dateien einfach und schnell online. Laden Sie Ihre Dokumente hoch, passen Sie den Druck an und erhalten Sie alles bequem nach Hause geliefert. Lieferung im Tessin.","breadcrumb":{"@id":"https:\/\/cartoleriadonati.ch\/de\/dateien-online-drucken\/#breadcrumb"},"inLanguage":"de","potentialAction":[{"@type":"ReadAction","target":["https:\/\/cartoleriadonati.ch\/de\/dateien-online-drucken\/"]}]},{"@type":"ImageObject","inLanguage":"de","@id":"https:\/\/cartoleriadonati.ch\/de\/dateien-online-drucken\/#primaryimage","url":"https:\/\/cartoleriadonati.ch\/wp-content\/uploads\/2024\/09\/Servizi-1.png","contentUrl":"https:\/\/cartoleriadonati.ch\/wp-content\/uploads\/2024\/09\/Servizi-1.png"},{"@type":"BreadcrumbList","@id":"https:\/\/cartoleriadonati.ch\/de\/dateien-online-drucken\/#breadcrumb","itemListElement":[{"@type":"ListItem","position":1,"name":"Home","item":"https:\/\/cartoleriadonati.ch\/de\/home-page\/"},{"@type":"ListItem","position":2,"name":"Dateien online drucken"}]},{"@type":"WebSite","@id":"https:\/\/cartoleriadonati.ch\/de\/#website","url":"https:\/\/cartoleriadonati.ch\/de\/","name":"Cartoleria Donati SA","description":"Sito internet ufficiale della Cartoleria Donati SA","publisher":{"@id":"https:\/\/cartoleriadonati.ch\/de\/#organization"},"potentialAction":[{"@type":"SearchAction","target":{"@type":"EntryPoint","urlTemplate":"https:\/\/cartoleriadonati.ch\/de\/?s={search_term_string}"},"query-input":{"@type":"PropertyValueSpecification","valueRequired":true,"valueName":"search_term_string"}}],"inLanguage":"de"},{"@type":"Organization","@id":"https:\/\/cartoleriadonati.ch\/de\/#organization","name":"Cartoleria Donati SA","url":"https:\/\/cartoleriadonati.ch\/de\/","logo":{"@type":"ImageObject","inLanguage":"de","@id":"https:\/\/cartoleriadonati.ch\/de\/#\/schema\/logo\/image\/","url":"https:\/\/cartoleriadonati.ch\/wp-content\/uploads\/2019\/06\/DONATI_logo-1.png","contentUrl":"https:\/\/cartoleriadonati.ch\/wp-content\/uploads\/2019\/06\/DONATI_logo-1.png","width":2339,"height":1654,"caption":"Cartoleria Donati SA"},"image":{"@id":"https:\/\/cartoleriadonati.ch\/de\/#\/schema\/logo\/image\/"},"sameAs":["https:\/\/www.facebook.com\/CartoleriaDonati"]}]}},"_links":{"self":[{"href":"https:\/\/cartoleriadonati.ch\/de\/wp-json\/wp\/v2\/pages\/45802","targetHints":{"allow":["GET"]}}],"collection":[{"href":"https:\/\/cartoleriadonati.ch\/de\/wp-json\/wp\/v2\/pages"}],"about":[{"href":"https:\/\/cartoleriadonati.ch\/de\/wp-json\/wp\/v2\/types\/page"}],"author":[{"embeddable":true,"href":"https:\/\/cartoleriadonati.ch\/de\/wp-json\/wp\/v2\/users\/1"}],"replies":[{"embeddable":true,"href":"https:\/\/cartoleriadonati.ch\/de\/wp-json\/wp\/v2\/comments?post=45802"}],"version-history":[{"count":2,"href":"https:\/\/cartoleriadonati.ch\/de\/wp-json\/wp\/v2\/pages\/45802\/revisions"}],"predecessor-version":[{"id":45806,"href":"https:\/\/cartoleriadonati.ch\/de\/wp-json\/wp\/v2\/pages\/45802\/revisions\/45806"}],"wp:attachment":[{"href":"https:\/\/cartoleriadonati.ch\/de\/wp-json\/wp\/v2\/media?parent=45802"}],"curies":[{"name":"wp","href":"https:\/\/api.w.org\/{rel}","templated":true}]}}